{"id":1063,"date":"2019-03-14T22:18:56","date_gmt":"2019-03-14T19:18:56","guid":{"rendered":"http:\/\/salterltd.com.tr\/?page_id=1063"},"modified":"2019-11-14T19:06:12","modified_gmt":"2019-11-14T16:06:12","slug":"hucreli-aspiratorler","status":"publish","type":"page","link":"http:\/\/salterltd.com.tr\/index.php\/urunler\/havalandirma-sistemleri\/hucreli-aspiratorler\/","title":{"rendered":"H\u00fccreli Aspirat\u00f6rler"},"content":{"rendered":"\t\t<div data-elementor-type=\"wp-post\" data-elementor-id=\"1063\" class=\"elementor elementor-1063\">\n\t\t\t\t\t\t<div class=\"elementor-inner\">\n\t\t\t\t<div class=\"elementor-section-wrap\">\n\t\t\t\t\t\t\t\t\t<section class=\"elementor-section elementor-top-section elementor-element elementor-element-a83410a elementor-section-boxed elementor-section-height-default elementor-section-height-default\" data-id=\"a83410a\" data-element_type=\"section\">\n\t\t\t\t\t\t<div class=\"elementor-container elementor-column-gap-default\">\n\t\t\t\t\t\t\t<div class=\"elementor-row\">\n\t\t\t\t\t<div class=\"elementor-column elementor-col-50 elementor-top-column elementor-element elementor-element-e42b18c\" data-id=\"e42b18c\" data-element_type=\"column\">\n\t\t\t<div class=\"elementor-column-wrap elementor-element-populated\">\n\t\t\t\t\t\t\t<div class=\"elementor-widget-wrap\">\n\t\t\t\t\t\t<div class=\"elementor-element elementor-element-f4b7177 elementor-widget elementor-widget-image\" data-id=\"f4b7177\" data-element_type=\"widget\" data-widget_type=\"image.default\">\n\t\t\t\t<div class=\"elementor-widget-container\">\n\t\t\t\t\t\t\t\t<div class=\"elementor-image\">\n\t\t\t\t\t\t\t\t\t\t\t\t<img width=\"450\" height=\"450\" src=\"http:\/\/salterltd.com.tr\/wp-content\/uploads\/2019\/03\/H\u00fcceli-Fanlar.png\" class=\"attachment-large size-large\" alt=\"\" loading=\"lazy\" srcset=\"http:\/\/salterltd.com.tr\/wp-content\/uploads\/2019\/03\/H\u00fcceli-Fanlar.png 450w, http:\/\/salterltd.com.tr\/wp-content\/uploads\/2019\/03\/H\u00fcceli-Fanlar-150x150.png 150w, http:\/\/salterltd.com.tr\/wp-content\/uploads\/2019\/03\/H\u00fcceli-Fanlar-300x300.png 300w, http:\/\/salterltd.com.tr\/wp-content\/uploads\/2019\/03\/H\u00fcceli-Fanlar-100x100.png 100w\" sizes=\"(max-width: 450px) 100vw, 450px\" \/>\t\t\t\t\t\t\t\t\t\t\t\t\t\t<\/div>\n\t\t\t\t\t\t<\/div>\n\t\t\t\t<\/div>\n\t\t\t\t\t\t<\/div>\n\t\t\t\t\t<\/div>\n\t\t<\/div>\n\t\t\t\t<div class=\"elementor-column elementor-col-50 elementor-top-column elementor-element elementor-element-9059a8a\" data-id=\"9059a8a\" data-element_type=\"column\">\n\t\t\t<div class=\"elementor-column-wrap elementor-element-populated\">\n\t\t\t\t\t\t\t<div class=\"elementor-widget-wrap\">\n\t\t\t\t\t\t<div class=\"elementor-element elementor-element-ae88dd2 elementor-widget elementor-widget-heading\" data-id=\"ae88dd2\" data-element_type=\"widget\" data-widget_type=\"heading.default\">\n\t\t\t\t<div class=\"elementor-widget-container\">\n\t\t\t<h3 class=\"elementor-heading-title elementor-size-default\">GHUF&nbsp;\nSerisi hucreli fanlari&nbsp;\u00c7e\u015fitli end\u00fcstriyel tesisler, mutfaklar vb \nyerlerde&nbsp; yuksek emi\u015f veya taze hava gerektiren mahaller de kullan\u0131lmak \nuzere uretilmistir.\n\nIzolasyonlu ve vibrasyonsuz yapisiyla sessiz olarak ve bak\u0131m gerektirmeden \u00e7al\u0131\u015fabilmektedir.<br><br><\/h3>\t\t<\/div>\n\t\t\t\t<\/div>\n\t\t\t\t<div class=\"elementor-element elementor-element-c685f13 elementor-widget elementor-widget-heading\" data-id=\"c685f13\" data-element_type=\"widget\" data-widget_type=\"heading.default\">\n\t\t\t\t<div class=\"elementor-widget-container\">\n\t\t\t<h1 class=\"elementor-heading-title elementor-size-default\">Kullan\u0131m alanlar\u0131<\/h1>\t\t<\/div>\n\t\t\t\t<\/div>\n\t\t\t\t<div class=\"elementor-element elementor-element-e1228c8 elementor-widget elementor-widget-heading\" data-id=\"e1228c8\" data-element_type=\"widget\" data-widget_type=\"heading.default\">\n\t\t\t\t<div class=\"elementor-widget-container\">\n\t\t\t<h3 class=\"elementor-heading-title elementor-size-medium\">Mutfak<br>\u0130\u015f yeri vb.<br>Sanayi  vb.<\/h3><\/h3><\/h3>\t\t<\/div>\n\t\t\t\t<\/div>\n\t\t\t\t<div class=\"elementor-element elementor-element-fe59fbc elementor-button-danger elementor-widget elementor-widget-button\" data-id=\"fe59fbc\" data-element_type=\"widget\" data-widget_type=\"button.default\">\n\t\t\t\t<div class=\"elementor-widget-container\">\n\t\t\t\t\t<div class=\"elementor-button-wrapper\">\n\t\t\t<a href=\"#\" class=\"elementor-button-link elementor-button elementor-size-sm\" role=\"button\">\n\t\t\t\t\t\t<span class=\"elementor-button-content-wrapper\">\n\t\t\t\t\t\t<span class=\"elementor-button-text\">Katalog<\/span>\n\t\t<\/span>\n\t\t\t\t\t<\/a>\n\t\t<\/div>\n\t\t\t\t<\/div>\n\t\t\t\t<\/div>\n\t\t\t\t\t\t<\/div>\n\t\t\t\t\t<\/div>\n\t\t<\/div>\n\t\t\t\t\t\t\t\t<\/div>\n\t\t\t\t\t<\/div>\n\t\t<\/section>\n\t\t\t\t<section class=\"elementor-section elementor-top-section elementor-element elementor-element-2f8e920 elementor-section-boxed elementor-section-height-default elementor-section-height-default\" data-id=\"2f8e920\" data-element_type=\"section\">\n\t\t\t\t\t\t<div class=\"elementor-container elementor-column-gap-default\">\n\t\t\t\t\t\t\t<div class=\"elementor-row\">\n\t\t\t\t\t<div class=\"elementor-column elementor-col-100 elementor-top-column elementor-element elementor-element-2c9d9ea\" data-id=\"2c9d9ea\" data-element_type=\"column\">\n\t\t\t<div class=\"elementor-column-wrap elementor-element-populated\">\n\t\t\t\t\t\t\t<div class=\"elementor-widget-wrap\">\n\t\t\t\t\t\t<div class=\"elementor-element elementor-element-008a083 elementor-widget elementor-widget-spacer\" data-id=\"008a083\" data-element_type=\"widget\" data-widget_type=\"spacer.default\">\n\t\t\t\t<div class=\"elementor-widget-container\">\n\t\t\t\t\t<div class=\"elementor-spacer\">\n\t\t\t<div class=\"elementor-spacer-inner\"><\/div>\n\t\t<\/div>\n\t\t\t\t<\/div>\n\t\t\t\t<\/div>\n\t\t\t\t\t\t<\/div>\n\t\t\t\t\t<\/div>\n\t\t<\/div>\n\t\t\t\t\t\t\t\t<\/div>\n\t\t\t\t\t<\/div>\n\t\t<\/section>\n\t\t\t\t\t\t\t\t\t<\/div>\n\t\t\t<\/div>\n\t\t\t\t\t<\/div>\n\t\t","protected":false},"excerpt":{"rendered":"<p>GHUF&nbsp; Serisi hucreli fanlari&nbsp;\u00c7e\u015fitli end\u00fcstriyel tesisler, mutfaklar vb yerlerde&nbsp; yuksek emi\u015f veya taze hava gerektiren mahaller de kullan\u0131lmak uzere uretilmistir. Izolasyonlu ve vibrasyonsuz yapisiyla sessiz olarak ve bak\u0131m gerektirmeden \u00e7al\u0131\u015fabilmektedir. Kullan\u0131m alanlar\u0131 Mutfak\u0130\u015f yeri vb.Sanayi vb. Katalog<\/p>\n","protected":false},"author":1,"featured_media":0,"parent":556,"menu_order":0,"comment_status":"closed","ping_status":"closed","template":"","meta":[],"wf_page_folders":[],"yoast_head":"<!-- This site is optimized with the Yoast SEO plugin v16.2 - https:\/\/yoast.com\/wordpress\/plugins\/seo\/ -->\n<title>H\u00fccreli Aspirat\u00f6rler - Salter<\/title>\n<meta name=\"robots\" content=\"index, follow, max-snippet:-1, max-image-preview:large, max-video-preview:-1\" \/>\n<link rel=\"canonical\" href=\"http:\/\/salterltd.com.tr\/index.php\/urunler\/havalandirma-sistemleri\/hucreli-aspiratorler\/\" \/>\n<meta property=\"og:locale\" content=\"tr_TR\" \/>\n<meta property=\"og:type\" content=\"article\" \/>\n<meta property=\"og:title\" content=\"H\u00fccreli Aspirat\u00f6rler - Salter\" \/>\n<meta property=\"og:description\" content=\"GHUF&nbsp; Serisi hucreli fanlari&nbsp;\u00c7e\u015fitli end\u00fcstriyel tesisler, mutfaklar vb yerlerde&nbsp; yuksek emi\u015f veya taze hava gerektiren mahaller de kullan\u0131lmak uzere uretilmistir. Izolasyonlu ve vibrasyonsuz yapisiyla sessiz olarak ve bak\u0131m gerektirmeden \u00e7al\u0131\u015fabilmektedir. Kullan\u0131m alanlar\u0131 Mutfak\u0130\u015f yeri vb.Sanayi vb. Katalog\" \/>\n<meta property=\"og:url\" content=\"http:\/\/salterltd.com.tr\/index.php\/urunler\/havalandirma-sistemleri\/hucreli-aspiratorler\/\" \/>\n<meta property=\"og:site_name\" content=\"Salter\" \/>\n<meta property=\"article:modified_time\" content=\"2019-11-14T16:06:12+00:00\" \/>\n<meta property=\"og:image\" content=\"http:\/\/salterltd.com.tr\/wp-content\/uploads\/2019\/03\/H\u00fcceli-Fanlar.png\" \/>\n<meta name=\"twitter:card\" content=\"summary_large_image\" \/>\n<script type=\"application\/ld+json\" class=\"yoast-schema-graph\">{\"@context\":\"https:\/\/schema.org\",\"@graph\":[{\"@type\":\"Organization\",\"@id\":\"http:\/\/salterltd.com.tr\/#organization\",\"name\":\"Tamsan Elektrik Motor San. ve Tic. Ltd. \\u015eti.\",\"url\":\"http:\/\/salterltd.com.tr\/\",\"sameAs\":[],\"logo\":{\"@type\":\"ImageObject\",\"@id\":\"http:\/\/salterltd.com.tr\/#logo\",\"inLanguage\":\"tr\",\"url\":\"http:\/\/salterltd.com.tr\/wp-content\/uploads\/2019\/11\/TAMSAN-logo.jpg\",\"contentUrl\":\"http:\/\/salterltd.com.tr\/wp-content\/uploads\/2019\/11\/TAMSAN-logo.jpg\",\"width\":1388,\"height\":292,\"caption\":\"Tamsan Elektrik Motor San. ve Tic. Ltd. \\u015eti.\"},\"image\":{\"@id\":\"http:\/\/salterltd.com.tr\/#logo\"}},{\"@type\":\"WebSite\",\"@id\":\"http:\/\/salterltd.com.tr\/#website\",\"url\":\"http:\/\/salterltd.com.tr\/\",\"name\":\"Tamsan Elektrik Motor\",\"description\":\"\",\"publisher\":{\"@id\":\"http:\/\/salterltd.com.tr\/#organization\"},\"potentialAction\":[{\"@type\":\"SearchAction\",\"target\":\"http:\/\/salterltd.com.tr\/?s={search_term_string}\",\"query-input\":\"required name=search_term_string\"}],\"inLanguage\":\"tr\"},{\"@type\":\"ImageObject\",\"@id\":\"http:\/\/salterltd.com.tr\/index.php\/urunler\/havalandirma-sistemleri\/hucreli-aspiratorler\/#primaryimage\",\"inLanguage\":\"tr\",\"url\":\"http:\/\/salterltd.com.tr\/wp-content\/uploads\/2019\/03\/H\\u00fcceli-Fanlar.png\",\"contentUrl\":\"http:\/\/salterltd.com.tr\/wp-content\/uploads\/2019\/03\/H\\u00fcceli-Fanlar.png\",\"width\":450,\"height\":450},{\"@type\":\"WebPage\",\"@id\":\"http:\/\/salterltd.com.tr\/index.php\/urunler\/havalandirma-sistemleri\/hucreli-aspiratorler\/#webpage\",\"url\":\"http:\/\/salterltd.com.tr\/index.php\/urunler\/havalandirma-sistemleri\/hucreli-aspiratorler\/\",\"name\":\"H\\u00fccreli Aspirat\\u00f6rler - Salter\",\"isPartOf\":{\"@id\":\"http:\/\/salterltd.com.tr\/#website\"},\"primaryImageOfPage\":{\"@id\":\"http:\/\/salterltd.com.tr\/index.php\/urunler\/havalandirma-sistemleri\/hucreli-aspiratorler\/#primaryimage\"},\"datePublished\":\"2019-03-14T19:18:56+00:00\",\"dateModified\":\"2019-11-14T16:06:12+00:00\",\"breadcrumb\":{\"@id\":\"http:\/\/salterltd.com.tr\/index.php\/urunler\/havalandirma-sistemleri\/hucreli-aspiratorler\/#breadcrumb\"},\"inLanguage\":\"tr\",\"potentialAction\":[{\"@type\":\"ReadAction\",\"target\":[\"http:\/\/salterltd.com.tr\/index.php\/urunler\/havalandirma-sistemleri\/hucreli-aspiratorler\/\"]}]},{\"@type\":\"BreadcrumbList\",\"@id\":\"http:\/\/salterltd.com.tr\/index.php\/urunler\/havalandirma-sistemleri\/hucreli-aspiratorler\/#breadcrumb\",\"itemListElement\":[{\"@type\":\"ListItem\",\"position\":1,\"item\":{\"@type\":\"WebPage\",\"@id\":\"http:\/\/salterltd.com.tr\/\",\"url\":\"http:\/\/salterltd.com.tr\/\",\"name\":\"Ana sayfa\"}},{\"@type\":\"ListItem\",\"position\":2,\"item\":{\"@type\":\"WebPage\",\"@id\":\"http:\/\/salterltd.com.tr\/index.php\/urunler\/\",\"url\":\"http:\/\/salterltd.com.tr\/index.php\/urunler\/\",\"name\":\"\\u00dcr\\u00fcnler\"}},{\"@type\":\"ListItem\",\"position\":3,\"item\":{\"@type\":\"WebPage\",\"@id\":\"http:\/\/salterltd.com.tr\/index.php\/urunler\/havalandirma-sistemleri\/\",\"url\":\"http:\/\/salterltd.com.tr\/index.php\/urunler\/havalandirma-sistemleri\/\",\"name\":\"Havaland\\u0131rma Sistemleri\"}},{\"@type\":\"ListItem\",\"position\":4,\"item\":{\"@id\":\"http:\/\/salterltd.com.tr\/index.php\/urunler\/havalandirma-sistemleri\/hucreli-aspiratorler\/#webpage\"}}]}]}<\/script>\n<!-- \/ Yoast SEO plugin. -->","_links":{"self":[{"href":"http:\/\/salterltd.com.tr\/index.php\/wp-json\/wp\/v2\/pages\/1063"}],"collection":[{"href":"http:\/\/salterltd.com.tr\/index.php\/wp-json\/wp\/v2\/pages"}],"about":[{"href":"http:\/\/salterltd.com.tr\/index.php\/wp-json\/wp\/v2\/types\/page"}],"author":[{"embeddable":true,"href":"http:\/\/salterltd.com.tr\/index.php\/wp-json\/wp\/v2\/users\/1"}],"replies":[{"embeddable":true,"href":"http:\/\/salterltd.com.tr\/index.php\/wp-json\/wp\/v2\/comments?post=1063"}],"version-history":[{"count":0,"href":"http:\/\/salterltd.com.tr\/index.php\/wp-json\/wp\/v2\/pages\/1063\/revisions"}],"up":[{"embeddable":true,"href":"http:\/\/salterltd.com.tr\/index.php\/wp-json\/wp\/v2\/pages\/556"}],"wp:attachment":[{"href":"http:\/\/salterltd.com.tr\/index.php\/wp-json\/wp\/v2\/media?parent=1063"}],"wp:term":[{"taxonomy":"wf_page_folders","embeddable":true,"href":"http:\/\/salterltd.com.tr\/index.php\/wp-json\/wp\/v2\/wf_page_folders?post=1063"}],"curies":[{"name":"wp","href":"https:\/\/api.w.org\/{rel}","templated":true}]}}