{"id":1138,"date":"2019-03-16T00:55:59","date_gmt":"2019-03-15T21:55:59","guid":{"rendered":"http:\/\/salterltd.com.tr\/?page_id=1138"},"modified":"2019-03-20T18:37:37","modified_gmt":"2019-03-20T15:37:37","slug":"gybkf-serisi-alcak-basinc-radyal-fanlar","status":"publish","type":"page","link":"http:\/\/salterltd.com.tr\/index.php\/urunler\/havalandirma-sistemleri\/salyangoz-aspiratorler\/gybkf-serisi-alcak-basinc-radyal-fanlar\/","title":{"rendered":"Gybkf Serisi Al\u00e7ak Bas\u0131n\u00e7 Radyal Fanlar"},"content":{"rendered":"\t\t<div data-elementor-type=\"wp-post\" data-elementor-id=\"1138\" class=\"elementor elementor-1138\">\n\t\t\t\t\t\t<div class=\"elementor-inner\">\n\t\t\t\t<div class=\"elementor-section-wrap\">\n\t\t\t\t\t\t\t\t\t<section class=\"elementor-section elementor-top-section elementor-element elementor-element-94bee97 elementor-section-boxed elementor-section-height-default elementor-section-height-default\" data-id=\"94bee97\" data-element_type=\"section\">\n\t\t\t\t\t\t<div class=\"elementor-container elementor-column-gap-default\">\n\t\t\t\t\t\t\t<div class=\"elementor-row\">\n\t\t\t\t\t<div class=\"elementor-column elementor-col-50 elementor-top-column elementor-element elementor-element-853145b\" data-id=\"853145b\" data-element_type=\"column\">\n\t\t\t<div class=\"elementor-column-wrap elementor-element-populated\">\n\t\t\t\t\t\t\t<div class=\"elementor-widget-wrap\">\n\t\t\t\t\t\t<div class=\"elementor-element elementor-element-a552805 elementor-widget elementor-widget-image\" data-id=\"a552805\" data-element_type=\"widget\" data-widget_type=\"image.default\">\n\t\t\t\t<div class=\"elementor-widget-container\">\n\t\t\t\t\t\t\t\t<div class=\"elementor-image\">\n\t\t\t\t\t\t\t\t\t\t\t\t<img width=\"450\" height=\"450\" src=\"http:\/\/salterltd.com.tr\/wp-content\/uploads\/2019\/03\/GYBKF-SERISI-Fan-1.png\" class=\"attachment-large size-large\" alt=\"\" loading=\"lazy\" srcset=\"http:\/\/salterltd.com.tr\/wp-content\/uploads\/2019\/03\/GYBKF-SERISI-Fan-1.png 450w, http:\/\/salterltd.com.tr\/wp-content\/uploads\/2019\/03\/GYBKF-SERISI-Fan-1-150x150.png 150w, http:\/\/salterltd.com.tr\/wp-content\/uploads\/2019\/03\/GYBKF-SERISI-Fan-1-300x300.png 300w\" sizes=\"(max-width: 450px) 100vw, 450px\" \/>\t\t\t\t\t\t\t\t\t\t\t\t\t\t<\/div>\n\t\t\t\t\t\t<\/div>\n\t\t\t\t<\/div>\n\t\t\t\t\t\t<\/div>\n\t\t\t\t\t<\/div>\n\t\t<\/div>\n\t\t\t\t<div class=\"elementor-column elementor-col-50 elementor-top-column elementor-element elementor-element-fa65022\" data-id=\"fa65022\" data-element_type=\"column\">\n\t\t\t<div class=\"elementor-column-wrap elementor-element-populated\">\n\t\t\t\t\t\t\t<div class=\"elementor-widget-wrap\">\n\t\t\t\t\t\t<div class=\"elementor-element elementor-element-9b8fc3c elementor-widget elementor-widget-heading\" data-id=\"9b8fc3c\" data-element_type=\"widget\" data-widget_type=\"heading.default\">\n\t\t\t\t<div class=\"elementor-widget-container\">\n\t\t\t<h3 class=\"elementor-heading-title elementor-size-default\">Yuksek basinc gerektiren kanalli sistemlerde taze hav girisi veya kirli cikisi icin uretilmistir.\n<br><br>\nDirekt akuple motor sistemi ve metal geriye egik pervanesi sayesinde yuksek sicakliklard da kullanilabilinir.\n\n<br><br><br>\n\nUzun sure bakim gerektirmeyen yapiya sahiptir.<\/h3>\t\t<\/div>\n\t\t\t\t<\/div>\n\t\t\t\t<div class=\"elementor-element elementor-element-87ff02f elementor-widget elementor-widget-heading\" data-id=\"87ff02f\" data-element_type=\"widget\" data-widget_type=\"heading.default\">\n\t\t\t\t<div class=\"elementor-widget-container\">\n\t\t\t<h2 class=\"elementor-heading-title elementor-size-default\">Kullan\u0131m alanlar\u0131<\/h2>\t\t<\/div>\n\t\t\t\t<\/div>\n\t\t\t\t<div class=\"elementor-element elementor-element-532f17d elementor-widget elementor-widget-heading\" data-id=\"532f17d\" data-element_type=\"widget\" data-widget_type=\"heading.default\">\n\t\t\t\t<div class=\"elementor-widget-container\">\n\t\t\t<h3 class=\"elementor-heading-title elementor-size-default\">Mutfak<br>\n\u0130\u015f yeri vb.<br>\nSanayi vb.<\/h3>\t\t<\/div>\n\t\t\t\t<\/div>\n\t\t\t\t<div class=\"elementor-element elementor-element-c6b8cf5 elementor-button-danger elementor-widget elementor-widget-button\" data-id=\"c6b8cf5\" data-element_type=\"widget\" data-widget_type=\"button.default\">\n\t\t\t\t<div class=\"elementor-widget-container\">\n\t\t\t\t\t<div class=\"elementor-button-wrapper\">\n\t\t\t<a href=\"#\" class=\"elementor-button-link elementor-button elementor-size-md\" role=\"button\">\n\t\t\t\t\t\t<span class=\"elementor-button-content-wrapper\">\n\t\t\t\t\t\t\t<span class=\"elementor-button-icon elementor-align-icon-left\">\n\t\t\t\t\t\t\t\t\t<i class=\"fa fa-file-pdf-o\" aria-hidden=\"true\"><\/i>\n\t\t\t\t\t\t\t<\/span>\n\t\t\t\t\t\t<span class=\"elementor-button-text\">Katalog<\/span>\n\t\t<\/span>\n\t\t\t\t\t<\/a>\n\t\t<\/div>\n\t\t\t\t<\/div>\n\t\t\t\t<\/div>\n\t\t\t\t\t\t<\/div>\n\t\t\t\t\t<\/div>\n\t\t<\/div>\n\t\t\t\t\t\t\t\t<\/div>\n\t\t\t\t\t<\/div>\n\t\t<\/section>\n\t\t\t\t\t\t\t\t\t<\/div>\n\t\t\t<\/div>\n\t\t\t\t\t<\/div>\n\t\t","protected":false},"excerpt":{"rendered":"<p>Yuksek basinc gerektiren kanalli sistemlerde taze hav girisi veya kirli cikisi icin uretilmistir. Direkt akuple motor sistemi ve metal geriye egik pervanesi sayesinde yuksek sicakliklard da kullanilabilinir. Uzun sure bakim gerektirmeyen yapiya sahiptir. Kullan\u0131m alanlar\u0131 Mutfak \u0130\u015f yeri vb. Sanayi vb. Katalog<\/p>\n","protected":false},"author":1,"featured_media":0,"parent":1069,"menu_order":0,"comment_status":"closed","ping_status":"closed","template":"","meta":[],"wf_page_folders":[],"yoast_head":"<!-- This site is optimized with the Yoast SEO plugin v16.2 - https:\/\/yoast.com\/wordpress\/plugins\/seo\/ -->\n<title>Gybkf Serisi Al\u00e7ak Bas\u0131n\u00e7 Radyal Fanlar - Salter<\/title>\n<meta name=\"robots\" content=\"index, follow, max-snippet:-1, max-image-preview:large, max-video-preview:-1\" \/>\n<link rel=\"canonical\" href=\"http:\/\/salterltd.com.tr\/index.php\/urunler\/havalandirma-sistemleri\/salyangoz-aspiratorler\/gybkf-serisi-alcak-basinc-radyal-fanlar\/\" \/>\n<meta property=\"og:locale\" content=\"tr_TR\" \/>\n<meta property=\"og:type\" content=\"article\" \/>\n<meta property=\"og:title\" content=\"Gybkf Serisi Al\u00e7ak Bas\u0131n\u00e7 Radyal Fanlar - Salter\" \/>\n<meta property=\"og:description\" content=\"Yuksek basinc gerektiren kanalli sistemlerde taze hav girisi veya kirli cikisi icin uretilmistir. Direkt akuple motor sistemi ve metal geriye egik pervanesi sayesinde yuksek sicakliklard da kullanilabilinir. Uzun sure bakim gerektirmeyen yapiya sahiptir. Kullan\u0131m alanlar\u0131 Mutfak \u0130\u015f yeri vb. Sanayi vb. Katalog\" \/>\n<meta property=\"og:url\" content=\"http:\/\/salterltd.com.tr\/index.php\/urunler\/havalandirma-sistemleri\/salyangoz-aspiratorler\/gybkf-serisi-alcak-basinc-radyal-fanlar\/\" \/>\n<meta property=\"og:site_name\" content=\"Salter\" \/>\n<meta property=\"article:modified_time\" content=\"2019-03-20T15:37:37+00:00\" \/>\n<meta property=\"og:image\" content=\"http:\/\/salterltd.com.tr\/wp-content\/uploads\/2019\/03\/GYBKF-SERISI-Fan-1.png\" \/>\n<meta name=\"twitter:card\" content=\"summary_large_image\" \/>\n<script type=\"application\/ld+json\" class=\"yoast-schema-graph\">{\"@context\":\"https:\/\/schema.org\",\"@graph\":[{\"@type\":\"Organization\",\"@id\":\"http:\/\/salterltd.com.tr\/#organization\",\"name\":\"Tamsan Elektrik Motor San. ve Tic. Ltd. \\u015eti.\",\"url\":\"http:\/\/salterltd.com.tr\/\",\"sameAs\":[],\"logo\":{\"@type\":\"ImageObject\",\"@id\":\"http:\/\/salterltd.com.tr\/#logo\",\"inLanguage\":\"tr\",\"url\":\"http:\/\/salterltd.com.tr\/wp-content\/uploads\/2019\/11\/TAMSAN-logo.jpg\",\"contentUrl\":\"http:\/\/salterltd.com.tr\/wp-content\/uploads\/2019\/11\/TAMSAN-logo.jpg\",\"width\":1388,\"height\":292,\"caption\":\"Tamsan Elektrik Motor San. ve Tic. Ltd. \\u015eti.\"},\"image\":{\"@id\":\"http:\/\/salterltd.com.tr\/#logo\"}},{\"@type\":\"WebSite\",\"@id\":\"http:\/\/salterltd.com.tr\/#website\",\"url\":\"http:\/\/salterltd.com.tr\/\",\"name\":\"Tamsan Elektrik Motor\",\"description\":\"\",\"publisher\":{\"@id\":\"http:\/\/salterltd.com.tr\/#organization\"},\"potentialAction\":[{\"@type\":\"SearchAction\",\"target\":\"http:\/\/salterltd.com.tr\/?s={search_term_string}\",\"query-input\":\"required name=search_term_string\"}],\"inLanguage\":\"tr\"},{\"@type\":\"ImageObject\",\"@id\":\"http:\/\/salterltd.com.tr\/index.php\/urunler\/havalandirma-sistemleri\/salyangoz-aspiratorler\/gybkf-serisi-alcak-basinc-radyal-fanlar\/#primaryimage\",\"inLanguage\":\"tr\",\"url\":\"http:\/\/salterltd.com.tr\/wp-content\/uploads\/2019\/03\/GYBKF-SERISI-Fan-1.png\",\"contentUrl\":\"http:\/\/salterltd.com.tr\/wp-content\/uploads\/2019\/03\/GYBKF-SERISI-Fan-1.png\",\"width\":450,\"height\":450},{\"@type\":\"WebPage\",\"@id\":\"http:\/\/salterltd.com.tr\/index.php\/urunler\/havalandirma-sistemleri\/salyangoz-aspiratorler\/gybkf-serisi-alcak-basinc-radyal-fanlar\/#webpage\",\"url\":\"http:\/\/salterltd.com.tr\/index.php\/urunler\/havalandirma-sistemleri\/salyangoz-aspiratorler\/gybkf-serisi-alcak-basinc-radyal-fanlar\/\",\"name\":\"Gybkf Serisi Al\\u00e7ak Bas\\u0131n\\u00e7 Radyal Fanlar - Salter\",\"isPartOf\":{\"@id\":\"http:\/\/salterltd.com.tr\/#website\"},\"primaryImageOfPage\":{\"@id\":\"http:\/\/salterltd.com.tr\/index.php\/urunler\/havalandirma-sistemleri\/salyangoz-aspiratorler\/gybkf-serisi-alcak-basinc-radyal-fanlar\/#primaryimage\"},\"datePublished\":\"2019-03-15T21:55:59+00:00\",\"dateModified\":\"2019-03-20T15:37:37+00:00\",\"breadcrumb\":{\"@id\":\"http:\/\/salterltd.com.tr\/index.php\/urunler\/havalandirma-sistemleri\/salyangoz-aspiratorler\/gybkf-serisi-alcak-basinc-radyal-fanlar\/#breadcrumb\"},\"inLanguage\":\"tr\",\"potentialAction\":[{\"@type\":\"ReadAction\",\"target\":[\"http:\/\/salterltd.com.tr\/index.php\/urunler\/havalandirma-sistemleri\/salyangoz-aspiratorler\/gybkf-serisi-alcak-basinc-radyal-fanlar\/\"]}]},{\"@type\":\"BreadcrumbList\",\"@id\":\"http:\/\/salterltd.com.tr\/index.php\/urunler\/havalandirma-sistemleri\/salyangoz-aspiratorler\/gybkf-serisi-alcak-basinc-radyal-fanlar\/#breadcrumb\",\"itemListElement\":[{\"@type\":\"ListItem\",\"position\":1,\"item\":{\"@type\":\"WebPage\",\"@id\":\"http:\/\/salterltd.com.tr\/\",\"url\":\"http:\/\/salterltd.com.tr\/\",\"name\":\"Ana sayfa\"}},{\"@type\":\"ListItem\",\"position\":2,\"item\":{\"@type\":\"WebPage\",\"@id\":\"http:\/\/salterltd.com.tr\/index.php\/urunler\/\",\"url\":\"http:\/\/salterltd.com.tr\/index.php\/urunler\/\",\"name\":\"\\u00dcr\\u00fcnler\"}},{\"@type\":\"ListItem\",\"position\":3,\"item\":{\"@type\":\"WebPage\",\"@id\":\"http:\/\/salterltd.com.tr\/index.php\/urunler\/havalandirma-sistemleri\/\",\"url\":\"http:\/\/salterltd.com.tr\/index.php\/urunler\/havalandirma-sistemleri\/\",\"name\":\"Havaland\\u0131rma Sistemleri\"}},{\"@type\":\"ListItem\",\"position\":4,\"item\":{\"@type\":\"WebPage\",\"@id\":\"http:\/\/salterltd.com.tr\/index.php\/urunler\/havalandirma-sistemleri\/salyangoz-aspiratorler\/\",\"url\":\"http:\/\/salterltd.com.tr\/index.php\/urunler\/havalandirma-sistemleri\/salyangoz-aspiratorler\/\",\"name\":\"Salyangoz Aspirat\\u00f6rler\"}},{\"@type\":\"ListItem\",\"position\":5,\"item\":{\"@id\":\"http:\/\/salterltd.com.tr\/index.php\/urunler\/havalandirma-sistemleri\/salyangoz-aspiratorler\/gybkf-serisi-alcak-basinc-radyal-fanlar\/#webpage\"}}]}]}<\/script>\n<!-- \/ Yoast SEO plugin. -->","_links":{"self":[{"href":"http:\/\/salterltd.com.tr\/index.php\/wp-json\/wp\/v2\/pages\/1138"}],"collection":[{"href":"http:\/\/salterltd.com.tr\/index.php\/wp-json\/wp\/v2\/pages"}],"about":[{"href":"http:\/\/salterltd.com.tr\/index.php\/wp-json\/wp\/v2\/types\/page"}],"author":[{"embeddable":true,"href":"http:\/\/salterltd.com.tr\/index.php\/wp-json\/wp\/v2\/users\/1"}],"replies":[{"embeddable":true,"href":"http:\/\/salterltd.com.tr\/index.php\/wp-json\/wp\/v2\/comments?post=1138"}],"version-history":[{"count":0,"href":"http:\/\/salterltd.com.tr\/index.php\/wp-json\/wp\/v2\/pages\/1138\/revisions"}],"up":[{"embeddable":true,"href":"http:\/\/salterltd.com.tr\/index.php\/wp-json\/wp\/v2\/pages\/1069"}],"wp:attachment":[{"href":"http:\/\/salterltd.com.tr\/index.php\/wp-json\/wp\/v2\/media?parent=1138"}],"wp:term":[{"taxonomy":"wf_page_folders","embeddable":true,"href":"http:\/\/salterltd.com.tr\/index.php\/wp-json\/wp\/v2\/wf_page_folders?post=1138"}],"curies":[{"name":"wp","href":"https:\/\/api.w.org\/{rel}","templated":true}]}}