{"id":1158,"date":"2019-03-16T17:07:11","date_gmt":"2019-03-16T14:07:11","guid":{"rendered":"http:\/\/salterltd.com.tr\/?page_id=1158"},"modified":"2019-11-13T17:51:51","modified_gmt":"2019-11-13T14:51:51","slug":"3-fazli-vibrasyon-motoru","status":"publish","type":"page","link":"http:\/\/salterltd.com.tr\/index.php\/urunler\/elektrikmotorlari\/vibrasyon-motorlari\/3-fazli-vibrasyon-motoru\/","title":{"rendered":"3 Fazl\u0131 Vibrasyon Motoru"},"content":{"rendered":"\t\t<div data-elementor-type=\"wp-post\" data-elementor-id=\"1158\" class=\"elementor elementor-1158\">\n\t\t\t\t\t\t<div class=\"elementor-inner\">\n\t\t\t\t<div class=\"elementor-section-wrap\">\n\t\t\t\t\t\t\t\t\t<section class=\"elementor-section elementor-top-section elementor-element elementor-element-39651ab elementor-section-boxed elementor-section-height-default elementor-section-height-default\" data-id=\"39651ab\" data-element_type=\"section\">\n\t\t\t\t\t\t<div class=\"elementor-container elementor-column-gap-default\">\n\t\t\t\t\t\t\t<div class=\"elementor-row\">\n\t\t\t\t\t<div class=\"elementor-column elementor-col-50 elementor-top-column elementor-element elementor-element-5e035f4\" data-id=\"5e035f4\" data-element_type=\"column\">\n\t\t\t<div class=\"elementor-column-wrap elementor-element-populated\">\n\t\t\t\t\t\t\t<div class=\"elementor-widget-wrap\">\n\t\t\t\t\t\t<div class=\"elementor-element elementor-element-10347f9 elementor-widget elementor-widget-image\" data-id=\"10347f9\" data-element_type=\"widget\" data-widget_type=\"image.default\">\n\t\t\t\t<div class=\"elementor-widget-container\">\n\t\t\t\t\t\t\t\t<div class=\"elementor-image\">\n\t\t\t\t\t\t\t\t\t\t\t\t<img width=\"450\" height=\"450\" src=\"http:\/\/salterltd.com.tr\/wp-content\/uploads\/2019\/03\/3-Fazl\u0131.png\" class=\"attachment-large size-large\" alt=\"\" loading=\"lazy\" srcset=\"http:\/\/salterltd.com.tr\/wp-content\/uploads\/2019\/03\/3-Fazl\u0131.png 450w, http:\/\/salterltd.com.tr\/wp-content\/uploads\/2019\/03\/3-Fazl\u0131-150x150.png 150w, http:\/\/salterltd.com.tr\/wp-content\/uploads\/2019\/03\/3-Fazl\u0131-300x300.png 300w, http:\/\/salterltd.com.tr\/wp-content\/uploads\/2019\/03\/3-Fazl\u0131-100x100.png 100w\" sizes=\"(max-width: 450px) 100vw, 450px\" \/>\t\t\t\t\t\t\t\t\t\t\t\t\t\t<\/div>\n\t\t\t\t\t\t<\/div>\n\t\t\t\t<\/div>\n\t\t\t\t\t\t<\/div>\n\t\t\t\t\t<\/div>\n\t\t<\/div>\n\t\t\t\t<div class=\"elementor-column elementor-col-50 elementor-top-column elementor-element elementor-element-41016ae\" data-id=\"41016ae\" data-element_type=\"column\">\n\t\t\t<div class=\"elementor-column-wrap elementor-element-populated\">\n\t\t\t\t\t\t\t<div class=\"elementor-widget-wrap\">\n\t\t\t\t\t\t<div class=\"elementor-element elementor-element-075761f elementor-widget elementor-widget-heading\" data-id=\"075761f\" data-element_type=\"widget\" data-widget_type=\"heading.default\">\n\t\t\t\t<div class=\"elementor-widget-container\">\n\t\t\t<h2 class=\"elementor-heading-title elementor-size-default\">GENEL \u00d6ZELL\u0130KLER\u0130<\/h2>\t\t<\/div>\n\t\t\t\t<\/div>\n\t\t\t\t<div class=\"elementor-element elementor-element-e345403 elementor-widget elementor-widget-heading\" data-id=\"e345403\" data-element_type=\"widget\" data-widget_type=\"heading.default\">\n\t\t\t\t<div class=\"elementor-widget-container\">\n\t\t\t<h3 class=\"elementor-heading-title elementor-size-default\">* Atex b\u00f6lge 21 ve b\u00f6lge 22 sertifikas\u0131na sahip<br>\n *   6000 kg a kadar santrif\u00fcj kuvvet.<br>\n  *  VD yap\u0131 b\u00fcy\u00fckl\u00fc\u011f\u00fcne kadar al\u00fcminyum d\u00f6k\u00fcm g\u00f6vde<br>\n *   VK yap\u0131 b\u00fcy\u00fckl\u00fc\u011f\u00fcne kadar pik d\u00f6k\u00fcm g\u00f6vde.<br>\n *   Kalk\u0131\u015f momenti g\u00fc\u00e7lendirilmi\u015f, d\u00fc\u015f\u00fck kay\u0131pl\u0131 sa\u00e7dan imal edilmi\u015f sincap kafesli rotor.<br>\n  *  Ayarlanabilir santrif\u00fcj kuvvet.<br>\n  *  Standart 230\/400V 50Hz g\u00fc\u00e7 beslemesi (di\u011fer voltaj ve frekans de\u011fer leri i\u00e7in teknik departman\u0131m\u0131zla irtibata ge\u00e7iniz)<br>\n *   IP-66 Koruma s\u0131n\u0131f\u0131.<br>\n *   F s\u0131n\u0131f\u0131 izolasyon<br>\n *   S1 s\u00fcrekli \u00e7al\u0131\u015fma<br>\n *   15 \u00b0C\u2026\u2026+40\u00b0C Ortam s\u0131cakl\u0131\u011f\u0131<br>\n<\/h3>\t\t<\/div>\n\t\t\t\t<\/div>\n\t\t\t\t\t\t<\/div>\n\t\t\t\t\t<\/div>\n\t\t<\/div>\n\t\t\t\t\t\t\t\t<\/div>\n\t\t\t\t\t<\/div>\n\t\t<\/section>\n\t\t\t\t<section class=\"elementor-section elementor-top-section elementor-element elementor-element-d9e69ef elementor-section-boxed elementor-section-height-default elementor-section-height-default\" data-id=\"d9e69ef\" data-element_type=\"section\">\n\t\t\t\t\t\t<div class=\"elementor-container elementor-column-gap-default\">\n\t\t\t\t\t\t\t<div class=\"elementor-row\">\n\t\t\t\t\t<div class=\"elementor-column elementor-col-100 elementor-top-column elementor-element elementor-element-f7775d6\" data-id=\"f7775d6\" data-element_type=\"column\">\n\t\t\t<div class=\"elementor-column-wrap elementor-element-populated\">\n\t\t\t\t\t\t\t<div class=\"elementor-widget-wrap\">\n\t\t\t\t\t\t<div class=\"elementor-element elementor-element-94cedc1 elementor-widget elementor-widget-spacer\" data-id=\"94cedc1\" data-element_type=\"widget\" data-widget_type=\"spacer.default\">\n\t\t\t\t<div class=\"elementor-widget-container\">\n\t\t\t\t\t<div class=\"elementor-spacer\">\n\t\t\t<div class=\"elementor-spacer-inner\"><\/div>\n\t\t<\/div>\n\t\t\t\t<\/div>\n\t\t\t\t<\/div>\n\t\t\t\t\t\t<\/div>\n\t\t\t\t\t<\/div>\n\t\t<\/div>\n\t\t\t\t\t\t\t\t<\/div>\n\t\t\t\t\t<\/div>\n\t\t<\/section>\n\t\t\t\t\t\t\t\t\t<\/div>\n\t\t\t<\/div>\n\t\t\t\t\t<\/div>\n\t\t","protected":false},"excerpt":{"rendered":"<p>GENEL \u00d6ZELL\u0130KLER\u0130 * Atex b\u00f6lge 21 ve b\u00f6lge 22 sertifikas\u0131na sahip * 6000 kg a kadar santrif\u00fcj kuvvet. * VD yap\u0131 b\u00fcy\u00fckl\u00fc\u011f\u00fcne kadar al\u00fcminyum d\u00f6k\u00fcm g\u00f6vde * VK yap\u0131 b\u00fcy\u00fckl\u00fc\u011f\u00fcne kadar pik d\u00f6k\u00fcm g\u00f6vde. * Kalk\u0131\u015f momenti g\u00fc\u00e7lendirilmi\u015f, d\u00fc\u015f\u00fck kay\u0131pl\u0131 sa\u00e7dan imal edilmi\u015f sincap kafesli rotor. * Ayarlanabilir santrif\u00fcj kuvvet. * Standart 230\/400V 50Hz g\u00fc\u00e7 [&hellip;]<\/p>\n","protected":false},"author":1,"featured_media":0,"parent":1009,"menu_order":0,"comment_status":"closed","ping_status":"closed","template":"","meta":[],"wf_page_folders":[],"yoast_head":"<!-- This site is optimized with the Yoast SEO plugin v16.2 - https:\/\/yoast.com\/wordpress\/plugins\/seo\/ -->\n<title>3 Fazl\u0131 Vibrasyon Motoru - Salter<\/title>\n<meta name=\"robots\" content=\"index, follow, max-snippet:-1, max-image-preview:large, max-video-preview:-1\" \/>\n<link rel=\"canonical\" href=\"http:\/\/salterltd.com.tr\/index.php\/urunler\/elektrikmotorlari\/vibrasyon-motorlari\/3-fazli-vibrasyon-motoru\/\" \/>\n<meta property=\"og:locale\" content=\"tr_TR\" \/>\n<meta property=\"og:type\" content=\"article\" \/>\n<meta property=\"og:title\" content=\"3 Fazl\u0131 Vibrasyon Motoru - Salter\" \/>\n<meta property=\"og:description\" content=\"GENEL \u00d6ZELL\u0130KLER\u0130 * Atex b\u00f6lge 21 ve b\u00f6lge 22 sertifikas\u0131na sahip * 6000 kg a kadar santrif\u00fcj kuvvet. * VD yap\u0131 b\u00fcy\u00fckl\u00fc\u011f\u00fcne kadar al\u00fcminyum d\u00f6k\u00fcm g\u00f6vde * VK yap\u0131 b\u00fcy\u00fckl\u00fc\u011f\u00fcne kadar pik d\u00f6k\u00fcm g\u00f6vde. * Kalk\u0131\u015f momenti g\u00fc\u00e7lendirilmi\u015f, d\u00fc\u015f\u00fck kay\u0131pl\u0131 sa\u00e7dan imal edilmi\u015f sincap kafesli rotor. * Ayarlanabilir santrif\u00fcj kuvvet. * Standart 230\/400V 50Hz g\u00fc\u00e7 [&hellip;]\" \/>\n<meta property=\"og:url\" content=\"http:\/\/salterltd.com.tr\/index.php\/urunler\/elektrikmotorlari\/vibrasyon-motorlari\/3-fazli-vibrasyon-motoru\/\" \/>\n<meta property=\"og:site_name\" content=\"Salter\" \/>\n<meta property=\"article:modified_time\" content=\"2019-11-13T14:51:51+00:00\" \/>\n<meta property=\"og:image\" content=\"http:\/\/salterltd.com.tr\/wp-content\/uploads\/2019\/03\/3-Fazl\u0131.png\" \/>\n<meta name=\"twitter:card\" content=\"summary_large_image\" \/>\n<meta name=\"twitter:label1\" content=\"Tahmini okuma s\u00fcresi\">\n\t<meta name=\"twitter:data1\" content=\"1 dakika\">\n<script type=\"application\/ld+json\" class=\"yoast-schema-graph\">{\"@context\":\"https:\/\/schema.org\",\"@graph\":[{\"@type\":\"Organization\",\"@id\":\"http:\/\/salterltd.com.tr\/#organization\",\"name\":\"Tamsan Elektrik Motor San. ve Tic. Ltd. \\u015eti.\",\"url\":\"http:\/\/salterltd.com.tr\/\",\"sameAs\":[],\"logo\":{\"@type\":\"ImageObject\",\"@id\":\"http:\/\/salterltd.com.tr\/#logo\",\"inLanguage\":\"tr\",\"url\":\"http:\/\/salterltd.com.tr\/wp-content\/uploads\/2019\/11\/TAMSAN-logo.jpg\",\"contentUrl\":\"http:\/\/salterltd.com.tr\/wp-content\/uploads\/2019\/11\/TAMSAN-logo.jpg\",\"width\":1388,\"height\":292,\"caption\":\"Tamsan Elektrik Motor San. ve Tic. Ltd. \\u015eti.\"},\"image\":{\"@id\":\"http:\/\/salterltd.com.tr\/#logo\"}},{\"@type\":\"WebSite\",\"@id\":\"http:\/\/salterltd.com.tr\/#website\",\"url\":\"http:\/\/salterltd.com.tr\/\",\"name\":\"Tamsan Elektrik Motor\",\"description\":\"\",\"publisher\":{\"@id\":\"http:\/\/salterltd.com.tr\/#organization\"},\"potentialAction\":[{\"@type\":\"SearchAction\",\"target\":\"http:\/\/salterltd.com.tr\/?s={search_term_string}\",\"query-input\":\"required name=search_term_string\"}],\"inLanguage\":\"tr\"},{\"@type\":\"ImageObject\",\"@id\":\"http:\/\/salterltd.com.tr\/index.php\/urunler\/elektrikmotorlari\/vibrasyon-motorlari\/3-fazli-vibrasyon-motoru\/#primaryimage\",\"inLanguage\":\"tr\",\"url\":\"http:\/\/salterltd.com.tr\/wp-content\/uploads\/2019\/03\/3-Fazl\\u0131.png\",\"contentUrl\":\"http:\/\/salterltd.com.tr\/wp-content\/uploads\/2019\/03\/3-Fazl\\u0131.png\",\"width\":450,\"height\":450},{\"@type\":\"WebPage\",\"@id\":\"http:\/\/salterltd.com.tr\/index.php\/urunler\/elektrikmotorlari\/vibrasyon-motorlari\/3-fazli-vibrasyon-motoru\/#webpage\",\"url\":\"http:\/\/salterltd.com.tr\/index.php\/urunler\/elektrikmotorlari\/vibrasyon-motorlari\/3-fazli-vibrasyon-motoru\/\",\"name\":\"3 Fazl\\u0131 Vibrasyon Motoru - Salter\",\"isPartOf\":{\"@id\":\"http:\/\/salterltd.com.tr\/#website\"},\"primaryImageOfPage\":{\"@id\":\"http:\/\/salterltd.com.tr\/index.php\/urunler\/elektrikmotorlari\/vibrasyon-motorlari\/3-fazli-vibrasyon-motoru\/#primaryimage\"},\"datePublished\":\"2019-03-16T14:07:11+00:00\",\"dateModified\":\"2019-11-13T14:51:51+00:00\",\"breadcrumb\":{\"@id\":\"http:\/\/salterltd.com.tr\/index.php\/urunler\/elektrikmotorlari\/vibrasyon-motorlari\/3-fazli-vibrasyon-motoru\/#breadcrumb\"},\"inLanguage\":\"tr\",\"potentialAction\":[{\"@type\":\"ReadAction\",\"target\":[\"http:\/\/salterltd.com.tr\/index.php\/urunler\/elektrikmotorlari\/vibrasyon-motorlari\/3-fazli-vibrasyon-motoru\/\"]}]},{\"@type\":\"BreadcrumbList\",\"@id\":\"http:\/\/salterltd.com.tr\/index.php\/urunler\/elektrikmotorlari\/vibrasyon-motorlari\/3-fazli-vibrasyon-motoru\/#breadcrumb\",\"itemListElement\":[{\"@type\":\"ListItem\",\"position\":1,\"item\":{\"@type\":\"WebPage\",\"@id\":\"http:\/\/salterltd.com.tr\/\",\"url\":\"http:\/\/salterltd.com.tr\/\",\"name\":\"Ana sayfa\"}},{\"@type\":\"ListItem\",\"position\":2,\"item\":{\"@type\":\"WebPage\",\"@id\":\"https:\/\/salterltd.com.tr\/index.php\/urunler\/\",\"url\":\"https:\/\/salterltd.com.tr\/index.php\/urunler\/\",\"name\":\"\\u00dcr\\u00fcnler\"}},{\"@type\":\"ListItem\",\"position\":3,\"item\":{\"@type\":\"WebPage\",\"@id\":\"http:\/\/salterltd.com.tr\/index.php\/urunler\/elektrikmotorlari\/\",\"url\":\"http:\/\/salterltd.com.tr\/index.php\/urunler\/elektrikmotorlari\/\",\"name\":\"Elektrik Motorlar\\u0131\"}},{\"@type\":\"ListItem\",\"position\":4,\"item\":{\"@type\":\"WebPage\",\"@id\":\"http:\/\/salterltd.com.tr\/index.php\/urunler\/elektrikmotorlari\/vibrasyon-motorlari\/\",\"url\":\"http:\/\/salterltd.com.tr\/index.php\/urunler\/elektrikmotorlari\/vibrasyon-motorlari\/\",\"name\":\"Vibrasyon Motorlar\\u0131\"}},{\"@type\":\"ListItem\",\"position\":5,\"item\":{\"@id\":\"http:\/\/salterltd.com.tr\/index.php\/urunler\/elektrikmotorlari\/vibrasyon-motorlari\/3-fazli-vibrasyon-motoru\/#webpage\"}}]}]}<\/script>\n<!-- \/ Yoast SEO plugin. -->","_links":{"self":[{"href":"http:\/\/salterltd.com.tr\/index.php\/wp-json\/wp\/v2\/pages\/1158"}],"collection":[{"href":"http:\/\/salterltd.com.tr\/index.php\/wp-json\/wp\/v2\/pages"}],"about":[{"href":"http:\/\/salterltd.com.tr\/index.php\/wp-json\/wp\/v2\/types\/page"}],"author":[{"embeddable":true,"href":"http:\/\/salterltd.com.tr\/index.php\/wp-json\/wp\/v2\/users\/1"}],"replies":[{"embeddable":true,"href":"http:\/\/salterltd.com.tr\/index.php\/wp-json\/wp\/v2\/comments?post=1158"}],"version-history":[{"count":0,"href":"http:\/\/salterltd.com.tr\/index.php\/wp-json\/wp\/v2\/pages\/1158\/revisions"}],"up":[{"embeddable":true,"href":"http:\/\/salterltd.com.tr\/index.php\/wp-json\/wp\/v2\/pages\/1009"}],"wp:attachment":[{"href":"http:\/\/salterltd.com.tr\/index.php\/wp-json\/wp\/v2\/media?parent=1158"}],"wp:term":[{"taxonomy":"wf_page_folders","embeddable":true,"href":"http:\/\/salterltd.com.tr\/index.php\/wp-json\/wp\/v2\/wf_page_folders?post=1158"}],"curies":[{"name":"wp","href":"https:\/\/api.w.org\/{rel}","templated":true}]}}