{"id":1169,"date":"2019-03-16T17:28:59","date_gmt":"2019-03-16T14:28:59","guid":{"rendered":"http:\/\/salterltd.com.tr\/?page_id=1169"},"modified":"2019-11-13T17:50:20","modified_gmt":"2019-11-13T14:50:20","slug":"ex-proof-motor-serisi","status":"publish","type":"page","link":"http:\/\/salterltd.com.tr\/index.php\/urunler\/elektrikmotorlari\/exproof-motorlar\/ex-proof-motor-serisi\/","title":{"rendered":"Ex Proof Motor Serisi"},"content":{"rendered":"\t\t<div data-elementor-type=\"wp-post\" data-elementor-id=\"1169\" class=\"elementor elementor-1169\">\n\t\t\t\t\t\t<div class=\"elementor-inner\">\n\t\t\t\t<div class=\"elementor-section-wrap\">\n\t\t\t\t\t\t\t\t\t<section class=\"elementor-section elementor-top-section elementor-element elementor-element-88130f0 elementor-section-boxed elementor-section-height-default elementor-section-height-default\" data-id=\"88130f0\" data-element_type=\"section\">\n\t\t\t\t\t\t<div class=\"elementor-container elementor-column-gap-default\">\n\t\t\t\t\t\t\t<div class=\"elementor-row\">\n\t\t\t\t\t<div class=\"elementor-column elementor-col-50 elementor-top-column elementor-element elementor-element-d43bbd1\" data-id=\"d43bbd1\" data-element_type=\"column\">\n\t\t\t<div class=\"elementor-column-wrap elementor-element-populated\">\n\t\t\t\t\t\t\t<div class=\"elementor-widget-wrap\">\n\t\t\t\t\t\t<div class=\"elementor-element elementor-element-79e559e elementor-widget elementor-widget-image\" data-id=\"79e559e\" data-element_type=\"widget\" data-widget_type=\"image.default\">\n\t\t\t\t<div class=\"elementor-widget-container\">\n\t\t\t\t\t\t\t\t<div class=\"elementor-image\">\n\t\t\t\t\t\t\t\t\t\t\t\t<img width=\"450\" height=\"450\" src=\"http:\/\/salterltd.com.tr\/wp-content\/uploads\/2019\/03\/Ex-Proof-Motor-Serisi.png\" class=\"attachment-large size-large\" alt=\"\" loading=\"lazy\" srcset=\"http:\/\/salterltd.com.tr\/wp-content\/uploads\/2019\/03\/Ex-Proof-Motor-Serisi.png 450w, http:\/\/salterltd.com.tr\/wp-content\/uploads\/2019\/03\/Ex-Proof-Motor-Serisi-150x150.png 150w, http:\/\/salterltd.com.tr\/wp-content\/uploads\/2019\/03\/Ex-Proof-Motor-Serisi-300x300.png 300w, http:\/\/salterltd.com.tr\/wp-content\/uploads\/2019\/03\/Ex-Proof-Motor-Serisi-100x100.png 100w\" sizes=\"(max-width: 450px) 100vw, 450px\" \/>\t\t\t\t\t\t\t\t\t\t\t\t\t\t<\/div>\n\t\t\t\t\t\t<\/div>\n\t\t\t\t<\/div>\n\t\t\t\t\t\t<\/div>\n\t\t\t\t\t<\/div>\n\t\t<\/div>\n\t\t\t\t<div class=\"elementor-column elementor-col-50 elementor-top-column elementor-element elementor-element-e2a4999\" data-id=\"e2a4999\" data-element_type=\"column\">\n\t\t\t<div class=\"elementor-column-wrap elementor-element-populated\">\n\t\t\t\t\t\t\t<div class=\"elementor-widget-wrap\">\n\t\t\t\t\t\t<div class=\"elementor-element elementor-element-374d94a elementor-widget elementor-widget-heading\" data-id=\"374d94a\" data-element_type=\"widget\" data-widget_type=\"heading.default\">\n\t\t\t\t<div class=\"elementor-widget-container\">\n\t\t\t<h2 class=\"elementor-heading-title elementor-size-default\">63, 71, 80, 90, 100 ve 112  g\u00f6vde se\u00e7enekleri<br>\n    0,12 ... 5,5 kW g\u00fc\u00e7 aral\u0131\u011f\u0131<br>\n    3000 ve 1500 devir\/dk se\u00e7enekleri<br>\n    IP65 Koruma derecesi<br>\n    -20\u2026+40\u00b0C ortam s\u0131cakl\u0131\u011f\u0131 aral\u0131\u011f\u0131<br>\n    S1 \u00c7al\u0131\u015fma ve F izolasyon s\u0131n\u0131f\u0131<br>\n    B3, B5 ve B14 Flan\u015fl\u0131 ba\u011flant\u0131 se\u00e7enekleri<br>\n<br><br><\/h2>\t\t<\/div>\n\t\t\t\t<\/div>\n\t\t\t\t<div class=\"elementor-element elementor-element-eb7765e elementor-widget elementor-widget-heading\" data-id=\"eb7765e\" data-element_type=\"widget\" data-widget_type=\"heading.default\">\n\t\t\t\t<div class=\"elementor-widget-container\">\n\t\t\t<h2 class=\"elementor-heading-title elementor-size-default\">II 2G: Patlay\u0131c\u0131 gaz<br>\n\nEx db: Alev s\u0131zd\u0131rmaz<br>\n\nIIC: Hidrojen gaz grubu <br>\n\nT4: 135\u00b0C Patlay\u0131c\u0131 gaz<br>\n\nII 2D: Yan\u0131c\u0131 toz ortamlar\u0131 i\u00e7in<br>\n\nEx td: Etraf\u0131 \u00e7evrili koruma<br>\n\nIIIC: Metal tozu grubu<br>\n\nT120\u00b0C: 120\u00b0C Yan\u0131c\u0131 toz ortamla<br><\/h2>\t\t<\/div>\n\t\t\t\t<\/div>\n\t\t\t\t\t\t<\/div>\n\t\t\t\t\t<\/div>\n\t\t<\/div>\n\t\t\t\t\t\t\t\t<\/div>\n\t\t\t\t\t<\/div>\n\t\t<\/section>\n\t\t\t\t<section class=\"elementor-section elementor-top-section elementor-element elementor-element-6137f6b elementor-section-boxed elementor-section-height-default elementor-section-height-default\" data-id=\"6137f6b\" data-element_type=\"section\">\n\t\t\t\t\t\t<div class=\"elementor-container elementor-column-gap-default\">\n\t\t\t\t\t\t\t<div class=\"elementor-row\">\n\t\t\t\t\t<div class=\"elementor-column elementor-col-100 elementor-top-column elementor-element elementor-element-d2b80e0\" data-id=\"d2b80e0\" data-element_type=\"column\">\n\t\t\t<div class=\"elementor-column-wrap elementor-element-populated\">\n\t\t\t\t\t\t\t<div class=\"elementor-widget-wrap\">\n\t\t\t\t\t\t<div class=\"elementor-element elementor-element-12186a2 elementor-widget elementor-widget-spacer\" data-id=\"12186a2\" data-element_type=\"widget\" data-widget_type=\"spacer.default\">\n\t\t\t\t<div class=\"elementor-widget-container\">\n\t\t\t\t\t<div class=\"elementor-spacer\">\n\t\t\t<div class=\"elementor-spacer-inner\"><\/div>\n\t\t<\/div>\n\t\t\t\t<\/div>\n\t\t\t\t<\/div>\n\t\t\t\t\t\t<\/div>\n\t\t\t\t\t<\/div>\n\t\t<\/div>\n\t\t\t\t\t\t\t\t<\/div>\n\t\t\t\t\t<\/div>\n\t\t<\/section>\n\t\t\t\t\t\t\t\t\t<\/div>\n\t\t\t<\/div>\n\t\t\t\t\t<\/div>\n\t\t","protected":false},"excerpt":{"rendered":"<p>63, 71, 80, 90, 100 ve 112 g\u00f6vde se\u00e7enekleri 0,12 &#8230; 5,5 kW g\u00fc\u00e7 aral\u0131\u011f\u0131 3000 ve 1500 devir\/dk se\u00e7enekleri IP65 Koruma derecesi -20\u2026+40\u00b0C ortam s\u0131cakl\u0131\u011f\u0131 aral\u0131\u011f\u0131 S1 \u00c7al\u0131\u015fma ve F izolasyon s\u0131n\u0131f\u0131 B3, B5 ve B14 Flan\u015fl\u0131 ba\u011flant\u0131 se\u00e7enekleri II 2G: Patlay\u0131c\u0131 gaz Ex db: Alev s\u0131zd\u0131rmaz IIC: Hidrojen gaz grubu T4: 135\u00b0C Patlay\u0131c\u0131 [&hellip;]<\/p>\n","protected":false},"author":1,"featured_media":0,"parent":1017,"menu_order":0,"comment_status":"closed","ping_status":"closed","template":"","meta":[],"wf_page_folders":[],"yoast_head":"<!-- This site is optimized with the Yoast SEO plugin v16.2 - https:\/\/yoast.com\/wordpress\/plugins\/seo\/ -->\n<title>Ex Proof Motor Serisi - Salter<\/title>\n<meta name=\"robots\" content=\"index, follow, max-snippet:-1, max-image-preview:large, max-video-preview:-1\" \/>\n<link rel=\"canonical\" href=\"https:\/\/salterltd.com.tr\/index.php\/urunler\/elektrikmotorlari\/exproof-motorlar\/ex-proof-motor-serisi\/\" \/>\n<meta property=\"og:locale\" content=\"tr_TR\" \/>\n<meta property=\"og:type\" content=\"article\" \/>\n<meta property=\"og:title\" content=\"Ex Proof Motor Serisi - Salter\" \/>\n<meta property=\"og:description\" content=\"63, 71, 80, 90, 100 ve 112 g\u00f6vde se\u00e7enekleri 0,12 &#8230; 5,5 kW g\u00fc\u00e7 aral\u0131\u011f\u0131 3000 ve 1500 devir\/dk se\u00e7enekleri IP65 Koruma derecesi -20\u2026+40\u00b0C ortam s\u0131cakl\u0131\u011f\u0131 aral\u0131\u011f\u0131 S1 \u00c7al\u0131\u015fma ve F izolasyon s\u0131n\u0131f\u0131 B3, B5 ve B14 Flan\u015fl\u0131 ba\u011flant\u0131 se\u00e7enekleri II 2G: Patlay\u0131c\u0131 gaz Ex db: Alev s\u0131zd\u0131rmaz IIC: Hidrojen gaz grubu T4: 135\u00b0C Patlay\u0131c\u0131 [&hellip;]\" \/>\n<meta property=\"og:url\" content=\"https:\/\/salterltd.com.tr\/index.php\/urunler\/elektrikmotorlari\/exproof-motorlar\/ex-proof-motor-serisi\/\" \/>\n<meta property=\"og:site_name\" content=\"Salter\" \/>\n<meta property=\"article:modified_time\" content=\"2019-11-13T14:50:20+00:00\" \/>\n<meta property=\"og:image\" content=\"http:\/\/salterltd.com.tr\/wp-content\/uploads\/2019\/03\/Ex-Proof-Motor-Serisi.png\" \/>\n<meta name=\"twitter:card\" content=\"summary_large_image\" \/>\n<script type=\"application\/ld+json\" class=\"yoast-schema-graph\">{\"@context\":\"https:\/\/schema.org\",\"@graph\":[{\"@type\":\"Organization\",\"@id\":\"http:\/\/salterltd.com.tr\/#organization\",\"name\":\"Tamsan Elektrik Motor San. ve Tic. Ltd. \\u015eti.\",\"url\":\"http:\/\/salterltd.com.tr\/\",\"sameAs\":[],\"logo\":{\"@type\":\"ImageObject\",\"@id\":\"http:\/\/salterltd.com.tr\/#logo\",\"inLanguage\":\"tr\",\"url\":\"http:\/\/salterltd.com.tr\/wp-content\/uploads\/2019\/11\/TAMSAN-logo.jpg\",\"contentUrl\":\"http:\/\/salterltd.com.tr\/wp-content\/uploads\/2019\/11\/TAMSAN-logo.jpg\",\"width\":1388,\"height\":292,\"caption\":\"Tamsan Elektrik Motor San. ve Tic. Ltd. \\u015eti.\"},\"image\":{\"@id\":\"http:\/\/salterltd.com.tr\/#logo\"}},{\"@type\":\"WebSite\",\"@id\":\"http:\/\/salterltd.com.tr\/#website\",\"url\":\"http:\/\/salterltd.com.tr\/\",\"name\":\"Tamsan Elektrik Motor\",\"description\":\"\",\"publisher\":{\"@id\":\"http:\/\/salterltd.com.tr\/#organization\"},\"potentialAction\":[{\"@type\":\"SearchAction\",\"target\":\"http:\/\/salterltd.com.tr\/?s={search_term_string}\",\"query-input\":\"required name=search_term_string\"}],\"inLanguage\":\"tr\"},{\"@type\":\"ImageObject\",\"@id\":\"https:\/\/salterltd.com.tr\/index.php\/urunler\/elektrikmotorlari\/exproof-motorlar\/ex-proof-motor-serisi\/#primaryimage\",\"inLanguage\":\"tr\",\"url\":\"http:\/\/salterltd.com.tr\/wp-content\/uploads\/2019\/03\/Ex-Proof-Motor-Serisi.png\",\"contentUrl\":\"http:\/\/salterltd.com.tr\/wp-content\/uploads\/2019\/03\/Ex-Proof-Motor-Serisi.png\",\"width\":450,\"height\":450},{\"@type\":\"WebPage\",\"@id\":\"https:\/\/salterltd.com.tr\/index.php\/urunler\/elektrikmotorlari\/exproof-motorlar\/ex-proof-motor-serisi\/#webpage\",\"url\":\"https:\/\/salterltd.com.tr\/index.php\/urunler\/elektrikmotorlari\/exproof-motorlar\/ex-proof-motor-serisi\/\",\"name\":\"Ex Proof Motor Serisi - Salter\",\"isPartOf\":{\"@id\":\"http:\/\/salterltd.com.tr\/#website\"},\"primaryImageOfPage\":{\"@id\":\"https:\/\/salterltd.com.tr\/index.php\/urunler\/elektrikmotorlari\/exproof-motorlar\/ex-proof-motor-serisi\/#primaryimage\"},\"datePublished\":\"2019-03-16T14:28:59+00:00\",\"dateModified\":\"2019-11-13T14:50:20+00:00\",\"breadcrumb\":{\"@id\":\"https:\/\/salterltd.com.tr\/index.php\/urunler\/elektrikmotorlari\/exproof-motorlar\/ex-proof-motor-serisi\/#breadcrumb\"},\"inLanguage\":\"tr\",\"potentialAction\":[{\"@type\":\"ReadAction\",\"target\":[\"https:\/\/salterltd.com.tr\/index.php\/urunler\/elektrikmotorlari\/exproof-motorlar\/ex-proof-motor-serisi\/\"]}]},{\"@type\":\"BreadcrumbList\",\"@id\":\"https:\/\/salterltd.com.tr\/index.php\/urunler\/elektrikmotorlari\/exproof-motorlar\/ex-proof-motor-serisi\/#breadcrumb\",\"itemListElement\":[{\"@type\":\"ListItem\",\"position\":1,\"item\":{\"@type\":\"WebPage\",\"@id\":\"http:\/\/salterltd.com.tr\/\",\"url\":\"http:\/\/salterltd.com.tr\/\",\"name\":\"Ana sayfa\"}},{\"@type\":\"ListItem\",\"position\":2,\"item\":{\"@type\":\"WebPage\",\"@id\":\"http:\/\/salterltd.com.tr\/index.php\/urunler\/\",\"url\":\"http:\/\/salterltd.com.tr\/index.php\/urunler\/\",\"name\":\"\\u00dcr\\u00fcnler\"}},{\"@type\":\"ListItem\",\"position\":3,\"item\":{\"@type\":\"WebPage\",\"@id\":\"http:\/\/salterltd.com.tr\/index.php\/urunler\/elektrikmotorlari\/\",\"url\":\"http:\/\/salterltd.com.tr\/index.php\/urunler\/elektrikmotorlari\/\",\"name\":\"Elektrik Motorlar\\u0131\"}},{\"@type\":\"ListItem\",\"position\":4,\"item\":{\"@type\":\"WebPage\",\"@id\":\"https:\/\/salterltd.com.tr\/index.php\/urunler\/elektrikmotorlari\/exproof-motorlar\/\",\"url\":\"https:\/\/salterltd.com.tr\/index.php\/urunler\/elektrikmotorlari\/exproof-motorlar\/\",\"name\":\"Exproof Motorlar\"}},{\"@type\":\"ListItem\",\"position\":5,\"item\":{\"@id\":\"https:\/\/salterltd.com.tr\/index.php\/urunler\/elektrikmotorlari\/exproof-motorlar\/ex-proof-motor-serisi\/#webpage\"}}]}]}<\/script>\n<!-- \/ Yoast SEO plugin. -->","_links":{"self":[{"href":"http:\/\/salterltd.com.tr\/index.php\/wp-json\/wp\/v2\/pages\/1169"}],"collection":[{"href":"http:\/\/salterltd.com.tr\/index.php\/wp-json\/wp\/v2\/pages"}],"about":[{"href":"http:\/\/salterltd.com.tr\/index.php\/wp-json\/wp\/v2\/types\/page"}],"author":[{"embeddable":true,"href":"http:\/\/salterltd.com.tr\/index.php\/wp-json\/wp\/v2\/users\/1"}],"replies":[{"embeddable":true,"href":"http:\/\/salterltd.com.tr\/index.php\/wp-json\/wp\/v2\/comments?post=1169"}],"version-history":[{"count":0,"href":"http:\/\/salterltd.com.tr\/index.php\/wp-json\/wp\/v2\/pages\/1169\/revisions"}],"up":[{"embeddable":true,"href":"http:\/\/salterltd.com.tr\/index.php\/wp-json\/wp\/v2\/pages\/1017"}],"wp:attachment":[{"href":"http:\/\/salterltd.com.tr\/index.php\/wp-json\/wp\/v2\/media?parent=1169"}],"wp:term":[{"taxonomy":"wf_page_folders","embeddable":true,"href":"http:\/\/salterltd.com.tr\/index.php\/wp-json\/wp\/v2\/wf_page_folders?post=1169"}],"curies":[{"name":"wp","href":"https:\/\/api.w.org\/{rel}","templated":true}]}}