{"id":1268,"date":"2019-03-16T23:35:34","date_gmt":"2019-03-16T20:35:34","guid":{"rendered":"http:\/\/salterltd.com.tr\/?page_id=1268"},"modified":"2019-03-17T01:12:16","modified_gmt":"2019-03-16T22:12:16","slug":"agir-tip-foseptik-dalgic-pompalar-2","status":"publish","type":"page","link":"http:\/\/salterltd.com.tr\/index.php\/urunler\/pompalar\/dalgic-pompalar\/agir-tip-foseptik-dalgic-pompalar-2\/","title":{"rendered":"A\u011f\u0131r Tip Foseptik Dalg\u0131\u00e7 Pompalar"},"content":{"rendered":"\t\t<div data-elementor-type=\"wp-post\" data-elementor-id=\"1268\" class=\"elementor elementor-1268\">\n\t\t\t\t\t\t<div class=\"elementor-inner\">\n\t\t\t\t<div class=\"elementor-section-wrap\">\n\t\t\t\t\t\t\t\t\t<section class=\"elementor-section elementor-top-section elementor-element elementor-element-bb34a50 elementor-section-boxed elementor-section-height-default elementor-section-height-default\" data-id=\"bb34a50\" data-element_type=\"section\">\n\t\t\t\t\t\t<div class=\"elementor-container elementor-column-gap-default\">\n\t\t\t\t\t\t\t<div class=\"elementor-row\">\n\t\t\t\t\t<div class=\"elementor-column elementor-col-100 elementor-top-column elementor-element elementor-element-f1434f9\" data-id=\"f1434f9\" data-element_type=\"column\">\n\t\t\t<div class=\"elementor-column-wrap elementor-element-populated\">\n\t\t\t\t\t\t\t<div class=\"elementor-widget-wrap\">\n\t\t\t\t\t\t<div class=\"elementor-element elementor-element-137a768 elementor-widget elementor-widget-spacer\" data-id=\"137a768\" data-element_type=\"widget\" data-widget_type=\"spacer.default\">\n\t\t\t\t<div class=\"elementor-widget-container\">\n\t\t\t\t\t<div class=\"elementor-spacer\">\n\t\t\t<div class=\"elementor-spacer-inner\"><\/div>\n\t\t<\/div>\n\t\t\t\t<\/div>\n\t\t\t\t<\/div>\n\t\t\t\t<div class=\"elementor-element elementor-element-b43088f elementor-widget elementor-widget-heading\" data-id=\"b43088f\" data-element_type=\"widget\" data-widget_type=\"heading.default\">\n\t\t\t\t<div class=\"elementor-widget-container\">\n\t\t\t<h2 class=\"elementor-heading-title elementor-size-default\"> 1450 d\/d A\u011f\u0131r Tip Foseptik Dalg\u0131\u00e7 Pompas\u0131<\/h2>\t\t<\/div>\n\t\t\t\t<\/div>\n\t\t\t\t<div class=\"elementor-element elementor-element-b684364 elementor-widget elementor-widget-heading\" data-id=\"b684364\" data-element_type=\"widget\" data-widget_type=\"heading.default\">\n\t\t\t\t<div class=\"elementor-widget-container\">\n\t\t\t<h3 class=\"elementor-heading-title elementor-size-default\">Sumak Pompan\u0131n yeni \u00fcr\u00fcn gam\u0131na katt\u0131\u011f\u0131, bu tip foseptik dalg\u0131\u00e7 pompalar; 20Hp, 25Hp, 30Hp motor g\u00fcc\u00fcnde, 1450 d\/d olmas\u0131ndan dolay\u0131  yo\u011fun s\u0131v\u0131lar\u0131n tahliyesi i\u00e7in uygun y\u00fcksek kapasiteli, enerji tasarruflu  dalg\u0131\u00e7 pompalard\u0131r. Bu tip pompalar; hafriyat alanlar\u0131nda, kum ve maden ocaklar\u0131nda, su bask\u0131nlar\u0131nda, otel ve sitelerde, t\u00fcnel in\u015faatlar\u0131nda, ar\u0131tma tesislerinde kullan\u0131ma uygun, 10 metre kablolu, termist\u00f6r korumal\u0131 olarak imal edilmektedir.<\/h3>\t\t<\/div>\n\t\t\t\t<\/div>\n\t\t\t\t\t\t<\/div>\n\t\t\t\t\t<\/div>\n\t\t<\/div>\n\t\t\t\t\t\t\t\t<\/div>\n\t\t\t\t\t<\/div>\n\t\t<\/section>\n\t\t\t\t<section class=\"elementor-section elementor-top-section elementor-element elementor-element-2391595 elementor-section-boxed elementor-section-height-default elementor-section-height-default\" data-id=\"2391595\" data-element_type=\"section\">\n\t\t\t\t\t\t<div class=\"elementor-container elementor-column-gap-default\">\n\t\t\t\t\t\t\t<div class=\"elementor-row\">\n\t\t\t\t\t<div class=\"elementor-column elementor-col-100 elementor-top-column elementor-element elementor-element-82cf004\" data-id=\"82cf004\" data-element_type=\"column\">\n\t\t\t<div class=\"elementor-column-wrap elementor-element-populated\">\n\t\t\t\t\t\t\t<div class=\"elementor-widget-wrap\">\n\t\t\t\t\t\t<div class=\"elementor-element elementor-element-b4203f7 elementor-widget elementor-widget-image\" data-id=\"b4203f7\" data-element_type=\"widget\" data-widget_type=\"image.default\">\n\t\t\t\t<div class=\"elementor-widget-container\">\n\t\t\t\t\t\t\t\t<div class=\"elementor-image\">\n\t\t\t\t\t\t\t\t\t\t\t\t<img width=\"740\" height=\"941\" src=\"http:\/\/salterltd.com.tr\/wp-content\/uploads\/2019\/03\/A\u011f\u0131r-Tip-Foseptik-Dalg\u0131\u00e7-Pompalar_1.jpg\" class=\"attachment-large size-large\" alt=\"\" loading=\"lazy\" srcset=\"http:\/\/salterltd.com.tr\/wp-content\/uploads\/2019\/03\/A\u011f\u0131r-Tip-Foseptik-Dalg\u0131\u00e7-Pompalar_1.jpg 740w, http:\/\/salterltd.com.tr\/wp-content\/uploads\/2019\/03\/A\u011f\u0131r-Tip-Foseptik-Dalg\u0131\u00e7-Pompalar_1-236x300.jpg 236w, http:\/\/salterltd.com.tr\/wp-content\/uploads\/2019\/03\/A\u011f\u0131r-Tip-Foseptik-Dalg\u0131\u00e7-Pompalar_1-600x763.jpg 600w\" sizes=\"(max-width: 740px) 100vw, 740px\" \/>\t\t\t\t\t\t\t\t\t\t\t\t\t\t<\/div>\n\t\t\t\t\t\t<\/div>\n\t\t\t\t<\/div>\n\t\t\t\t\t\t<\/div>\n\t\t\t\t\t<\/div>\n\t\t<\/div>\n\t\t\t\t\t\t\t\t<\/div>\n\t\t\t\t\t<\/div>\n\t\t<\/section>\n\t\t\t\t\t\t\t\t\t<\/div>\n\t\t\t<\/div>\n\t\t\t\t\t<\/div>\n\t\t","protected":false},"excerpt":{"rendered":"<p>1450 d\/d A\u011f\u0131r Tip Foseptik Dalg\u0131\u00e7 Pompas\u0131 Sumak Pompan\u0131n yeni \u00fcr\u00fcn gam\u0131na katt\u0131\u011f\u0131, bu tip foseptik dalg\u0131\u00e7 pompalar; 20Hp, 25Hp, 30Hp motor g\u00fcc\u00fcnde, 1450 d\/d olmas\u0131ndan dolay\u0131 yo\u011fun s\u0131v\u0131lar\u0131n tahliyesi i\u00e7in uygun y\u00fcksek kapasiteli, enerji tasarruflu dalg\u0131\u00e7 pompalard\u0131r. Bu tip pompalar; hafriyat alanlar\u0131nda, kum ve maden ocaklar\u0131nda, su bask\u0131nlar\u0131nda, otel ve sitelerde, t\u00fcnel in\u015faatlar\u0131nda, ar\u0131tma [&hellip;]<\/p>\n","protected":false},"author":1,"featured_media":0,"parent":792,"menu_order":0,"comment_status":"closed","ping_status":"closed","template":"","meta":[],"wf_page_folders":[],"yoast_head":"<!-- This site is optimized with the Yoast SEO plugin v16.2 - https:\/\/yoast.com\/wordpress\/plugins\/seo\/ -->\n<title>A\u011f\u0131r Tip Foseptik Dalg\u0131\u00e7 Pompalar - Salter<\/title>\n<meta name=\"robots\" content=\"index, follow, max-snippet:-1, max-image-preview:large, max-video-preview:-1\" \/>\n<link rel=\"canonical\" href=\"http:\/\/salterltd.com.tr\/index.php\/urunler\/pompalar\/dalgic-pompalar\/agir-tip-foseptik-dalgic-pompalar-2\/\" \/>\n<meta property=\"og:locale\" content=\"tr_TR\" \/>\n<meta property=\"og:type\" content=\"article\" \/>\n<meta property=\"og:title\" content=\"A\u011f\u0131r Tip Foseptik Dalg\u0131\u00e7 Pompalar - Salter\" \/>\n<meta property=\"og:description\" content=\"1450 d\/d A\u011f\u0131r Tip Foseptik Dalg\u0131\u00e7 Pompas\u0131 Sumak Pompan\u0131n yeni \u00fcr\u00fcn gam\u0131na katt\u0131\u011f\u0131, bu tip foseptik dalg\u0131\u00e7 pompalar; 20Hp, 25Hp, 30Hp motor g\u00fcc\u00fcnde, 1450 d\/d olmas\u0131ndan dolay\u0131 yo\u011fun s\u0131v\u0131lar\u0131n tahliyesi i\u00e7in uygun y\u00fcksek kapasiteli, enerji tasarruflu dalg\u0131\u00e7 pompalard\u0131r. Bu tip pompalar; hafriyat alanlar\u0131nda, kum ve maden ocaklar\u0131nda, su bask\u0131nlar\u0131nda, otel ve sitelerde, t\u00fcnel in\u015faatlar\u0131nda, ar\u0131tma [&hellip;]\" \/>\n<meta property=\"og:url\" content=\"http:\/\/salterltd.com.tr\/index.php\/urunler\/pompalar\/dalgic-pompalar\/agir-tip-foseptik-dalgic-pompalar-2\/\" \/>\n<meta property=\"og:site_name\" content=\"Salter\" \/>\n<meta property=\"article:modified_time\" content=\"2019-03-16T22:12:16+00:00\" \/>\n<meta property=\"og:image\" content=\"http:\/\/salterltd.com.tr\/wp-content\/uploads\/2019\/03\/A\u011f\u0131r-Tip-Foseptik-Dalg\u0131\u00e7-Pompalar_1.jpg\" \/>\n<meta name=\"twitter:card\" content=\"summary_large_image\" \/>\n<script type=\"application\/ld+json\" class=\"yoast-schema-graph\">{\"@context\":\"https:\/\/schema.org\",\"@graph\":[{\"@type\":\"Organization\",\"@id\":\"http:\/\/salterltd.com.tr\/#organization\",\"name\":\"Tamsan Elektrik Motor San. ve Tic. Ltd. \\u015eti.\",\"url\":\"http:\/\/salterltd.com.tr\/\",\"sameAs\":[],\"logo\":{\"@type\":\"ImageObject\",\"@id\":\"http:\/\/salterltd.com.tr\/#logo\",\"inLanguage\":\"tr\",\"url\":\"http:\/\/salterltd.com.tr\/wp-content\/uploads\/2019\/11\/TAMSAN-logo.jpg\",\"contentUrl\":\"http:\/\/salterltd.com.tr\/wp-content\/uploads\/2019\/11\/TAMSAN-logo.jpg\",\"width\":1388,\"height\":292,\"caption\":\"Tamsan Elektrik Motor San. ve Tic. Ltd. \\u015eti.\"},\"image\":{\"@id\":\"http:\/\/salterltd.com.tr\/#logo\"}},{\"@type\":\"WebSite\",\"@id\":\"http:\/\/salterltd.com.tr\/#website\",\"url\":\"http:\/\/salterltd.com.tr\/\",\"name\":\"Tamsan Elektrik Motor\",\"description\":\"\",\"publisher\":{\"@id\":\"http:\/\/salterltd.com.tr\/#organization\"},\"potentialAction\":[{\"@type\":\"SearchAction\",\"target\":\"http:\/\/salterltd.com.tr\/?s={search_term_string}\",\"query-input\":\"required name=search_term_string\"}],\"inLanguage\":\"tr\"},{\"@type\":\"ImageObject\",\"@id\":\"http:\/\/salterltd.com.tr\/index.php\/urunler\/pompalar\/dalgic-pompalar\/agir-tip-foseptik-dalgic-pompalar-2\/#primaryimage\",\"inLanguage\":\"tr\",\"url\":\"http:\/\/salterltd.com.tr\/wp-content\/uploads\/2019\/03\/A\\u011f\\u0131r-Tip-Foseptik-Dalg\\u0131\\u00e7-Pompalar_1.jpg\",\"contentUrl\":\"http:\/\/salterltd.com.tr\/wp-content\/uploads\/2019\/03\/A\\u011f\\u0131r-Tip-Foseptik-Dalg\\u0131\\u00e7-Pompalar_1.jpg\",\"width\":740,\"height\":941},{\"@type\":\"WebPage\",\"@id\":\"http:\/\/salterltd.com.tr\/index.php\/urunler\/pompalar\/dalgic-pompalar\/agir-tip-foseptik-dalgic-pompalar-2\/#webpage\",\"url\":\"http:\/\/salterltd.com.tr\/index.php\/urunler\/pompalar\/dalgic-pompalar\/agir-tip-foseptik-dalgic-pompalar-2\/\",\"name\":\"A\\u011f\\u0131r Tip Foseptik Dalg\\u0131\\u00e7 Pompalar - Salter\",\"isPartOf\":{\"@id\":\"http:\/\/salterltd.com.tr\/#website\"},\"primaryImageOfPage\":{\"@id\":\"http:\/\/salterltd.com.tr\/index.php\/urunler\/pompalar\/dalgic-pompalar\/agir-tip-foseptik-dalgic-pompalar-2\/#primaryimage\"},\"datePublished\":\"2019-03-16T20:35:34+00:00\",\"dateModified\":\"2019-03-16T22:12:16+00:00\",\"breadcrumb\":{\"@id\":\"http:\/\/salterltd.com.tr\/index.php\/urunler\/pompalar\/dalgic-pompalar\/agir-tip-foseptik-dalgic-pompalar-2\/#breadcrumb\"},\"inLanguage\":\"tr\",\"potentialAction\":[{\"@type\":\"ReadAction\",\"target\":[\"http:\/\/salterltd.com.tr\/index.php\/urunler\/pompalar\/dalgic-pompalar\/agir-tip-foseptik-dalgic-pompalar-2\/\"]}]},{\"@type\":\"BreadcrumbList\",\"@id\":\"http:\/\/salterltd.com.tr\/index.php\/urunler\/pompalar\/dalgic-pompalar\/agir-tip-foseptik-dalgic-pompalar-2\/#breadcrumb\",\"itemListElement\":[{\"@type\":\"ListItem\",\"position\":1,\"item\":{\"@type\":\"WebPage\",\"@id\":\"http:\/\/salterltd.com.tr\/\",\"url\":\"http:\/\/salterltd.com.tr\/\",\"name\":\"Ana sayfa\"}},{\"@type\":\"ListItem\",\"position\":2,\"item\":{\"@type\":\"WebPage\",\"@id\":\"http:\/\/salterltd.com.tr\/index.php\/urunler\/\",\"url\":\"http:\/\/salterltd.com.tr\/index.php\/urunler\/\",\"name\":\"\\u00dcr\\u00fcnler\"}},{\"@type\":\"ListItem\",\"position\":3,\"item\":{\"@type\":\"WebPage\",\"@id\":\"http:\/\/salterltd.com.tr\/index.php\/urunler\/pompalar\/\",\"url\":\"http:\/\/salterltd.com.tr\/index.php\/urunler\/pompalar\/\",\"name\":\"Pompalar\"}},{\"@type\":\"ListItem\",\"position\":4,\"item\":{\"@type\":\"WebPage\",\"@id\":\"http:\/\/salterltd.com.tr\/index.php\/urunler\/pompalar\/dalgic-pompalar\/\",\"url\":\"http:\/\/salterltd.com.tr\/index.php\/urunler\/pompalar\/dalgic-pompalar\/\",\"name\":\"Dalg\\u0131\\u00e7 Pompalar\"}},{\"@type\":\"ListItem\",\"position\":5,\"item\":{\"@id\":\"http:\/\/salterltd.com.tr\/index.php\/urunler\/pompalar\/dalgic-pompalar\/agir-tip-foseptik-dalgic-pompalar-2\/#webpage\"}}]}]}<\/script>\n<!-- \/ Yoast SEO plugin. -->","_links":{"self":[{"href":"http:\/\/salterltd.com.tr\/index.php\/wp-json\/wp\/v2\/pages\/1268"}],"collection":[{"href":"http:\/\/salterltd.com.tr\/index.php\/wp-json\/wp\/v2\/pages"}],"about":[{"href":"http:\/\/salterltd.com.tr\/index.php\/wp-json\/wp\/v2\/types\/page"}],"author":[{"embeddable":true,"href":"http:\/\/salterltd.com.tr\/index.php\/wp-json\/wp\/v2\/users\/1"}],"replies":[{"embeddable":true,"href":"http:\/\/salterltd.com.tr\/index.php\/wp-json\/wp\/v2\/comments?post=1268"}],"version-history":[{"count":0,"href":"http:\/\/salterltd.com.tr\/index.php\/wp-json\/wp\/v2\/pages\/1268\/revisions"}],"up":[{"embeddable":true,"href":"http:\/\/salterltd.com.tr\/index.php\/wp-json\/wp\/v2\/pages\/792"}],"wp:attachment":[{"href":"http:\/\/salterltd.com.tr\/index.php\/wp-json\/wp\/v2\/media?parent=1268"}],"wp:term":[{"taxonomy":"wf_page_folders","embeddable":true,"href":"http:\/\/salterltd.com.tr\/index.php\/wp-json\/wp\/v2\/wf_page_folders?post=1268"}],"curies":[{"name":"wp","href":"https:\/\/api.w.org\/{rel}","templated":true}]}}