{"id":1297,"date":"2019-03-16T23:41:52","date_gmt":"2019-03-16T20:41:52","guid":{"rendered":"http:\/\/salterltd.com.tr\/?page_id=1297"},"modified":"2019-03-17T01:50:50","modified_gmt":"2019-03-16T22:50:50","slug":"wc-pompasi-2","status":"publish","type":"page","link":"http:\/\/salterltd.com.tr\/index.php\/urunler\/pompalar\/dalgic-pompalar\/wc-pompasi-2\/","title":{"rendered":"WC Pompas\u0131"},"content":{"rendered":"\t\t<div data-elementor-type=\"wp-post\" data-elementor-id=\"1297\" class=\"elementor elementor-1297\">\n\t\t\t\t\t\t<div class=\"elementor-inner\">\n\t\t\t\t<div class=\"elementor-section-wrap\">\n\t\t\t\t\t\t\t\t\t<section class=\"elementor-section elementor-top-section elementor-element elementor-element-127f4c0 elementor-section-boxed elementor-section-height-default elementor-section-height-default\" data-id=\"127f4c0\" data-element_type=\"section\">\n\t\t\t\t\t\t<div class=\"elementor-container elementor-column-gap-default\">\n\t\t\t\t\t\t\t<div class=\"elementor-row\">\n\t\t\t\t\t<div class=\"elementor-column elementor-col-100 elementor-top-column elementor-element elementor-element-e211d94\" data-id=\"e211d94\" data-element_type=\"column\">\n\t\t\t<div class=\"elementor-column-wrap elementor-element-populated\">\n\t\t\t\t\t\t\t<div class=\"elementor-widget-wrap\">\n\t\t\t\t\t\t<div class=\"elementor-element elementor-element-ca9a7ce elementor-widget elementor-widget-heading\" data-id=\"ca9a7ce\" data-element_type=\"widget\" data-widget_type=\"heading.default\">\n\t\t\t\t<div class=\"elementor-widget-container\">\n\t\t\t<h3 class=\"elementor-heading-title elementor-size-default\">B\u0131\u00e7akl\u0131 WC fosseptik pompas\u0131 Kanalizasyon giderinden daha a\u015fa\u011f\u0131daki yap\u0131larda bulunan mutfaklarda tuvaletlerde ve banyolardaki tesisat giderinin ba\u011flanmas\u0131yla tuvalet at\u0131\u011f\u0131n\u0131 tahliye etmekte kullan\u0131lan b\u0131\u00e7akl\u0131 tahliye pompas\u0131 imalat\u0131na ba\u015flam\u0131\u015f bulunmaktay\u0131z.<br>\nTers dubleks bodrum kat veya merdiven alt\u0131 uygulamalar i\u00e7in ideal bir \u00e7\u00f6z\u00fcm sunan \u00f6\u011f\u00fct\u00fcc\u00fcl\u00fc b\u0131\u00e7akl\u0131 tahliye pompas\u0131 Kolay kurulumu sayesinde ya\u015fam standard\u0131n\u0131n kalitesini art\u0131ran koku yapmayan a\u015f\u0131r\u0131 y\u00fcklenmeye kar\u015f\u0131 kendinden termikli 220 V elektrik ile \u00e7al\u0131\u015fan kendinden flat\u00f6rl\u00fc otomatik ve sessiz \u00e7al\u0131\u015fan pompalard\u0131r.<br>\nKlozet arkas\u0131 pompas\u0131 bula\u015f\u0131k makinas\u0131 \u00e7ama\u015f\u0131r makinas\u0131 ve du\u015f giderinin rahat\u00e7a ba\u011flanabilece\u011fi standart hortum ba\u011flant\u0131 \u00f6l\u00e7\u00fclerin de tasarlan\u0131p bilhassa klozet \u00e7\u0131k\u0131\u015f\u0131 arkas\u0131na kolayca monte edilebilen at\u0131ksu wc pompas\u0131d\u0131r.<\/h3>\t\t<\/div>\n\t\t\t\t<\/div>\n\t\t\t\t\t\t<\/div>\n\t\t\t\t\t<\/div>\n\t\t<\/div>\n\t\t\t\t\t\t\t\t<\/div>\n\t\t\t\t\t<\/div>\n\t\t<\/section>\n\t\t\t\t<section class=\"elementor-section elementor-top-section elementor-element elementor-element-b4bde80 elementor-section-boxed elementor-section-height-default elementor-section-height-default\" data-id=\"b4bde80\" data-element_type=\"section\">\n\t\t\t\t\t\t<div class=\"elementor-container elementor-column-gap-default\">\n\t\t\t\t\t\t\t<div class=\"elementor-row\">\n\t\t\t\t\t<div class=\"elementor-column elementor-col-100 elementor-top-column elementor-element elementor-element-65afa34\" data-id=\"65afa34\" data-element_type=\"column\">\n\t\t\t<div class=\"elementor-column-wrap elementor-element-populated\">\n\t\t\t\t\t\t\t<div class=\"elementor-widget-wrap\">\n\t\t\t\t\t\t<div class=\"elementor-element elementor-element-b5a0a63 elementor-widget elementor-widget-image\" data-id=\"b5a0a63\" data-element_type=\"widget\" data-widget_type=\"image.default\">\n\t\t\t\t<div class=\"elementor-widget-container\">\n\t\t\t\t\t\t\t\t<div class=\"elementor-image\">\n\t\t\t\t\t\t\t\t\t\t\t\t<img width=\"720\" height=\"754\" src=\"http:\/\/salterltd.com.tr\/wp-content\/uploads\/2019\/03\/WC-Pompas\u0131_1.jpg\" class=\"attachment-large size-large\" alt=\"\" loading=\"lazy\" srcset=\"http:\/\/salterltd.com.tr\/wp-content\/uploads\/2019\/03\/WC-Pompas\u0131_1.jpg 720w, http:\/\/salterltd.com.tr\/wp-content\/uploads\/2019\/03\/WC-Pompas\u0131_1-286x300.jpg 286w, http:\/\/salterltd.com.tr\/wp-content\/uploads\/2019\/03\/WC-Pompas\u0131_1-600x628.jpg 600w\" sizes=\"(max-width: 720px) 100vw, 720px\" \/>\t\t\t\t\t\t\t\t\t\t\t\t\t\t<\/div>\n\t\t\t\t\t\t<\/div>\n\t\t\t\t<\/div>\n\t\t\t\t\t\t<\/div>\n\t\t\t\t\t<\/div>\n\t\t<\/div>\n\t\t\t\t\t\t\t\t<\/div>\n\t\t\t\t\t<\/div>\n\t\t<\/section>\n\t\t\t\t\t\t\t\t\t<\/div>\n\t\t\t<\/div>\n\t\t\t\t\t<\/div>\n\t\t","protected":false},"excerpt":{"rendered":"<p>B\u0131\u00e7akl\u0131 WC fosseptik pompas\u0131 Kanalizasyon giderinden daha a\u015fa\u011f\u0131daki yap\u0131larda bulunan mutfaklarda tuvaletlerde ve banyolardaki tesisat giderinin ba\u011flanmas\u0131yla tuvalet at\u0131\u011f\u0131n\u0131 tahliye etmekte kullan\u0131lan b\u0131\u00e7akl\u0131 tahliye pompas\u0131 imalat\u0131na ba\u015flam\u0131\u015f bulunmaktay\u0131z. Ters dubleks bodrum kat veya merdiven alt\u0131 uygulamalar i\u00e7in ideal bir \u00e7\u00f6z\u00fcm sunan \u00f6\u011f\u00fct\u00fcc\u00fcl\u00fc b\u0131\u00e7akl\u0131 tahliye pompas\u0131 Kolay kurulumu sayesinde ya\u015fam standard\u0131n\u0131n kalitesini art\u0131ran koku yapmayan a\u015f\u0131r\u0131 [&hellip;]<\/p>\n","protected":false},"author":1,"featured_media":0,"parent":792,"menu_order":0,"comment_status":"closed","ping_status":"closed","template":"","meta":[],"wf_page_folders":[],"yoast_head":"<!-- This site is optimized with the Yoast SEO plugin v16.2 - https:\/\/yoast.com\/wordpress\/plugins\/seo\/ -->\n<title>WC Pompas\u0131 - Salter<\/title>\n<meta name=\"robots\" content=\"index, follow, max-snippet:-1, max-image-preview:large, max-video-preview:-1\" \/>\n<link rel=\"canonical\" href=\"http:\/\/salterltd.com.tr\/index.php\/urunler\/pompalar\/dalgic-pompalar\/wc-pompasi-2\/\" \/>\n<meta property=\"og:locale\" content=\"tr_TR\" \/>\n<meta property=\"og:type\" content=\"article\" \/>\n<meta property=\"og:title\" content=\"WC Pompas\u0131 - Salter\" \/>\n<meta property=\"og:description\" content=\"B\u0131\u00e7akl\u0131 WC fosseptik pompas\u0131 Kanalizasyon giderinden daha a\u015fa\u011f\u0131daki yap\u0131larda bulunan mutfaklarda tuvaletlerde ve banyolardaki tesisat giderinin ba\u011flanmas\u0131yla tuvalet at\u0131\u011f\u0131n\u0131 tahliye etmekte kullan\u0131lan b\u0131\u00e7akl\u0131 tahliye pompas\u0131 imalat\u0131na ba\u015flam\u0131\u015f bulunmaktay\u0131z. Ters dubleks bodrum kat veya merdiven alt\u0131 uygulamalar i\u00e7in ideal bir \u00e7\u00f6z\u00fcm sunan \u00f6\u011f\u00fct\u00fcc\u00fcl\u00fc b\u0131\u00e7akl\u0131 tahliye pompas\u0131 Kolay kurulumu sayesinde ya\u015fam standard\u0131n\u0131n kalitesini art\u0131ran koku yapmayan a\u015f\u0131r\u0131 [&hellip;]\" \/>\n<meta property=\"og:url\" content=\"http:\/\/salterltd.com.tr\/index.php\/urunler\/pompalar\/dalgic-pompalar\/wc-pompasi-2\/\" \/>\n<meta property=\"og:site_name\" content=\"Salter\" \/>\n<meta property=\"article:modified_time\" content=\"2019-03-16T22:50:50+00:00\" \/>\n<meta property=\"og:image\" content=\"http:\/\/salterltd.com.tr\/wp-content\/uploads\/2019\/03\/WC-Pompas\u0131_1.jpg\" \/>\n<meta name=\"twitter:card\" content=\"summary_large_image\" \/>\n<meta name=\"twitter:label1\" content=\"Tahmini okuma s\u00fcresi\">\n\t<meta name=\"twitter:data1\" content=\"1 dakika\">\n<script type=\"application\/ld+json\" class=\"yoast-schema-graph\">{\"@context\":\"https:\/\/schema.org\",\"@graph\":[{\"@type\":\"Organization\",\"@id\":\"http:\/\/salterltd.com.tr\/#organization\",\"name\":\"Tamsan Elektrik Motor San. ve Tic. Ltd. \\u015eti.\",\"url\":\"http:\/\/salterltd.com.tr\/\",\"sameAs\":[],\"logo\":{\"@type\":\"ImageObject\",\"@id\":\"http:\/\/salterltd.com.tr\/#logo\",\"inLanguage\":\"tr\",\"url\":\"http:\/\/salterltd.com.tr\/wp-content\/uploads\/2019\/11\/TAMSAN-logo.jpg\",\"contentUrl\":\"http:\/\/salterltd.com.tr\/wp-content\/uploads\/2019\/11\/TAMSAN-logo.jpg\",\"width\":1388,\"height\":292,\"caption\":\"Tamsan Elektrik Motor San. ve Tic. Ltd. \\u015eti.\"},\"image\":{\"@id\":\"http:\/\/salterltd.com.tr\/#logo\"}},{\"@type\":\"WebSite\",\"@id\":\"http:\/\/salterltd.com.tr\/#website\",\"url\":\"http:\/\/salterltd.com.tr\/\",\"name\":\"Tamsan Elektrik Motor\",\"description\":\"\",\"publisher\":{\"@id\":\"http:\/\/salterltd.com.tr\/#organization\"},\"potentialAction\":[{\"@type\":\"SearchAction\",\"target\":\"http:\/\/salterltd.com.tr\/?s={search_term_string}\",\"query-input\":\"required name=search_term_string\"}],\"inLanguage\":\"tr\"},{\"@type\":\"ImageObject\",\"@id\":\"http:\/\/salterltd.com.tr\/index.php\/urunler\/pompalar\/dalgic-pompalar\/wc-pompasi-2\/#primaryimage\",\"inLanguage\":\"tr\",\"url\":\"http:\/\/salterltd.com.tr\/wp-content\/uploads\/2019\/03\/WC-Pompas\\u0131_1.jpg\",\"contentUrl\":\"http:\/\/salterltd.com.tr\/wp-content\/uploads\/2019\/03\/WC-Pompas\\u0131_1.jpg\",\"width\":720,\"height\":754},{\"@type\":\"WebPage\",\"@id\":\"http:\/\/salterltd.com.tr\/index.php\/urunler\/pompalar\/dalgic-pompalar\/wc-pompasi-2\/#webpage\",\"url\":\"http:\/\/salterltd.com.tr\/index.php\/urunler\/pompalar\/dalgic-pompalar\/wc-pompasi-2\/\",\"name\":\"WC Pompas\\u0131 - Salter\",\"isPartOf\":{\"@id\":\"http:\/\/salterltd.com.tr\/#website\"},\"primaryImageOfPage\":{\"@id\":\"http:\/\/salterltd.com.tr\/index.php\/urunler\/pompalar\/dalgic-pompalar\/wc-pompasi-2\/#primaryimage\"},\"datePublished\":\"2019-03-16T20:41:52+00:00\",\"dateModified\":\"2019-03-16T22:50:50+00:00\",\"breadcrumb\":{\"@id\":\"http:\/\/salterltd.com.tr\/index.php\/urunler\/pompalar\/dalgic-pompalar\/wc-pompasi-2\/#breadcrumb\"},\"inLanguage\":\"tr\",\"potentialAction\":[{\"@type\":\"ReadAction\",\"target\":[\"http:\/\/salterltd.com.tr\/index.php\/urunler\/pompalar\/dalgic-pompalar\/wc-pompasi-2\/\"]}]},{\"@type\":\"BreadcrumbList\",\"@id\":\"http:\/\/salterltd.com.tr\/index.php\/urunler\/pompalar\/dalgic-pompalar\/wc-pompasi-2\/#breadcrumb\",\"itemListElement\":[{\"@type\":\"ListItem\",\"position\":1,\"item\":{\"@type\":\"WebPage\",\"@id\":\"http:\/\/salterltd.com.tr\/\",\"url\":\"http:\/\/salterltd.com.tr\/\",\"name\":\"Ana sayfa\"}},{\"@type\":\"ListItem\",\"position\":2,\"item\":{\"@type\":\"WebPage\",\"@id\":\"http:\/\/salterltd.com.tr\/index.php\/urunler\/\",\"url\":\"http:\/\/salterltd.com.tr\/index.php\/urunler\/\",\"name\":\"\\u00dcr\\u00fcnler\"}},{\"@type\":\"ListItem\",\"position\":3,\"item\":{\"@type\":\"WebPage\",\"@id\":\"http:\/\/salterltd.com.tr\/index.php\/urunler\/pompalar\/\",\"url\":\"http:\/\/salterltd.com.tr\/index.php\/urunler\/pompalar\/\",\"name\":\"Pompalar\"}},{\"@type\":\"ListItem\",\"position\":4,\"item\":{\"@type\":\"WebPage\",\"@id\":\"http:\/\/salterltd.com.tr\/index.php\/urunler\/pompalar\/dalgic-pompalar\/\",\"url\":\"http:\/\/salterltd.com.tr\/index.php\/urunler\/pompalar\/dalgic-pompalar\/\",\"name\":\"Dalg\\u0131\\u00e7 Pompalar\"}},{\"@type\":\"ListItem\",\"position\":5,\"item\":{\"@id\":\"http:\/\/salterltd.com.tr\/index.php\/urunler\/pompalar\/dalgic-pompalar\/wc-pompasi-2\/#webpage\"}}]}]}<\/script>\n<!-- \/ Yoast SEO plugin. -->","_links":{"self":[{"href":"http:\/\/salterltd.com.tr\/index.php\/wp-json\/wp\/v2\/pages\/1297"}],"collection":[{"href":"http:\/\/salterltd.com.tr\/index.php\/wp-json\/wp\/v2\/pages"}],"about":[{"href":"http:\/\/salterltd.com.tr\/index.php\/wp-json\/wp\/v2\/types\/page"}],"author":[{"embeddable":true,"href":"http:\/\/salterltd.com.tr\/index.php\/wp-json\/wp\/v2\/users\/1"}],"replies":[{"embeddable":true,"href":"http:\/\/salterltd.com.tr\/index.php\/wp-json\/wp\/v2\/comments?post=1297"}],"version-history":[{"count":0,"href":"http:\/\/salterltd.com.tr\/index.php\/wp-json\/wp\/v2\/pages\/1297\/revisions"}],"up":[{"embeddable":true,"href":"http:\/\/salterltd.com.tr\/index.php\/wp-json\/wp\/v2\/pages\/792"}],"wp:attachment":[{"href":"http:\/\/salterltd.com.tr\/index.php\/wp-json\/wp\/v2\/media?parent=1297"}],"wp:term":[{"taxonomy":"wf_page_folders","embeddable":true,"href":"http:\/\/salterltd.com.tr\/index.php\/wp-json\/wp\/v2\/wf_page_folders?post=1297"}],"curies":[{"name":"wp","href":"https:\/\/api.w.org\/{rel}","templated":true}]}}