{"id":1417,"date":"2019-03-17T02:06:09","date_gmt":"2019-03-16T23:06:09","guid":{"rendered":"http:\/\/salterltd.com.tr\/?page_id=1417"},"modified":"2019-03-17T18:29:42","modified_gmt":"2019-03-17T15:29:42","slug":"lob-pompalar","status":"publish","type":"page","link":"http:\/\/salterltd.com.tr\/index.php\/urunler\/pompalar\/disli-pompalar\/lob-pompalar\/","title":{"rendered":"Lob Pompalar"},"content":{"rendered":"\t\t<div data-elementor-type=\"wp-post\" data-elementor-id=\"1417\" class=\"elementor elementor-1417\">\n\t\t\t\t\t\t<div class=\"elementor-inner\">\n\t\t\t\t<div class=\"elementor-section-wrap\">\n\t\t\t\t\t\t\t\t\t<section class=\"elementor-section elementor-top-section elementor-element elementor-element-d97a8ce elementor-section-boxed elementor-section-height-default elementor-section-height-default\" data-id=\"d97a8ce\" data-element_type=\"section\">\n\t\t\t\t\t\t<div class=\"elementor-container elementor-column-gap-default\">\n\t\t\t\t\t\t\t<div class=\"elementor-row\">\n\t\t\t\t\t<div class=\"elementor-column elementor-col-50 elementor-top-column elementor-element elementor-element-99adeff\" data-id=\"99adeff\" data-element_type=\"column\">\n\t\t\t<div class=\"elementor-column-wrap elementor-element-populated\">\n\t\t\t\t\t\t\t<div class=\"elementor-widget-wrap\">\n\t\t\t\t\t\t<div class=\"elementor-element elementor-element-4ed7266 elementor-widget elementor-widget-image\" data-id=\"4ed7266\" data-element_type=\"widget\" data-widget_type=\"image.default\">\n\t\t\t\t<div class=\"elementor-widget-container\">\n\t\t\t\t\t\t\t\t<div class=\"elementor-image\">\n\t\t\t\t\t\t\t\t\t\t\t\t<img width=\"810\" height=\"466\" src=\"http:\/\/salterltd.com.tr\/wp-content\/uploads\/2019\/03\/ylp4-100-kesit-1024x589.jpg\" class=\"attachment-large size-large\" alt=\"\" loading=\"lazy\" srcset=\"http:\/\/salterltd.com.tr\/wp-content\/uploads\/2019\/03\/ylp4-100-kesit-1024x589.jpg 1024w, http:\/\/salterltd.com.tr\/wp-content\/uploads\/2019\/03\/ylp4-100-kesit-300x173.jpg 300w, http:\/\/salterltd.com.tr\/wp-content\/uploads\/2019\/03\/ylp4-100-kesit-768x442.jpg 768w, http:\/\/salterltd.com.tr\/wp-content\/uploads\/2019\/03\/ylp4-100-kesit-600x345.jpg 600w, http:\/\/salterltd.com.tr\/wp-content\/uploads\/2019\/03\/ylp4-100-kesit.jpg 1138w\" sizes=\"(max-width: 810px) 100vw, 810px\" \/>\t\t\t\t\t\t\t\t\t\t\t\t\t\t<\/div>\n\t\t\t\t\t\t<\/div>\n\t\t\t\t<\/div>\n\t\t\t\t<div class=\"elementor-element elementor-element-6c76b5e elementor-widget elementor-widget-image-gallery\" data-id=\"6c76b5e\" data-element_type=\"widget\" data-widget_type=\"image-gallery.default\">\n\t\t\t\t<div class=\"elementor-widget-container\">\n\t\t\t\t\t<div class=\"elementor-image-gallery\">\n\t\t\t<div id='gallery-1' class='gallery galleryid-1417 gallery-columns-4 gallery-size-thumbnail'><figure class='gallery-item'>\n\t\t\t<div class='gallery-icon landscape'>\n\t\t\t\t<a data-elementor-open-lightbox=\"yes\" data-elementor-lightbox-slideshow=\"6c76b5e\" data-elementor-lightbox-title=\"ylp4-CEKETL\u0130\" e-action-hash=\"#elementor-action%3Aaction%3Dlightbox%26settings%3DeyJpZCI6MTQ0NiwidXJsIjoiaHR0cDpcL1wvc2FsdGVybHRkLmNvbS50clwvd3AtY29udGVudFwvdXBsb2Fkc1wvMjAxOVwvMDNcL3lscDQtQ0VLRVRMXHUwMTMwLmpwZyIsInNsaWRlc2hvdyI6IjZjNzZiNWUifQ%3D%3D\" href='http:\/\/salterltd.com.tr\/wp-content\/uploads\/2019\/03\/ylp4-CEKETL\u0130.jpg'><img width=\"150\" height=\"150\" src=\"http:\/\/salterltd.com.tr\/wp-content\/uploads\/2019\/03\/ylp4-CEKETL\u0130-150x150.jpg\" class=\"attachment-thumbnail size-thumbnail\" alt=\"\" loading=\"lazy\" srcset=\"http:\/\/salterltd.com.tr\/wp-content\/uploads\/2019\/03\/ylp4-CEKETL\u0130-150x150.jpg 150w, http:\/\/salterltd.com.tr\/wp-content\/uploads\/2019\/03\/ylp4-CEKETL\u0130-300x300.jpg 300w, http:\/\/salterltd.com.tr\/wp-content\/uploads\/2019\/03\/ylp4-CEKETL\u0130-100x100.jpg 100w\" sizes=\"(max-width: 150px) 100vw, 150px\" \/><\/a>\n\t\t\t<\/div><\/figure><figure class='gallery-item'>\n\t\t\t<div class='gallery-icon landscape'>\n\t\t\t\t<a data-elementor-open-lightbox=\"yes\" data-elementor-lightbox-slideshow=\"6c76b5e\" data-elementor-lightbox-title=\"YLP4-RED-AKUPLEL\u0130\" e-action-hash=\"#elementor-action%3Aaction%3Dlightbox%26settings%3DeyJpZCI6MTQ0NywidXJsIjoiaHR0cDpcL1wvc2FsdGVybHRkLmNvbS50clwvd3AtY29udGVudFwvdXBsb2Fkc1wvMjAxOVwvMDNcL1lMUDQtUkVELUFLVVBMRUxcdTAxMzAuanBnIiwic2xpZGVzaG93IjoiNmM3NmI1ZSJ9\" href='http:\/\/salterltd.com.tr\/wp-content\/uploads\/2019\/03\/YLP4-RED-AKUPLEL\u0130.jpg'><img width=\"150\" height=\"150\" src=\"http:\/\/salterltd.com.tr\/wp-content\/uploads\/2019\/03\/YLP4-RED-AKUPLEL\u0130-150x150.jpg\" class=\"attachment-thumbnail size-thumbnail\" alt=\"\" loading=\"lazy\" srcset=\"http:\/\/salterltd.com.tr\/wp-content\/uploads\/2019\/03\/YLP4-RED-AKUPLEL\u0130-150x150.jpg 150w, http:\/\/salterltd.com.tr\/wp-content\/uploads\/2019\/03\/YLP4-RED-AKUPLEL\u0130-300x300.jpg 300w, http:\/\/salterltd.com.tr\/wp-content\/uploads\/2019\/03\/YLP4-RED-AKUPLEL\u0130-100x100.jpg 100w\" sizes=\"(max-width: 150px) 100vw, 150px\" \/><\/a>\n\t\t\t<\/div><\/figure><figure class='gallery-item'>\n\t\t\t<div class='gallery-icon landscape'>\n\t\t\t\t<a data-elementor-open-lightbox=\"yes\" data-elementor-lightbox-slideshow=\"6c76b5e\" data-elementor-lightbox-title=\"ylp2-REKOR\" e-action-hash=\"#elementor-action%3Aaction%3Dlightbox%26settings%3DeyJpZCI6MTQ0NCwidXJsIjoiaHR0cDpcL1wvc2FsdGVybHRkLmNvbS50clwvd3AtY29udGVudFwvdXBsb2Fkc1wvMjAxOVwvMDNcL3lscDItUkVLT1IuanBnIiwic2xpZGVzaG93IjoiNmM3NmI1ZSJ9\" href='http:\/\/salterltd.com.tr\/wp-content\/uploads\/2019\/03\/ylp2-REKOR.jpg'><img width=\"150\" height=\"150\" src=\"http:\/\/salterltd.com.tr\/wp-content\/uploads\/2019\/03\/ylp2-REKOR-150x150.jpg\" class=\"attachment-thumbnail size-thumbnail\" alt=\"\" loading=\"lazy\" srcset=\"http:\/\/salterltd.com.tr\/wp-content\/uploads\/2019\/03\/ylp2-REKOR-150x150.jpg 150w, http:\/\/salterltd.com.tr\/wp-content\/uploads\/2019\/03\/ylp2-REKOR-300x300.jpg 300w, http:\/\/salterltd.com.tr\/wp-content\/uploads\/2019\/03\/ylp2-REKOR-100x100.jpg 100w\" sizes=\"(max-width: 150px) 100vw, 150px\" \/><\/a>\n\t\t\t<\/div><\/figure><figure class='gallery-item'>\n\t\t\t<div class='gallery-icon landscape'>\n\t\t\t\t<a data-elementor-open-lightbox=\"yes\" data-elementor-lightbox-slideshow=\"6c76b5e\" data-elementor-lightbox-title=\"YLPY2-RED-AKUPLEL\u0130\" e-action-hash=\"#elementor-action%3Aaction%3Dlightbox%26settings%3DeyJpZCI6MTQ0OSwidXJsIjoiaHR0cDpcL1wvc2FsdGVybHRkLmNvbS50clwvd3AtY29udGVudFwvdXBsb2Fkc1wvMjAxOVwvMDNcL1lMUFkyLVJFRC1BS1VQTEVMXHUwMTMwLmpwZyIsInNsaWRlc2hvdyI6IjZjNzZiNWUifQ%3D%3D\" href='http:\/\/salterltd.com.tr\/wp-content\/uploads\/2019\/03\/YLPY2-RED-AKUPLEL\u0130.jpg'><img width=\"150\" height=\"150\" src=\"http:\/\/salterltd.com.tr\/wp-content\/uploads\/2019\/03\/YLPY2-RED-AKUPLEL\u0130-150x150.jpg\" class=\"attachment-thumbnail size-thumbnail\" alt=\"\" loading=\"lazy\" srcset=\"http:\/\/salterltd.com.tr\/wp-content\/uploads\/2019\/03\/YLPY2-RED-AKUPLEL\u0130-150x150.jpg 150w, http:\/\/salterltd.com.tr\/wp-content\/uploads\/2019\/03\/YLPY2-RED-AKUPLEL\u0130-300x300.jpg 300w, http:\/\/salterltd.com.tr\/wp-content\/uploads\/2019\/03\/YLPY2-RED-AKUPLEL\u0130-100x100.jpg 100w\" sizes=\"(max-width: 150px) 100vw, 150px\" \/><\/a>\n\t\t\t<\/div><\/figure><figure class='gallery-item'>\n\t\t\t<div class='gallery-icon landscape'>\n\t\t\t\t<a data-elementor-open-lightbox=\"yes\" data-elementor-lightbox-slideshow=\"6c76b5e\" data-elementor-lightbox-title=\"ylp2-lob-pompa-kapak-acik-\" e-action-hash=\"#elementor-action%3Aaction%3Dlightbox%26settings%3DeyJpZCI6MTQ0MywidXJsIjoiaHR0cDpcL1wvc2FsdGVybHRkLmNvbS50clwvd3AtY29udGVudFwvdXBsb2Fkc1wvMjAxOVwvMDNcL3lscDItbG9iLXBvbXBhLWthcGFrLWFjaWstLmpwZyIsInNsaWRlc2hvdyI6IjZjNzZiNWUifQ%3D%3D\" href='http:\/\/salterltd.com.tr\/wp-content\/uploads\/2019\/03\/ylp2-lob-pompa-kapak-acik-.jpg'><img width=\"150\" height=\"150\" src=\"http:\/\/salterltd.com.tr\/wp-content\/uploads\/2019\/03\/ylp2-lob-pompa-kapak-acik--150x150.jpg\" class=\"attachment-thumbnail size-thumbnail\" alt=\"\" loading=\"lazy\" srcset=\"http:\/\/salterltd.com.tr\/wp-content\/uploads\/2019\/03\/ylp2-lob-pompa-kapak-acik--150x150.jpg 150w, http:\/\/salterltd.com.tr\/wp-content\/uploads\/2019\/03\/ylp2-lob-pompa-kapak-acik--300x300.jpg 300w, http:\/\/salterltd.com.tr\/wp-content\/uploads\/2019\/03\/ylp2-lob-pompa-kapak-acik--100x100.jpg 100w\" sizes=\"(max-width: 150px) 100vw, 150px\" \/><\/a>\n\t\t\t<\/div><\/figure>\n\t\t<\/div>\n\t\t<\/div>\n\t\t\t\t<\/div>\n\t\t\t\t<\/div>\n\t\t\t\t\t\t<\/div>\n\t\t\t\t\t<\/div>\n\t\t<\/div>\n\t\t\t\t<div class=\"elementor-column elementor-col-50 elementor-top-column elementor-element elementor-element-765205b\" data-id=\"765205b\" data-element_type=\"column\">\n\t\t\t<div class=\"elementor-column-wrap elementor-element-populated\">\n\t\t\t\t\t\t\t<div class=\"elementor-widget-wrap\">\n\t\t\t\t\t\t<div class=\"elementor-element elementor-element-b2ffde0 elementor-widget elementor-widget-heading\" data-id=\"b2ffde0\" data-element_type=\"widget\" data-widget_type=\"heading.default\">\n\t\t\t\t<div class=\"elementor-widget-container\">\n\t\t\t<h3 class=\"elementor-heading-title elementor-size-default\"><p>Lob Pompalar, Zamanlama Di\u015flileri taraf\u0131ndan tahrik edilmektedir. S\u00f6z\n konusu Zamanlama Di\u015flileri sayesinde, paralel miller \u00fczerinde bulunan \nve tamamen paslanmaz \u00e7elikten imal edilen G\u00f6vde\u2019nin i\u00e7erisinde birbirine\n veya g\u00f6vde ile lob aras\u0131nda temas etmeden d\u00f6nmesini sa\u011flamaktad\u0131r. \nPompan\u0131n tahriki ise red\u00fckt\u00f6rden al\u0131nan d\u00f6nme hareketi, d\u00f6nd\u00fcren \nzamanlama di\u015flisinden d\u00f6nd\u00fcr\u00fclen zamanlama di\u015flisine ters y\u00f6nde \naktararak sa\u011flanmaktad\u0131r.<\/p>\n<p>Lob Pompalar\u0131n hijyenik malzeme ve tasar\u0131m\u0131ndan dolay\u0131 g\u00fcvenilirlik \nsa\u011flayabilir, s\u0131v\u0131n\u0131n yap\u0131s\u0131n\u0131 bozmadan transfer edebilir ve s\u0131v\u0131n\u0131n \nviskozitesine ba\u011fl\u0131 olmak \u00fczere, 12 Bar\u2019a kadar bas\u0131n\u00e7 elde \nedebilmektedir.<\/p><\/h3>\t\t<\/div>\n\t\t\t\t<\/div>\n\t\t\t\t<div class=\"elementor-element elementor-element-d91a1cd elementor-widget elementor-widget-image\" data-id=\"d91a1cd\" data-element_type=\"widget\" data-widget_type=\"image.default\">\n\t\t\t\t<div class=\"elementor-widget-container\">\n\t\t\t\t\t\t\t\t<div class=\"elementor-image\">\n\t\t\t\t\t\t\t\t\t\t\t\t<img width=\"324\" height=\"340\" src=\"http:\/\/salterltd.com.tr\/wp-content\/uploads\/2019\/03\/Lob-Pompa-tablo.png\" class=\"attachment-large size-large\" alt=\"\" loading=\"lazy\" srcset=\"http:\/\/salterltd.com.tr\/wp-content\/uploads\/2019\/03\/Lob-Pompa-tablo.png 324w, http:\/\/salterltd.com.tr\/wp-content\/uploads\/2019\/03\/Lob-Pompa-tablo-286x300.png 286w\" sizes=\"(max-width: 324px) 100vw, 324px\" \/>\t\t\t\t\t\t\t\t\t\t\t\t\t\t<\/div>\n\t\t\t\t\t\t<\/div>\n\t\t\t\t<\/div>\n\t\t\t\t\t\t<\/div>\n\t\t\t\t\t<\/div>\n\t\t<\/div>\n\t\t\t\t\t\t\t\t<\/div>\n\t\t\t\t\t<\/div>\n\t\t<\/section>\n\t\t\t\t<section class=\"elementor-section elementor-top-section elementor-element elementor-element-23c759e elementor-section-boxed elementor-section-height-default elementor-section-height-default\" data-id=\"23c759e\" data-element_type=\"section\">\n\t\t\t\t\t\t<div class=\"elementor-container elementor-column-gap-default\">\n\t\t\t\t\t\t\t<div class=\"elementor-row\">\n\t\t\t\t\t<div class=\"elementor-column elementor-col-50 elementor-top-column elementor-element elementor-element-fd1d4f9\" data-id=\"fd1d4f9\" data-element_type=\"column\">\n\t\t\t<div class=\"elementor-column-wrap elementor-element-populated\">\n\t\t\t\t\t\t\t<div class=\"elementor-widget-wrap\">\n\t\t\t\t\t\t<div class=\"elementor-element elementor-element-b130f49 elementor-widget elementor-widget-spacer\" data-id=\"b130f49\" data-element_type=\"widget\" data-widget_type=\"spacer.default\">\n\t\t\t\t<div class=\"elementor-widget-container\">\n\t\t\t\t\t<div class=\"elementor-spacer\">\n\t\t\t<div class=\"elementor-spacer-inner\"><\/div>\n\t\t<\/div>\n\t\t\t\t<\/div>\n\t\t\t\t<\/div>\n\t\t\t\t<div class=\"elementor-element elementor-element-037dde0 elementor-widget elementor-widget-heading\" data-id=\"037dde0\" data-element_type=\"widget\" data-widget_type=\"heading.default\">\n\t\t\t\t<div class=\"elementor-widget-container\">\n\t\t\t<h2 class=\"elementor-heading-title elementor-size-default\">KULLANIM ALANLARI<\/h2>\t\t<\/div>\n\t\t\t\t<\/div>\n\t\t\t\t<div class=\"elementor-element elementor-element-e680304 elementor-widget elementor-widget-heading\" data-id=\"e680304\" data-element_type=\"widget\" data-widget_type=\"heading.default\">\n\t\t\t\t<div class=\"elementor-widget-container\">\n\t\t\t<h2 class=\"elementor-heading-title elementor-size-default\"><div class=\"wpb_text_column wpb_content_element \">\n\t\t<div class=\"wpb_wrapper\">\n\t\t\t<ul><li>G\u0131da Sanayinde (\u00c7ikolata, \u015eeker \u015eurubu, Krema, Melas\u2026)<\/li><li>Kimya Sanayinde (\u0130la\u00e7, Deterjan, Sabun, Kozmetik kremler\u2026)<\/li><li>Boya Sanayinde<\/li><li>Ka\u011f\u0131t Sanayinde<\/li><li>Jeller, Gres\u2026<\/li><\/ul>\n\n\t\t<\/div>\n\t<\/div><\/h2>\t\t<\/div>\n\t\t\t\t<\/div>\n\t\t\t\t\t\t<\/div>\n\t\t\t\t\t<\/div>\n\t\t<\/div>\n\t\t\t\t<div class=\"elementor-column elementor-col-50 elementor-top-column elementor-element elementor-element-0c51aba\" data-id=\"0c51aba\" data-element_type=\"column\">\n\t\t\t<div class=\"elementor-column-wrap elementor-element-populated\">\n\t\t\t\t\t\t\t<div class=\"elementor-widget-wrap\">\n\t\t\t\t\t\t<div class=\"elementor-element elementor-element-c19d542 elementor-widget elementor-widget-spacer\" data-id=\"c19d542\" data-element_type=\"widget\" data-widget_type=\"spacer.default\">\n\t\t\t\t<div class=\"elementor-widget-container\">\n\t\t\t\t\t<div class=\"elementor-spacer\">\n\t\t\t<div class=\"elementor-spacer-inner\"><\/div>\n\t\t<\/div>\n\t\t\t\t<\/div>\n\t\t\t\t<\/div>\n\t\t\t\t<div class=\"elementor-element elementor-element-0bd35e0 elementor-widget elementor-widget-heading\" data-id=\"0bd35e0\" data-element_type=\"widget\" data-widget_type=\"heading.default\">\n\t\t\t\t<div class=\"elementor-widget-container\">\n\t\t\t<h2 class=\"elementor-heading-title elementor-size-default\">MALZEME SE\u00c7ENEKLER\u0130<\/h2>\t\t<\/div>\n\t\t\t\t<\/div>\n\t\t\t\t<div class=\"elementor-element elementor-element-4a1a60a elementor-widget elementor-widget-heading\" data-id=\"4a1a60a\" data-element_type=\"widget\" data-widget_type=\"heading.default\">\n\t\t\t\t<div class=\"elementor-widget-container\">\n\t\t\t<h2 class=\"elementor-heading-title elementor-size-default\"><div class=\"wpb_text_column wpb_content_element \">\n\t\t<div class=\"wpb_wrapper\">\n\t\t\t<ul><li><strong>Pompa G\u00f6vdesi ve Kapak :<\/strong> Pik.<\/li><li><strong>Lob Yuvas\u0131 ve loblar :<\/strong> \u00c7elik d\u00f6k\u00fcm, paslanmaz AISI 304 \/ 316 d\u00f6k\u00fcm<\/li><li><strong>Yataklar :<\/strong> Rulman<\/li><li><strong>S\u0131zd\u0131rmazl\u0131k :<\/strong> Mekanik salmastra, ke\u00e7e<\/li><\/ul>\n\n\t\t<\/div>\n\t<\/div><\/h2>\t\t<\/div>\n\t\t\t\t<\/div>\n\t\t\t\t\t\t<\/div>\n\t\t\t\t\t<\/div>\n\t\t<\/div>\n\t\t\t\t\t\t\t\t<\/div>\n\t\t\t\t\t<\/div>\n\t\t<\/section>\n\t\t\t\t<section class=\"elementor-section elementor-top-section elementor-element elementor-element-008a2c3 elementor-section-boxed elementor-section-height-default elementor-section-height-default\" data-id=\"008a2c3\" data-element_type=\"section\">\n\t\t\t\t\t\t<div class=\"elementor-container elementor-column-gap-default\">\n\t\t\t\t\t\t\t<div class=\"elementor-row\">\n\t\t\t\t\t<div class=\"elementor-column elementor-col-100 elementor-top-column elementor-element elementor-element-eb3608f\" data-id=\"eb3608f\" data-element_type=\"column\">\n\t\t\t<div class=\"elementor-column-wrap elementor-element-populated\">\n\t\t\t\t\t\t\t<div class=\"elementor-widget-wrap\">\n\t\t\t\t\t\t<div class=\"elementor-element elementor-element-0171550 elementor-widget elementor-widget-heading\" data-id=\"0171550\" data-element_type=\"widget\" data-widget_type=\"heading.default\">\n\t\t\t\t<div class=\"elementor-widget-container\">\n\t\t\t<h2 class=\"elementor-heading-title elementor-size-default\">\u00c7ALI\u015eMA PRENS\u0130B\u0130<\/h2>\t\t<\/div>\n\t\t\t\t<\/div>\n\t\t\t\t\t\t<\/div>\n\t\t\t\t\t<\/div>\n\t\t<\/div>\n\t\t\t\t\t\t\t\t<\/div>\n\t\t\t\t\t<\/div>\n\t\t<\/section>\n\t\t\t\t<section class=\"elementor-section elementor-top-section elementor-element elementor-element-eb29d27 elementor-section-boxed elementor-section-height-default elementor-section-height-default\" data-id=\"eb29d27\" data-element_type=\"section\">\n\t\t\t\t\t\t<div class=\"elementor-container elementor-column-gap-default\">\n\t\t\t\t\t\t\t<div class=\"elementor-row\">\n\t\t\t\t\t<div class=\"elementor-column elementor-col-50 elementor-top-column elementor-element elementor-element-1f6f3d9\" data-id=\"1f6f3d9\" data-element_type=\"column\">\n\t\t\t<div class=\"elementor-column-wrap elementor-element-populated\">\n\t\t\t\t\t\t\t<div class=\"elementor-widget-wrap\">\n\t\t\t\t\t\t<div class=\"elementor-element elementor-element-9420baa elementor-widget elementor-widget-image\" data-id=\"9420baa\" data-element_type=\"widget\" data-widget_type=\"image.default\">\n\t\t\t\t<div class=\"elementor-widget-container\">\n\t\t\t\t\t\t\t\t<div class=\"elementor-image\">\n\t\t\t\t\t\t\t\t\t\t\t\t<img width=\"92\" height=\"300\" src=\"http:\/\/salterltd.com.tr\/wp-content\/uploads\/2019\/03\/lop-pompa-akis-313x1024-92x300.jpg\" class=\"attachment-medium size-medium\" alt=\"\" loading=\"lazy\" srcset=\"http:\/\/salterltd.com.tr\/wp-content\/uploads\/2019\/03\/lop-pompa-akis-313x1024-92x300.jpg 92w, http:\/\/salterltd.com.tr\/wp-content\/uploads\/2019\/03\/lop-pompa-akis-313x1024.jpg 313w\" sizes=\"(max-width: 92px) 100vw, 92px\" \/>\t\t\t\t\t\t\t\t\t\t\t\t\t\t<\/div>\n\t\t\t\t\t\t<\/div>\n\t\t\t\t<\/div>\n\t\t\t\t\t\t<\/div>\n\t\t\t\t\t<\/div>\n\t\t<\/div>\n\t\t\t\t<div class=\"elementor-column elementor-col-50 elementor-top-column elementor-element elementor-element-3645cdc\" data-id=\"3645cdc\" data-element_type=\"column\">\n\t\t\t<div class=\"elementor-column-wrap elementor-element-populated\">\n\t\t\t\t\t\t\t<div class=\"elementor-widget-wrap\">\n\t\t\t\t\t\t<div class=\"elementor-element elementor-element-f04ee85 elementor-widget elementor-widget-heading\" data-id=\"f04ee85\" data-element_type=\"widget\" data-widget_type=\"heading.default\">\n\t\t\t\t<div class=\"elementor-widget-container\">\n\t\t\t<h2 class=\"elementor-heading-title elementor-size-default\"><p>Yandaki renkli k\u0131s\u0131m s\u0131v\u0131n\u0131n pompa g\u00f6vdesindeki emi\u015f a\u011fz\u0131 alan\u0131na, \n\u00e7eviren ve \u00e7evrilen d\u0131\u015f di\u015flilerin sayesinde lob bo\u015fluklar\u0131 alan\u0131na \ngiri\u015fini g\u00f6sterir.&nbsp; Siyah oklar pompan\u0131n d\u00f6n\u00fc\u015f ve s\u0131v\u0131n\u0131n ilerleyi\u015fini \ng\u00f6sterir.<\/p>\n<p>&nbsp;<\/p>\n<p>G\u00f6r\u00fcld\u00fc\u011f\u00fc gibi ak\u0131\u015fkan ta\u015f\u0131nmas\u0131 loblar ile loblar\u0131 i\u00e7inde bar\u0131nd\u0131ran\n g\u00f6vde aras\u0131nda olmaktad\u0131r. Ak\u0131\u015fkan loblar aras\u0131ndan ge\u00e7memektedir.<\/p>\n<p>&nbsp;<\/p>\n<p>Lob ve lob g\u00f6vdesi aras\u0131ndaki bo\u015fluklar\u0131n s\u0131v\u0131 i\u00e7in nas\u0131l bir kapal\u0131 \ncep olu\u015fturdu\u011funu g\u00f6rebiliyoruz. Bu g\u00f6r\u00fcnt\u00fc pompan\u0131n tamamen dolup \nta\u015ft\u0131\u011f\u0131 durumu ve s\u0131v\u0131n\u0131n bo\u015faltma i\u015flemini, bo\u015faltma a\u011fz\u0131ndan \nilerleyi\u015fini g\u00f6stermektedir. Sonunda loblar\u0131n g\u00fcc\u00fc ile ak\u0131\u015fkan bas\u0131n\u00e7 \nalt\u0131nda \u00e7\u0131k\u0131\u015f a\u011fz\u0131na iletilir.<\/p><\/h2>\t\t<\/div>\n\t\t\t\t<\/div>\n\t\t\t\t\t\t<\/div>\n\t\t\t\t\t<\/div>\n\t\t<\/div>\n\t\t\t\t\t\t\t\t<\/div>\n\t\t\t\t\t<\/div>\n\t\t<\/section>\n\t\t\t\t\t\t\t\t\t<\/div>\n\t\t\t<\/div>\n\t\t\t\t\t<\/div>\n\t\t","protected":false},"excerpt":{"rendered":"<p>Lob Pompalar, Zamanlama Di\u015flileri taraf\u0131ndan tahrik edilmektedir. S\u00f6z konusu Zamanlama Di\u015flileri sayesinde, paralel miller \u00fczerinde bulunan ve tamamen paslanmaz \u00e7elikten imal edilen G\u00f6vde\u2019nin i\u00e7erisinde birbirine veya g\u00f6vde ile lob aras\u0131nda temas etmeden d\u00f6nmesini sa\u011flamaktad\u0131r. Pompan\u0131n tahriki ise red\u00fckt\u00f6rden al\u0131nan d\u00f6nme hareketi, d\u00f6nd\u00fcren zamanlama di\u015flisinden d\u00f6nd\u00fcr\u00fclen zamanlama di\u015flisine ters y\u00f6nde aktararak sa\u011flanmaktad\u0131r. Lob Pompalar\u0131n hijyenik malzeme [&hellip;]<\/p>\n","protected":false},"author":1,"featured_media":0,"parent":794,"menu_order":0,"comment_status":"closed","ping_status":"closed","template":"","meta":[],"wf_page_folders":[],"yoast_head":"<!-- This site is optimized with the Yoast SEO plugin v16.2 - https:\/\/yoast.com\/wordpress\/plugins\/seo\/ -->\n<title>Lob Pompalar - Salter<\/title>\n<meta name=\"robots\" content=\"index, follow, max-snippet:-1, max-image-preview:large, max-video-preview:-1\" \/>\n<link rel=\"canonical\" href=\"http:\/\/salterltd.com.tr\/index.php\/urunler\/pompalar\/disli-pompalar\/lob-pompalar\/\" \/>\n<meta property=\"og:locale\" content=\"tr_TR\" \/>\n<meta property=\"og:type\" content=\"article\" \/>\n<meta property=\"og:title\" content=\"Lob Pompalar - Salter\" \/>\n<meta property=\"og:description\" content=\"Lob Pompalar, Zamanlama Di\u015flileri taraf\u0131ndan tahrik edilmektedir. S\u00f6z konusu Zamanlama Di\u015flileri sayesinde, paralel miller \u00fczerinde bulunan ve tamamen paslanmaz \u00e7elikten imal edilen G\u00f6vde\u2019nin i\u00e7erisinde birbirine veya g\u00f6vde ile lob aras\u0131nda temas etmeden d\u00f6nmesini sa\u011flamaktad\u0131r. Pompan\u0131n tahriki ise red\u00fckt\u00f6rden al\u0131nan d\u00f6nme hareketi, d\u00f6nd\u00fcren zamanlama di\u015flisinden d\u00f6nd\u00fcr\u00fclen zamanlama di\u015flisine ters y\u00f6nde aktararak sa\u011flanmaktad\u0131r. Lob Pompalar\u0131n hijyenik malzeme [&hellip;]\" \/>\n<meta property=\"og:url\" content=\"http:\/\/salterltd.com.tr\/index.php\/urunler\/pompalar\/disli-pompalar\/lob-pompalar\/\" \/>\n<meta property=\"og:site_name\" content=\"Salter\" \/>\n<meta property=\"article:modified_time\" content=\"2019-03-17T15:29:42+00:00\" \/>\n<meta property=\"og:image\" content=\"http:\/\/salterltd.com.tr\/wp-content\/uploads\/2019\/03\/ylp4-100-kesit-1024x589.jpg\" \/>\n<meta name=\"twitter:card\" content=\"summary_large_image\" \/>\n<meta name=\"twitter:label1\" content=\"Tahmini okuma s\u00fcresi\">\n\t<meta name=\"twitter:data1\" content=\"2 dakika\">\n<script type=\"application\/ld+json\" class=\"yoast-schema-graph\">{\"@context\":\"https:\/\/schema.org\",\"@graph\":[{\"@type\":\"Organization\",\"@id\":\"http:\/\/salterltd.com.tr\/#organization\",\"name\":\"Tamsan Elektrik Motor San. ve Tic. Ltd. \\u015eti.\",\"url\":\"http:\/\/salterltd.com.tr\/\",\"sameAs\":[],\"logo\":{\"@type\":\"ImageObject\",\"@id\":\"http:\/\/salterltd.com.tr\/#logo\",\"inLanguage\":\"tr\",\"url\":\"http:\/\/salterltd.com.tr\/wp-content\/uploads\/2019\/11\/TAMSAN-logo.jpg\",\"contentUrl\":\"http:\/\/salterltd.com.tr\/wp-content\/uploads\/2019\/11\/TAMSAN-logo.jpg\",\"width\":1388,\"height\":292,\"caption\":\"Tamsan Elektrik Motor San. ve Tic. Ltd. \\u015eti.\"},\"image\":{\"@id\":\"http:\/\/salterltd.com.tr\/#logo\"}},{\"@type\":\"WebSite\",\"@id\":\"http:\/\/salterltd.com.tr\/#website\",\"url\":\"http:\/\/salterltd.com.tr\/\",\"name\":\"Tamsan Elektrik Motor\",\"description\":\"\",\"publisher\":{\"@id\":\"http:\/\/salterltd.com.tr\/#organization\"},\"potentialAction\":[{\"@type\":\"SearchAction\",\"target\":\"http:\/\/salterltd.com.tr\/?s={search_term_string}\",\"query-input\":\"required name=search_term_string\"}],\"inLanguage\":\"tr\"},{\"@type\":\"ImageObject\",\"@id\":\"http:\/\/salterltd.com.tr\/index.php\/urunler\/pompalar\/disli-pompalar\/lob-pompalar\/#primaryimage\",\"inLanguage\":\"tr\",\"url\":\"http:\/\/salterltd.com.tr\/wp-content\/uploads\/2019\/03\/ylp4-100-kesit.jpg\",\"contentUrl\":\"http:\/\/salterltd.com.tr\/wp-content\/uploads\/2019\/03\/ylp4-100-kesit.jpg\",\"width\":1138,\"height\":655},{\"@type\":\"WebPage\",\"@id\":\"http:\/\/salterltd.com.tr\/index.php\/urunler\/pompalar\/disli-pompalar\/lob-pompalar\/#webpage\",\"url\":\"http:\/\/salterltd.com.tr\/index.php\/urunler\/pompalar\/disli-pompalar\/lob-pompalar\/\",\"name\":\"Lob Pompalar - Salter\",\"isPartOf\":{\"@id\":\"http:\/\/salterltd.com.tr\/#website\"},\"primaryImageOfPage\":{\"@id\":\"http:\/\/salterltd.com.tr\/index.php\/urunler\/pompalar\/disli-pompalar\/lob-pompalar\/#primaryimage\"},\"datePublished\":\"2019-03-16T23:06:09+00:00\",\"dateModified\":\"2019-03-17T15:29:42+00:00\",\"breadcrumb\":{\"@id\":\"http:\/\/salterltd.com.tr\/index.php\/urunler\/pompalar\/disli-pompalar\/lob-pompalar\/#breadcrumb\"},\"inLanguage\":\"tr\",\"potentialAction\":[{\"@type\":\"ReadAction\",\"target\":[\"http:\/\/salterltd.com.tr\/index.php\/urunler\/pompalar\/disli-pompalar\/lob-pompalar\/\"]}]},{\"@type\":\"BreadcrumbList\",\"@id\":\"http:\/\/salterltd.com.tr\/index.php\/urunler\/pompalar\/disli-pompalar\/lob-pompalar\/#breadcrumb\",\"itemListElement\":[{\"@type\":\"ListItem\",\"position\":1,\"item\":{\"@type\":\"WebPage\",\"@id\":\"http:\/\/salterltd.com.tr\/\",\"url\":\"http:\/\/salterltd.com.tr\/\",\"name\":\"Ana sayfa\"}},{\"@type\":\"ListItem\",\"position\":2,\"item\":{\"@type\":\"WebPage\",\"@id\":\"https:\/\/salterltd.com.tr\/index.php\/urunler\/\",\"url\":\"https:\/\/salterltd.com.tr\/index.php\/urunler\/\",\"name\":\"\\u00dcr\\u00fcnler\"}},{\"@type\":\"ListItem\",\"position\":3,\"item\":{\"@type\":\"WebPage\",\"@id\":\"http:\/\/salterltd.com.tr\/index.php\/urunler\/pompalar\/\",\"url\":\"http:\/\/salterltd.com.tr\/index.php\/urunler\/pompalar\/\",\"name\":\"Pompalar\"}},{\"@type\":\"ListItem\",\"position\":4,\"item\":{\"@type\":\"WebPage\",\"@id\":\"http:\/\/salterltd.com.tr\/index.php\/urunler\/pompalar\/disli-pompalar\/\",\"url\":\"http:\/\/salterltd.com.tr\/index.php\/urunler\/pompalar\/disli-pompalar\/\",\"name\":\"Di\\u015fli Pompalar\"}},{\"@type\":\"ListItem\",\"position\":5,\"item\":{\"@id\":\"http:\/\/salterltd.com.tr\/index.php\/urunler\/pompalar\/disli-pompalar\/lob-pompalar\/#webpage\"}}]}]}<\/script>\n<!-- \/ Yoast SEO plugin. -->","_links":{"self":[{"href":"http:\/\/salterltd.com.tr\/index.php\/wp-json\/wp\/v2\/pages\/1417"}],"collection":[{"href":"http:\/\/salterltd.com.tr\/index.php\/wp-json\/wp\/v2\/pages"}],"about":[{"href":"http:\/\/salterltd.com.tr\/index.php\/wp-json\/wp\/v2\/types\/page"}],"author":[{"embeddable":true,"href":"http:\/\/salterltd.com.tr\/index.php\/wp-json\/wp\/v2\/users\/1"}],"replies":[{"embeddable":true,"href":"http:\/\/salterltd.com.tr\/index.php\/wp-json\/wp\/v2\/comments?post=1417"}],"version-history":[{"count":0,"href":"http:\/\/salterltd.com.tr\/index.php\/wp-json\/wp\/v2\/pages\/1417\/revisions"}],"up":[{"embeddable":true,"href":"http:\/\/salterltd.com.tr\/index.php\/wp-json\/wp\/v2\/pages\/794"}],"wp:attachment":[{"href":"http:\/\/salterltd.com.tr\/index.php\/wp-json\/wp\/v2\/media?parent=1417"}],"wp:term":[{"taxonomy":"wf_page_folders","embeddable":true,"href":"http:\/\/salterltd.com.tr\/index.php\/wp-json\/wp\/v2\/wf_page_folders?post=1417"}],"curies":[{"name":"wp","href":"https:\/\/api.w.org\/{rel}","templated":true}]}}