{"id":1425,"date":"2019-03-17T02:09:03","date_gmt":"2019-03-16T23:09:03","guid":{"rendered":"http:\/\/salterltd.com.tr\/?page_id=1425"},"modified":"2019-03-17T18:31:10","modified_gmt":"2019-03-17T15:31:10","slug":"paletli-pompalar","status":"publish","type":"page","link":"http:\/\/salterltd.com.tr\/index.php\/urunler\/pompalar\/disli-pompalar\/paletli-pompalar\/","title":{"rendered":"Paletli Pompalar"},"content":{"rendered":"\t\t<div data-elementor-type=\"wp-post\" data-elementor-id=\"1425\" class=\"elementor elementor-1425\">\n\t\t\t\t\t\t<div class=\"elementor-inner\">\n\t\t\t\t<div class=\"elementor-section-wrap\">\n\t\t\t\t\t\t\t\t\t<section class=\"elementor-section elementor-top-section elementor-element elementor-element-e8dc080 elementor-section-boxed elementor-section-height-default elementor-section-height-default\" data-id=\"e8dc080\" data-element_type=\"section\">\n\t\t\t\t\t\t<div class=\"elementor-container elementor-column-gap-default\">\n\t\t\t\t\t\t\t<div class=\"elementor-row\">\n\t\t\t\t\t<div class=\"elementor-column elementor-col-50 elementor-top-column elementor-element elementor-element-4ca4c20\" data-id=\"4ca4c20\" data-element_type=\"column\">\n\t\t\t<div class=\"elementor-column-wrap elementor-element-populated\">\n\t\t\t\t\t\t\t<div class=\"elementor-widget-wrap\">\n\t\t\t\t\t\t<div class=\"elementor-element elementor-element-a519628 elementor-widget elementor-widget-image\" data-id=\"a519628\" data-element_type=\"widget\" data-widget_type=\"image.default\">\n\t\t\t\t<div class=\"elementor-widget-container\">\n\t\t\t\t\t\t\t\t<div class=\"elementor-image\">\n\t\t\t\t\t\t\t\t\t\t\t\t<img width=\"450\" height=\"350\" src=\"http:\/\/salterltd.com.tr\/wp-content\/uploads\/2019\/03\/paletli-pompa-giris-1-1.jpg\" class=\"attachment-large size-large\" alt=\"\" loading=\"lazy\" srcset=\"http:\/\/salterltd.com.tr\/wp-content\/uploads\/2019\/03\/paletli-pompa-giris-1-1.jpg 450w, http:\/\/salterltd.com.tr\/wp-content\/uploads\/2019\/03\/paletli-pompa-giris-1-1-300x233.jpg 300w\" sizes=\"(max-width: 450px) 100vw, 450px\" \/>\t\t\t\t\t\t\t\t\t\t\t\t\t\t<\/div>\n\t\t\t\t\t\t<\/div>\n\t\t\t\t<\/div>\n\t\t\t\t<div class=\"elementor-element elementor-element-2f5250c elementor-widget elementor-widget-image-gallery\" data-id=\"2f5250c\" data-element_type=\"widget\" data-widget_type=\"image-gallery.default\">\n\t\t\t\t<div class=\"elementor-widget-container\">\n\t\t\t\t\t<div class=\"elementor-image-gallery\">\n\t\t\t<div id='gallery-1' class='gallery galleryid-1425 gallery-columns-4 gallery-size-thumbnail'><figure class='gallery-item'>\n\t\t\t<div class='gallery-icon landscape'>\n\t\t\t\t<a data-elementor-open-lightbox=\"yes\" data-elementor-lightbox-slideshow=\"2f5250c\" data-elementor-lightbox-title=\"paletli-pompa-kesit-\" e-action-hash=\"#elementor-action%3Aaction%3Dlightbox%26settings%3DeyJpZCI6MTQ4MiwidXJsIjoiaHR0cDpcL1wvc2FsdGVybHRkLmNvbS50clwvd3AtY29udGVudFwvdXBsb2Fkc1wvMjAxOVwvMDNcL3BhbGV0bGktcG9tcGEta2VzaXQtLmpwZyIsInNsaWRlc2hvdyI6IjJmNTI1MGMifQ%3D%3D\" href='http:\/\/salterltd.com.tr\/wp-content\/uploads\/2019\/03\/paletli-pompa-kesit-.jpg'><img width=\"150\" height=\"150\" src=\"http:\/\/salterltd.com.tr\/wp-content\/uploads\/2019\/03\/paletli-pompa-kesit--150x150.jpg\" class=\"attachment-thumbnail size-thumbnail\" alt=\"\" loading=\"lazy\" srcset=\"http:\/\/salterltd.com.tr\/wp-content\/uploads\/2019\/03\/paletli-pompa-kesit--150x150.jpg 150w, http:\/\/salterltd.com.tr\/wp-content\/uploads\/2019\/03\/paletli-pompa-kesit--300x300.jpg 300w, http:\/\/salterltd.com.tr\/wp-content\/uploads\/2019\/03\/paletli-pompa-kesit--100x100.jpg 100w\" sizes=\"(max-width: 150px) 100vw, 150px\" \/><\/a>\n\t\t\t<\/div><\/figure><figure class='gallery-item'>\n\t\t\t<div class='gallery-icon landscape'>\n\t\t\t\t<a data-elementor-open-lightbox=\"yes\" data-elementor-lightbox-slideshow=\"2f5250c\" data-elementor-lightbox-title=\"paletli-pompa-akis1\" e-action-hash=\"#elementor-action%3Aaction%3Dlightbox%26settings%3DeyJpZCI6MTQ4MywidXJsIjoiaHR0cDpcL1wvc2FsdGVybHRkLmNvbS50clwvd3AtY29udGVudFwvdXBsb2Fkc1wvMjAxOVwvMDNcL3BhbGV0bGktcG9tcGEtYWtpczEuanBnIiwic2xpZGVzaG93IjoiMmY1MjUwYyJ9\" href='http:\/\/salterltd.com.tr\/wp-content\/uploads\/2019\/03\/paletli-pompa-akis1.jpg'><img width=\"150\" height=\"150\" src=\"http:\/\/salterltd.com.tr\/wp-content\/uploads\/2019\/03\/paletli-pompa-akis1-150x150.jpg\" class=\"attachment-thumbnail size-thumbnail\" alt=\"\" loading=\"lazy\" srcset=\"http:\/\/salterltd.com.tr\/wp-content\/uploads\/2019\/03\/paletli-pompa-akis1-150x150.jpg 150w, http:\/\/salterltd.com.tr\/wp-content\/uploads\/2019\/03\/paletli-pompa-akis1-300x300.jpg 300w, http:\/\/salterltd.com.tr\/wp-content\/uploads\/2019\/03\/paletli-pompa-akis1-100x100.jpg 100w\" sizes=\"(max-width: 150px) 100vw, 150px\" \/><\/a>\n\t\t\t<\/div><\/figure><figure class='gallery-item'>\n\t\t\t<div class='gallery-icon landscape'>\n\t\t\t\t<a data-elementor-open-lightbox=\"yes\" data-elementor-lightbox-slideshow=\"2f5250c\" data-elementor-lightbox-title=\"paletli-pompa-akis2\" e-action-hash=\"#elementor-action%3Aaction%3Dlightbox%26settings%3DeyJpZCI6MTQ4NCwidXJsIjoiaHR0cDpcL1wvc2FsdGVybHRkLmNvbS50clwvd3AtY29udGVudFwvdXBsb2Fkc1wvMjAxOVwvMDNcL3BhbGV0bGktcG9tcGEtYWtpczIuanBnIiwic2xpZGVzaG93IjoiMmY1MjUwYyJ9\" href='http:\/\/salterltd.com.tr\/wp-content\/uploads\/2019\/03\/paletli-pompa-akis2.jpg'><img width=\"150\" height=\"150\" src=\"http:\/\/salterltd.com.tr\/wp-content\/uploads\/2019\/03\/paletli-pompa-akis2-150x150.jpg\" class=\"attachment-thumbnail size-thumbnail\" alt=\"\" loading=\"lazy\" srcset=\"http:\/\/salterltd.com.tr\/wp-content\/uploads\/2019\/03\/paletli-pompa-akis2-150x150.jpg 150w, http:\/\/salterltd.com.tr\/wp-content\/uploads\/2019\/03\/paletli-pompa-akis2-300x300.jpg 300w, http:\/\/salterltd.com.tr\/wp-content\/uploads\/2019\/03\/paletli-pompa-akis2-100x100.jpg 100w\" sizes=\"(max-width: 150px) 100vw, 150px\" \/><\/a>\n\t\t\t<\/div><\/figure><figure class='gallery-item'>\n\t\t\t<div class='gallery-icon landscape'>\n\t\t\t\t<a data-elementor-open-lightbox=\"yes\" data-elementor-lightbox-slideshow=\"2f5250c\" data-elementor-lightbox-title=\"paletli-pompa-akis3\" e-action-hash=\"#elementor-action%3Aaction%3Dlightbox%26settings%3DeyJpZCI6MTQ4NSwidXJsIjoiaHR0cDpcL1wvc2FsdGVybHRkLmNvbS50clwvd3AtY29udGVudFwvdXBsb2Fkc1wvMjAxOVwvMDNcL3BhbGV0bGktcG9tcGEtYWtpczMuanBnIiwic2xpZGVzaG93IjoiMmY1MjUwYyJ9\" href='http:\/\/salterltd.com.tr\/wp-content\/uploads\/2019\/03\/paletli-pompa-akis3.jpg'><img width=\"150\" height=\"150\" src=\"http:\/\/salterltd.com.tr\/wp-content\/uploads\/2019\/03\/paletli-pompa-akis3-150x150.jpg\" class=\"attachment-thumbnail size-thumbnail\" alt=\"\" loading=\"lazy\" srcset=\"http:\/\/salterltd.com.tr\/wp-content\/uploads\/2019\/03\/paletli-pompa-akis3-150x150.jpg 150w, http:\/\/salterltd.com.tr\/wp-content\/uploads\/2019\/03\/paletli-pompa-akis3-300x300.jpg 300w, http:\/\/salterltd.com.tr\/wp-content\/uploads\/2019\/03\/paletli-pompa-akis3-100x100.jpg 100w\" sizes=\"(max-width: 150px) 100vw, 150px\" \/><\/a>\n\t\t\t<\/div><\/figure>\n\t\t<\/div>\n\t\t<\/div>\n\t\t\t\t<\/div>\n\t\t\t\t<\/div>\n\t\t\t\t\t\t<\/div>\n\t\t\t\t\t<\/div>\n\t\t<\/div>\n\t\t\t\t<div class=\"elementor-column elementor-col-50 elementor-top-column elementor-element elementor-element-38d1a9f\" data-id=\"38d1a9f\" data-element_type=\"column\">\n\t\t\t<div class=\"elementor-column-wrap elementor-element-populated\">\n\t\t\t\t\t\t\t<div class=\"elementor-widget-wrap\">\n\t\t\t\t\t\t<div class=\"elementor-element elementor-element-17c4d58 elementor-widget elementor-widget-heading\" data-id=\"17c4d58\" data-element_type=\"widget\" data-widget_type=\"heading.default\">\n\t\t\t\t<div class=\"elementor-widget-container\">\n\t\t\t<h2 class=\"elementor-heading-title elementor-size-default\"><div class=\"wpb_text_column wpb_content_element \">\n\t\t<div class=\"wpb_wrapper\">\n\t\t\t<p>Paletli Pompa mili \u00fczerinde rotor bulunmaktad\u0131r. Rotor, pompa mili\n ile eksenlenmi\u015ftir. G\u00f6vdede de eksenden ka\u00e7\u0131k rotor yuvas\u0131 \nbulunmaktad\u0131r. Rotor \u00fczerinde yataklanm\u0131\u015f paletler ise, d\u00f6nme esnas\u0131nda \nrotordaki yuvalar\u0131nda yaylar\u0131n yard\u0131m\u0131 ile hareket etmektedirler. \nPaletler bu esnada g\u00f6vde ve rotor aras\u0131nda kalan ak\u0131\u015fkan\u0131n ta\u015f\u0131nmas\u0131n\u0131 \nsa\u011flamaktad\u0131r.<\/p>\n<p>Pompa milinin her devrinde emi\u015f a\u011fz\u0131 yoluyla belli bir miktar s\u0131v\u0131 \npompaya girer. Bu s\u0131v\u0131 rotor ile g\u00f6vde aras\u0131ndaki bo\u015flu\u011fu doldurur. \nRotorun d\u00f6nmesiyle paletler, arada kalan s\u0131v\u0131y\u0131 \u00e7\u0131k\u0131\u015f a\u011fz\u0131na do\u011fru \nileterek pompan\u0131n d\u0131\u015f\u0131na bas\u0131n\u00e7l\u0131 bir \u015fekilde transfer i\u015flemini \nger\u00e7ekle\u015ftirmektedir.<\/p>\n\n\t\t<\/div>\n\t<\/div><\/h2>\t\t<\/div>\n\t\t\t\t<\/div>\n\t\t\t\t\t\t<\/div>\n\t\t\t\t\t<\/div>\n\t\t<\/div>\n\t\t\t\t\t\t\t\t<\/div>\n\t\t\t\t\t<\/div>\n\t\t<\/section>\n\t\t\t\t<section class=\"elementor-section elementor-top-section elementor-element elementor-element-dcb4b8e elementor-section-boxed elementor-section-height-default elementor-section-height-default\" data-id=\"dcb4b8e\" data-element_type=\"section\">\n\t\t\t\t\t\t<div class=\"elementor-container elementor-column-gap-default\">\n\t\t\t\t\t\t\t<div class=\"elementor-row\">\n\t\t\t\t\t<div class=\"elementor-column elementor-col-50 elementor-top-column elementor-element elementor-element-67a3495\" data-id=\"67a3495\" data-element_type=\"column\">\n\t\t\t<div class=\"elementor-column-wrap elementor-element-populated\">\n\t\t\t\t\t\t\t<div class=\"elementor-widget-wrap\">\n\t\t\t\t\t\t<div class=\"elementor-element elementor-element-5a777e9 elementor-widget elementor-widget-spacer\" data-id=\"5a777e9\" data-element_type=\"widget\" data-widget_type=\"spacer.default\">\n\t\t\t\t<div class=\"elementor-widget-container\">\n\t\t\t\t\t<div class=\"elementor-spacer\">\n\t\t\t<div class=\"elementor-spacer-inner\"><\/div>\n\t\t<\/div>\n\t\t\t\t<\/div>\n\t\t\t\t<\/div>\n\t\t\t\t<div class=\"elementor-element elementor-element-bb3db3f elementor-widget elementor-widget-heading\" data-id=\"bb3db3f\" data-element_type=\"widget\" data-widget_type=\"heading.default\">\n\t\t\t\t<div class=\"elementor-widget-container\">\n\t\t\t<h2 class=\"elementor-heading-title elementor-size-default\">KULLANIM ALANLARI<\/h2>\t\t<\/div>\n\t\t\t\t<\/div>\n\t\t\t\t<div class=\"elementor-element elementor-element-a184888 elementor-widget elementor-widget-heading\" data-id=\"a184888\" data-element_type=\"widget\" data-widget_type=\"heading.default\">\n\t\t\t\t<div class=\"elementor-widget-container\">\n\t\t\t<h2 class=\"elementor-heading-title elementor-size-default\"><div class=\"wpb_text_column wpb_content_element \">\n\t\t<div class=\"wpb_wrapper\">\n\t\t\t<ul><li>\u00c7ikolata<\/li><li>\u015eeker \u015furubu<\/li><li>Krema<\/li><\/ul>\n\n\t\t<\/div>\n\t<\/div><\/h2>\t\t<\/div>\n\t\t\t\t<\/div>\n\t\t\t\t\t\t<\/div>\n\t\t\t\t\t<\/div>\n\t\t<\/div>\n\t\t\t\t<div class=\"elementor-column elementor-col-50 elementor-top-column elementor-element elementor-element-9a83b4f\" data-id=\"9a83b4f\" data-element_type=\"column\">\n\t\t\t<div class=\"elementor-column-wrap elementor-element-populated\">\n\t\t\t\t\t\t\t<div class=\"elementor-widget-wrap\">\n\t\t\t\t\t\t<div class=\"elementor-element elementor-element-c313fc2 elementor-widget elementor-widget-spacer\" data-id=\"c313fc2\" data-element_type=\"widget\" data-widget_type=\"spacer.default\">\n\t\t\t\t<div class=\"elementor-widget-container\">\n\t\t\t\t\t<div class=\"elementor-spacer\">\n\t\t\t<div class=\"elementor-spacer-inner\"><\/div>\n\t\t<\/div>\n\t\t\t\t<\/div>\n\t\t\t\t<\/div>\n\t\t\t\t<div class=\"elementor-element elementor-element-512242b elementor-widget elementor-widget-heading\" data-id=\"512242b\" data-element_type=\"widget\" data-widget_type=\"heading.default\">\n\t\t\t\t<div class=\"elementor-widget-container\">\n\t\t\t<h2 class=\"elementor-heading-title elementor-size-default\">KULLANIM ALANLARI<\/h2>\t\t<\/div>\n\t\t\t\t<\/div>\n\t\t\t\t<div class=\"elementor-element elementor-element-3c778ab elementor-widget elementor-widget-heading\" data-id=\"3c778ab\" data-element_type=\"widget\" data-widget_type=\"heading.default\">\n\t\t\t\t<div class=\"elementor-widget-container\">\n\t\t\t<h2 class=\"elementor-heading-title elementor-size-default\"><div class=\"wpb_text_column wpb_content_element \">\n\t\t<div class=\"wpb_wrapper\">\n\t\t\t<ul><li>Pompa G\u00f6vdesi :D\u00f6kme (pik) demir<\/li><li>Rotor: \u00c7elik<\/li><li>Paletler : \u00c7elik<\/li><li>Yataklar : Snbz 12 Bronz, Rulman<\/li><li>S\u0131zd\u0131rmazl\u0131k: Yumu\u015fak Salmastra, Ke\u00e7e<\/li><\/ul>\n\n\t\t<\/div>\n\t<\/div><\/h2>\t\t<\/div>\n\t\t\t\t<\/div>\n\t\t\t\t\t\t<\/div>\n\t\t\t\t\t<\/div>\n\t\t<\/div>\n\t\t\t\t\t\t\t\t<\/div>\n\t\t\t\t\t<\/div>\n\t\t<\/section>\n\t\t\t\t<section class=\"elementor-section elementor-top-section elementor-element elementor-element-1884778 elementor-section-boxed elementor-section-height-default elementor-section-height-default\" data-id=\"1884778\" data-element_type=\"section\">\n\t\t\t\t\t\t<div class=\"elementor-container elementor-column-gap-default\">\n\t\t\t\t\t\t\t<div class=\"elementor-row\">\n\t\t\t\t\t<div class=\"elementor-column elementor-col-100 elementor-top-column elementor-element elementor-element-1054a8f\" data-id=\"1054a8f\" data-element_type=\"column\">\n\t\t\t<div class=\"elementor-column-wrap elementor-element-populated\">\n\t\t\t\t\t\t\t<div class=\"elementor-widget-wrap\">\n\t\t\t\t\t\t<div class=\"elementor-element elementor-element-3296bda elementor-widget elementor-widget-heading\" data-id=\"3296bda\" data-element_type=\"widget\" data-widget_type=\"heading.default\">\n\t\t\t\t<div class=\"elementor-widget-container\">\n\t\t\t<h2 class=\"elementor-heading-title elementor-size-default\">\u00c7ALI\u015eMA PRENS\u0130B\u0130<\/h2>\t\t<\/div>\n\t\t\t\t<\/div>\n\t\t\t\t\t\t<\/div>\n\t\t\t\t\t<\/div>\n\t\t<\/div>\n\t\t\t\t\t\t\t\t<\/div>\n\t\t\t\t\t<\/div>\n\t\t<\/section>\n\t\t\t\t<section class=\"elementor-section elementor-top-section elementor-element elementor-element-442fbcf elementor-section-boxed elementor-section-height-default elementor-section-height-default\" data-id=\"442fbcf\" data-element_type=\"section\">\n\t\t\t\t\t\t<div class=\"elementor-container elementor-column-gap-default\">\n\t\t\t\t\t\t\t<div class=\"elementor-row\">\n\t\t\t\t\t<div class=\"elementor-column elementor-col-50 elementor-top-column elementor-element elementor-element-b9a54e2\" data-id=\"b9a54e2\" data-element_type=\"column\">\n\t\t\t<div class=\"elementor-column-wrap elementor-element-populated\">\n\t\t\t\t\t\t\t<div class=\"elementor-widget-wrap\">\n\t\t\t\t\t\t<div class=\"elementor-element elementor-element-40a47fe elementor-widget elementor-widget-image\" data-id=\"40a47fe\" data-element_type=\"widget\" data-widget_type=\"image.default\">\n\t\t\t\t<div class=\"elementor-widget-container\">\n\t\t\t\t\t\t\t\t<div class=\"elementor-image\">\n\t\t\t\t\t\t\t\t\t\t\t\t<img width=\"102\" height=\"300\" src=\"http:\/\/salterltd.com.tr\/wp-content\/uploads\/2019\/03\/ypl-ak\u0131\u015f-102x300-102x300.png\" class=\"attachment-medium size-medium\" alt=\"\" loading=\"lazy\" \/>\t\t\t\t\t\t\t\t\t\t\t\t\t\t<\/div>\n\t\t\t\t\t\t<\/div>\n\t\t\t\t<\/div>\n\t\t\t\t\t\t<\/div>\n\t\t\t\t\t<\/div>\n\t\t<\/div>\n\t\t\t\t<div class=\"elementor-column elementor-col-50 elementor-top-column elementor-element elementor-element-ef7a1d5\" data-id=\"ef7a1d5\" data-element_type=\"column\">\n\t\t\t<div class=\"elementor-column-wrap elementor-element-populated\">\n\t\t\t\t\t\t\t<div class=\"elementor-widget-wrap\">\n\t\t\t\t\t\t<div class=\"elementor-element elementor-element-e113e2c elementor-widget elementor-widget-heading\" data-id=\"e113e2c\" data-element_type=\"widget\" data-widget_type=\"heading.default\">\n\t\t\t\t<div class=\"elementor-widget-container\">\n\t\t\t<h2 class=\"elementor-heading-title elementor-size-default\"><h2 class=\"elementor-heading-title elementor-size-default elementor-inline-editing pen\" data-elementor-setting-key=\"title\" data-pen-placeholder=\"Type Here...\" contenteditable=\"true\"><p>Malzemenin emi\u015f a\u011fz\u0131ndan pompaya giri\u015fini g\u00f6r\u00fcyoruz.<\/p>\n<p><br>\n<\/p><p>Rotorun d\u00f6nme hareketi do\u011frultusunda malzeme paletler , g\u00f6vde ve rotor aralar\u0131nda ilerliyor\n<\/p><p>&nbsp;<\/p>\n<p>Malzemenin basma a\u011fz\u0131ndan \u00e7\u0131kt\u0131\u011f\u0131 g\u00f6r\u00fcnmektedir. Rotorun tek turu malzemeyi&nbsp;&nbsp; basma a\u011fz\u0131na ta\u015f\u0131maktad\u0131r.<\/p><\/h2><\/h2>\t\t<\/div>\n\t\t\t\t<\/div>\n\t\t\t\t\t\t<\/div>\n\t\t\t\t\t<\/div>\n\t\t<\/div>\n\t\t\t\t\t\t\t\t<\/div>\n\t\t\t\t\t<\/div>\n\t\t<\/section>\n\t\t\t\t\t\t\t\t\t<\/div>\n\t\t\t<\/div>\n\t\t\t\t\t<\/div>\n\t\t","protected":false},"excerpt":{"rendered":"<p>Paletli Pompa mili \u00fczerinde rotor bulunmaktad\u0131r. Rotor, pompa mili ile eksenlenmi\u015ftir. G\u00f6vdede de eksenden ka\u00e7\u0131k rotor yuvas\u0131 bulunmaktad\u0131r. Rotor \u00fczerinde yataklanm\u0131\u015f paletler ise, d\u00f6nme esnas\u0131nda rotordaki yuvalar\u0131nda yaylar\u0131n yard\u0131m\u0131 ile hareket etmektedirler. Paletler bu esnada g\u00f6vde ve rotor aras\u0131nda kalan ak\u0131\u015fkan\u0131n ta\u015f\u0131nmas\u0131n\u0131 sa\u011flamaktad\u0131r. Pompa milinin her devrinde emi\u015f a\u011fz\u0131 yoluyla belli bir miktar s\u0131v\u0131 pompaya [&hellip;]<\/p>\n","protected":false},"author":1,"featured_media":0,"parent":794,"menu_order":0,"comment_status":"closed","ping_status":"closed","template":"","meta":[],"wf_page_folders":[],"yoast_head":"<!-- This site is optimized with the Yoast SEO plugin v16.2 - https:\/\/yoast.com\/wordpress\/plugins\/seo\/ -->\n<title>Paletli Pompalar - Salter<\/title>\n<meta name=\"robots\" content=\"index, follow, max-snippet:-1, max-image-preview:large, max-video-preview:-1\" \/>\n<link rel=\"canonical\" href=\"http:\/\/salterltd.com.tr\/index.php\/urunler\/pompalar\/disli-pompalar\/paletli-pompalar\/\" \/>\n<meta property=\"og:locale\" content=\"tr_TR\" \/>\n<meta property=\"og:type\" content=\"article\" \/>\n<meta property=\"og:title\" content=\"Paletli Pompalar - Salter\" \/>\n<meta property=\"og:description\" content=\"Paletli Pompa mili \u00fczerinde rotor bulunmaktad\u0131r. Rotor, pompa mili ile eksenlenmi\u015ftir. G\u00f6vdede de eksenden ka\u00e7\u0131k rotor yuvas\u0131 bulunmaktad\u0131r. Rotor \u00fczerinde yataklanm\u0131\u015f paletler ise, d\u00f6nme esnas\u0131nda rotordaki yuvalar\u0131nda yaylar\u0131n yard\u0131m\u0131 ile hareket etmektedirler. Paletler bu esnada g\u00f6vde ve rotor aras\u0131nda kalan ak\u0131\u015fkan\u0131n ta\u015f\u0131nmas\u0131n\u0131 sa\u011flamaktad\u0131r. Pompa milinin her devrinde emi\u015f a\u011fz\u0131 yoluyla belli bir miktar s\u0131v\u0131 pompaya [&hellip;]\" \/>\n<meta property=\"og:url\" content=\"http:\/\/salterltd.com.tr\/index.php\/urunler\/pompalar\/disli-pompalar\/paletli-pompalar\/\" \/>\n<meta property=\"og:site_name\" content=\"Salter\" \/>\n<meta property=\"article:modified_time\" content=\"2019-03-17T15:31:10+00:00\" \/>\n<meta property=\"og:image\" content=\"http:\/\/salterltd.com.tr\/wp-content\/uploads\/2019\/03\/paletli-pompa-giris-1-1.jpg\" \/>\n<meta name=\"twitter:card\" content=\"summary_large_image\" \/>\n<meta name=\"twitter:label1\" content=\"Tahmini okuma s\u00fcresi\">\n\t<meta name=\"twitter:data1\" content=\"1 dakika\">\n<script type=\"application\/ld+json\" class=\"yoast-schema-graph\">{\"@context\":\"https:\/\/schema.org\",\"@graph\":[{\"@type\":\"Organization\",\"@id\":\"http:\/\/salterltd.com.tr\/#organization\",\"name\":\"Tamsan Elektrik Motor San. ve Tic. Ltd. \\u015eti.\",\"url\":\"http:\/\/salterltd.com.tr\/\",\"sameAs\":[],\"logo\":{\"@type\":\"ImageObject\",\"@id\":\"http:\/\/salterltd.com.tr\/#logo\",\"inLanguage\":\"tr\",\"url\":\"http:\/\/salterltd.com.tr\/wp-content\/uploads\/2019\/11\/TAMSAN-logo.jpg\",\"contentUrl\":\"http:\/\/salterltd.com.tr\/wp-content\/uploads\/2019\/11\/TAMSAN-logo.jpg\",\"width\":1388,\"height\":292,\"caption\":\"Tamsan Elektrik Motor San. ve Tic. Ltd. \\u015eti.\"},\"image\":{\"@id\":\"http:\/\/salterltd.com.tr\/#logo\"}},{\"@type\":\"WebSite\",\"@id\":\"http:\/\/salterltd.com.tr\/#website\",\"url\":\"http:\/\/salterltd.com.tr\/\",\"name\":\"Tamsan Elektrik Motor\",\"description\":\"\",\"publisher\":{\"@id\":\"http:\/\/salterltd.com.tr\/#organization\"},\"potentialAction\":[{\"@type\":\"SearchAction\",\"target\":\"http:\/\/salterltd.com.tr\/?s={search_term_string}\",\"query-input\":\"required name=search_term_string\"}],\"inLanguage\":\"tr\"},{\"@type\":\"ImageObject\",\"@id\":\"http:\/\/salterltd.com.tr\/index.php\/urunler\/pompalar\/disli-pompalar\/paletli-pompalar\/#primaryimage\",\"inLanguage\":\"tr\",\"url\":\"http:\/\/salterltd.com.tr\/wp-content\/uploads\/2019\/03\/paletli-pompa-giris-1-1.jpg\",\"contentUrl\":\"http:\/\/salterltd.com.tr\/wp-content\/uploads\/2019\/03\/paletli-pompa-giris-1-1.jpg\",\"width\":450,\"height\":350},{\"@type\":\"WebPage\",\"@id\":\"http:\/\/salterltd.com.tr\/index.php\/urunler\/pompalar\/disli-pompalar\/paletli-pompalar\/#webpage\",\"url\":\"http:\/\/salterltd.com.tr\/index.php\/urunler\/pompalar\/disli-pompalar\/paletli-pompalar\/\",\"name\":\"Paletli Pompalar - Salter\",\"isPartOf\":{\"@id\":\"http:\/\/salterltd.com.tr\/#website\"},\"primaryImageOfPage\":{\"@id\":\"http:\/\/salterltd.com.tr\/index.php\/urunler\/pompalar\/disli-pompalar\/paletli-pompalar\/#primaryimage\"},\"datePublished\":\"2019-03-16T23:09:03+00:00\",\"dateModified\":\"2019-03-17T15:31:10+00:00\",\"breadcrumb\":{\"@id\":\"http:\/\/salterltd.com.tr\/index.php\/urunler\/pompalar\/disli-pompalar\/paletli-pompalar\/#breadcrumb\"},\"inLanguage\":\"tr\",\"potentialAction\":[{\"@type\":\"ReadAction\",\"target\":[\"http:\/\/salterltd.com.tr\/index.php\/urunler\/pompalar\/disli-pompalar\/paletli-pompalar\/\"]}]},{\"@type\":\"BreadcrumbList\",\"@id\":\"http:\/\/salterltd.com.tr\/index.php\/urunler\/pompalar\/disli-pompalar\/paletli-pompalar\/#breadcrumb\",\"itemListElement\":[{\"@type\":\"ListItem\",\"position\":1,\"item\":{\"@type\":\"WebPage\",\"@id\":\"http:\/\/salterltd.com.tr\/\",\"url\":\"http:\/\/salterltd.com.tr\/\",\"name\":\"Ana sayfa\"}},{\"@type\":\"ListItem\",\"position\":2,\"item\":{\"@type\":\"WebPage\",\"@id\":\"http:\/\/salterltd.com.tr\/index.php\/urunler\/\",\"url\":\"http:\/\/salterltd.com.tr\/index.php\/urunler\/\",\"name\":\"\\u00dcr\\u00fcnler\"}},{\"@type\":\"ListItem\",\"position\":3,\"item\":{\"@type\":\"WebPage\",\"@id\":\"http:\/\/salterltd.com.tr\/index.php\/urunler\/pompalar\/\",\"url\":\"http:\/\/salterltd.com.tr\/index.php\/urunler\/pompalar\/\",\"name\":\"Pompalar\"}},{\"@type\":\"ListItem\",\"position\":4,\"item\":{\"@type\":\"WebPage\",\"@id\":\"http:\/\/salterltd.com.tr\/index.php\/urunler\/pompalar\/disli-pompalar\/\",\"url\":\"http:\/\/salterltd.com.tr\/index.php\/urunler\/pompalar\/disli-pompalar\/\",\"name\":\"Di\\u015fli Pompalar\"}},{\"@type\":\"ListItem\",\"position\":5,\"item\":{\"@id\":\"http:\/\/salterltd.com.tr\/index.php\/urunler\/pompalar\/disli-pompalar\/paletli-pompalar\/#webpage\"}}]}]}<\/script>\n<!-- \/ Yoast SEO plugin. -->","_links":{"self":[{"href":"http:\/\/salterltd.com.tr\/index.php\/wp-json\/wp\/v2\/pages\/1425"}],"collection":[{"href":"http:\/\/salterltd.com.tr\/index.php\/wp-json\/wp\/v2\/pages"}],"about":[{"href":"http:\/\/salterltd.com.tr\/index.php\/wp-json\/wp\/v2\/types\/page"}],"author":[{"embeddable":true,"href":"http:\/\/salterltd.com.tr\/index.php\/wp-json\/wp\/v2\/users\/1"}],"replies":[{"embeddable":true,"href":"http:\/\/salterltd.com.tr\/index.php\/wp-json\/wp\/v2\/comments?post=1425"}],"version-history":[{"count":0,"href":"http:\/\/salterltd.com.tr\/index.php\/wp-json\/wp\/v2\/pages\/1425\/revisions"}],"up":[{"embeddable":true,"href":"http:\/\/salterltd.com.tr\/index.php\/wp-json\/wp\/v2\/pages\/794"}],"wp:attachment":[{"href":"http:\/\/salterltd.com.tr\/index.php\/wp-json\/wp\/v2\/media?parent=1425"}],"wp:term":[{"taxonomy":"wf_page_folders","embeddable":true,"href":"http:\/\/salterltd.com.tr\/index.php\/wp-json\/wp\/v2\/wf_page_folders?post=1425"}],"curies":[{"name":"wp","href":"https:\/\/api.w.org\/{rel}","templated":true}]}}