{"id":1672,"date":"2019-03-19T17:41:33","date_gmt":"2019-03-19T14:41:33","guid":{"rendered":"http:\/\/salterltd.com.tr\/?page_id=1672"},"modified":"2022-05-12T12:38:37","modified_gmt":"2022-05-12T09:38:37","slug":"12-volt-ozel-motorlar","status":"publish","type":"page","link":"http:\/\/salterltd.com.tr\/index.php\/urunler\/elektrikmotorlari\/d-c-motorlar\/12-volt-ozel-motorlar\/","title":{"rendered":"12V \u00d6zel Motorlar"},"content":{"rendered":"\t\t<div data-elementor-type=\"wp-post\" data-elementor-id=\"1672\" class=\"elementor elementor-1672\">\n\t\t\t\t\t\t<div class=\"elementor-inner\">\n\t\t\t\t<div class=\"elementor-section-wrap\">\n\t\t\t\t\t\t\t\t\t<section class=\"elementor-section elementor-top-section elementor-element elementor-element-a4b0555 elementor-section-boxed elementor-section-height-default elementor-section-height-default elementor-invisible\" data-id=\"a4b0555\" data-element_type=\"section\" data-settings=\"{&quot;animation&quot;:&quot;fadeIn&quot;}\">\n\t\t\t\t\t\t<div class=\"elementor-container elementor-column-gap-default\">\n\t\t\t\t\t\t\t<div class=\"elementor-row\">\n\t\t\t\t\t<div class=\"elementor-column elementor-col-25 elementor-top-column elementor-element elementor-element-e4b2f4a\" data-id=\"e4b2f4a\" data-element_type=\"column\">\n\t\t\t<div class=\"elementor-column-wrap elementor-element-populated\">\n\t\t\t\t\t\t\t<div class=\"elementor-widget-wrap\">\n\t\t\t\t\t\t<div class=\"elementor-element elementor-element-affed34 elementor-widget elementor-widget-image\" data-id=\"affed34\" data-element_type=\"widget\" data-widget_type=\"image.default\">\n\t\t\t\t<div class=\"elementor-widget-container\">\n\t\t\t\t\t\t\t\t<div class=\"elementor-image\">\n\t\t\t\t\t\t\t\t\t\t\t\t\t<a href=\"http:\/\/salterltd.com.tr\/index.php\/urunler\/elektrikmotorlari\/d-c-motorlar\/12-volt-ozel-motorlar\/12v-140w-vibrasyon-motoru-2800-d-d-ccw\">\n\t\t\t\t\t\t\t<img width=\"746\" height=\"690\" src=\"http:\/\/salterltd.com.tr\/wp-content\/uploads\/2019\/03\/12V-140W-Vibrasyon-Motoru-2800-dd.jpg\" class=\"attachment-large size-large\" alt=\"\" loading=\"lazy\" srcset=\"http:\/\/salterltd.com.tr\/wp-content\/uploads\/2019\/03\/12V-140W-Vibrasyon-Motoru-2800-dd.jpg 746w, http:\/\/salterltd.com.tr\/wp-content\/uploads\/2019\/03\/12V-140W-Vibrasyon-Motoru-2800-dd-300x277.jpg 300w\" sizes=\"(max-width: 746px) 100vw, 746px\" \/>\t\t\t\t\t\t\t\t<\/a>\n\t\t\t\t\t\t\t\t\t\t\t\t\t\t<\/div>\n\t\t\t\t\t\t<\/div>\n\t\t\t\t<\/div>\n\t\t\t\t<div class=\"elementor-element elementor-element-7be8453 elementor-align-justify elementor-widget elementor-widget-button\" data-id=\"7be8453\" data-element_type=\"widget\" data-widget_type=\"button.default\">\n\t\t\t\t<div class=\"elementor-widget-container\">\n\t\t\t\t\t<div class=\"elementor-button-wrapper\">\n\t\t\t<a href=\"http:\/\/salterltd.com.tr\/index.php\/urunler\/elektrikmotorlari\/d-c-motorlar\/12-volt-ozel-motorlar\/12v-140w-vibrasyon-motoru-2800-d-d-ccw\" class=\"elementor-button-link elementor-button elementor-size-sm\" role=\"button\">\n\t\t\t\t\t\t<span class=\"elementor-button-content-wrapper\">\n\t\t\t\t\t\t<span class=\"elementor-button-text\">12V 140W, Vibrasyon Motoru, 2800 d\/d, CCW<\/span>\n\t\t<\/span>\n\t\t\t\t\t<\/a>\n\t\t<\/div>\n\t\t\t\t<\/div>\n\t\t\t\t<\/div>\n\t\t\t\t\t\t<\/div>\n\t\t\t\t\t<\/div>\n\t\t<\/div>\n\t\t\t\t<div class=\"elementor-column elementor-col-25 elementor-top-column elementor-element elementor-element-d9bbe58\" data-id=\"d9bbe58\" data-element_type=\"column\">\n\t\t\t<div class=\"elementor-column-wrap elementor-element-populated\">\n\t\t\t\t\t\t\t<div class=\"elementor-widget-wrap\">\n\t\t\t\t\t\t<div class=\"elementor-element elementor-element-9af7a5f elementor-widget elementor-widget-image\" data-id=\"9af7a5f\" data-element_type=\"widget\" data-widget_type=\"image.default\">\n\t\t\t\t<div class=\"elementor-widget-container\">\n\t\t\t\t\t\t\t\t<div class=\"elementor-image\">\n\t\t\t\t\t\t\t\t\t\t\t\t\t<a href=\"http:\/\/salterltd.com.tr\/index.php\/urunler\/elektrikmotorlari\/d-c-motorlar\/12-volt-ozel-motorlar\/12v-300wtek-milli-ozel-motorneodyum-miknatisli-1200d-d-ccw\">\n\t\t\t\t\t\t\t<img width=\"746\" height=\"690\" src=\"http:\/\/salterltd.com.tr\/wp-content\/uploads\/2019\/03\/12V-300WTek-Milli-\u00d6zel-Motor71B141400dd.jpg\" class=\"attachment-large size-large\" alt=\"\" loading=\"lazy\" srcset=\"http:\/\/salterltd.com.tr\/wp-content\/uploads\/2019\/03\/12V-300WTek-Milli-\u00d6zel-Motor71B141400dd.jpg 746w, http:\/\/salterltd.com.tr\/wp-content\/uploads\/2019\/03\/12V-300WTek-Milli-\u00d6zel-Motor71B141400dd-300x277.jpg 300w\" sizes=\"(max-width: 746px) 100vw, 746px\" \/>\t\t\t\t\t\t\t\t<\/a>\n\t\t\t\t\t\t\t\t\t\t\t\t\t\t<\/div>\n\t\t\t\t\t\t<\/div>\n\t\t\t\t<\/div>\n\t\t\t\t<div class=\"elementor-element elementor-element-9002dd0 elementor-align-justify elementor-widget elementor-widget-button\" data-id=\"9002dd0\" data-element_type=\"widget\" data-widget_type=\"button.default\">\n\t\t\t\t<div class=\"elementor-widget-container\">\n\t\t\t\t\t<div class=\"elementor-button-wrapper\">\n\t\t\t<a href=\"http:\/\/salterltd.com.tr\/index.php\/urunler\/elektrikmotorlari\/d-c-motorlar\/12-volt-ozel-motorlar\/12v-300wtek-milli-ozel-motorneodyum-miknatisli-1200d-d-ccw\" class=\"elementor-button-link elementor-button elementor-size-sm\" role=\"button\">\n\t\t\t\t\t\t<span class=\"elementor-button-content-wrapper\">\n\t\t\t\t\t\t<span class=\"elementor-button-text\">12V 300W,Tek Milli \u00d6zel Motor,Neodyum M\u0131knat\u0131sl\u0131, 1200d\/d CCW<\/span>\n\t\t<\/span>\n\t\t\t\t\t<\/a>\n\t\t<\/div>\n\t\t\t\t<\/div>\n\t\t\t\t<\/div>\n\t\t\t\t\t\t<\/div>\n\t\t\t\t\t<\/div>\n\t\t<\/div>\n\t\t\t\t<div class=\"elementor-column elementor-col-25 elementor-top-column elementor-element elementor-element-0f16c5b\" data-id=\"0f16c5b\" data-element_type=\"column\">\n\t\t\t<div class=\"elementor-column-wrap elementor-element-populated\">\n\t\t\t\t\t\t\t<div class=\"elementor-widget-wrap\">\n\t\t\t\t\t\t<div class=\"elementor-element elementor-element-c514585 elementor-widget elementor-widget-image\" data-id=\"c514585\" data-element_type=\"widget\" data-widget_type=\"image.default\">\n\t\t\t\t<div class=\"elementor-widget-container\">\n\t\t\t\t\t\t\t\t<div class=\"elementor-image\">\n\t\t\t\t\t\t\t\t\t\t\t\t\t<a href=\"http:\/\/salterltd.com.tr\/index.php\/urunler\/elektrikmotorlari\/d-c-motorlar\/12v-400wtek-milli-ozel-motorneodyum-miknatisli-800d-d-ccw\">\n\t\t\t\t\t\t\t<img width=\"746\" height=\"690\" src=\"http:\/\/salterltd.com.tr\/wp-content\/uploads\/2019\/03\/12V-400WTek-Milli-\u00d6zel-MotorNeodyum-M\u0131knat\u0131sl\u0131-800dd.jpg\" class=\"attachment-large size-large\" alt=\"\" loading=\"lazy\" srcset=\"http:\/\/salterltd.com.tr\/wp-content\/uploads\/2019\/03\/12V-400WTek-Milli-\u00d6zel-MotorNeodyum-M\u0131knat\u0131sl\u0131-800dd.jpg 746w, http:\/\/salterltd.com.tr\/wp-content\/uploads\/2019\/03\/12V-400WTek-Milli-\u00d6zel-MotorNeodyum-M\u0131knat\u0131sl\u0131-800dd-300x277.jpg 300w\" sizes=\"(max-width: 746px) 100vw, 746px\" \/>\t\t\t\t\t\t\t\t<\/a>\n\t\t\t\t\t\t\t\t\t\t\t\t\t\t<\/div>\n\t\t\t\t\t\t<\/div>\n\t\t\t\t<\/div>\n\t\t\t\t<div class=\"elementor-element elementor-element-31fd9ab elementor-align-justify elementor-widget elementor-widget-button\" data-id=\"31fd9ab\" data-element_type=\"widget\" data-widget_type=\"button.default\">\n\t\t\t\t<div class=\"elementor-widget-container\">\n\t\t\t\t\t<div class=\"elementor-button-wrapper\">\n\t\t\t<a href=\"http:\/\/salterltd.com.tr\/index.php\/urunler\/elektrikmotorlari\/d-c-motorlar\/12v-400wtek-milli-ozel-motorneodyum-miknatisli-800d-d-ccw\" class=\"elementor-button-link elementor-button elementor-size-sm\" role=\"button\">\n\t\t\t\t\t\t<span class=\"elementor-button-content-wrapper\">\n\t\t\t\t\t\t<span class=\"elementor-button-text\">12V 400W,Tek Milli \u00d6zel Motor,Neodyum M\u0131knat\u0131sl\u0131, 800d\/d CCW<\/span>\n\t\t<\/span>\n\t\t\t\t\t<\/a>\n\t\t<\/div>\n\t\t\t\t<\/div>\n\t\t\t\t<\/div>\n\t\t\t\t\t\t<\/div>\n\t\t\t\t\t<\/div>\n\t\t<\/div>\n\t\t\t\t<div class=\"elementor-column elementor-col-25 elementor-top-column elementor-element elementor-element-8eb3a74\" data-id=\"8eb3a74\" data-element_type=\"column\">\n\t\t\t<div class=\"elementor-column-wrap elementor-element-populated\">\n\t\t\t\t\t\t\t<div class=\"elementor-widget-wrap\">\n\t\t\t\t\t\t<div class=\"elementor-element elementor-element-2a97253 elementor-widget elementor-widget-image\" data-id=\"2a97253\" data-element_type=\"widget\" data-widget_type=\"image.default\">\n\t\t\t\t<div class=\"elementor-widget-container\">\n\t\t\t\t\t\t\t\t<div class=\"elementor-image\">\n\t\t\t\t\t\t\t\t\t\t\t\t\t<a href=\"http:\/\/salterltd.com.tr\/index.php\/urunler\/elektrikmotorlari\/d-c-motorlar\/12v-500wtek-milli-ozel-motor80b141400d-d-ccw\">\n\t\t\t\t\t\t\t<img width=\"746\" height=\"690\" src=\"http:\/\/salterltd.com.tr\/wp-content\/uploads\/2019\/03\/12V-500WTek-Milli-\u00d6zel-Motor80B141400dd.jpg\" class=\"attachment-large size-large\" alt=\"\" loading=\"lazy\" srcset=\"http:\/\/salterltd.com.tr\/wp-content\/uploads\/2019\/03\/12V-500WTek-Milli-\u00d6zel-Motor80B141400dd.jpg 746w, http:\/\/salterltd.com.tr\/wp-content\/uploads\/2019\/03\/12V-500WTek-Milli-\u00d6zel-Motor80B141400dd-300x277.jpg 300w\" sizes=\"(max-width: 746px) 100vw, 746px\" \/>\t\t\t\t\t\t\t\t<\/a>\n\t\t\t\t\t\t\t\t\t\t\t\t\t\t<\/div>\n\t\t\t\t\t\t<\/div>\n\t\t\t\t<\/div>\n\t\t\t\t<div class=\"elementor-element elementor-element-69474f2 elementor-align-justify elementor-widget elementor-widget-button\" data-id=\"69474f2\" data-element_type=\"widget\" data-widget_type=\"button.default\">\n\t\t\t\t<div class=\"elementor-widget-container\">\n\t\t\t\t\t<div class=\"elementor-button-wrapper\">\n\t\t\t<a href=\"http:\/\/salterltd.com.tr\/index.php\/urunler\/elektrikmotorlari\/d-c-motorlar\/12v-500wtek-milli-ozel-motor80b141400d-d-ccw\" class=\"elementor-button-link elementor-button elementor-size-sm\" role=\"button\">\n\t\t\t\t\t\t<span class=\"elementor-button-content-wrapper\">\n\t\t\t\t\t\t<span class=\"elementor-button-text\">12V 500W,Tek Milli \u00d6zel Motor,80B14,1400d\/d CCW<\/span>\n\t\t<\/span>\n\t\t\t\t\t<\/a>\n\t\t<\/div>\n\t\t\t\t<\/div>\n\t\t\t\t<\/div>\n\t\t\t\t\t\t<\/div>\n\t\t\t\t\t<\/div>\n\t\t<\/div>\n\t\t\t\t\t\t\t\t<\/div>\n\t\t\t\t\t<\/div>\n\t\t<\/section>\n\t\t\t\t<section class=\"elementor-section elementor-top-section elementor-element elementor-element-d63b949 elementor-section-boxed elementor-section-height-default elementor-section-height-default elementor-invisible\" data-id=\"d63b949\" data-element_type=\"section\" data-settings=\"{&quot;animation&quot;:&quot;fadeIn&quot;}\">\n\t\t\t\t\t\t<div class=\"elementor-container elementor-column-gap-default\">\n\t\t\t\t\t\t\t<div class=\"elementor-row\">\n\t\t\t\t\t<div class=\"elementor-column elementor-col-25 elementor-top-column elementor-element elementor-element-37ed94a\" data-id=\"37ed94a\" data-element_type=\"column\">\n\t\t\t<div class=\"elementor-column-wrap elementor-element-populated\">\n\t\t\t\t\t\t\t<div class=\"elementor-widget-wrap\">\n\t\t\t\t\t\t<div class=\"elementor-element elementor-element-f38c39a elementor-widget elementor-widget-image\" data-id=\"f38c39a\" data-element_type=\"widget\" data-widget_type=\"image.default\">\n\t\t\t\t<div class=\"elementor-widget-container\">\n\t\t\t\t\t\t\t\t<div class=\"elementor-image\">\n\t\t\t\t\t\t\t\t\t\t\t\t\t<a href=\"http:\/\/salterltd.com.tr\/index.php\/urunler\/elektrikmotorlari\/d-c-motorlar\/12-volt-ozel-motorlar\/12v-300wtek-milli-ozel-motor80b141400d-d-cw\">\n\t\t\t\t\t\t\t<img width=\"746\" height=\"690\" src=\"http:\/\/salterltd.com.tr\/wp-content\/uploads\/2019\/03\/12V-300WTek-Milli-\u00d6zel-Motor80B141400dd.jpg\" class=\"attachment-large size-large\" alt=\"\" loading=\"lazy\" srcset=\"http:\/\/salterltd.com.tr\/wp-content\/uploads\/2019\/03\/12V-300WTek-Milli-\u00d6zel-Motor80B141400dd.jpg 746w, http:\/\/salterltd.com.tr\/wp-content\/uploads\/2019\/03\/12V-300WTek-Milli-\u00d6zel-Motor80B141400dd-300x277.jpg 300w\" sizes=\"(max-width: 746px) 100vw, 746px\" \/>\t\t\t\t\t\t\t\t<\/a>\n\t\t\t\t\t\t\t\t\t\t\t\t\t\t<\/div>\n\t\t\t\t\t\t<\/div>\n\t\t\t\t<\/div>\n\t\t\t\t<div class=\"elementor-element elementor-element-d2fe504 elementor-align-justify elementor-tablet-align-justify elementor-widget elementor-widget-button\" data-id=\"d2fe504\" data-element_type=\"widget\" data-widget_type=\"button.default\">\n\t\t\t\t<div class=\"elementor-widget-container\">\n\t\t\t\t\t<div class=\"elementor-button-wrapper\">\n\t\t\t<a href=\"http:\/\/salterltd.com.tr\/index.php\/urunler\/elektrikmotorlari\/d-c-motorlar\/12-volt-ozel-motorlar\/12v-300wtek-milli-ozel-motor80b141400d-d-cw\" class=\"elementor-button-link elementor-button elementor-size-sm\" role=\"button\">\n\t\t\t\t\t\t<span class=\"elementor-button-content-wrapper\">\n\t\t\t\t\t\t<span class=\"elementor-button-text\">12V 300W,Tek Milli \u00d6zel Motor,80B14,1400d\/d CW <\/span>\n\t\t<\/span>\n\t\t\t\t\t<\/a>\n\t\t<\/div>\n\t\t\t\t<\/div>\n\t\t\t\t<\/div>\n\t\t\t\t\t\t<\/div>\n\t\t\t\t\t<\/div>\n\t\t<\/div>\n\t\t\t\t<div class=\"elementor-column elementor-col-25 elementor-top-column elementor-element elementor-element-8504ebe\" data-id=\"8504ebe\" data-element_type=\"column\">\n\t\t\t<div class=\"elementor-column-wrap elementor-element-populated\">\n\t\t\t\t\t\t\t<div class=\"elementor-widget-wrap\">\n\t\t\t\t\t\t<div class=\"elementor-element elementor-element-34915ae elementor-widget elementor-widget-image\" data-id=\"34915ae\" data-element_type=\"widget\" data-widget_type=\"image.default\">\n\t\t\t\t<div class=\"elementor-widget-container\">\n\t\t\t\t\t\t\t\t<div class=\"elementor-image\">\n\t\t\t\t\t\t\t\t\t\t\t\t\t<a href=\"http:\/\/salterltd.com.tr\/index.php\/urunler\/elektrikmotorlari\/d-c-motorlar\/12v-500wtek-milli-ozel-motor71b141400d-d-ccw\">\n\t\t\t\t\t\t\t<img width=\"746\" height=\"690\" src=\"http:\/\/salterltd.com.tr\/wp-content\/uploads\/2019\/03\/12V-500WTek-Milli-\u00d6zel-Motor71B141400dd.jpg\" class=\"attachment-large size-large\" alt=\"\" loading=\"lazy\" srcset=\"http:\/\/salterltd.com.tr\/wp-content\/uploads\/2019\/03\/12V-500WTek-Milli-\u00d6zel-Motor71B141400dd.jpg 746w, http:\/\/salterltd.com.tr\/wp-content\/uploads\/2019\/03\/12V-500WTek-Milli-\u00d6zel-Motor71B141400dd-300x277.jpg 300w\" sizes=\"(max-width: 746px) 100vw, 746px\" \/>\t\t\t\t\t\t\t\t<\/a>\n\t\t\t\t\t\t\t\t\t\t\t\t\t\t<\/div>\n\t\t\t\t\t\t<\/div>\n\t\t\t\t<\/div>\n\t\t\t\t<div class=\"elementor-element elementor-element-e01a2b6 elementor-align-justify elementor-tablet-align-justify elementor-widget elementor-widget-button\" data-id=\"e01a2b6\" data-element_type=\"widget\" data-widget_type=\"button.default\">\n\t\t\t\t<div class=\"elementor-widget-container\">\n\t\t\t\t\t<div class=\"elementor-button-wrapper\">\n\t\t\t<a href=\"http:\/\/salterltd.com.tr\/index.php\/urunler\/elektrikmotorlari\/d-c-motorlar\/12v-500wtek-milli-ozel-motor71b141400d-d-ccw\" class=\"elementor-button-link elementor-button elementor-size-sm\" role=\"button\">\n\t\t\t\t\t\t<span class=\"elementor-button-content-wrapper\">\n\t\t\t\t\t\t<span class=\"elementor-button-text\">12V 500W,Tek Milli \u00d6zel Motor,71B14,1400d\/d CCW<\/span>\n\t\t<\/span>\n\t\t\t\t\t<\/a>\n\t\t<\/div>\n\t\t\t\t<\/div>\n\t\t\t\t<\/div>\n\t\t\t\t\t\t<\/div>\n\t\t\t\t\t<\/div>\n\t\t<\/div>\n\t\t\t\t<div class=\"elementor-column elementor-col-25 elementor-top-column elementor-element elementor-element-f3f02ab\" data-id=\"f3f02ab\" data-element_type=\"column\">\n\t\t\t<div class=\"elementor-column-wrap elementor-element-populated\">\n\t\t\t\t\t\t\t<div class=\"elementor-widget-wrap\">\n\t\t\t\t\t\t<div class=\"elementor-element elementor-element-67df98b elementor-widget elementor-widget-image\" data-id=\"67df98b\" data-element_type=\"widget\" data-widget_type=\"image.default\">\n\t\t\t\t<div class=\"elementor-widget-container\">\n\t\t\t\t\t\t\t\t<div class=\"elementor-image\">\n\t\t\t\t\t\t\t\t\t\t\t\t\t<a href=\"http:\/\/salterltd.com.tr\/index.php\/urunler\/elektrikmotorlari\/d-c-motorlar\/12-volt-ozel-motorlar\/12v-400wtek-milli-ozel-motor71b141400d-d-cw\">\n\t\t\t\t\t\t\t<img width=\"746\" height=\"690\" src=\"http:\/\/salterltd.com.tr\/wp-content\/uploads\/2019\/03\/12V-400WTek-Milli-\u00d6zel-Motor71B141400dd.jpg\" class=\"attachment-large size-large\" alt=\"\" loading=\"lazy\" srcset=\"http:\/\/salterltd.com.tr\/wp-content\/uploads\/2019\/03\/12V-400WTek-Milli-\u00d6zel-Motor71B141400dd.jpg 746w, http:\/\/salterltd.com.tr\/wp-content\/uploads\/2019\/03\/12V-400WTek-Milli-\u00d6zel-Motor71B141400dd-300x277.jpg 300w\" sizes=\"(max-width: 746px) 100vw, 746px\" \/>\t\t\t\t\t\t\t\t<\/a>\n\t\t\t\t\t\t\t\t\t\t\t\t\t\t<\/div>\n\t\t\t\t\t\t<\/div>\n\t\t\t\t<\/div>\n\t\t\t\t<div class=\"elementor-element elementor-element-2ad28d9 elementor-align-justify elementor-widget elementor-widget-button\" data-id=\"2ad28d9\" data-element_type=\"widget\" data-widget_type=\"button.default\">\n\t\t\t\t<div class=\"elementor-widget-container\">\n\t\t\t\t\t<div class=\"elementor-button-wrapper\">\n\t\t\t<a href=\"http:\/\/salterltd.com.tr\/index.php\/urunler\/elektrikmotorlari\/d-c-motorlar\/12-volt-ozel-motorlar\/12v-400wtek-milli-ozel-motor71b141400d-d-cw\" class=\"elementor-button-link elementor-button elementor-size-sm\" role=\"button\">\n\t\t\t\t\t\t<span class=\"elementor-button-content-wrapper\">\n\t\t\t\t\t\t<span class=\"elementor-button-text\">12V 400W,Tek Milli \u00d6zel Motor,71B14,1400d\/d CW<\/span>\n\t\t<\/span>\n\t\t\t\t\t<\/a>\n\t\t<\/div>\n\t\t\t\t<\/div>\n\t\t\t\t<\/div>\n\t\t\t\t\t\t<\/div>\n\t\t\t\t\t<\/div>\n\t\t<\/div>\n\t\t\t\t<div class=\"elementor-column elementor-col-25 elementor-top-column elementor-element elementor-element-5f2d872\" data-id=\"5f2d872\" data-element_type=\"column\">\n\t\t\t<div class=\"elementor-column-wrap elementor-element-populated\">\n\t\t\t\t\t\t\t<div class=\"elementor-widget-wrap\">\n\t\t\t\t\t\t<div class=\"elementor-element elementor-element-ad806cb elementor-widget elementor-widget-image\" data-id=\"ad806cb\" data-element_type=\"widget\" data-widget_type=\"image.default\">\n\t\t\t\t<div class=\"elementor-widget-container\">\n\t\t\t\t\t\t\t\t<div class=\"elementor-image\">\n\t\t\t\t\t\t\t\t\t\t\t\t\t<a href=\"http:\/\/salterltd.com.tr\/index.php\/urunler\/elektrikmotorlari\/d-c-motorlar\/12-volt-ozel-motorlar\/12v-300wtek-mil-motor71b141400d-d-ccw\/\">\n\t\t\t\t\t\t\t<img width=\"746\" height=\"690\" src=\"http:\/\/salterltd.com.tr\/wp-content\/uploads\/2019\/03\/12V-300WTek-Milli-\u00d6zel-Motor71B141400dd.jpg\" class=\"attachment-large size-large\" alt=\"\" loading=\"lazy\" srcset=\"http:\/\/salterltd.com.tr\/wp-content\/uploads\/2019\/03\/12V-300WTek-Milli-\u00d6zel-Motor71B141400dd.jpg 746w, http:\/\/salterltd.com.tr\/wp-content\/uploads\/2019\/03\/12V-300WTek-Milli-\u00d6zel-Motor71B141400dd-300x277.jpg 300w\" sizes=\"(max-width: 746px) 100vw, 746px\" \/>\t\t\t\t\t\t\t\t<\/a>\n\t\t\t\t\t\t\t\t\t\t\t\t\t\t<\/div>\n\t\t\t\t\t\t<\/div>\n\t\t\t\t<\/div>\n\t\t\t\t<div class=\"elementor-element elementor-element-7f2ba9e elementor-align-justify elementor-widget elementor-widget-button\" data-id=\"7f2ba9e\" data-element_type=\"widget\" data-widget_type=\"button.default\">\n\t\t\t\t<div class=\"elementor-widget-container\">\n\t\t\t\t\t<div class=\"elementor-button-wrapper\">\n\t\t\t<a href=\"http:\/\/salterltd.com.tr\/index.php\/urunler\/elektrikmotorlari\/d-c-motorlar\/12-volt-ozel-motorlar\/12v-300wtek-mil-motor71b141400d-d-ccw\/\" class=\"elementor-button-link elementor-button elementor-size-sm\" role=\"button\">\n\t\t\t\t\t\t<span class=\"elementor-button-content-wrapper\">\n\t\t\t\t\t\t<span class=\"elementor-button-text\">12V 300W,Tek Milli \u00d6zel Motor,71B14,1400d\/d CCW<\/span>\n\t\t<\/span>\n\t\t\t\t\t<\/a>\n\t\t<\/div>\n\t\t\t\t<\/div>\n\t\t\t\t<\/div>\n\t\t\t\t\t\t<\/div>\n\t\t\t\t\t<\/div>\n\t\t<\/div>\n\t\t\t\t\t\t\t\t<\/div>\n\t\t\t\t\t<\/div>\n\t\t<\/section>\n\t\t\t\t\t\t\t\t\t<\/div>\n\t\t\t<\/div>\n\t\t\t\t\t<\/div>\n\t\t","protected":false},"excerpt":{"rendered":"<p>12V 140W, Vibrasyon Motoru, 2800 d\/d, CCW 12V 300W,Tek Milli \u00d6zel Motor,Neodyum M\u0131knat\u0131sl\u0131, 1200d\/d CCW 12V 400W,Tek Milli \u00d6zel Motor,Neodyum M\u0131knat\u0131sl\u0131, 800d\/d CCW 12V 500W,Tek Milli \u00d6zel Motor,80B14,1400d\/d CCW 12V 300W,Tek Milli \u00d6zel Motor,80B14,1400d\/d CW 12V 500W,Tek Milli \u00d6zel Motor,71B14,1400d\/d CCW 12V 400W,Tek Milli \u00d6zel Motor,71B14,1400d\/d CW 12V 300W,Tek Milli \u00d6zel Motor,71B14,1400d\/d CCW<\/p>\n","protected":false},"author":1,"featured_media":0,"parent":1025,"menu_order":0,"comment_status":"closed","ping_status":"closed","template":"","meta":[],"wf_page_folders":[],"yoast_head":"<!-- This site is optimized with the Yoast SEO plugin v16.2 - https:\/\/yoast.com\/wordpress\/plugins\/seo\/ -->\n<title>12V \u00d6zel Motorlar - Salter<\/title>\n<meta name=\"robots\" content=\"index, follow, max-snippet:-1, max-image-preview:large, max-video-preview:-1\" \/>\n<link rel=\"canonical\" href=\"https:\/\/salterltd.com.tr\/index.php\/urunler\/elektrikmotorlari\/d-c-motorlar\/12-volt-ozel-motorlar\/\" \/>\n<meta property=\"og:locale\" content=\"tr_TR\" \/>\n<meta property=\"og:type\" content=\"article\" \/>\n<meta property=\"og:title\" content=\"12V \u00d6zel Motorlar - Salter\" \/>\n<meta property=\"og:description\" content=\"12V 140W, Vibrasyon Motoru, 2800 d\/d, CCW 12V 300W,Tek Milli \u00d6zel Motor,Neodyum M\u0131knat\u0131sl\u0131, 1200d\/d CCW 12V 400W,Tek Milli \u00d6zel Motor,Neodyum M\u0131knat\u0131sl\u0131, 800d\/d CCW 12V 500W,Tek Milli \u00d6zel Motor,80B14,1400d\/d CCW 12V 300W,Tek Milli \u00d6zel Motor,80B14,1400d\/d CW 12V 500W,Tek Milli \u00d6zel Motor,71B14,1400d\/d CCW 12V 400W,Tek Milli \u00d6zel Motor,71B14,1400d\/d CW 12V 300W,Tek Milli \u00d6zel Motor,71B14,1400d\/d CCW\" \/>\n<meta property=\"og:url\" content=\"https:\/\/salterltd.com.tr\/index.php\/urunler\/elektrikmotorlari\/d-c-motorlar\/12-volt-ozel-motorlar\/\" \/>\n<meta property=\"og:site_name\" content=\"Salter\" \/>\n<meta property=\"article:modified_time\" content=\"2022-05-12T09:38:37+00:00\" \/>\n<meta property=\"og:image\" content=\"http:\/\/salterltd.com.tr\/wp-content\/uploads\/2019\/03\/12V-140W-Vibrasyon-Motoru-2800-dd.jpg\" \/>\n<meta name=\"twitter:card\" content=\"summary_large_image\" \/>\n<meta name=\"twitter:label1\" content=\"Tahmini okuma s\u00fcresi\">\n\t<meta name=\"twitter:data1\" content=\"2 dakika\">\n<script type=\"application\/ld+json\" class=\"yoast-schema-graph\">{\"@context\":\"https:\/\/schema.org\",\"@graph\":[{\"@type\":\"Organization\",\"@id\":\"http:\/\/salterltd.com.tr\/#organization\",\"name\":\"Tamsan Elektrik Motor San. ve Tic. Ltd. \\u015eti.\",\"url\":\"http:\/\/salterltd.com.tr\/\",\"sameAs\":[],\"logo\":{\"@type\":\"ImageObject\",\"@id\":\"http:\/\/salterltd.com.tr\/#logo\",\"inLanguage\":\"tr\",\"url\":\"http:\/\/salterltd.com.tr\/wp-content\/uploads\/2019\/11\/TAMSAN-logo.jpg\",\"contentUrl\":\"http:\/\/salterltd.com.tr\/wp-content\/uploads\/2019\/11\/TAMSAN-logo.jpg\",\"width\":1388,\"height\":292,\"caption\":\"Tamsan Elektrik Motor San. ve Tic. Ltd. \\u015eti.\"},\"image\":{\"@id\":\"http:\/\/salterltd.com.tr\/#logo\"}},{\"@type\":\"WebSite\",\"@id\":\"http:\/\/salterltd.com.tr\/#website\",\"url\":\"http:\/\/salterltd.com.tr\/\",\"name\":\"Tamsan Elektrik Motor\",\"description\":\"\",\"publisher\":{\"@id\":\"http:\/\/salterltd.com.tr\/#organization\"},\"potentialAction\":[{\"@type\":\"SearchAction\",\"target\":\"http:\/\/salterltd.com.tr\/?s={search_term_string}\",\"query-input\":\"required name=search_term_string\"}],\"inLanguage\":\"tr\"},{\"@type\":\"ImageObject\",\"@id\":\"https:\/\/salterltd.com.tr\/index.php\/urunler\/elektrikmotorlari\/d-c-motorlar\/12-volt-ozel-motorlar\/#primaryimage\",\"inLanguage\":\"tr\",\"url\":\"http:\/\/salterltd.com.tr\/wp-content\/uploads\/2019\/03\/12V-140W-Vibrasyon-Motoru-2800-dd.jpg\",\"contentUrl\":\"http:\/\/salterltd.com.tr\/wp-content\/uploads\/2019\/03\/12V-140W-Vibrasyon-Motoru-2800-dd.jpg\",\"width\":746,\"height\":690},{\"@type\":\"WebPage\",\"@id\":\"https:\/\/salterltd.com.tr\/index.php\/urunler\/elektrikmotorlari\/d-c-motorlar\/12-volt-ozel-motorlar\/#webpage\",\"url\":\"https:\/\/salterltd.com.tr\/index.php\/urunler\/elektrikmotorlari\/d-c-motorlar\/12-volt-ozel-motorlar\/\",\"name\":\"12V \\u00d6zel Motorlar - Salter\",\"isPartOf\":{\"@id\":\"http:\/\/salterltd.com.tr\/#website\"},\"primaryImageOfPage\":{\"@id\":\"https:\/\/salterltd.com.tr\/index.php\/urunler\/elektrikmotorlari\/d-c-motorlar\/12-volt-ozel-motorlar\/#primaryimage\"},\"datePublished\":\"2019-03-19T14:41:33+00:00\",\"dateModified\":\"2022-05-12T09:38:37+00:00\",\"breadcrumb\":{\"@id\":\"https:\/\/salterltd.com.tr\/index.php\/urunler\/elektrikmotorlari\/d-c-motorlar\/12-volt-ozel-motorlar\/#breadcrumb\"},\"inLanguage\":\"tr\",\"potentialAction\":[{\"@type\":\"ReadAction\",\"target\":[\"https:\/\/salterltd.com.tr\/index.php\/urunler\/elektrikmotorlari\/d-c-motorlar\/12-volt-ozel-motorlar\/\"]}]},{\"@type\":\"BreadcrumbList\",\"@id\":\"https:\/\/salterltd.com.tr\/index.php\/urunler\/elektrikmotorlari\/d-c-motorlar\/12-volt-ozel-motorlar\/#breadcrumb\",\"itemListElement\":[{\"@type\":\"ListItem\",\"position\":1,\"item\":{\"@type\":\"WebPage\",\"@id\":\"http:\/\/salterltd.com.tr\/\",\"url\":\"http:\/\/salterltd.com.tr\/\",\"name\":\"Ana sayfa\"}},{\"@type\":\"ListItem\",\"position\":2,\"item\":{\"@type\":\"WebPage\",\"@id\":\"https:\/\/salterltd.com.tr\/index.php\/urunler\/\",\"url\":\"https:\/\/salterltd.com.tr\/index.php\/urunler\/\",\"name\":\"\\u00dcr\\u00fcnler\"}},{\"@type\":\"ListItem\",\"position\":3,\"item\":{\"@type\":\"WebPage\",\"@id\":\"http:\/\/salterltd.com.tr\/index.php\/urunler\/elektrikmotorlari\/\",\"url\":\"http:\/\/salterltd.com.tr\/index.php\/urunler\/elektrikmotorlari\/\",\"name\":\"Elektrik Motorlar\\u0131\"}},{\"@type\":\"ListItem\",\"position\":4,\"item\":{\"@type\":\"WebPage\",\"@id\":\"http:\/\/salterltd.com.tr\/index.php\/urunler\/elektrikmotorlari\/d-c-motorlar\/\",\"url\":\"http:\/\/salterltd.com.tr\/index.php\/urunler\/elektrikmotorlari\/d-c-motorlar\/\",\"name\":\"D.c Motorlar\"}},{\"@type\":\"ListItem\",\"position\":5,\"item\":{\"@id\":\"https:\/\/salterltd.com.tr\/index.php\/urunler\/elektrikmotorlari\/d-c-motorlar\/12-volt-ozel-motorlar\/#webpage\"}}]}]}<\/script>\n<!-- \/ Yoast SEO plugin. -->","_links":{"self":[{"href":"http:\/\/salterltd.com.tr\/index.php\/wp-json\/wp\/v2\/pages\/1672"}],"collection":[{"href":"http:\/\/salterltd.com.tr\/index.php\/wp-json\/wp\/v2\/pages"}],"about":[{"href":"http:\/\/salterltd.com.tr\/index.php\/wp-json\/wp\/v2\/types\/page"}],"author":[{"embeddable":true,"href":"http:\/\/salterltd.com.tr\/index.php\/wp-json\/wp\/v2\/users\/1"}],"replies":[{"embeddable":true,"href":"http:\/\/salterltd.com.tr\/index.php\/wp-json\/wp\/v2\/comments?post=1672"}],"version-history":[{"count":9,"href":"http:\/\/salterltd.com.tr\/index.php\/wp-json\/wp\/v2\/pages\/1672\/revisions"}],"predecessor-version":[{"id":3216,"href":"http:\/\/salterltd.com.tr\/index.php\/wp-json\/wp\/v2\/pages\/1672\/revisions\/3216"}],"up":[{"embeddable":true,"href":"http:\/\/salterltd.com.tr\/index.php\/wp-json\/wp\/v2\/pages\/1025"}],"wp:attachment":[{"href":"http:\/\/salterltd.com.tr\/index.php\/wp-json\/wp\/v2\/media?parent=1672"}],"wp:term":[{"taxonomy":"wf_page_folders","embeddable":true,"href":"http:\/\/salterltd.com.tr\/index.php\/wp-json\/wp\/v2\/wf_page_folders?post=1672"}],"curies":[{"name":"wp","href":"https:\/\/api.w.org\/{rel}","templated":true}]}}