{"id":1688,"date":"2019-03-19T17:55:57","date_gmt":"2019-03-19T14:55:57","guid":{"rendered":"http:\/\/salterltd.com.tr\/?page_id=1688"},"modified":"2019-03-19T18:36:12","modified_gmt":"2019-03-19T15:36:12","slug":"12v-300wtek-milli-ozel-motorneodyum-miknatisli-1200d-d-ccw","status":"publish","type":"page","link":"http:\/\/salterltd.com.tr\/index.php\/urunler\/elektrikmotorlari\/d-c-motorlar\/12-volt-ozel-motorlar\/12v-300wtek-milli-ozel-motorneodyum-miknatisli-1200d-d-ccw\/","title":{"rendered":"12V 300W,Tek Milli \u00d6zel Motor,Neodyum M\u0131knat\u0131sl\u0131, 1200d\/d CCW"},"content":{"rendered":"\t\t<div data-elementor-type=\"wp-post\" data-elementor-id=\"1688\" class=\"elementor elementor-1688\">\n\t\t\t\t\t\t<div class=\"elementor-inner\">\n\t\t\t\t<div class=\"elementor-section-wrap\">\n\t\t\t\t\t\t\t\t\t<section class=\"elementor-section elementor-top-section elementor-element elementor-element-3e4a5fb elementor-section-boxed elementor-section-height-default elementor-section-height-default\" data-id=\"3e4a5fb\" data-element_type=\"section\">\n\t\t\t\t\t\t<div class=\"elementor-container elementor-column-gap-default\">\n\t\t\t\t\t\t\t<div class=\"elementor-row\">\n\t\t\t\t\t<div class=\"elementor-column elementor-col-50 elementor-top-column elementor-element elementor-element-6559877\" data-id=\"6559877\" data-element_type=\"column\">\n\t\t\t<div class=\"elementor-column-wrap elementor-element-populated\">\n\t\t\t\t\t\t\t<div class=\"elementor-widget-wrap\">\n\t\t\t\t\t\t<div class=\"elementor-element elementor-element-9481574 elementor-widget elementor-widget-image\" data-id=\"9481574\" data-element_type=\"widget\" data-widget_type=\"image.default\">\n\t\t\t\t<div class=\"elementor-widget-container\">\n\t\t\t\t\t\t\t\t<div class=\"elementor-image\">\n\t\t\t\t\t\t\t\t\t\t\t\t<img width=\"746\" height=\"690\" src=\"http:\/\/salterltd.com.tr\/wp-content\/uploads\/2019\/03\/12V-300WTek-Milli-\u00d6zel-MotorNeodyum-M\u0131knat\u0131sl\u0131-1200dd.jpg\" class=\"attachment-large size-large\" alt=\"\" loading=\"lazy\" srcset=\"http:\/\/salterltd.com.tr\/wp-content\/uploads\/2019\/03\/12V-300WTek-Milli-\u00d6zel-MotorNeodyum-M\u0131knat\u0131sl\u0131-1200dd.jpg 746w, http:\/\/salterltd.com.tr\/wp-content\/uploads\/2019\/03\/12V-300WTek-Milli-\u00d6zel-MotorNeodyum-M\u0131knat\u0131sl\u0131-1200dd-300x277.jpg 300w\" sizes=\"(max-width: 746px) 100vw, 746px\" \/>\t\t\t\t\t\t\t\t\t\t\t\t\t\t<\/div>\n\t\t\t\t\t\t<\/div>\n\t\t\t\t<\/div>\n\t\t\t\t\t\t<\/div>\n\t\t\t\t\t<\/div>\n\t\t<\/div>\n\t\t\t\t<div class=\"elementor-column elementor-col-50 elementor-top-column elementor-element elementor-element-5f8b39a\" data-id=\"5f8b39a\" data-element_type=\"column\">\n\t\t\t<div class=\"elementor-column-wrap elementor-element-populated\">\n\t\t\t\t\t\t\t<div class=\"elementor-widget-wrap\">\n\t\t\t\t\t\t<div class=\"elementor-element elementor-element-2d671d3 elementor-widget elementor-widget-image\" data-id=\"2d671d3\" data-element_type=\"widget\" data-widget_type=\"image.default\">\n\t\t\t\t<div class=\"elementor-widget-container\">\n\t\t\t\t\t\t\t\t<div class=\"elementor-image\">\n\t\t\t\t\t\t\t\t\t\t\t\t\t<a href=\"http:\/\/salterltd.com.tr\/wp-content\/uploads\/2019\/03\/12V-300WTek-Milli-\u00d6zel-MotorNeodyum-M\u0131knat\u0131sl\u0131-1200dd_1.jpg\" data-elementor-open-lightbox=\"yes\" data-elementor-lightbox-title=\"12V 300W,Tek Milli \u00d6zel Motor,Neodyum M\u0131knat\u0131sl\u0131, 1200dd_1\" e-action-hash=\"#elementor-action%3Aaction%3Dlightbox%26settings%3DeyJpZCI6MTczMSwidXJsIjoiaHR0cDpcL1wvc2FsdGVybHRkLmNvbS50clwvd3AtY29udGVudFwvdXBsb2Fkc1wvMjAxOVwvMDNcLzEyVi0zMDBXVGVrLU1pbGxpLVx1MDBkNnplbC1Nb3Rvck5lb2R5dW0tTVx1MDEzMWtuYXRcdTAxMzFzbFx1MDEzMS0xMjAwZGRfMS5qcGcifQ%3D%3D\">\n\t\t\t\t\t\t\t<img width=\"810\" height=\"419\" src=\"http:\/\/salterltd.com.tr\/wp-content\/uploads\/2019\/03\/12V-300WTek-Milli-\u00d6zel-MotorNeodyum-M\u0131knat\u0131sl\u0131-1200dd_1-1024x530.jpg\" class=\"attachment-large size-large\" alt=\"\" loading=\"lazy\" srcset=\"http:\/\/salterltd.com.tr\/wp-content\/uploads\/2019\/03\/12V-300WTek-Milli-\u00d6zel-MotorNeodyum-M\u0131knat\u0131sl\u0131-1200dd_1-1024x530.jpg 1024w, http:\/\/salterltd.com.tr\/wp-content\/uploads\/2019\/03\/12V-300WTek-Milli-\u00d6zel-MotorNeodyum-M\u0131knat\u0131sl\u0131-1200dd_1-300x155.jpg 300w, http:\/\/salterltd.com.tr\/wp-content\/uploads\/2019\/03\/12V-300WTek-Milli-\u00d6zel-MotorNeodyum-M\u0131knat\u0131sl\u0131-1200dd_1-768x398.jpg 768w, http:\/\/salterltd.com.tr\/wp-content\/uploads\/2019\/03\/12V-300WTek-Milli-\u00d6zel-MotorNeodyum-M\u0131knat\u0131sl\u0131-1200dd_1.jpg 1332w\" sizes=\"(max-width: 810px) 100vw, 810px\" \/>\t\t\t\t\t\t\t\t<\/a>\n\t\t\t\t\t\t\t\t\t\t\t\t\t\t<\/div>\n\t\t\t\t\t\t<\/div>\n\t\t\t\t<\/div>\n\t\t\t\t\t\t<\/div>\n\t\t\t\t\t<\/div>\n\t\t<\/div>\n\t\t\t\t\t\t\t\t<\/div>\n\t\t\t\t\t<\/div>\n\t\t<\/section>\n\t\t\t\t<section class=\"elementor-section elementor-top-section elementor-element elementor-element-bda67fd elementor-section-boxed elementor-section-height-default elementor-section-height-default\" data-id=\"bda67fd\" data-element_type=\"section\">\n\t\t\t\t\t\t<div class=\"elementor-container elementor-column-gap-default\">\n\t\t\t\t\t\t\t<div class=\"elementor-row\">\n\t\t\t\t\t<div class=\"elementor-column elementor-col-33 elementor-top-column elementor-element elementor-element-8bf7017\" data-id=\"8bf7017\" data-element_type=\"column\">\n\t\t\t<div class=\"elementor-column-wrap elementor-element-populated\">\n\t\t\t\t\t\t\t<div class=\"elementor-widget-wrap\">\n\t\t\t\t\t\t<div class=\"elementor-element elementor-element-c9331e4 elementor-widget elementor-widget-image\" data-id=\"c9331e4\" data-element_type=\"widget\" data-widget_type=\"image.default\">\n\t\t\t\t<div class=\"elementor-widget-container\">\n\t\t\t\t\t\t\t\t<div class=\"elementor-image\">\n\t\t\t\t\t\t\t\t\t\t\t\t\t<a href=\"http:\/\/salterltd.com.tr\/wp-content\/uploads\/2019\/03\/12V-300WTek-Milli-\u00d6zel-MotorNeodyum-M\u0131knat\u0131sl\u0131-1200dd_2.jpg\" data-elementor-open-lightbox=\"yes\" data-elementor-lightbox-title=\"12V 300W,Tek Milli \u00d6zel Motor,Neodyum M\u0131knat\u0131sl\u0131, 1200dd_2\" e-action-hash=\"#elementor-action%3Aaction%3Dlightbox%26settings%3DeyJpZCI6MTczMiwidXJsIjoiaHR0cDpcL1wvc2FsdGVybHRkLmNvbS50clwvd3AtY29udGVudFwvdXBsb2Fkc1wvMjAxOVwvMDNcLzEyVi0zMDBXVGVrLU1pbGxpLVx1MDBkNnplbC1Nb3Rvck5lb2R5dW0tTVx1MDEzMWtuYXRcdTAxMzFzbFx1MDEzMS0xMjAwZGRfMi5qcGcifQ%3D%3D\">\n\t\t\t\t\t\t\t<img width=\"728\" height=\"619\" src=\"http:\/\/salterltd.com.tr\/wp-content\/uploads\/2019\/03\/12V-300WTek-Milli-\u00d6zel-MotorNeodyum-M\u0131knat\u0131sl\u0131-1200dd_2.jpg\" class=\"attachment-large size-large\" alt=\"\" loading=\"lazy\" srcset=\"http:\/\/salterltd.com.tr\/wp-content\/uploads\/2019\/03\/12V-300WTek-Milli-\u00d6zel-MotorNeodyum-M\u0131knat\u0131sl\u0131-1200dd_2.jpg 728w, http:\/\/salterltd.com.tr\/wp-content\/uploads\/2019\/03\/12V-300WTek-Milli-\u00d6zel-MotorNeodyum-M\u0131knat\u0131sl\u0131-1200dd_2-300x255.jpg 300w\" sizes=\"(max-width: 728px) 100vw, 728px\" \/>\t\t\t\t\t\t\t\t<\/a>\n\t\t\t\t\t\t\t\t\t\t\t\t\t\t<\/div>\n\t\t\t\t\t\t<\/div>\n\t\t\t\t<\/div>\n\t\t\t\t\t\t<\/div>\n\t\t\t\t\t<\/div>\n\t\t<\/div>\n\t\t\t\t<div class=\"elementor-column elementor-col-33 elementor-top-column elementor-element elementor-element-56f5c80\" data-id=\"56f5c80\" data-element_type=\"column\">\n\t\t\t<div class=\"elementor-column-wrap elementor-element-populated\">\n\t\t\t\t\t\t\t<div class=\"elementor-widget-wrap\">\n\t\t\t\t\t\t<div class=\"elementor-element elementor-element-ffeaa66 elementor-widget elementor-widget-image\" data-id=\"ffeaa66\" data-element_type=\"widget\" data-widget_type=\"image.default\">\n\t\t\t\t<div class=\"elementor-widget-container\">\n\t\t\t\t\t\t\t\t<div class=\"elementor-image\">\n\t\t\t\t\t\t\t\t\t\t\t\t\t<a href=\"http:\/\/salterltd.com.tr\/wp-content\/uploads\/2019\/03\/12V-300WTek-Milli-\u00d6zel-MotorNeodyum-M\u0131knat\u0131sl\u0131-1200dd_3.jpg\" data-elementor-open-lightbox=\"yes\" data-elementor-lightbox-title=\"12V 300W,Tek Milli \u00d6zel Motor,Neodyum M\u0131knat\u0131sl\u0131, 1200dd_3\" e-action-hash=\"#elementor-action%3Aaction%3Dlightbox%26settings%3DeyJpZCI6MTczMywidXJsIjoiaHR0cDpcL1wvc2FsdGVybHRkLmNvbS50clwvd3AtY29udGVudFwvdXBsb2Fkc1wvMjAxOVwvMDNcLzEyVi0zMDBXVGVrLU1pbGxpLVx1MDBkNnplbC1Nb3Rvck5lb2R5dW0tTVx1MDEzMWtuYXRcdTAxMzFzbFx1MDEzMS0xMjAwZGRfMy5qcGcifQ%3D%3D\">\n\t\t\t\t\t\t\t<img width=\"728\" height=\"501\" src=\"http:\/\/salterltd.com.tr\/wp-content\/uploads\/2019\/03\/12V-300WTek-Milli-\u00d6zel-MotorNeodyum-M\u0131knat\u0131sl\u0131-1200dd_3.jpg\" class=\"attachment-large size-large\" alt=\"\" loading=\"lazy\" srcset=\"http:\/\/salterltd.com.tr\/wp-content\/uploads\/2019\/03\/12V-300WTek-Milli-\u00d6zel-MotorNeodyum-M\u0131knat\u0131sl\u0131-1200dd_3.jpg 728w, http:\/\/salterltd.com.tr\/wp-content\/uploads\/2019\/03\/12V-300WTek-Milli-\u00d6zel-MotorNeodyum-M\u0131knat\u0131sl\u0131-1200dd_3-300x206.jpg 300w\" sizes=\"(max-width: 728px) 100vw, 728px\" \/>\t\t\t\t\t\t\t\t<\/a>\n\t\t\t\t\t\t\t\t\t\t\t\t\t\t<\/div>\n\t\t\t\t\t\t<\/div>\n\t\t\t\t<\/div>\n\t\t\t\t\t\t<\/div>\n\t\t\t\t\t<\/div>\n\t\t<\/div>\n\t\t\t\t<div class=\"elementor-column elementor-col-33 elementor-top-column elementor-element elementor-element-0af7ec4\" data-id=\"0af7ec4\" data-element_type=\"column\">\n\t\t\t<div class=\"elementor-column-wrap elementor-element-populated\">\n\t\t\t\t\t\t\t<div class=\"elementor-widget-wrap\">\n\t\t\t\t\t\t<div class=\"elementor-element elementor-element-151883b elementor-widget elementor-widget-image\" data-id=\"151883b\" data-element_type=\"widget\" data-widget_type=\"image.default\">\n\t\t\t\t<div class=\"elementor-widget-container\">\n\t\t\t\t\t\t\t\t<div class=\"elementor-image\">\n\t\t\t\t\t\t\t\t\t\t\t\t\t<a href=\"http:\/\/salterltd.com.tr\/wp-content\/uploads\/2019\/03\/12V-300WTek-Milli-\u00d6zel-MotorNeodyum-M\u0131knat\u0131sl\u0131-1200dd_4.jpg\" data-elementor-open-lightbox=\"yes\" data-elementor-lightbox-title=\"12V 300W,Tek Milli \u00d6zel Motor,Neodyum M\u0131knat\u0131sl\u0131, 1200dd_4\" e-action-hash=\"#elementor-action%3Aaction%3Dlightbox%26settings%3DeyJpZCI6MTczNCwidXJsIjoiaHR0cDpcL1wvc2FsdGVybHRkLmNvbS50clwvd3AtY29udGVudFwvdXBsb2Fkc1wvMjAxOVwvMDNcLzEyVi0zMDBXVGVrLU1pbGxpLVx1MDBkNnplbC1Nb3Rvck5lb2R5dW0tTVx1MDEzMWtuYXRcdTAxMzFzbFx1MDEzMS0xMjAwZGRfNC5qcGcifQ%3D%3D\">\n\t\t\t\t\t\t\t<img width=\"728\" height=\"501\" src=\"http:\/\/salterltd.com.tr\/wp-content\/uploads\/2019\/03\/12V-300WTek-Milli-\u00d6zel-MotorNeodyum-M\u0131knat\u0131sl\u0131-1200dd_4.jpg\" class=\"attachment-large size-large\" alt=\"\" loading=\"lazy\" srcset=\"http:\/\/salterltd.com.tr\/wp-content\/uploads\/2019\/03\/12V-300WTek-Milli-\u00d6zel-MotorNeodyum-M\u0131knat\u0131sl\u0131-1200dd_4.jpg 728w, http:\/\/salterltd.com.tr\/wp-content\/uploads\/2019\/03\/12V-300WTek-Milli-\u00d6zel-MotorNeodyum-M\u0131knat\u0131sl\u0131-1200dd_4-300x206.jpg 300w\" sizes=\"(max-width: 728px) 100vw, 728px\" \/>\t\t\t\t\t\t\t\t<\/a>\n\t\t\t\t\t\t\t\t\t\t\t\t\t\t<\/div>\n\t\t\t\t\t\t<\/div>\n\t\t\t\t<\/div>\n\t\t\t\t\t\t<\/div>\n\t\t\t\t\t<\/div>\n\t\t<\/div>\n\t\t\t\t\t\t\t\t<\/div>\n\t\t\t\t\t<\/div>\n\t\t<\/section>\n\t\t\t\t\t\t\t\t\t<\/div>\n\t\t\t<\/div>\n\t\t\t\t\t<\/div>\n\t\t","protected":false},"excerpt":{"rendered":"","protected":false},"author":1,"featured_media":0,"parent":1672,"menu_order":0,"comment_status":"closed","ping_status":"closed","template":"","meta":[],"wf_page_folders":[],"yoast_head":"<!-- This site is optimized with the Yoast SEO plugin v16.2 - https:\/\/yoast.com\/wordpress\/plugins\/seo\/ -->\n<title>12V 300W,Tek Milli \u00d6zel Motor,Neodyum M\u0131knat\u0131sl\u0131, 1200d\/d CCW - Salter<\/title>\n<meta name=\"robots\" content=\"index, follow, max-snippet:-1, max-image-preview:large, max-video-preview:-1\" \/>\n<link rel=\"canonical\" href=\"http:\/\/salterltd.com.tr\/index.php\/urunler\/elektrikmotorlari\/d-c-motorlar\/12-volt-ozel-motorlar\/12v-300wtek-milli-ozel-motorneodyum-miknatisli-1200d-d-ccw\/\" \/>\n<meta property=\"og:locale\" content=\"tr_TR\" \/>\n<meta property=\"og:type\" content=\"article\" \/>\n<meta property=\"og:title\" content=\"12V 300W,Tek Milli \u00d6zel Motor,Neodyum M\u0131knat\u0131sl\u0131, 1200d\/d CCW - Salter\" \/>\n<meta property=\"og:url\" content=\"http:\/\/salterltd.com.tr\/index.php\/urunler\/elektrikmotorlari\/d-c-motorlar\/12-volt-ozel-motorlar\/12v-300wtek-milli-ozel-motorneodyum-miknatisli-1200d-d-ccw\/\" \/>\n<meta property=\"og:site_name\" content=\"Salter\" \/>\n<meta property=\"article:modified_time\" content=\"2019-03-19T15:36:12+00:00\" \/>\n<meta property=\"og:image\" content=\"http:\/\/salterltd.com.tr\/wp-content\/uploads\/2019\/03\/12V-300WTek-Milli-\u00d6zel-MotorNeodyum-M\u0131knat\u0131sl\u0131-1200dd.jpg\" \/>\n<meta name=\"twitter:card\" content=\"summary_large_image\" \/>\n<script type=\"application\/ld+json\" class=\"yoast-schema-graph\">{\"@context\":\"https:\/\/schema.org\",\"@graph\":[{\"@type\":\"Organization\",\"@id\":\"http:\/\/salterltd.com.tr\/#organization\",\"name\":\"Tamsan Elektrik Motor San. ve Tic. Ltd. \\u015eti.\",\"url\":\"http:\/\/salterltd.com.tr\/\",\"sameAs\":[],\"logo\":{\"@type\":\"ImageObject\",\"@id\":\"http:\/\/salterltd.com.tr\/#logo\",\"inLanguage\":\"tr\",\"url\":\"http:\/\/salterltd.com.tr\/wp-content\/uploads\/2019\/11\/TAMSAN-logo.jpg\",\"contentUrl\":\"http:\/\/salterltd.com.tr\/wp-content\/uploads\/2019\/11\/TAMSAN-logo.jpg\",\"width\":1388,\"height\":292,\"caption\":\"Tamsan Elektrik Motor San. ve Tic. Ltd. \\u015eti.\"},\"image\":{\"@id\":\"http:\/\/salterltd.com.tr\/#logo\"}},{\"@type\":\"WebSite\",\"@id\":\"http:\/\/salterltd.com.tr\/#website\",\"url\":\"http:\/\/salterltd.com.tr\/\",\"name\":\"Tamsan Elektrik Motor\",\"description\":\"\",\"publisher\":{\"@id\":\"http:\/\/salterltd.com.tr\/#organization\"},\"potentialAction\":[{\"@type\":\"SearchAction\",\"target\":\"http:\/\/salterltd.com.tr\/?s={search_term_string}\",\"query-input\":\"required name=search_term_string\"}],\"inLanguage\":\"tr\"},{\"@type\":\"ImageObject\",\"@id\":\"http:\/\/salterltd.com.tr\/index.php\/urunler\/elektrikmotorlari\/d-c-motorlar\/12-volt-ozel-motorlar\/12v-300wtek-milli-ozel-motorneodyum-miknatisli-1200d-d-ccw\/#primaryimage\",\"inLanguage\":\"tr\",\"url\":\"http:\/\/salterltd.com.tr\/wp-content\/uploads\/2019\/03\/12V-300WTek-Milli-\\u00d6zel-MotorNeodyum-M\\u0131knat\\u0131sl\\u0131-1200dd.jpg\",\"contentUrl\":\"http:\/\/salterltd.com.tr\/wp-content\/uploads\/2019\/03\/12V-300WTek-Milli-\\u00d6zel-MotorNeodyum-M\\u0131knat\\u0131sl\\u0131-1200dd.jpg\",\"width\":746,\"height\":690},{\"@type\":\"WebPage\",\"@id\":\"http:\/\/salterltd.com.tr\/index.php\/urunler\/elektrikmotorlari\/d-c-motorlar\/12-volt-ozel-motorlar\/12v-300wtek-milli-ozel-motorneodyum-miknatisli-1200d-d-ccw\/#webpage\",\"url\":\"http:\/\/salterltd.com.tr\/index.php\/urunler\/elektrikmotorlari\/d-c-motorlar\/12-volt-ozel-motorlar\/12v-300wtek-milli-ozel-motorneodyum-miknatisli-1200d-d-ccw\/\",\"name\":\"12V 300W,Tek Milli \\u00d6zel Motor,Neodyum M\\u0131knat\\u0131sl\\u0131, 1200d\/d CCW - Salter\",\"isPartOf\":{\"@id\":\"http:\/\/salterltd.com.tr\/#website\"},\"primaryImageOfPage\":{\"@id\":\"http:\/\/salterltd.com.tr\/index.php\/urunler\/elektrikmotorlari\/d-c-motorlar\/12-volt-ozel-motorlar\/12v-300wtek-milli-ozel-motorneodyum-miknatisli-1200d-d-ccw\/#primaryimage\"},\"datePublished\":\"2019-03-19T14:55:57+00:00\",\"dateModified\":\"2019-03-19T15:36:12+00:00\",\"breadcrumb\":{\"@id\":\"http:\/\/salterltd.com.tr\/index.php\/urunler\/elektrikmotorlari\/d-c-motorlar\/12-volt-ozel-motorlar\/12v-300wtek-milli-ozel-motorneodyum-miknatisli-1200d-d-ccw\/#breadcrumb\"},\"inLanguage\":\"tr\",\"potentialAction\":[{\"@type\":\"ReadAction\",\"target\":[\"http:\/\/salterltd.com.tr\/index.php\/urunler\/elektrikmotorlari\/d-c-motorlar\/12-volt-ozel-motorlar\/12v-300wtek-milli-ozel-motorneodyum-miknatisli-1200d-d-ccw\/\"]}]},{\"@type\":\"BreadcrumbList\",\"@id\":\"http:\/\/salterltd.com.tr\/index.php\/urunler\/elektrikmotorlari\/d-c-motorlar\/12-volt-ozel-motorlar\/12v-300wtek-milli-ozel-motorneodyum-miknatisli-1200d-d-ccw\/#breadcrumb\",\"itemListElement\":[{\"@type\":\"ListItem\",\"position\":1,\"item\":{\"@type\":\"WebPage\",\"@id\":\"http:\/\/salterltd.com.tr\/\",\"url\":\"http:\/\/salterltd.com.tr\/\",\"name\":\"Ana sayfa\"}},{\"@type\":\"ListItem\",\"position\":2,\"item\":{\"@type\":\"WebPage\",\"@id\":\"http:\/\/salterltd.com.tr\/index.php\/urunler\/\",\"url\":\"http:\/\/salterltd.com.tr\/index.php\/urunler\/\",\"name\":\"\\u00dcr\\u00fcnler\"}},{\"@type\":\"ListItem\",\"position\":3,\"item\":{\"@type\":\"WebPage\",\"@id\":\"http:\/\/salterltd.com.tr\/index.php\/urunler\/elektrikmotorlari\/\",\"url\":\"http:\/\/salterltd.com.tr\/index.php\/urunler\/elektrikmotorlari\/\",\"name\":\"Elektrik Motorlar\\u0131\"}},{\"@type\":\"ListItem\",\"position\":4,\"item\":{\"@type\":\"WebPage\",\"@id\":\"http:\/\/salterltd.com.tr\/index.php\/urunler\/elektrikmotorlari\/d-c-motorlar\/\",\"url\":\"http:\/\/salterltd.com.tr\/index.php\/urunler\/elektrikmotorlari\/d-c-motorlar\/\",\"name\":\"D.c Motorlar\"}},{\"@type\":\"ListItem\",\"position\":5,\"item\":{\"@type\":\"WebPage\",\"@id\":\"http:\/\/salterltd.com.tr\/index.php\/urunler\/elektrikmotorlari\/d-c-motorlar\/12-volt-ozel-motorlar\/\",\"url\":\"http:\/\/salterltd.com.tr\/index.php\/urunler\/elektrikmotorlari\/d-c-motorlar\/12-volt-ozel-motorlar\/\",\"name\":\"12V \\u00d6zel Motorlar\"}},{\"@type\":\"ListItem\",\"position\":6,\"item\":{\"@id\":\"http:\/\/salterltd.com.tr\/index.php\/urunler\/elektrikmotorlari\/d-c-motorlar\/12-volt-ozel-motorlar\/12v-300wtek-milli-ozel-motorneodyum-miknatisli-1200d-d-ccw\/#webpage\"}}]}]}<\/script>\n<!-- \/ Yoast SEO plugin. -->","_links":{"self":[{"href":"http:\/\/salterltd.com.tr\/index.php\/wp-json\/wp\/v2\/pages\/1688"}],"collection":[{"href":"http:\/\/salterltd.com.tr\/index.php\/wp-json\/wp\/v2\/pages"}],"about":[{"href":"http:\/\/salterltd.com.tr\/index.php\/wp-json\/wp\/v2\/types\/page"}],"author":[{"embeddable":true,"href":"http:\/\/salterltd.com.tr\/index.php\/wp-json\/wp\/v2\/users\/1"}],"replies":[{"embeddable":true,"href":"http:\/\/salterltd.com.tr\/index.php\/wp-json\/wp\/v2\/comments?post=1688"}],"version-history":[{"count":0,"href":"http:\/\/salterltd.com.tr\/index.php\/wp-json\/wp\/v2\/pages\/1688\/revisions"}],"up":[{"embeddable":true,"href":"http:\/\/salterltd.com.tr\/index.php\/wp-json\/wp\/v2\/pages\/1672"}],"wp:attachment":[{"href":"http:\/\/salterltd.com.tr\/index.php\/wp-json\/wp\/v2\/media?parent=1688"}],"wp:term":[{"taxonomy":"wf_page_folders","embeddable":true,"href":"http:\/\/salterltd.com.tr\/index.php\/wp-json\/wp\/v2\/wf_page_folders?post=1688"}],"curies":[{"name":"wp","href":"https:\/\/api.w.org\/{rel}","templated":true}]}}