{"id":1690,"date":"2019-03-19T17:56:13","date_gmt":"2019-03-19T14:56:13","guid":{"rendered":"http:\/\/salterltd.com.tr\/?page_id=1690"},"modified":"2019-03-19T18:39:49","modified_gmt":"2019-03-19T15:39:49","slug":"12v-400wtek-milli-ozel-motorneodyum-miknatisli-800d-d-ccw","status":"publish","type":"page","link":"http:\/\/salterltd.com.tr\/index.php\/urunler\/elektrikmotorlari\/d-c-motorlar\/12-volt-ozel-motorlar\/12v-400wtek-milli-ozel-motorneodyum-miknatisli-800d-d-ccw\/","title":{"rendered":"12V 400W,Tek Milli \u00d6zel Motor,Neodyum M\u0131knat\u0131sl\u0131, 800d\/d CCW"},"content":{"rendered":"\t\t<div data-elementor-type=\"wp-post\" data-elementor-id=\"1690\" class=\"elementor elementor-1690\">\n\t\t\t\t\t\t<div class=\"elementor-inner\">\n\t\t\t\t<div class=\"elementor-section-wrap\">\n\t\t\t\t\t\t\t\t\t<section class=\"elementor-section elementor-top-section elementor-element elementor-element-2a54afd elementor-section-boxed elementor-section-height-default elementor-section-height-default\" data-id=\"2a54afd\" data-element_type=\"section\">\n\t\t\t\t\t\t<div class=\"elementor-container elementor-column-gap-default\">\n\t\t\t\t\t\t\t<div class=\"elementor-row\">\n\t\t\t\t\t<div class=\"elementor-column elementor-col-50 elementor-top-column elementor-element elementor-element-9f3cc11\" data-id=\"9f3cc11\" data-element_type=\"column\">\n\t\t\t<div class=\"elementor-column-wrap elementor-element-populated\">\n\t\t\t\t\t\t\t<div class=\"elementor-widget-wrap\">\n\t\t\t\t\t\t<div class=\"elementor-element elementor-element-d995f53 elementor-widget elementor-widget-image\" data-id=\"d995f53\" data-element_type=\"widget\" data-widget_type=\"image.default\">\n\t\t\t\t<div class=\"elementor-widget-container\">\n\t\t\t\t\t\t\t\t<div class=\"elementor-image\">\n\t\t\t\t\t\t\t\t\t\t\t\t<img width=\"746\" height=\"690\" src=\"http:\/\/salterltd.com.tr\/wp-content\/uploads\/2019\/03\/12V-400WTek-Milli-\u00d6zel-MotorNeodyum-M\u0131knat\u0131sl\u0131-800dd.jpg\" class=\"attachment-large size-large\" alt=\"\" loading=\"lazy\" srcset=\"http:\/\/salterltd.com.tr\/wp-content\/uploads\/2019\/03\/12V-400WTek-Milli-\u00d6zel-MotorNeodyum-M\u0131knat\u0131sl\u0131-800dd.jpg 746w, http:\/\/salterltd.com.tr\/wp-content\/uploads\/2019\/03\/12V-400WTek-Milli-\u00d6zel-MotorNeodyum-M\u0131knat\u0131sl\u0131-800dd-300x277.jpg 300w\" sizes=\"(max-width: 746px) 100vw, 746px\" \/>\t\t\t\t\t\t\t\t\t\t\t\t\t\t<\/div>\n\t\t\t\t\t\t<\/div>\n\t\t\t\t<\/div>\n\t\t\t\t\t\t<\/div>\n\t\t\t\t\t<\/div>\n\t\t<\/div>\n\t\t\t\t<div class=\"elementor-column elementor-col-50 elementor-top-column elementor-element elementor-element-5109c75\" data-id=\"5109c75\" data-element_type=\"column\">\n\t\t\t<div class=\"elementor-column-wrap elementor-element-populated\">\n\t\t\t\t\t\t\t<div class=\"elementor-widget-wrap\">\n\t\t\t\t\t\t<div class=\"elementor-element elementor-element-5faf737 elementor-widget elementor-widget-image\" data-id=\"5faf737\" data-element_type=\"widget\" data-widget_type=\"image.default\">\n\t\t\t\t<div class=\"elementor-widget-container\">\n\t\t\t\t\t\t\t\t<div class=\"elementor-image\">\n\t\t\t\t\t\t\t\t\t\t\t\t\t<a href=\"http:\/\/salterltd.com.tr\/wp-content\/uploads\/2019\/03\/12V-400WTek-Milli-\u00d6zel-MotorNeodyum-M\u0131knat\u0131sl\u0131-800dd_2.jpg\" data-elementor-open-lightbox=\"yes\" data-elementor-lightbox-title=\"12V 400W,Tek Milli \u00d6zel Motor,Neodyum M\u0131knat\u0131sl\u0131, 800dd_2\" e-action-hash=\"#elementor-action%3Aaction%3Dlightbox%26settings%3DeyJpZCI6MTc0NCwidXJsIjoiaHR0cDpcL1wvc2FsdGVybHRkLmNvbS50clwvd3AtY29udGVudFwvdXBsb2Fkc1wvMjAxOVwvMDNcLzEyVi00MDBXVGVrLU1pbGxpLVx1MDBkNnplbC1Nb3Rvck5lb2R5dW0tTVx1MDEzMWtuYXRcdTAxMzFzbFx1MDEzMS04MDBkZF8yLmpwZyJ9\">\n\t\t\t\t\t\t\t<img width=\"810\" height=\"419\" src=\"http:\/\/salterltd.com.tr\/wp-content\/uploads\/2019\/03\/12V-400WTek-Milli-\u00d6zel-MotorNeodyum-M\u0131knat\u0131sl\u0131-800dd_2-1024x530.jpg\" class=\"attachment-large size-large\" alt=\"\" loading=\"lazy\" srcset=\"http:\/\/salterltd.com.tr\/wp-content\/uploads\/2019\/03\/12V-400WTek-Milli-\u00d6zel-MotorNeodyum-M\u0131knat\u0131sl\u0131-800dd_2-1024x530.jpg 1024w, http:\/\/salterltd.com.tr\/wp-content\/uploads\/2019\/03\/12V-400WTek-Milli-\u00d6zel-MotorNeodyum-M\u0131knat\u0131sl\u0131-800dd_2-300x155.jpg 300w, http:\/\/salterltd.com.tr\/wp-content\/uploads\/2019\/03\/12V-400WTek-Milli-\u00d6zel-MotorNeodyum-M\u0131knat\u0131sl\u0131-800dd_2-768x398.jpg 768w, http:\/\/salterltd.com.tr\/wp-content\/uploads\/2019\/03\/12V-400WTek-Milli-\u00d6zel-MotorNeodyum-M\u0131knat\u0131sl\u0131-800dd_2.jpg 1332w\" sizes=\"(max-width: 810px) 100vw, 810px\" \/>\t\t\t\t\t\t\t\t<\/a>\n\t\t\t\t\t\t\t\t\t\t\t\t\t\t<\/div>\n\t\t\t\t\t\t<\/div>\n\t\t\t\t<\/div>\n\t\t\t\t\t\t<\/div>\n\t\t\t\t\t<\/div>\n\t\t<\/div>\n\t\t\t\t\t\t\t\t<\/div>\n\t\t\t\t\t<\/div>\n\t\t<\/section>\n\t\t\t\t<section class=\"elementor-section elementor-top-section elementor-element elementor-element-ea7114a elementor-section-boxed elementor-section-height-default elementor-section-height-default\" data-id=\"ea7114a\" data-element_type=\"section\">\n\t\t\t\t\t\t<div class=\"elementor-container elementor-column-gap-default\">\n\t\t\t\t\t\t\t<div class=\"elementor-row\">\n\t\t\t\t\t<div class=\"elementor-column elementor-col-33 elementor-top-column elementor-element elementor-element-0576cb6\" data-id=\"0576cb6\" data-element_type=\"column\">\n\t\t\t<div class=\"elementor-column-wrap elementor-element-populated\">\n\t\t\t\t\t\t\t<div class=\"elementor-widget-wrap\">\n\t\t\t\t\t\t<div class=\"elementor-element elementor-element-263b9a4 elementor-widget elementor-widget-image\" data-id=\"263b9a4\" data-element_type=\"widget\" data-widget_type=\"image.default\">\n\t\t\t\t<div class=\"elementor-widget-container\">\n\t\t\t\t\t\t\t\t<div class=\"elementor-image\">\n\t\t\t\t\t\t\t\t\t\t\t\t\t<a href=\"http:\/\/salterltd.com.tr\/wp-content\/uploads\/2019\/03\/12V-400WTek-Milli-\u00d6zel-MotorNeodyum-M\u0131knat\u0131sl\u0131-800dd_3.jpg\" data-elementor-open-lightbox=\"yes\" data-elementor-lightbox-title=\"12V 400W,Tek Milli \u00d6zel Motor,Neodyum M\u0131knat\u0131sl\u0131, 800dd_3\" e-action-hash=\"#elementor-action%3Aaction%3Dlightbox%26settings%3DeyJpZCI6MTc0NSwidXJsIjoiaHR0cDpcL1wvc2FsdGVybHRkLmNvbS50clwvd3AtY29udGVudFwvdXBsb2Fkc1wvMjAxOVwvMDNcLzEyVi00MDBXVGVrLU1pbGxpLVx1MDBkNnplbC1Nb3Rvck5lb2R5dW0tTVx1MDEzMWtuYXRcdTAxMzFzbFx1MDEzMS04MDBkZF8zLmpwZyJ9\">\n\t\t\t\t\t\t\t<img width=\"728\" height=\"619\" src=\"http:\/\/salterltd.com.tr\/wp-content\/uploads\/2019\/03\/12V-400WTek-Milli-\u00d6zel-MotorNeodyum-M\u0131knat\u0131sl\u0131-800dd_3.jpg\" class=\"attachment-large size-large\" alt=\"\" loading=\"lazy\" srcset=\"http:\/\/salterltd.com.tr\/wp-content\/uploads\/2019\/03\/12V-400WTek-Milli-\u00d6zel-MotorNeodyum-M\u0131knat\u0131sl\u0131-800dd_3.jpg 728w, http:\/\/salterltd.com.tr\/wp-content\/uploads\/2019\/03\/12V-400WTek-Milli-\u00d6zel-MotorNeodyum-M\u0131knat\u0131sl\u0131-800dd_3-300x255.jpg 300w\" sizes=\"(max-width: 728px) 100vw, 728px\" \/>\t\t\t\t\t\t\t\t<\/a>\n\t\t\t\t\t\t\t\t\t\t\t\t\t\t<\/div>\n\t\t\t\t\t\t<\/div>\n\t\t\t\t<\/div>\n\t\t\t\t\t\t<\/div>\n\t\t\t\t\t<\/div>\n\t\t<\/div>\n\t\t\t\t<div class=\"elementor-column elementor-col-33 elementor-top-column elementor-element elementor-element-0dca972\" data-id=\"0dca972\" data-element_type=\"column\">\n\t\t\t<div class=\"elementor-column-wrap elementor-element-populated\">\n\t\t\t\t\t\t\t<div class=\"elementor-widget-wrap\">\n\t\t\t\t\t\t<div class=\"elementor-element elementor-element-0b05932 elementor-widget elementor-widget-image\" data-id=\"0b05932\" data-element_type=\"widget\" data-widget_type=\"image.default\">\n\t\t\t\t<div class=\"elementor-widget-container\">\n\t\t\t\t\t\t\t\t<div class=\"elementor-image\">\n\t\t\t\t\t\t\t\t\t\t\t\t\t<a href=\"http:\/\/salterltd.com.tr\/wp-content\/uploads\/2019\/03\/12V-400WTek-Milli-\u00d6zel-MotorNeodyum-M\u0131knat\u0131sl\u0131-800dd_4.jpg\" data-elementor-open-lightbox=\"yes\" data-elementor-lightbox-title=\"12V 400W,Tek Milli \u00d6zel Motor,Neodyum M\u0131knat\u0131sl\u0131, 800dd_4\" e-action-hash=\"#elementor-action%3Aaction%3Dlightbox%26settings%3DeyJpZCI6MTc0NiwidXJsIjoiaHR0cDpcL1wvc2FsdGVybHRkLmNvbS50clwvd3AtY29udGVudFwvdXBsb2Fkc1wvMjAxOVwvMDNcLzEyVi00MDBXVGVrLU1pbGxpLVx1MDBkNnplbC1Nb3Rvck5lb2R5dW0tTVx1MDEzMWtuYXRcdTAxMzFzbFx1MDEzMS04MDBkZF80LmpwZyJ9\">\n\t\t\t\t\t\t\t<img width=\"728\" height=\"501\" src=\"http:\/\/salterltd.com.tr\/wp-content\/uploads\/2019\/03\/12V-400WTek-Milli-\u00d6zel-MotorNeodyum-M\u0131knat\u0131sl\u0131-800dd_4.jpg\" class=\"attachment-large size-large\" alt=\"\" loading=\"lazy\" srcset=\"http:\/\/salterltd.com.tr\/wp-content\/uploads\/2019\/03\/12V-400WTek-Milli-\u00d6zel-MotorNeodyum-M\u0131knat\u0131sl\u0131-800dd_4.jpg 728w, http:\/\/salterltd.com.tr\/wp-content\/uploads\/2019\/03\/12V-400WTek-Milli-\u00d6zel-MotorNeodyum-M\u0131knat\u0131sl\u0131-800dd_4-300x206.jpg 300w\" sizes=\"(max-width: 728px) 100vw, 728px\" \/>\t\t\t\t\t\t\t\t<\/a>\n\t\t\t\t\t\t\t\t\t\t\t\t\t\t<\/div>\n\t\t\t\t\t\t<\/div>\n\t\t\t\t<\/div>\n\t\t\t\t\t\t<\/div>\n\t\t\t\t\t<\/div>\n\t\t<\/div>\n\t\t\t\t<div class=\"elementor-column elementor-col-33 elementor-top-column elementor-element elementor-element-748d92b\" data-id=\"748d92b\" data-element_type=\"column\">\n\t\t\t<div class=\"elementor-column-wrap elementor-element-populated\">\n\t\t\t\t\t\t\t<div class=\"elementor-widget-wrap\">\n\t\t\t\t\t\t<div class=\"elementor-element elementor-element-cc5f603 elementor-widget elementor-widget-image\" data-id=\"cc5f603\" data-element_type=\"widget\" data-widget_type=\"image.default\">\n\t\t\t\t<div class=\"elementor-widget-container\">\n\t\t\t\t\t\t\t\t<div class=\"elementor-image\">\n\t\t\t\t\t\t\t\t\t\t\t\t\t<a href=\"http:\/\/salterltd.com.tr\/wp-content\/uploads\/2019\/03\/5-16.jpg\" data-elementor-open-lightbox=\"yes\" data-elementor-lightbox-title=\"5-16\" e-action-hash=\"#elementor-action%3Aaction%3Dlightbox%26settings%3DeyJpZCI6MTc0MywidXJsIjoiaHR0cDpcL1wvc2FsdGVybHRkLmNvbS50clwvd3AtY29udGVudFwvdXBsb2Fkc1wvMjAxOVwvMDNcLzUtMTYuanBnIn0%3D\">\n\t\t\t\t\t\t\t<img width=\"728\" height=\"501\" src=\"http:\/\/salterltd.com.tr\/wp-content\/uploads\/2019\/03\/5-16.jpg\" class=\"attachment-large size-large\" alt=\"\" loading=\"lazy\" srcset=\"http:\/\/salterltd.com.tr\/wp-content\/uploads\/2019\/03\/5-16.jpg 728w, http:\/\/salterltd.com.tr\/wp-content\/uploads\/2019\/03\/5-16-300x206.jpg 300w\" sizes=\"(max-width: 728px) 100vw, 728px\" \/>\t\t\t\t\t\t\t\t<\/a>\n\t\t\t\t\t\t\t\t\t\t\t\t\t\t<\/div>\n\t\t\t\t\t\t<\/div>\n\t\t\t\t<\/div>\n\t\t\t\t\t\t<\/div>\n\t\t\t\t\t<\/div>\n\t\t<\/div>\n\t\t\t\t\t\t\t\t<\/div>\n\t\t\t\t\t<\/div>\n\t\t<\/section>\n\t\t\t\t\t\t\t\t\t<\/div>\n\t\t\t<\/div>\n\t\t\t\t\t<\/div>\n\t\t","protected":false},"excerpt":{"rendered":"","protected":false},"author":1,"featured_media":0,"parent":1672,"menu_order":0,"comment_status":"closed","ping_status":"closed","template":"","meta":[],"wf_page_folders":[],"yoast_head":"<!-- This site is optimized with the Yoast SEO plugin v16.2 - https:\/\/yoast.com\/wordpress\/plugins\/seo\/ -->\n<title>12V 400W,Tek Milli \u00d6zel Motor,Neodyum M\u0131knat\u0131sl\u0131, 800d\/d CCW - Salter<\/title>\n<meta name=\"robots\" content=\"index, follow, max-snippet:-1, max-image-preview:large, max-video-preview:-1\" \/>\n<link rel=\"canonical\" href=\"http:\/\/salterltd.com.tr\/index.php\/urunler\/elektrikmotorlari\/d-c-motorlar\/12-volt-ozel-motorlar\/12v-400wtek-milli-ozel-motorneodyum-miknatisli-800d-d-ccw\/\" \/>\n<meta property=\"og:locale\" content=\"tr_TR\" \/>\n<meta property=\"og:type\" content=\"article\" \/>\n<meta property=\"og:title\" content=\"12V 400W,Tek Milli \u00d6zel Motor,Neodyum M\u0131knat\u0131sl\u0131, 800d\/d CCW - Salter\" \/>\n<meta property=\"og:url\" content=\"http:\/\/salterltd.com.tr\/index.php\/urunler\/elektrikmotorlari\/d-c-motorlar\/12-volt-ozel-motorlar\/12v-400wtek-milli-ozel-motorneodyum-miknatisli-800d-d-ccw\/\" \/>\n<meta property=\"og:site_name\" content=\"Salter\" \/>\n<meta property=\"article:modified_time\" content=\"2019-03-19T15:39:49+00:00\" \/>\n<meta property=\"og:image\" content=\"http:\/\/salterltd.com.tr\/wp-content\/uploads\/2019\/03\/12V-400WTek-Milli-\u00d6zel-MotorNeodyum-M\u0131knat\u0131sl\u0131-800dd.jpg\" \/>\n<meta name=\"twitter:card\" content=\"summary_large_image\" \/>\n<script type=\"application\/ld+json\" class=\"yoast-schema-graph\">{\"@context\":\"https:\/\/schema.org\",\"@graph\":[{\"@type\":\"Organization\",\"@id\":\"http:\/\/salterltd.com.tr\/#organization\",\"name\":\"Tamsan Elektrik Motor San. ve Tic. Ltd. \\u015eti.\",\"url\":\"http:\/\/salterltd.com.tr\/\",\"sameAs\":[],\"logo\":{\"@type\":\"ImageObject\",\"@id\":\"http:\/\/salterltd.com.tr\/#logo\",\"inLanguage\":\"tr\",\"url\":\"http:\/\/salterltd.com.tr\/wp-content\/uploads\/2019\/11\/TAMSAN-logo.jpg\",\"contentUrl\":\"http:\/\/salterltd.com.tr\/wp-content\/uploads\/2019\/11\/TAMSAN-logo.jpg\",\"width\":1388,\"height\":292,\"caption\":\"Tamsan Elektrik Motor San. ve Tic. Ltd. \\u015eti.\"},\"image\":{\"@id\":\"http:\/\/salterltd.com.tr\/#logo\"}},{\"@type\":\"WebSite\",\"@id\":\"http:\/\/salterltd.com.tr\/#website\",\"url\":\"http:\/\/salterltd.com.tr\/\",\"name\":\"Tamsan Elektrik Motor\",\"description\":\"\",\"publisher\":{\"@id\":\"http:\/\/salterltd.com.tr\/#organization\"},\"potentialAction\":[{\"@type\":\"SearchAction\",\"target\":\"http:\/\/salterltd.com.tr\/?s={search_term_string}\",\"query-input\":\"required name=search_term_string\"}],\"inLanguage\":\"tr\"},{\"@type\":\"ImageObject\",\"@id\":\"http:\/\/salterltd.com.tr\/index.php\/urunler\/elektrikmotorlari\/d-c-motorlar\/12-volt-ozel-motorlar\/12v-400wtek-milli-ozel-motorneodyum-miknatisli-800d-d-ccw\/#primaryimage\",\"inLanguage\":\"tr\",\"url\":\"http:\/\/salterltd.com.tr\/wp-content\/uploads\/2019\/03\/12V-400WTek-Milli-\\u00d6zel-MotorNeodyum-M\\u0131knat\\u0131sl\\u0131-800dd.jpg\",\"contentUrl\":\"http:\/\/salterltd.com.tr\/wp-content\/uploads\/2019\/03\/12V-400WTek-Milli-\\u00d6zel-MotorNeodyum-M\\u0131knat\\u0131sl\\u0131-800dd.jpg\",\"width\":746,\"height\":690},{\"@type\":\"WebPage\",\"@id\":\"http:\/\/salterltd.com.tr\/index.php\/urunler\/elektrikmotorlari\/d-c-motorlar\/12-volt-ozel-motorlar\/12v-400wtek-milli-ozel-motorneodyum-miknatisli-800d-d-ccw\/#webpage\",\"url\":\"http:\/\/salterltd.com.tr\/index.php\/urunler\/elektrikmotorlari\/d-c-motorlar\/12-volt-ozel-motorlar\/12v-400wtek-milli-ozel-motorneodyum-miknatisli-800d-d-ccw\/\",\"name\":\"12V 400W,Tek Milli \\u00d6zel Motor,Neodyum M\\u0131knat\\u0131sl\\u0131, 800d\/d CCW - Salter\",\"isPartOf\":{\"@id\":\"http:\/\/salterltd.com.tr\/#website\"},\"primaryImageOfPage\":{\"@id\":\"http:\/\/salterltd.com.tr\/index.php\/urunler\/elektrikmotorlari\/d-c-motorlar\/12-volt-ozel-motorlar\/12v-400wtek-milli-ozel-motorneodyum-miknatisli-800d-d-ccw\/#primaryimage\"},\"datePublished\":\"2019-03-19T14:56:13+00:00\",\"dateModified\":\"2019-03-19T15:39:49+00:00\",\"breadcrumb\":{\"@id\":\"http:\/\/salterltd.com.tr\/index.php\/urunler\/elektrikmotorlari\/d-c-motorlar\/12-volt-ozel-motorlar\/12v-400wtek-milli-ozel-motorneodyum-miknatisli-800d-d-ccw\/#breadcrumb\"},\"inLanguage\":\"tr\",\"potentialAction\":[{\"@type\":\"ReadAction\",\"target\":[\"http:\/\/salterltd.com.tr\/index.php\/urunler\/elektrikmotorlari\/d-c-motorlar\/12-volt-ozel-motorlar\/12v-400wtek-milli-ozel-motorneodyum-miknatisli-800d-d-ccw\/\"]}]},{\"@type\":\"BreadcrumbList\",\"@id\":\"http:\/\/salterltd.com.tr\/index.php\/urunler\/elektrikmotorlari\/d-c-motorlar\/12-volt-ozel-motorlar\/12v-400wtek-milli-ozel-motorneodyum-miknatisli-800d-d-ccw\/#breadcrumb\",\"itemListElement\":[{\"@type\":\"ListItem\",\"position\":1,\"item\":{\"@type\":\"WebPage\",\"@id\":\"http:\/\/salterltd.com.tr\/\",\"url\":\"http:\/\/salterltd.com.tr\/\",\"name\":\"Ana sayfa\"}},{\"@type\":\"ListItem\",\"position\":2,\"item\":{\"@type\":\"WebPage\",\"@id\":\"https:\/\/salterltd.com.tr\/index.php\/urunler\/\",\"url\":\"https:\/\/salterltd.com.tr\/index.php\/urunler\/\",\"name\":\"\\u00dcr\\u00fcnler\"}},{\"@type\":\"ListItem\",\"position\":3,\"item\":{\"@type\":\"WebPage\",\"@id\":\"http:\/\/salterltd.com.tr\/index.php\/urunler\/elektrikmotorlari\/\",\"url\":\"http:\/\/salterltd.com.tr\/index.php\/urunler\/elektrikmotorlari\/\",\"name\":\"Elektrik Motorlar\\u0131\"}},{\"@type\":\"ListItem\",\"position\":4,\"item\":{\"@type\":\"WebPage\",\"@id\":\"http:\/\/salterltd.com.tr\/index.php\/urunler\/elektrikmotorlari\/d-c-motorlar\/\",\"url\":\"http:\/\/salterltd.com.tr\/index.php\/urunler\/elektrikmotorlari\/d-c-motorlar\/\",\"name\":\"D.c Motorlar\"}},{\"@type\":\"ListItem\",\"position\":5,\"item\":{\"@type\":\"WebPage\",\"@id\":\"https:\/\/salterltd.com.tr\/index.php\/urunler\/elektrikmotorlari\/d-c-motorlar\/12-volt-ozel-motorlar\/\",\"url\":\"https:\/\/salterltd.com.tr\/index.php\/urunler\/elektrikmotorlari\/d-c-motorlar\/12-volt-ozel-motorlar\/\",\"name\":\"12V \\u00d6zel Motorlar\"}},{\"@type\":\"ListItem\",\"position\":6,\"item\":{\"@id\":\"http:\/\/salterltd.com.tr\/index.php\/urunler\/elektrikmotorlari\/d-c-motorlar\/12-volt-ozel-motorlar\/12v-400wtek-milli-ozel-motorneodyum-miknatisli-800d-d-ccw\/#webpage\"}}]}]}<\/script>\n<!-- \/ Yoast SEO plugin. -->","_links":{"self":[{"href":"http:\/\/salterltd.com.tr\/index.php\/wp-json\/wp\/v2\/pages\/1690"}],"collection":[{"href":"http:\/\/salterltd.com.tr\/index.php\/wp-json\/wp\/v2\/pages"}],"about":[{"href":"http:\/\/salterltd.com.tr\/index.php\/wp-json\/wp\/v2\/types\/page"}],"author":[{"embeddable":true,"href":"http:\/\/salterltd.com.tr\/index.php\/wp-json\/wp\/v2\/users\/1"}],"replies":[{"embeddable":true,"href":"http:\/\/salterltd.com.tr\/index.php\/wp-json\/wp\/v2\/comments?post=1690"}],"version-history":[{"count":0,"href":"http:\/\/salterltd.com.tr\/index.php\/wp-json\/wp\/v2\/pages\/1690\/revisions"}],"up":[{"embeddable":true,"href":"http:\/\/salterltd.com.tr\/index.php\/wp-json\/wp\/v2\/pages\/1672"}],"wp:attachment":[{"href":"http:\/\/salterltd.com.tr\/index.php\/wp-json\/wp\/v2\/media?parent=1690"}],"wp:term":[{"taxonomy":"wf_page_folders","embeddable":true,"href":"http:\/\/salterltd.com.tr\/index.php\/wp-json\/wp\/v2\/wf_page_folders?post=1690"}],"curies":[{"name":"wp","href":"https:\/\/api.w.org\/{rel}","templated":true}]}}