{"id":576,"date":"2019-03-09T15:07:30","date_gmt":"2019-03-09T12:07:30","guid":{"rendered":"http:\/\/salterltd.com.tr\/?page_id=576"},"modified":"2019-10-11T16:46:25","modified_gmt":"2019-10-11T13:46:25","slug":"frenli-motorlar","status":"publish","type":"page","link":"http:\/\/salterltd.com.tr\/index.php\/urunler\/elektrikmotorlari\/frenli-motorlar\/","title":{"rendered":"Frenli Motorlar"},"content":{"rendered":"\t\t<div data-elementor-type=\"wp-post\" data-elementor-id=\"576\" class=\"elementor elementor-576\">\n\t\t\t\t\t\t<div class=\"elementor-inner\">\n\t\t\t\t<div class=\"elementor-section-wrap\">\n\t\t\t\t\t\t\t\t\t<section class=\"elementor-section elementor-top-section elementor-element elementor-element-260c3fa elementor-section-boxed elementor-section-height-default elementor-section-height-default\" data-id=\"260c3fa\" data-element_type=\"section\">\n\t\t\t\t\t\t<div class=\"elementor-container elementor-column-gap-default\">\n\t\t\t\t\t\t\t<div class=\"elementor-row\">\n\t\t\t\t\t<div class=\"elementor-column elementor-col-33 elementor-top-column elementor-element elementor-element-7a7f6a4\" data-id=\"7a7f6a4\" data-element_type=\"column\">\n\t\t\t<div class=\"elementor-column-wrap elementor-element-populated\">\n\t\t\t\t\t\t\t<div class=\"elementor-widget-wrap\">\n\t\t\t\t\t\t<div class=\"elementor-element elementor-element-1e4197e elementor-widget elementor-widget-image\" data-id=\"1e4197e\" data-element_type=\"widget\" data-widget_type=\"image.default\">\n\t\t\t\t<div class=\"elementor-widget-container\">\n\t\t\t\t\t\t\t\t<div class=\"elementor-image\">\n\t\t\t\t\t\t\t\t\t\t\t\t\t<a href=\"http:\/\/salterltd.com.tr\/wp-content\/uploads\/2019\/03\/Yay-Bask\u0131l\u0131-Frenler-resim2.jpg\" data-elementor-open-lightbox=\"yes\" data-elementor-lightbox-title=\"Yay Bask\u0131l\u0131 Frenler resim2\" e-action-hash=\"#elementor-action%3Aaction%3Dlightbox%26settings%3DeyJpZCI6NzgwLCJ1cmwiOiJodHRwOlwvXC9zYWx0ZXJsdGQuY29tLnRyXC93cC1jb250ZW50XC91cGxvYWRzXC8yMDE5XC8wM1wvWWF5LUJhc2tcdTAxMzFsXHUwMTMxLUZyZW5sZXItcmVzaW0yLmpwZyJ9\">\n\t\t\t\t\t\t\t<img width=\"639\" height=\"1024\" src=\"http:\/\/salterltd.com.tr\/wp-content\/uploads\/2019\/03\/Yay-Bask\u0131l\u0131-Frenler-resim2-639x1024.jpg\" class=\"attachment-large size-large\" alt=\"\" loading=\"lazy\" srcset=\"http:\/\/salterltd.com.tr\/wp-content\/uploads\/2019\/03\/Yay-Bask\u0131l\u0131-Frenler-resim2-639x1024.jpg 639w, http:\/\/salterltd.com.tr\/wp-content\/uploads\/2019\/03\/Yay-Bask\u0131l\u0131-Frenler-resim2-187x300.jpg 187w, http:\/\/salterltd.com.tr\/wp-content\/uploads\/2019\/03\/Yay-Bask\u0131l\u0131-Frenler-resim2-600x961.jpg 600w, http:\/\/salterltd.com.tr\/wp-content\/uploads\/2019\/03\/Yay-Bask\u0131l\u0131-Frenler-resim2.jpg 758w\" sizes=\"(max-width: 639px) 100vw, 639px\" \/>\t\t\t\t\t\t\t\t<\/a>\n\t\t\t\t\t\t\t\t\t\t\t\t\t\t<\/div>\n\t\t\t\t\t\t<\/div>\n\t\t\t\t<\/div>\n\t\t\t\t\t\t<\/div>\n\t\t\t\t\t<\/div>\n\t\t<\/div>\n\t\t\t\t<div class=\"elementor-column elementor-col-66 elementor-top-column elementor-element elementor-element-064d641\" data-id=\"064d641\" data-element_type=\"column\">\n\t\t\t<div class=\"elementor-column-wrap elementor-element-populated\">\n\t\t\t\t\t\t\t<div class=\"elementor-widget-wrap\">\n\t\t\t\t\t\t<div class=\"elementor-element elementor-element-67ef457 elementor-widget elementor-widget-heading\" data-id=\"67ef457\" data-element_type=\"widget\" data-widget_type=\"heading.default\">\n\t\t\t\t<div class=\"elementor-widget-container\">\n\t\t\t<h2 class=\"elementor-heading-title elementor-size-default\"><h1 class=\"product_title entry-title\">YAY BASKILI FREN-YBF<\/h1>\n<div class=\"woocommerce-product-details__short-description\">\n    <ul><li>3Nm ile 3200Nm aras\u0131nda 11 de\u011fi\u015fik boyda \u00fcretim<\/li><li>Ayarlanabilir tork ve hava bo\u015flu\u011fu<\/li><li>Uzun \u00f6m\u00fcrl\u00fc asbestsiz balata<\/li><li>H s\u0131n\u0131f\u0131 bobin izolasyonu (185oC)<br>\nT\u00fcm metal par\u00e7alar\u0131 \u00f6zel kaplamal\u0131, a\u00e7\u0131k alanlarda ve rutubetliortamlarda \u00e7al\u0131\u015fmaya uygun<\/li><li>Sessiz \u00e7al\u0131\u015fma (O-ring)<\/li><li>Standart \u00e7al\u0131\u015fma voltaj\u0131: 24V DC veya 205V DC<\/li><li>G\u00f6vde \u00fczerine \u00f6zel adapt\u00f6r ile encoder montaj\u0131<\/li><li>Cebri fan uygulamas\u0131<\/li><li>Opsiyonel el kumanda kolu<\/li><\/ul>\n<p><strong>Uygulama Alanlar\u0131:<\/strong><\/p>\n<ul><li>Otomasyon Sistemleri<\/li><li>Vin\u00e7 Sistemleri<\/li><li>Y\u00fck Asans\u00f6rleri<\/li><li>\u0130\u015f Makinalar\u0131<\/li><li>Tiyatro ve G\u00f6steri Sahne Sistemleri<\/li><li>Otomatik Kap\u0131 Sistemleri<\/li><li>Plastik ve Ambalaj Makinalar\u0131<\/li><li>\u00c7e\u015fitli Hasta Araba ve T\u0131bbi Cihazlar\u0131<\/li><li>R\u00fczgar Jenerat\u00f6rleri<\/li><li>Tekstil Makinalar\u0131<\/li><li>Tar\u0131m Makinalar\u0131<\/li><li>G\u0131da \u0130\u015fleme Makinalar\u0131<\/li><\/ul>\n<\/div><\/h2>\t\t<\/div>\n\t\t\t\t<\/div>\n\t\t\t\t\t\t<\/div>\n\t\t\t\t\t<\/div>\n\t\t<\/div>\n\t\t\t\t\t\t\t\t<\/div>\n\t\t\t\t\t<\/div>\n\t\t<\/section>\n\t\t\t\t<section class=\"elementor-section elementor-top-section elementor-element elementor-element-098b191 elementor-section-boxed elementor-section-height-default elementor-section-height-default\" data-id=\"098b191\" data-element_type=\"section\">\n\t\t\t\t\t\t<div class=\"elementor-container elementor-column-gap-default\">\n\t\t\t\t\t\t\t<div class=\"elementor-row\">\n\t\t\t\t\t<div class=\"elementor-column elementor-col-100 elementor-top-column elementor-element elementor-element-9993807\" data-id=\"9993807\" data-element_type=\"column\">\n\t\t\t<div class=\"elementor-column-wrap elementor-element-populated\">\n\t\t\t\t\t\t\t<div class=\"elementor-widget-wrap\">\n\t\t\t\t\t\t<div class=\"elementor-element elementor-element-e41e0e9 elementor-widget elementor-widget-spacer\" data-id=\"e41e0e9\" data-element_type=\"widget\" data-widget_type=\"spacer.default\">\n\t\t\t\t<div class=\"elementor-widget-container\">\n\t\t\t\t\t<div class=\"elementor-spacer\">\n\t\t\t<div class=\"elementor-spacer-inner\"><\/div>\n\t\t<\/div>\n\t\t\t\t<\/div>\n\t\t\t\t<\/div>\n\t\t\t\t\t\t<\/div>\n\t\t\t\t\t<\/div>\n\t\t<\/div>\n\t\t\t\t\t\t\t\t<\/div>\n\t\t\t\t\t<\/div>\n\t\t<\/section>\n\t\t\t\t\t\t\t\t\t<\/div>\n\t\t\t<\/div>\n\t\t\t\t\t<\/div>\n\t\t","protected":false},"excerpt":{"rendered":"<p>YAY BASKILI FREN-YBF 3Nm ile 3200Nm aras\u0131nda 11 de\u011fi\u015fik boyda \u00fcretim Ayarlanabilir tork ve hava bo\u015flu\u011fu Uzun \u00f6m\u00fcrl\u00fc asbestsiz balata H s\u0131n\u0131f\u0131 bobin izolasyonu (185oC) T\u00fcm metal par\u00e7alar\u0131 \u00f6zel kaplamal\u0131, a\u00e7\u0131k alanlarda ve rutubetliortamlarda \u00e7al\u0131\u015fmaya uygun Sessiz \u00e7al\u0131\u015fma (O-ring) Standart \u00e7al\u0131\u015fma voltaj\u0131: 24V DC veya 205V DC G\u00f6vde \u00fczerine \u00f6zel adapt\u00f6r ile encoder montaj\u0131 Cebri [&hellip;]<\/p>\n","protected":false},"author":1,"featured_media":0,"parent":279,"menu_order":0,"comment_status":"closed","ping_status":"closed","template":"","meta":[],"wf_page_folders":[],"yoast_head":"<!-- This site is optimized with the Yoast SEO plugin v16.2 - https:\/\/yoast.com\/wordpress\/plugins\/seo\/ -->\n<title>Frenli Motorlar - Salter<\/title>\n<meta name=\"robots\" content=\"index, follow, max-snippet:-1, max-image-preview:large, max-video-preview:-1\" \/>\n<link rel=\"canonical\" href=\"https:\/\/salterltd.com.tr\/index.php\/urunler\/elektrikmotorlari\/frenli-motorlar\/\" \/>\n<meta property=\"og:locale\" content=\"tr_TR\" \/>\n<meta property=\"og:type\" content=\"article\" \/>\n<meta property=\"og:title\" content=\"Frenli Motorlar - Salter\" \/>\n<meta property=\"og:description\" content=\"YAY BASKILI FREN-YBF 3Nm ile 3200Nm aras\u0131nda 11 de\u011fi\u015fik boyda \u00fcretim Ayarlanabilir tork ve hava bo\u015flu\u011fu Uzun \u00f6m\u00fcrl\u00fc asbestsiz balata H s\u0131n\u0131f\u0131 bobin izolasyonu (185oC) T\u00fcm metal par\u00e7alar\u0131 \u00f6zel kaplamal\u0131, a\u00e7\u0131k alanlarda ve rutubetliortamlarda \u00e7al\u0131\u015fmaya uygun Sessiz \u00e7al\u0131\u015fma (O-ring) Standart \u00e7al\u0131\u015fma voltaj\u0131: 24V DC veya 205V DC G\u00f6vde \u00fczerine \u00f6zel adapt\u00f6r ile encoder montaj\u0131 Cebri [&hellip;]\" \/>\n<meta property=\"og:url\" content=\"https:\/\/salterltd.com.tr\/index.php\/urunler\/elektrikmotorlari\/frenli-motorlar\/\" \/>\n<meta property=\"og:site_name\" content=\"Salter\" \/>\n<meta property=\"article:modified_time\" content=\"2019-10-11T13:46:25+00:00\" \/>\n<meta property=\"og:image\" content=\"http:\/\/salterltd.com.tr\/wp-content\/uploads\/2019\/03\/Yay-Bask\u0131l\u0131-Frenler-resim2-639x1024.jpg\" \/>\n<meta name=\"twitter:card\" content=\"summary_large_image\" \/>\n<meta name=\"twitter:label1\" content=\"Tahmini okuma s\u00fcresi\">\n\t<meta name=\"twitter:data1\" content=\"1 dakika\">\n<script type=\"application\/ld+json\" class=\"yoast-schema-graph\">{\"@context\":\"https:\/\/schema.org\",\"@graph\":[{\"@type\":\"Organization\",\"@id\":\"http:\/\/salterltd.com.tr\/#organization\",\"name\":\"Tamsan Elektrik Motor San. ve Tic. Ltd. \\u015eti.\",\"url\":\"http:\/\/salterltd.com.tr\/\",\"sameAs\":[],\"logo\":{\"@type\":\"ImageObject\",\"@id\":\"http:\/\/salterltd.com.tr\/#logo\",\"inLanguage\":\"tr\",\"url\":\"http:\/\/salterltd.com.tr\/wp-content\/uploads\/2019\/11\/TAMSAN-logo.jpg\",\"contentUrl\":\"http:\/\/salterltd.com.tr\/wp-content\/uploads\/2019\/11\/TAMSAN-logo.jpg\",\"width\":1388,\"height\":292,\"caption\":\"Tamsan Elektrik Motor San. ve Tic. Ltd. \\u015eti.\"},\"image\":{\"@id\":\"http:\/\/salterltd.com.tr\/#logo\"}},{\"@type\":\"WebSite\",\"@id\":\"http:\/\/salterltd.com.tr\/#website\",\"url\":\"http:\/\/salterltd.com.tr\/\",\"name\":\"Tamsan Elektrik Motor\",\"description\":\"\",\"publisher\":{\"@id\":\"http:\/\/salterltd.com.tr\/#organization\"},\"potentialAction\":[{\"@type\":\"SearchAction\",\"target\":\"http:\/\/salterltd.com.tr\/?s={search_term_string}\",\"query-input\":\"required name=search_term_string\"}],\"inLanguage\":\"tr\"},{\"@type\":\"ImageObject\",\"@id\":\"https:\/\/salterltd.com.tr\/index.php\/urunler\/elektrikmotorlari\/frenli-motorlar\/#primaryimage\",\"inLanguage\":\"tr\",\"url\":\"http:\/\/salterltd.com.tr\/wp-content\/uploads\/2019\/03\/Yay-Bask\\u0131l\\u0131-Frenler-resim2.jpg\",\"contentUrl\":\"http:\/\/salterltd.com.tr\/wp-content\/uploads\/2019\/03\/Yay-Bask\\u0131l\\u0131-Frenler-resim2.jpg\",\"width\":758,\"height\":1214},{\"@type\":\"WebPage\",\"@id\":\"https:\/\/salterltd.com.tr\/index.php\/urunler\/elektrikmotorlari\/frenli-motorlar\/#webpage\",\"url\":\"https:\/\/salterltd.com.tr\/index.php\/urunler\/elektrikmotorlari\/frenli-motorlar\/\",\"name\":\"Frenli Motorlar - Salter\",\"isPartOf\":{\"@id\":\"http:\/\/salterltd.com.tr\/#website\"},\"primaryImageOfPage\":{\"@id\":\"https:\/\/salterltd.com.tr\/index.php\/urunler\/elektrikmotorlari\/frenli-motorlar\/#primaryimage\"},\"datePublished\":\"2019-03-09T12:07:30+00:00\",\"dateModified\":\"2019-10-11T13:46:25+00:00\",\"breadcrumb\":{\"@id\":\"https:\/\/salterltd.com.tr\/index.php\/urunler\/elektrikmotorlari\/frenli-motorlar\/#breadcrumb\"},\"inLanguage\":\"tr\",\"potentialAction\":[{\"@type\":\"ReadAction\",\"target\":[\"https:\/\/salterltd.com.tr\/index.php\/urunler\/elektrikmotorlari\/frenli-motorlar\/\"]}]},{\"@type\":\"BreadcrumbList\",\"@id\":\"https:\/\/salterltd.com.tr\/index.php\/urunler\/elektrikmotorlari\/frenli-motorlar\/#breadcrumb\",\"itemListElement\":[{\"@type\":\"ListItem\",\"position\":1,\"item\":{\"@type\":\"WebPage\",\"@id\":\"http:\/\/salterltd.com.tr\/\",\"url\":\"http:\/\/salterltd.com.tr\/\",\"name\":\"Ana sayfa\"}},{\"@type\":\"ListItem\",\"position\":2,\"item\":{\"@type\":\"WebPage\",\"@id\":\"https:\/\/salterltd.com.tr\/index.php\/urunler\/\",\"url\":\"https:\/\/salterltd.com.tr\/index.php\/urunler\/\",\"name\":\"\\u00dcr\\u00fcnler\"}},{\"@type\":\"ListItem\",\"position\":3,\"item\":{\"@type\":\"WebPage\",\"@id\":\"http:\/\/salterltd.com.tr\/index.php\/urunler\/elektrikmotorlari\/\",\"url\":\"http:\/\/salterltd.com.tr\/index.php\/urunler\/elektrikmotorlari\/\",\"name\":\"Elektrik Motorlar\\u0131\"}},{\"@type\":\"ListItem\",\"position\":4,\"item\":{\"@id\":\"https:\/\/salterltd.com.tr\/index.php\/urunler\/elektrikmotorlari\/frenli-motorlar\/#webpage\"}}]}]}<\/script>\n<!-- \/ Yoast SEO plugin. -->","_links":{"self":[{"href":"http:\/\/salterltd.com.tr\/index.php\/wp-json\/wp\/v2\/pages\/576"}],"collection":[{"href":"http:\/\/salterltd.com.tr\/index.php\/wp-json\/wp\/v2\/pages"}],"about":[{"href":"http:\/\/salterltd.com.tr\/index.php\/wp-json\/wp\/v2\/types\/page"}],"author":[{"embeddable":true,"href":"http:\/\/salterltd.com.tr\/index.php\/wp-json\/wp\/v2\/users\/1"}],"replies":[{"embeddable":true,"href":"http:\/\/salterltd.com.tr\/index.php\/wp-json\/wp\/v2\/comments?post=576"}],"version-history":[{"count":0,"href":"http:\/\/salterltd.com.tr\/index.php\/wp-json\/wp\/v2\/pages\/576\/revisions"}],"up":[{"embeddable":true,"href":"http:\/\/salterltd.com.tr\/index.php\/wp-json\/wp\/v2\/pages\/279"}],"wp:attachment":[{"href":"http:\/\/salterltd.com.tr\/index.php\/wp-json\/wp\/v2\/media?parent=576"}],"wp:term":[{"taxonomy":"wf_page_folders","embeddable":true,"href":"http:\/\/salterltd.com.tr\/index.php\/wp-json\/wp\/v2\/wf_page_folders?post=576"}],"curies":[{"name":"wp","href":"https:\/\/api.w.org\/{rel}","templated":true}]}}