{"id":597,"date":"2019-03-09T16:28:17","date_gmt":"2019-03-09T13:28:17","guid":{"rendered":"http:\/\/salterltd.com.tr\/?page_id=597"},"modified":"2019-10-11T16:54:43","modified_gmt":"2019-10-11T13:54:43","slug":"aluminyum-txf-serisi","status":"publish","type":"page","link":"http:\/\/salterltd.com.tr\/index.php\/urunler\/varyatorler\/aluminyum-txf-serisi\/","title":{"rendered":"Al\u00fcminyum TXF Serisi"},"content":{"rendered":"\t\t<div data-elementor-type=\"wp-post\" data-elementor-id=\"597\" class=\"elementor elementor-597\">\n\t\t\t\t\t\t<div class=\"elementor-inner\">\n\t\t\t\t<div class=\"elementor-section-wrap\">\n\t\t\t\t\t\t\t\t\t<section class=\"elementor-section elementor-top-section elementor-element elementor-element-4a8f1a2 elementor-section-boxed elementor-section-height-default elementor-section-height-default\" data-id=\"4a8f1a2\" data-element_type=\"section\">\n\t\t\t\t\t\t<div class=\"elementor-container elementor-column-gap-default\">\n\t\t\t\t\t\t\t<div class=\"elementor-row\">\n\t\t\t\t\t<div class=\"elementor-column elementor-col-50 elementor-top-column elementor-element elementor-element-1174a53\" data-id=\"1174a53\" data-element_type=\"column\">\n\t\t\t<div class=\"elementor-column-wrap elementor-element-populated\">\n\t\t\t\t\t\t\t<div class=\"elementor-widget-wrap\">\n\t\t\t\t\t\t<div class=\"elementor-element elementor-element-655b1c9 elementor-widget elementor-widget-image\" data-id=\"655b1c9\" data-element_type=\"widget\" data-widget_type=\"image.default\">\n\t\t\t\t<div class=\"elementor-widget-container\">\n\t\t\t\t\t\t\t\t<div class=\"elementor-image\">\n\t\t\t\t\t\t\t\t\t\t\t\t<img width=\"450\" height=\"450\" src=\"http:\/\/salterltd.com.tr\/wp-content\/uploads\/2019\/03\/Varyat\u00f6rler-\u2013-Al\u00fcminyum-TXF-SerisiPhoto.jpg\" class=\"attachment-large size-large\" alt=\"\" loading=\"lazy\" srcset=\"http:\/\/salterltd.com.tr\/wp-content\/uploads\/2019\/03\/Varyat\u00f6rler-\u2013-Al\u00fcminyum-TXF-SerisiPhoto.jpg 450w, http:\/\/salterltd.com.tr\/wp-content\/uploads\/2019\/03\/Varyat\u00f6rler-\u2013-Al\u00fcminyum-TXF-SerisiPhoto-150x150.jpg 150w, http:\/\/salterltd.com.tr\/wp-content\/uploads\/2019\/03\/Varyat\u00f6rler-\u2013-Al\u00fcminyum-TXF-SerisiPhoto-300x300.jpg 300w, http:\/\/salterltd.com.tr\/wp-content\/uploads\/2019\/03\/Varyat\u00f6rler-\u2013-Al\u00fcminyum-TXF-SerisiPhoto-100x100.jpg 100w\" sizes=\"(max-width: 450px) 100vw, 450px\" \/>\t\t\t\t\t\t\t\t\t\t\t\t\t\t<\/div>\n\t\t\t\t\t\t<\/div>\n\t\t\t\t<\/div>\n\t\t\t\t\t\t<\/div>\n\t\t\t\t\t<\/div>\n\t\t<\/div>\n\t\t\t\t<div class=\"elementor-column elementor-col-50 elementor-top-column elementor-element elementor-element-3a1ee99\" data-id=\"3a1ee99\" data-element_type=\"column\">\n\t\t\t<div class=\"elementor-column-wrap elementor-element-populated\">\n\t\t\t\t\t\t\t<div class=\"elementor-widget-wrap\">\n\t\t\t\t\t\t<div class=\"elementor-element elementor-element-418cc85 elementor-widget elementor-widget-heading\" data-id=\"418cc85\" data-element_type=\"widget\" data-widget_type=\"heading.default\">\n\t\t\t\t<div class=\"elementor-widget-container\">\n\t\t\t<h2 class=\"elementor-heading-title elementor-size-default\"><div class=\"technical-specifications\">\n                        <h3 class=\"product-info-title\">\n                            Teknik \u00d6zellikler<\/h3>\n                        <ul><li><strong>G\u00f6vde B\u00fcy\u00fckl\u00fc\u011f\u00fc<\/strong>3 ayr\u0131 g\u00f6vde<\/li><li><strong>G\u00fc\u00e7 (PN2)<\/strong>0,15 kW - 2,2 kW<\/li><li><strong>Max. Tork<\/strong>12 Nm<\/li><li><strong>Tahvil Oran\u0131 (iN)<\/strong>i = (rpm max\/rpm min)<\/li><li><strong><\/strong>i = 3,5 (TX005\/080 motor - TX010\/090 motor)&gt;<\/li><li><strong><\/strong>i = 6 (TX005\/71 motor - TX010\/80 motor)<\/li><li><strong>Diferansiyelli<\/strong>i = sonsuz<\/li><\/ul>\n                    <\/div>\n                \n                \n                    \n                        <h4 class=\"product-info-title\">\n                            \u00dcr\u00fcn A\u00e7\u0131klamas\u0131<\/h4>\n                        <ul><li>Al\u00fcminyum ala\u015f\u0131ml\u0131 bas\u0131n\u00e7l\u0131 d\u00f6k\u00fcm g\u00f6vde<\/li><li>Sertle\u015ftirilmi\u015f ve temperlenmi\u015f 20MnCr5 (UNI8550) mil<\/li><li>100Cr6 \u0131s\u0131l i\u015flem g\u00f6rm\u00fc\u015f \u00e7elik i\u00e7 bile\u015fenler.<\/li><li>Sessiz, titre\u015fimsiz \u00e7al\u0131\u015fma <\/li><li>Y\u00fcksek verimlilik<\/li><li>\u00c7ift y\u00f6nl\u00fc d\u00f6nme<\/li><li>Her iki y\u00f6nde de yerle\u015ftirilebilen kontrol ayar kolu<\/li><li>Motor ile kullan\u0131mda max %5 kay\u0131p<\/li><li>B\u00fct\u00fcn g\u00f6vdeler DIN 1843 standart\u0131na uygun olarak RAL 5010 epoxy polyester mavi boya ile boyanm\u0131\u015ft\u0131r.<\/li><\/ul><\/h2>\t\t<\/div>\n\t\t\t\t<\/div>\n\t\t\t\t\t\t<\/div>\n\t\t\t\t\t<\/div>\n\t\t<\/div>\n\t\t\t\t\t\t\t\t<\/div>\n\t\t\t\t\t<\/div>\n\t\t<\/section>\n\t\t\t\t<section class=\"elementor-section elementor-top-section elementor-element elementor-element-9cfb30d elementor-section-boxed elementor-section-height-default elementor-section-height-default\" data-id=\"9cfb30d\" data-element_type=\"section\">\n\t\t\t\t\t\t<div class=\"elementor-container elementor-column-gap-default\">\n\t\t\t\t\t\t\t<div class=\"elementor-row\">\n\t\t\t\t\t<div class=\"elementor-column elementor-col-100 elementor-top-column elementor-element elementor-element-3f87f29\" data-id=\"3f87f29\" data-element_type=\"column\">\n\t\t\t<div class=\"elementor-column-wrap elementor-element-populated\">\n\t\t\t\t\t\t\t<div class=\"elementor-widget-wrap\">\n\t\t\t\t\t\t<div class=\"elementor-element elementor-element-330b814 elementor-widget elementor-widget-spacer\" data-id=\"330b814\" data-element_type=\"widget\" data-widget_type=\"spacer.default\">\n\t\t\t\t<div class=\"elementor-widget-container\">\n\t\t\t\t\t<div class=\"elementor-spacer\">\n\t\t\t<div class=\"elementor-spacer-inner\"><\/div>\n\t\t<\/div>\n\t\t\t\t<\/div>\n\t\t\t\t<\/div>\n\t\t\t\t\t\t<\/div>\n\t\t\t\t\t<\/div>\n\t\t<\/div>\n\t\t\t\t\t\t\t\t<\/div>\n\t\t\t\t\t<\/div>\n\t\t<\/section>\n\t\t\t\t\t\t\t\t\t<\/div>\n\t\t\t<\/div>\n\t\t\t\t\t<\/div>\n\t\t","protected":false},"excerpt":{"rendered":"<p>Teknik \u00d6zellikler G\u00f6vde B\u00fcy\u00fckl\u00fc\u011f\u00fc3 ayr\u0131 g\u00f6vde G\u00fc\u00e7 (PN2)0,15 kW &#8211; 2,2 kW Max. Tork12 Nm Tahvil Oran\u0131 (iN)i = (rpm max\/rpm min) i = 3,5 (TX005\/080 motor &#8211; TX010\/090 motor)&gt; i = 6 (TX005\/71 motor &#8211; TX010\/80 motor) Diferansiyellii = sonsuz \u00dcr\u00fcn A\u00e7\u0131klamas\u0131 Al\u00fcminyum ala\u015f\u0131ml\u0131 bas\u0131n\u00e7l\u0131 d\u00f6k\u00fcm g\u00f6vde Sertle\u015ftirilmi\u015f ve temperlenmi\u015f 20MnCr5 (UNI8550) mil 100Cr6 [&hellip;]<\/p>\n","protected":false},"author":1,"featured_media":0,"parent":560,"menu_order":0,"comment_status":"closed","ping_status":"closed","template":"","meta":[],"wf_page_folders":[],"yoast_head":"<!-- This site is optimized with the Yoast SEO plugin v16.2 - https:\/\/yoast.com\/wordpress\/plugins\/seo\/ -->\n<title>Al\u00fcminyum TXF Serisi - Salter<\/title>\n<meta name=\"robots\" content=\"index, follow, max-snippet:-1, max-image-preview:large, max-video-preview:-1\" \/>\n<link rel=\"canonical\" href=\"http:\/\/salterltd.com.tr\/index.php\/urunler\/varyatorler\/aluminyum-txf-serisi\/\" \/>\n<meta property=\"og:locale\" content=\"tr_TR\" \/>\n<meta property=\"og:type\" content=\"article\" \/>\n<meta property=\"og:title\" content=\"Al\u00fcminyum TXF Serisi - Salter\" \/>\n<meta property=\"og:description\" content=\"Teknik \u00d6zellikler G\u00f6vde B\u00fcy\u00fckl\u00fc\u011f\u00fc3 ayr\u0131 g\u00f6vde G\u00fc\u00e7 (PN2)0,15 kW &#8211; 2,2 kW Max. Tork12 Nm Tahvil Oran\u0131 (iN)i = (rpm max\/rpm min) i = 3,5 (TX005\/080 motor &#8211; TX010\/090 motor)&gt; i = 6 (TX005\/71 motor &#8211; TX010\/80 motor) Diferansiyellii = sonsuz \u00dcr\u00fcn A\u00e7\u0131klamas\u0131 Al\u00fcminyum ala\u015f\u0131ml\u0131 bas\u0131n\u00e7l\u0131 d\u00f6k\u00fcm g\u00f6vde Sertle\u015ftirilmi\u015f ve temperlenmi\u015f 20MnCr5 (UNI8550) mil 100Cr6 [&hellip;]\" \/>\n<meta property=\"og:url\" content=\"http:\/\/salterltd.com.tr\/index.php\/urunler\/varyatorler\/aluminyum-txf-serisi\/\" \/>\n<meta property=\"og:site_name\" content=\"Salter\" \/>\n<meta property=\"article:modified_time\" content=\"2019-10-11T13:54:43+00:00\" \/>\n<meta property=\"og:image\" content=\"http:\/\/salterltd.com.tr\/wp-content\/uploads\/2019\/03\/Varyat\u00f6rler-\u2013-Al\u00fcminyum-TXF-SerisiPhoto.jpg\" \/>\n<meta name=\"twitter:card\" content=\"summary_large_image\" \/>\n<meta name=\"twitter:label1\" content=\"Tahmini okuma s\u00fcresi\">\n\t<meta name=\"twitter:data1\" content=\"1 dakika\">\n<script type=\"application\/ld+json\" class=\"yoast-schema-graph\">{\"@context\":\"https:\/\/schema.org\",\"@graph\":[{\"@type\":\"Organization\",\"@id\":\"http:\/\/salterltd.com.tr\/#organization\",\"name\":\"Tamsan Elektrik Motor San. ve Tic. Ltd. \\u015eti.\",\"url\":\"http:\/\/salterltd.com.tr\/\",\"sameAs\":[],\"logo\":{\"@type\":\"ImageObject\",\"@id\":\"http:\/\/salterltd.com.tr\/#logo\",\"inLanguage\":\"tr\",\"url\":\"http:\/\/salterltd.com.tr\/wp-content\/uploads\/2019\/11\/TAMSAN-logo.jpg\",\"contentUrl\":\"http:\/\/salterltd.com.tr\/wp-content\/uploads\/2019\/11\/TAMSAN-logo.jpg\",\"width\":1388,\"height\":292,\"caption\":\"Tamsan Elektrik Motor San. ve Tic. Ltd. \\u015eti.\"},\"image\":{\"@id\":\"http:\/\/salterltd.com.tr\/#logo\"}},{\"@type\":\"WebSite\",\"@id\":\"http:\/\/salterltd.com.tr\/#website\",\"url\":\"http:\/\/salterltd.com.tr\/\",\"name\":\"Tamsan Elektrik Motor\",\"description\":\"\",\"publisher\":{\"@id\":\"http:\/\/salterltd.com.tr\/#organization\"},\"potentialAction\":[{\"@type\":\"SearchAction\",\"target\":\"http:\/\/salterltd.com.tr\/?s={search_term_string}\",\"query-input\":\"required name=search_term_string\"}],\"inLanguage\":\"tr\"},{\"@type\":\"ImageObject\",\"@id\":\"http:\/\/salterltd.com.tr\/index.php\/urunler\/varyatorler\/aluminyum-txf-serisi\/#primaryimage\",\"inLanguage\":\"tr\",\"url\":\"http:\/\/salterltd.com.tr\/wp-content\/uploads\/2019\/03\/Varyat\\u00f6rler-\\u2013-Al\\u00fcminyum-TXF-SerisiPhoto.jpg\",\"contentUrl\":\"http:\/\/salterltd.com.tr\/wp-content\/uploads\/2019\/03\/Varyat\\u00f6rler-\\u2013-Al\\u00fcminyum-TXF-SerisiPhoto.jpg\",\"width\":450,\"height\":450},{\"@type\":\"WebPage\",\"@id\":\"http:\/\/salterltd.com.tr\/index.php\/urunler\/varyatorler\/aluminyum-txf-serisi\/#webpage\",\"url\":\"http:\/\/salterltd.com.tr\/index.php\/urunler\/varyatorler\/aluminyum-txf-serisi\/\",\"name\":\"Al\\u00fcminyum TXF Serisi - Salter\",\"isPartOf\":{\"@id\":\"http:\/\/salterltd.com.tr\/#website\"},\"primaryImageOfPage\":{\"@id\":\"http:\/\/salterltd.com.tr\/index.php\/urunler\/varyatorler\/aluminyum-txf-serisi\/#primaryimage\"},\"datePublished\":\"2019-03-09T13:28:17+00:00\",\"dateModified\":\"2019-10-11T13:54:43+00:00\",\"breadcrumb\":{\"@id\":\"http:\/\/salterltd.com.tr\/index.php\/urunler\/varyatorler\/aluminyum-txf-serisi\/#breadcrumb\"},\"inLanguage\":\"tr\",\"potentialAction\":[{\"@type\":\"ReadAction\",\"target\":[\"http:\/\/salterltd.com.tr\/index.php\/urunler\/varyatorler\/aluminyum-txf-serisi\/\"]}]},{\"@type\":\"BreadcrumbList\",\"@id\":\"http:\/\/salterltd.com.tr\/index.php\/urunler\/varyatorler\/aluminyum-txf-serisi\/#breadcrumb\",\"itemListElement\":[{\"@type\":\"ListItem\",\"position\":1,\"item\":{\"@type\":\"WebPage\",\"@id\":\"http:\/\/salterltd.com.tr\/\",\"url\":\"http:\/\/salterltd.com.tr\/\",\"name\":\"Ana sayfa\"}},{\"@type\":\"ListItem\",\"position\":2,\"item\":{\"@type\":\"WebPage\",\"@id\":\"https:\/\/salterltd.com.tr\/index.php\/urunler\/\",\"url\":\"https:\/\/salterltd.com.tr\/index.php\/urunler\/\",\"name\":\"\\u00dcr\\u00fcnler\"}},{\"@type\":\"ListItem\",\"position\":3,\"item\":{\"@type\":\"WebPage\",\"@id\":\"http:\/\/salterltd.com.tr\/index.php\/urunler\/varyatorler\/\",\"url\":\"http:\/\/salterltd.com.tr\/index.php\/urunler\/varyatorler\/\",\"name\":\"Varyat\\u00f6rler\"}},{\"@type\":\"ListItem\",\"position\":4,\"item\":{\"@id\":\"http:\/\/salterltd.com.tr\/index.php\/urunler\/varyatorler\/aluminyum-txf-serisi\/#webpage\"}}]}]}<\/script>\n<!-- \/ Yoast SEO plugin. -->","_links":{"self":[{"href":"http:\/\/salterltd.com.tr\/index.php\/wp-json\/wp\/v2\/pages\/597"}],"collection":[{"href":"http:\/\/salterltd.com.tr\/index.php\/wp-json\/wp\/v2\/pages"}],"about":[{"href":"http:\/\/salterltd.com.tr\/index.php\/wp-json\/wp\/v2\/types\/page"}],"author":[{"embeddable":true,"href":"http:\/\/salterltd.com.tr\/index.php\/wp-json\/wp\/v2\/users\/1"}],"replies":[{"embeddable":true,"href":"http:\/\/salterltd.com.tr\/index.php\/wp-json\/wp\/v2\/comments?post=597"}],"version-history":[{"count":0,"href":"http:\/\/salterltd.com.tr\/index.php\/wp-json\/wp\/v2\/pages\/597\/revisions"}],"up":[{"embeddable":true,"href":"http:\/\/salterltd.com.tr\/index.php\/wp-json\/wp\/v2\/pages\/560"}],"wp:attachment":[{"href":"http:\/\/salterltd.com.tr\/index.php\/wp-json\/wp\/v2\/media?parent=597"}],"wp:term":[{"taxonomy":"wf_page_folders","embeddable":true,"href":"http:\/\/salterltd.com.tr\/index.php\/wp-json\/wp\/v2\/wf_page_folders?post=597"}],"curies":[{"name":"wp","href":"https:\/\/api.w.org\/{rel}","templated":true}]}}