{"id":648,"date":"2019-03-10T16:00:11","date_gmt":"2019-03-10T13:00:11","guid":{"rendered":"http:\/\/salterltd.com.tr\/?page_id=648"},"modified":"2019-11-13T18:03:09","modified_gmt":"2019-11-13T15:03:09","slug":"paslanmaz-hidroforlar-2","status":"publish","type":"page","link":"http:\/\/salterltd.com.tr\/index.php\/urunler\/hidroforlar\/endustriyel-tip-hidroforlar\/paslanmaz-hidroforlar-2\/","title":{"rendered":"Paslanmaz Hidroforlar"},"content":{"rendered":"\t\t<div data-elementor-type=\"wp-post\" data-elementor-id=\"648\" class=\"elementor elementor-648\">\n\t\t\t\t\t\t<div class=\"elementor-inner\">\n\t\t\t\t<div class=\"elementor-section-wrap\">\n\t\t\t\t\t\t\t\t\t<section class=\"elementor-section elementor-top-section elementor-element elementor-element-c8e4afd elementor-section-boxed elementor-section-height-default elementor-section-height-default\" data-id=\"c8e4afd\" data-element_type=\"section\">\n\t\t\t\t\t\t<div class=\"elementor-container elementor-column-gap-default\">\n\t\t\t\t\t\t\t<div class=\"elementor-row\">\n\t\t\t\t\t<div class=\"elementor-column elementor-col-100 elementor-top-column elementor-element elementor-element-348dee8\" data-id=\"348dee8\" data-element_type=\"column\">\n\t\t\t<div class=\"elementor-column-wrap elementor-element-populated\">\n\t\t\t\t\t\t\t<div class=\"elementor-widget-wrap\">\n\t\t\t\t\t\t<div class=\"elementor-element elementor-element-98815ad elementor-widget elementor-widget-heading\" data-id=\"98815ad\" data-element_type=\"widget\" data-widget_type=\"heading.default\">\n\t\t\t\t<div class=\"elementor-widget-container\">\n\t\t\t<h2 class=\"elementor-heading-title elementor-size-default\">T\u00fcrkiye\u2019de yerli \u00e7ok\n kademeli komple paslanmaz pompa ve hidrofor imalat\u0131n\u0131 ger\u00e7ekle\u015ftirmek \nhedefi ile ba\u015flanan projede gerekli AR-GE tasar\u0131m \u00e7al\u0131\u015fmalar\u0131 \ntamamlanarak tek yerli komple paslanmaz pompa ve hidrofor imalat\u0131na \nfirmam\u0131zca ba\u015flanm\u0131\u015ft\u0131r.<br> TUNGSTEN yataklama ve KARTU\u015e T\u0130P MEKAN\u0130K \nSALMASTRA tasar\u0131m\u0131n\u0131n yan\u0131nda \u0130NL\u0130NE ve komple paslanmaz \u00fcretimimiz ile \n\u00e7ok sessiz \u00e7al\u0131\u015fan komple paslanmaz pompalar\u0131n tasar\u0131m\u0131 tamamlanarak TS \nEN ISO 9908\/A1 standard\u0131 ile belgelendirilmi\u015ftir.<br> 2.2 HP - 7.5 HP \naras\u0131 \u00e7ok kademeli suyun temas etti\u011fi yerleri komple paslanmaz \u0130NL\u0130NE \ntasar\u0131m\u0131ndan dolay\u0131 \u00e7ok sessiz \u00e7al\u0131\u015fan, 155 Hm y\u00fcksekli\u011fe kadar basmaya \nuygun pompalar hijyenik olmas\u0131ndan dolay\u0131 ar\u0131tma tesislerinde, g\u0131da \nsekt\u00f6r\u00fcnde, s\u0131cak su uygulamalar\u0131nda maksimum 30 kat 144 daireye kadar \nolan binalarda hidrofor sistemleri dahil daha bir\u00e7ok sekt\u00f6rde \nkullan\u0131lmaktad\u0131r. Tasarlanan komple paslanmaz pompa ve komple paslanmaz \nhidrofor \u00fcr\u00fcnlerimiz opsiyonel olarak 120\u00b0C\u2019ye kadar s\u0131cak su \nuygulamalar\u0131nda kullan\u0131ma uygundur.<br> Paket Hidroforlar\u0131n devreye al\u0131nmas\u0131nda 81 ilde yetkili servislerimiz hizmet vermektedir.Unutulmamal\u0131d\u0131r ki, <b>\"EN \u0130Y\u0130 H\u0130DROFOR, \u0130HT\u0130YACA EN UYGUN SE\u00c7\u0130LEN H\u0130DROFORDUR!...\"<\/b><\/h2>\t\t<\/div>\n\t\t\t\t<\/div>\n\t\t\t\t\t\t<\/div>\n\t\t\t\t\t<\/div>\n\t\t<\/div>\n\t\t\t\t\t\t\t\t<\/div>\n\t\t\t\t\t<\/div>\n\t\t<\/section>\n\t\t\t\t<section class=\"elementor-section elementor-top-section elementor-element elementor-element-6cba690 elementor-section-boxed elementor-section-height-default elementor-section-height-default\" data-id=\"6cba690\" data-element_type=\"section\">\n\t\t\t\t\t\t<div class=\"elementor-container elementor-column-gap-default\">\n\t\t\t\t\t\t\t<div class=\"elementor-row\">\n\t\t\t\t\t<div class=\"elementor-column elementor-col-100 elementor-top-column elementor-element elementor-element-00b7e7f\" data-id=\"00b7e7f\" data-element_type=\"column\">\n\t\t\t<div class=\"elementor-column-wrap elementor-element-populated\">\n\t\t\t\t\t\t\t<div class=\"elementor-widget-wrap\">\n\t\t\t\t\t\t<div class=\"elementor-element elementor-element-104c8c0 elementor-widget elementor-widget-image\" data-id=\"104c8c0\" data-element_type=\"widget\" data-widget_type=\"image.default\">\n\t\t\t\t<div class=\"elementor-widget-container\">\n\t\t\t\t\t\t\t\t<div class=\"elementor-image\">\n\t\t\t\t\t\t\t\t\t\t\t\t<img width=\"740\" height=\"959\" src=\"http:\/\/salterltd.com.tr\/wp-content\/uploads\/2019\/03\/paslanmaz-hidroforlar-SS1.jpg\" class=\"attachment-large size-large\" alt=\"\" loading=\"lazy\" srcset=\"http:\/\/salterltd.com.tr\/wp-content\/uploads\/2019\/03\/paslanmaz-hidroforlar-SS1.jpg 740w, http:\/\/salterltd.com.tr\/wp-content\/uploads\/2019\/03\/paslanmaz-hidroforlar-SS1-231x300.jpg 231w, http:\/\/salterltd.com.tr\/wp-content\/uploads\/2019\/03\/paslanmaz-hidroforlar-SS1-600x778.jpg 600w\" sizes=\"(max-width: 740px) 100vw, 740px\" \/>\t\t\t\t\t\t\t\t\t\t\t\t\t\t<\/div>\n\t\t\t\t\t\t<\/div>\n\t\t\t\t<\/div>\n\t\t\t\t\t\t<\/div>\n\t\t\t\t\t<\/div>\n\t\t<\/div>\n\t\t\t\t\t\t\t\t<\/div>\n\t\t\t\t\t<\/div>\n\t\t<\/section>\n\t\t\t\t<section class=\"elementor-section elementor-top-section elementor-element elementor-element-f9514bd elementor-section-boxed elementor-section-height-default elementor-section-height-default\" data-id=\"f9514bd\" data-element_type=\"section\">\n\t\t\t\t\t\t<div class=\"elementor-container elementor-column-gap-default\">\n\t\t\t\t\t\t\t<div class=\"elementor-row\">\n\t\t\t\t\t<div class=\"elementor-column elementor-col-100 elementor-top-column elementor-element elementor-element-af4b2f3\" data-id=\"af4b2f3\" data-element_type=\"column\">\n\t\t\t<div class=\"elementor-column-wrap elementor-element-populated\">\n\t\t\t\t\t\t\t<div class=\"elementor-widget-wrap\">\n\t\t\t\t\t\t<div class=\"elementor-element elementor-element-a753e52 elementor-widget elementor-widget-image\" data-id=\"a753e52\" data-element_type=\"widget\" data-widget_type=\"image.default\">\n\t\t\t\t<div class=\"elementor-widget-container\">\n\t\t\t\t\t\t\t\t<div class=\"elementor-image\">\n\t\t\t\t\t\t\t\t\t\t\t\t<img width=\"740\" height=\"990\" src=\"http:\/\/salterltd.com.tr\/wp-content\/uploads\/2019\/03\/paslanmaz-hidroforlar-SS2.jpg\" class=\"attachment-large size-large\" alt=\"\" loading=\"lazy\" srcset=\"http:\/\/salterltd.com.tr\/wp-content\/uploads\/2019\/03\/paslanmaz-hidroforlar-SS2.jpg 740w, http:\/\/salterltd.com.tr\/wp-content\/uploads\/2019\/03\/paslanmaz-hidroforlar-SS2-224x300.jpg 224w, http:\/\/salterltd.com.tr\/wp-content\/uploads\/2019\/03\/paslanmaz-hidroforlar-SS2-600x803.jpg 600w\" sizes=\"(max-width: 740px) 100vw, 740px\" \/>\t\t\t\t\t\t\t\t\t\t\t\t\t\t<\/div>\n\t\t\t\t\t\t<\/div>\n\t\t\t\t<\/div>\n\t\t\t\t\t\t<\/div>\n\t\t\t\t\t<\/div>\n\t\t<\/div>\n\t\t\t\t\t\t\t\t<\/div>\n\t\t\t\t\t<\/div>\n\t\t<\/section>\n\t\t\t\t<section class=\"elementor-section elementor-top-section elementor-element elementor-element-23e7273 elementor-section-boxed elementor-section-height-default elementor-section-height-default\" data-id=\"23e7273\" data-element_type=\"section\">\n\t\t\t\t\t\t<div class=\"elementor-container elementor-column-gap-default\">\n\t\t\t\t\t\t\t<div class=\"elementor-row\">\n\t\t\t\t\t<div class=\"elementor-column elementor-col-100 elementor-top-column elementor-element elementor-element-ef0f437\" data-id=\"ef0f437\" data-element_type=\"column\">\n\t\t\t<div class=\"elementor-column-wrap elementor-element-populated\">\n\t\t\t\t\t\t\t<div class=\"elementor-widget-wrap\">\n\t\t\t\t\t\t<div class=\"elementor-element elementor-element-2edd122 elementor-widget elementor-widget-image\" data-id=\"2edd122\" data-element_type=\"widget\" data-widget_type=\"image.default\">\n\t\t\t\t<div class=\"elementor-widget-container\">\n\t\t\t\t\t\t\t\t<div class=\"elementor-image\">\n\t\t\t\t\t\t\t\t\t\t\t\t<img width=\"740\" height=\"938\" src=\"http:\/\/salterltd.com.tr\/wp-content\/uploads\/2019\/03\/paslanmaz-hidroforlar-SS3.jpg\" class=\"attachment-large size-large\" alt=\"\" loading=\"lazy\" srcset=\"http:\/\/salterltd.com.tr\/wp-content\/uploads\/2019\/03\/paslanmaz-hidroforlar-SS3.jpg 740w, http:\/\/salterltd.com.tr\/wp-content\/uploads\/2019\/03\/paslanmaz-hidroforlar-SS3-237x300.jpg 237w, http:\/\/salterltd.com.tr\/wp-content\/uploads\/2019\/03\/paslanmaz-hidroforlar-SS3-600x761.jpg 600w\" sizes=\"(max-width: 740px) 100vw, 740px\" \/>\t\t\t\t\t\t\t\t\t\t\t\t\t\t<\/div>\n\t\t\t\t\t\t<\/div>\n\t\t\t\t<\/div>\n\t\t\t\t\t\t<\/div>\n\t\t\t\t\t<\/div>\n\t\t<\/div>\n\t\t\t\t\t\t\t\t<\/div>\n\t\t\t\t\t<\/div>\n\t\t<\/section>\n\t\t\t\t<section class=\"elementor-section elementor-top-section elementor-element elementor-element-fbfb321 elementor-section-boxed elementor-section-height-default elementor-section-height-default\" data-id=\"fbfb321\" data-element_type=\"section\">\n\t\t\t\t\t\t<div class=\"elementor-container elementor-column-gap-default\">\n\t\t\t\t\t\t\t<div class=\"elementor-row\">\n\t\t\t\t\t<div class=\"elementor-column elementor-col-100 elementor-top-column elementor-element elementor-element-ce670d2\" data-id=\"ce670d2\" data-element_type=\"column\">\n\t\t\t<div class=\"elementor-column-wrap elementor-element-populated\">\n\t\t\t\t\t\t\t<div class=\"elementor-widget-wrap\">\n\t\t\t\t\t\t<div class=\"elementor-element elementor-element-1ef7831 elementor-widget elementor-widget-spacer\" data-id=\"1ef7831\" data-element_type=\"widget\" data-widget_type=\"spacer.default\">\n\t\t\t\t<div class=\"elementor-widget-container\">\n\t\t\t\t\t<div class=\"elementor-spacer\">\n\t\t\t<div class=\"elementor-spacer-inner\"><\/div>\n\t\t<\/div>\n\t\t\t\t<\/div>\n\t\t\t\t<\/div>\n\t\t\t\t\t\t<\/div>\n\t\t\t\t\t<\/div>\n\t\t<\/div>\n\t\t\t\t\t\t\t\t<\/div>\n\t\t\t\t\t<\/div>\n\t\t<\/section>\n\t\t\t\t\t\t\t\t\t<\/div>\n\t\t\t<\/div>\n\t\t\t\t\t<\/div>\n\t\t","protected":false},"excerpt":{"rendered":"<p>T\u00fcrkiye\u2019de yerli \u00e7ok kademeli komple paslanmaz pompa ve hidrofor imalat\u0131n\u0131 ger\u00e7ekle\u015ftirmek hedefi ile ba\u015flanan projede gerekli AR-GE tasar\u0131m \u00e7al\u0131\u015fmalar\u0131 tamamlanarak tek yerli komple paslanmaz pompa ve hidrofor imalat\u0131na firmam\u0131zca ba\u015flanm\u0131\u015ft\u0131r. TUNGSTEN yataklama ve KARTU\u015e T\u0130P MEKAN\u0130K SALMASTRA tasar\u0131m\u0131n\u0131n yan\u0131nda \u0130NL\u0130NE ve komple paslanmaz \u00fcretimimiz ile \u00e7ok sessiz \u00e7al\u0131\u015fan komple paslanmaz pompalar\u0131n tasar\u0131m\u0131 tamamlanarak TS EN [&hellip;]<\/p>\n","protected":false},"author":1,"featured_media":0,"parent":631,"menu_order":0,"comment_status":"closed","ping_status":"closed","template":"","meta":[],"wf_page_folders":[],"yoast_head":"<!-- This site is optimized with the Yoast SEO plugin v16.2 - https:\/\/yoast.com\/wordpress\/plugins\/seo\/ -->\n<title>Paslanmaz Hidroforlar - Salter<\/title>\n<meta name=\"robots\" content=\"index, follow, max-snippet:-1, max-image-preview:large, max-video-preview:-1\" \/>\n<link rel=\"canonical\" href=\"http:\/\/salterltd.com.tr\/index.php\/urunler\/hidroforlar\/endustriyel-tip-hidroforlar\/paslanmaz-hidroforlar-2\/\" \/>\n<meta property=\"og:locale\" content=\"tr_TR\" \/>\n<meta property=\"og:type\" content=\"article\" \/>\n<meta property=\"og:title\" content=\"Paslanmaz Hidroforlar - Salter\" \/>\n<meta property=\"og:description\" content=\"T\u00fcrkiye\u2019de yerli \u00e7ok kademeli komple paslanmaz pompa ve hidrofor imalat\u0131n\u0131 ger\u00e7ekle\u015ftirmek hedefi ile ba\u015flanan projede gerekli AR-GE tasar\u0131m \u00e7al\u0131\u015fmalar\u0131 tamamlanarak tek yerli komple paslanmaz pompa ve hidrofor imalat\u0131na firmam\u0131zca ba\u015flanm\u0131\u015ft\u0131r. TUNGSTEN yataklama ve KARTU\u015e T\u0130P MEKAN\u0130K SALMASTRA tasar\u0131m\u0131n\u0131n yan\u0131nda \u0130NL\u0130NE ve komple paslanmaz \u00fcretimimiz ile \u00e7ok sessiz \u00e7al\u0131\u015fan komple paslanmaz pompalar\u0131n tasar\u0131m\u0131 tamamlanarak TS EN [&hellip;]\" \/>\n<meta property=\"og:url\" content=\"http:\/\/salterltd.com.tr\/index.php\/urunler\/hidroforlar\/endustriyel-tip-hidroforlar\/paslanmaz-hidroforlar-2\/\" \/>\n<meta property=\"og:site_name\" content=\"Salter\" \/>\n<meta property=\"article:modified_time\" content=\"2019-11-13T15:03:09+00:00\" \/>\n<meta property=\"og:image\" content=\"http:\/\/salterltd.com.tr\/wp-content\/uploads\/2019\/03\/paslanmaz-hidroforlar-SS1.jpg\" \/>\n<meta name=\"twitter:card\" content=\"summary_large_image\" \/>\n<meta name=\"twitter:label1\" content=\"Tahmini okuma s\u00fcresi\">\n\t<meta name=\"twitter:data1\" content=\"1 dakika\">\n<script type=\"application\/ld+json\" class=\"yoast-schema-graph\">{\"@context\":\"https:\/\/schema.org\",\"@graph\":[{\"@type\":\"Organization\",\"@id\":\"http:\/\/salterltd.com.tr\/#organization\",\"name\":\"Tamsan Elektrik Motor San. ve Tic. Ltd. \\u015eti.\",\"url\":\"http:\/\/salterltd.com.tr\/\",\"sameAs\":[],\"logo\":{\"@type\":\"ImageObject\",\"@id\":\"http:\/\/salterltd.com.tr\/#logo\",\"inLanguage\":\"tr\",\"url\":\"http:\/\/salterltd.com.tr\/wp-content\/uploads\/2019\/11\/TAMSAN-logo.jpg\",\"contentUrl\":\"http:\/\/salterltd.com.tr\/wp-content\/uploads\/2019\/11\/TAMSAN-logo.jpg\",\"width\":1388,\"height\":292,\"caption\":\"Tamsan Elektrik Motor San. ve Tic. Ltd. \\u015eti.\"},\"image\":{\"@id\":\"http:\/\/salterltd.com.tr\/#logo\"}},{\"@type\":\"WebSite\",\"@id\":\"http:\/\/salterltd.com.tr\/#website\",\"url\":\"http:\/\/salterltd.com.tr\/\",\"name\":\"Tamsan Elektrik Motor\",\"description\":\"\",\"publisher\":{\"@id\":\"http:\/\/salterltd.com.tr\/#organization\"},\"potentialAction\":[{\"@type\":\"SearchAction\",\"target\":\"http:\/\/salterltd.com.tr\/?s={search_term_string}\",\"query-input\":\"required name=search_term_string\"}],\"inLanguage\":\"tr\"},{\"@type\":\"ImageObject\",\"@id\":\"http:\/\/salterltd.com.tr\/index.php\/urunler\/hidroforlar\/endustriyel-tip-hidroforlar\/paslanmaz-hidroforlar-2\/#primaryimage\",\"inLanguage\":\"tr\",\"url\":\"http:\/\/salterltd.com.tr\/wp-content\/uploads\/2019\/03\/paslanmaz-hidroforlar-SS1.jpg\",\"contentUrl\":\"http:\/\/salterltd.com.tr\/wp-content\/uploads\/2019\/03\/paslanmaz-hidroforlar-SS1.jpg\",\"width\":740,\"height\":959},{\"@type\":\"WebPage\",\"@id\":\"http:\/\/salterltd.com.tr\/index.php\/urunler\/hidroforlar\/endustriyel-tip-hidroforlar\/paslanmaz-hidroforlar-2\/#webpage\",\"url\":\"http:\/\/salterltd.com.tr\/index.php\/urunler\/hidroforlar\/endustriyel-tip-hidroforlar\/paslanmaz-hidroforlar-2\/\",\"name\":\"Paslanmaz Hidroforlar - Salter\",\"isPartOf\":{\"@id\":\"http:\/\/salterltd.com.tr\/#website\"},\"primaryImageOfPage\":{\"@id\":\"http:\/\/salterltd.com.tr\/index.php\/urunler\/hidroforlar\/endustriyel-tip-hidroforlar\/paslanmaz-hidroforlar-2\/#primaryimage\"},\"datePublished\":\"2019-03-10T13:00:11+00:00\",\"dateModified\":\"2019-11-13T15:03:09+00:00\",\"breadcrumb\":{\"@id\":\"http:\/\/salterltd.com.tr\/index.php\/urunler\/hidroforlar\/endustriyel-tip-hidroforlar\/paslanmaz-hidroforlar-2\/#breadcrumb\"},\"inLanguage\":\"tr\",\"potentialAction\":[{\"@type\":\"ReadAction\",\"target\":[\"http:\/\/salterltd.com.tr\/index.php\/urunler\/hidroforlar\/endustriyel-tip-hidroforlar\/paslanmaz-hidroforlar-2\/\"]}]},{\"@type\":\"BreadcrumbList\",\"@id\":\"http:\/\/salterltd.com.tr\/index.php\/urunler\/hidroforlar\/endustriyel-tip-hidroforlar\/paslanmaz-hidroforlar-2\/#breadcrumb\",\"itemListElement\":[{\"@type\":\"ListItem\",\"position\":1,\"item\":{\"@type\":\"WebPage\",\"@id\":\"https:\/\/salterltd.com.tr\/\",\"url\":\"https:\/\/salterltd.com.tr\/\",\"name\":\"Ana sayfa\"}},{\"@type\":\"ListItem\",\"position\":2,\"item\":{\"@type\":\"WebPage\",\"@id\":\"https:\/\/salterltd.com.tr\/index.php\/urunler\/\",\"url\":\"https:\/\/salterltd.com.tr\/index.php\/urunler\/\",\"name\":\"\\u00dcr\\u00fcnler\"}},{\"@type\":\"ListItem\",\"position\":3,\"item\":{\"@type\":\"WebPage\",\"@id\":\"http:\/\/salterltd.com.tr\/index.php\/urunler\/hidroforlar\/\",\"url\":\"http:\/\/salterltd.com.tr\/index.php\/urunler\/hidroforlar\/\",\"name\":\"Hidroforlar\"}},{\"@type\":\"ListItem\",\"position\":4,\"item\":{\"@type\":\"WebPage\",\"@id\":\"http:\/\/salterltd.com.tr\/index.php\/urunler\/hidroforlar\/endustriyel-tip-hidroforlar\/\",\"url\":\"http:\/\/salterltd.com.tr\/index.php\/urunler\/hidroforlar\/endustriyel-tip-hidroforlar\/\",\"name\":\"End\\u00fcstriyel Tip Hidroforlar\"}},{\"@type\":\"ListItem\",\"position\":5,\"item\":{\"@id\":\"http:\/\/salterltd.com.tr\/index.php\/urunler\/hidroforlar\/endustriyel-tip-hidroforlar\/paslanmaz-hidroforlar-2\/#webpage\"}}]}]}<\/script>\n<!-- \/ Yoast SEO plugin. -->","_links":{"self":[{"href":"http:\/\/salterltd.com.tr\/index.php\/wp-json\/wp\/v2\/pages\/648"}],"collection":[{"href":"http:\/\/salterltd.com.tr\/index.php\/wp-json\/wp\/v2\/pages"}],"about":[{"href":"http:\/\/salterltd.com.tr\/index.php\/wp-json\/wp\/v2\/types\/page"}],"author":[{"embeddable":true,"href":"http:\/\/salterltd.com.tr\/index.php\/wp-json\/wp\/v2\/users\/1"}],"replies":[{"embeddable":true,"href":"http:\/\/salterltd.com.tr\/index.php\/wp-json\/wp\/v2\/comments?post=648"}],"version-history":[{"count":0,"href":"http:\/\/salterltd.com.tr\/index.php\/wp-json\/wp\/v2\/pages\/648\/revisions"}],"up":[{"embeddable":true,"href":"http:\/\/salterltd.com.tr\/index.php\/wp-json\/wp\/v2\/pages\/631"}],"wp:attachment":[{"href":"http:\/\/salterltd.com.tr\/index.php\/wp-json\/wp\/v2\/media?parent=648"}],"wp:term":[{"taxonomy":"wf_page_folders","embeddable":true,"href":"http:\/\/salterltd.com.tr\/index.php\/wp-json\/wp\/v2\/wf_page_folders?post=648"}],"curies":[{"name":"wp","href":"https:\/\/api.w.org\/{rel}","templated":true}]}}