{"id":694,"date":"2019-03-11T00:28:32","date_gmt":"2019-03-10T21:28:32","guid":{"rendered":"http:\/\/salterltd.com.tr\/?page_id=694"},"modified":"2019-11-14T19:06:04","modified_gmt":"2019-11-14T16:06:04","slug":"gm-gt-serisi-aksiyel-sanayi-fanlari","status":"publish","type":"page","link":"http:\/\/salterltd.com.tr\/index.php\/urunler\/havalandirma-sistemleri\/gm-gt-serisi-aksiyel-sanayi-fanlari\/","title":{"rendered":"GM-GT Serisi Aksiyel Sanayi Fanlar\u0131"},"content":{"rendered":"\t\t<div data-elementor-type=\"wp-post\" data-elementor-id=\"694\" class=\"elementor elementor-694\">\n\t\t\t\t\t\t<div class=\"elementor-inner\">\n\t\t\t\t<div class=\"elementor-section-wrap\">\n\t\t\t\t\t\t\t\t\t<section class=\"elementor-section elementor-top-section elementor-element elementor-element-8087a67 elementor-section-boxed elementor-section-height-default elementor-section-height-default\" data-id=\"8087a67\" data-element_type=\"section\">\n\t\t\t\t\t\t<div class=\"elementor-container elementor-column-gap-default\">\n\t\t\t\t\t\t\t<div class=\"elementor-row\">\n\t\t\t\t\t<div class=\"elementor-column elementor-col-50 elementor-top-column elementor-element elementor-element-cb0651d\" data-id=\"cb0651d\" data-element_type=\"column\">\n\t\t\t<div class=\"elementor-column-wrap elementor-element-populated\">\n\t\t\t\t\t\t\t<div class=\"elementor-widget-wrap\">\n\t\t\t\t\t\t<div class=\"elementor-element elementor-element-7db765b elementor-widget elementor-widget-image\" data-id=\"7db765b\" data-element_type=\"widget\" data-widget_type=\"image.default\">\n\t\t\t\t<div class=\"elementor-widget-container\">\n\t\t\t\t\t\t\t\t<div class=\"elementor-image\">\n\t\t\t\t\t\t\t\t\t\t\t\t<img width=\"450\" height=\"450\" src=\"http:\/\/salterltd.com.tr\/wp-content\/uploads\/2019\/03\/GM-GT-serisi.png\" class=\"attachment-large size-large\" alt=\"\" loading=\"lazy\" srcset=\"http:\/\/salterltd.com.tr\/wp-content\/uploads\/2019\/03\/GM-GT-serisi.png 450w, http:\/\/salterltd.com.tr\/wp-content\/uploads\/2019\/03\/GM-GT-serisi-150x150.png 150w, http:\/\/salterltd.com.tr\/wp-content\/uploads\/2019\/03\/GM-GT-serisi-300x300.png 300w, http:\/\/salterltd.com.tr\/wp-content\/uploads\/2019\/03\/GM-GT-serisi-100x100.png 100w\" sizes=\"(max-width: 450px) 100vw, 450px\" \/>\t\t\t\t\t\t\t\t\t\t\t\t\t\t<\/div>\n\t\t\t\t\t\t<\/div>\n\t\t\t\t<\/div>\n\t\t\t\t\t\t<\/div>\n\t\t\t\t\t<\/div>\n\t\t<\/div>\n\t\t\t\t<div class=\"elementor-column elementor-col-50 elementor-top-column elementor-element elementor-element-d3fce25\" data-id=\"d3fce25\" data-element_type=\"column\">\n\t\t\t<div class=\"elementor-column-wrap elementor-element-populated\">\n\t\t\t\t\t\t\t<div class=\"elementor-widget-wrap\">\n\t\t\t\t\t\t<div class=\"elementor-element elementor-element-c7d56b6 elementor-widget elementor-widget-heading\" data-id=\"c7d56b6\" data-element_type=\"widget\" data-widget_type=\"heading.default\">\n\t\t\t\t<div class=\"elementor-widget-container\">\n\t\t\t<h3 class=\"elementor-heading-title elementor-size-medium\">GM-GT\n serisi Duvar tipi fanlar end\u00fcstriyel binalar\u0131, hayvan \u00e7iftlikleri, \nseralar, garajlar, spor salonlar\u0131 ve otopark gibi borusuz hava giri\u015f \n\u00e7\u0131k\u0131\u015f\u0131 gerektiren yerlerin havaland\u0131r\u0131lmas\u0131 i\u00e7in tasarlanm\u0131\u015ft\u0131r.<br>\nba\u015fl\u0131ca \u00f6zellikleri arasinda duvara monte edilen fanlara g\u00f6re yap\u0131sal olarak dengeli olmalar\u0131 yer al\u0131r.<br>\nMaksimum 50\u00b0C de ortam havas\u0131n\u0131 temizlemek i\u00e7in kullan\u0131l\u0131r.<br>\nG\u00fcr\u00fclt\u00fc d\u00fczeyinin d\u00fc\u015f\u00fck olmas\u0131n\u0131n ve performans\u0131n y\u00fcksek olmas\u0131n\u0131n nedeni giri\u015f k\u0131sm\u0131ndaki aerodinamik konik yap\u0131d\u0131r.<\/h3>\t\t<\/div>\n\t\t\t\t<\/div>\n\t\t\t\t\t\t<\/div>\n\t\t\t\t\t<\/div>\n\t\t<\/div>\n\t\t\t\t\t\t\t\t<\/div>\n\t\t\t\t\t<\/div>\n\t\t<\/section>\n\t\t\t\t<section class=\"elementor-section elementor-top-section elementor-element elementor-element-96aa4ed elementor-section-boxed elementor-section-height-default elementor-section-height-default\" data-id=\"96aa4ed\" data-element_type=\"section\">\n\t\t\t\t\t\t<div class=\"elementor-container elementor-column-gap-default\">\n\t\t\t\t\t\t\t<div class=\"elementor-row\">\n\t\t\t\t\t<div class=\"elementor-column elementor-col-100 elementor-top-column elementor-element elementor-element-46971ca\" data-id=\"46971ca\" data-element_type=\"column\">\n\t\t\t<div class=\"elementor-column-wrap elementor-element-populated\">\n\t\t\t\t\t\t\t<div class=\"elementor-widget-wrap\">\n\t\t\t\t\t\t<div class=\"elementor-element elementor-element-3fc98b4 elementor-widget elementor-widget-spacer\" data-id=\"3fc98b4\" data-element_type=\"widget\" data-widget_type=\"spacer.default\">\n\t\t\t\t<div class=\"elementor-widget-container\">\n\t\t\t\t\t<div class=\"elementor-spacer\">\n\t\t\t<div class=\"elementor-spacer-inner\"><\/div>\n\t\t<\/div>\n\t\t\t\t<\/div>\n\t\t\t\t<\/div>\n\t\t\t\t\t\t<\/div>\n\t\t\t\t\t<\/div>\n\t\t<\/div>\n\t\t\t\t\t\t\t\t<\/div>\n\t\t\t\t\t<\/div>\n\t\t<\/section>\n\t\t\t\t\t\t\t\t\t<\/div>\n\t\t\t<\/div>\n\t\t\t\t\t<\/div>\n\t\t","protected":false},"excerpt":{"rendered":"<p>GM-GT serisi Duvar tipi fanlar end\u00fcstriyel binalar\u0131, hayvan \u00e7iftlikleri, seralar, garajlar, spor salonlar\u0131 ve otopark gibi borusuz hava giri\u015f \u00e7\u0131k\u0131\u015f\u0131 gerektiren yerlerin havaland\u0131r\u0131lmas\u0131 i\u00e7in tasarlanm\u0131\u015ft\u0131r. ba\u015fl\u0131ca \u00f6zellikleri arasinda duvara monte edilen fanlara g\u00f6re yap\u0131sal olarak dengeli olmalar\u0131 yer al\u0131r. Maksimum 50\u00b0C de ortam havas\u0131n\u0131 temizlemek i\u00e7in kullan\u0131l\u0131r. G\u00fcr\u00fclt\u00fc d\u00fczeyinin d\u00fc\u015f\u00fck olmas\u0131n\u0131n ve performans\u0131n y\u00fcksek olmas\u0131n\u0131n [&hellip;]<\/p>\n","protected":false},"author":1,"featured_media":0,"parent":556,"menu_order":0,"comment_status":"closed","ping_status":"closed","template":"","meta":[],"wf_page_folders":[],"yoast_head":"<!-- This site is optimized with the Yoast SEO plugin v16.2 - https:\/\/yoast.com\/wordpress\/plugins\/seo\/ -->\n<title>GM-GT Serisi Aksiyel Sanayi Fanlar\u0131 - Salter<\/title>\n<meta name=\"robots\" content=\"index, follow, max-snippet:-1, max-image-preview:large, max-video-preview:-1\" \/>\n<link rel=\"canonical\" href=\"http:\/\/salterltd.com.tr\/index.php\/urunler\/havalandirma-sistemleri\/gm-gt-serisi-aksiyel-sanayi-fanlari\/\" \/>\n<meta property=\"og:locale\" content=\"tr_TR\" \/>\n<meta property=\"og:type\" content=\"article\" \/>\n<meta property=\"og:title\" content=\"GM-GT Serisi Aksiyel Sanayi Fanlar\u0131 - Salter\" \/>\n<meta property=\"og:description\" content=\"GM-GT serisi Duvar tipi fanlar end\u00fcstriyel binalar\u0131, hayvan \u00e7iftlikleri, seralar, garajlar, spor salonlar\u0131 ve otopark gibi borusuz hava giri\u015f \u00e7\u0131k\u0131\u015f\u0131 gerektiren yerlerin havaland\u0131r\u0131lmas\u0131 i\u00e7in tasarlanm\u0131\u015ft\u0131r. ba\u015fl\u0131ca \u00f6zellikleri arasinda duvara monte edilen fanlara g\u00f6re yap\u0131sal olarak dengeli olmalar\u0131 yer al\u0131r. Maksimum 50\u00b0C de ortam havas\u0131n\u0131 temizlemek i\u00e7in kullan\u0131l\u0131r. G\u00fcr\u00fclt\u00fc d\u00fczeyinin d\u00fc\u015f\u00fck olmas\u0131n\u0131n ve performans\u0131n y\u00fcksek olmas\u0131n\u0131n [&hellip;]\" \/>\n<meta property=\"og:url\" content=\"http:\/\/salterltd.com.tr\/index.php\/urunler\/havalandirma-sistemleri\/gm-gt-serisi-aksiyel-sanayi-fanlari\/\" \/>\n<meta property=\"og:site_name\" content=\"Salter\" \/>\n<meta property=\"article:modified_time\" content=\"2019-11-14T16:06:04+00:00\" \/>\n<meta property=\"og:image\" content=\"http:\/\/salterltd.com.tr\/wp-content\/uploads\/2019\/03\/GM-GT-serisi.png\" \/>\n<meta name=\"twitter:card\" content=\"summary_large_image\" \/>\n<script type=\"application\/ld+json\" class=\"yoast-schema-graph\">{\"@context\":\"https:\/\/schema.org\",\"@graph\":[{\"@type\":\"Organization\",\"@id\":\"http:\/\/salterltd.com.tr\/#organization\",\"name\":\"Tamsan Elektrik Motor San. ve Tic. Ltd. \\u015eti.\",\"url\":\"http:\/\/salterltd.com.tr\/\",\"sameAs\":[],\"logo\":{\"@type\":\"ImageObject\",\"@id\":\"http:\/\/salterltd.com.tr\/#logo\",\"inLanguage\":\"tr\",\"url\":\"http:\/\/salterltd.com.tr\/wp-content\/uploads\/2019\/11\/TAMSAN-logo.jpg\",\"contentUrl\":\"http:\/\/salterltd.com.tr\/wp-content\/uploads\/2019\/11\/TAMSAN-logo.jpg\",\"width\":1388,\"height\":292,\"caption\":\"Tamsan Elektrik Motor San. ve Tic. Ltd. \\u015eti.\"},\"image\":{\"@id\":\"http:\/\/salterltd.com.tr\/#logo\"}},{\"@type\":\"WebSite\",\"@id\":\"http:\/\/salterltd.com.tr\/#website\",\"url\":\"http:\/\/salterltd.com.tr\/\",\"name\":\"Tamsan Elektrik Motor\",\"description\":\"\",\"publisher\":{\"@id\":\"http:\/\/salterltd.com.tr\/#organization\"},\"potentialAction\":[{\"@type\":\"SearchAction\",\"target\":\"http:\/\/salterltd.com.tr\/?s={search_term_string}\",\"query-input\":\"required name=search_term_string\"}],\"inLanguage\":\"tr\"},{\"@type\":\"ImageObject\",\"@id\":\"http:\/\/salterltd.com.tr\/index.php\/urunler\/havalandirma-sistemleri\/gm-gt-serisi-aksiyel-sanayi-fanlari\/#primaryimage\",\"inLanguage\":\"tr\",\"url\":\"http:\/\/salterltd.com.tr\/wp-content\/uploads\/2019\/03\/GM-GT-serisi.png\",\"contentUrl\":\"http:\/\/salterltd.com.tr\/wp-content\/uploads\/2019\/03\/GM-GT-serisi.png\",\"width\":450,\"height\":450},{\"@type\":\"WebPage\",\"@id\":\"http:\/\/salterltd.com.tr\/index.php\/urunler\/havalandirma-sistemleri\/gm-gt-serisi-aksiyel-sanayi-fanlari\/#webpage\",\"url\":\"http:\/\/salterltd.com.tr\/index.php\/urunler\/havalandirma-sistemleri\/gm-gt-serisi-aksiyel-sanayi-fanlari\/\",\"name\":\"GM-GT Serisi Aksiyel Sanayi Fanlar\\u0131 - Salter\",\"isPartOf\":{\"@id\":\"http:\/\/salterltd.com.tr\/#website\"},\"primaryImageOfPage\":{\"@id\":\"http:\/\/salterltd.com.tr\/index.php\/urunler\/havalandirma-sistemleri\/gm-gt-serisi-aksiyel-sanayi-fanlari\/#primaryimage\"},\"datePublished\":\"2019-03-10T21:28:32+00:00\",\"dateModified\":\"2019-11-14T16:06:04+00:00\",\"breadcrumb\":{\"@id\":\"http:\/\/salterltd.com.tr\/index.php\/urunler\/havalandirma-sistemleri\/gm-gt-serisi-aksiyel-sanayi-fanlari\/#breadcrumb\"},\"inLanguage\":\"tr\",\"potentialAction\":[{\"@type\":\"ReadAction\",\"target\":[\"http:\/\/salterltd.com.tr\/index.php\/urunler\/havalandirma-sistemleri\/gm-gt-serisi-aksiyel-sanayi-fanlari\/\"]}]},{\"@type\":\"BreadcrumbList\",\"@id\":\"http:\/\/salterltd.com.tr\/index.php\/urunler\/havalandirma-sistemleri\/gm-gt-serisi-aksiyel-sanayi-fanlari\/#breadcrumb\",\"itemListElement\":[{\"@type\":\"ListItem\",\"position\":1,\"item\":{\"@type\":\"WebPage\",\"@id\":\"http:\/\/salterltd.com.tr\/\",\"url\":\"http:\/\/salterltd.com.tr\/\",\"name\":\"Ana sayfa\"}},{\"@type\":\"ListItem\",\"position\":2,\"item\":{\"@type\":\"WebPage\",\"@id\":\"http:\/\/salterltd.com.tr\/index.php\/urunler\/\",\"url\":\"http:\/\/salterltd.com.tr\/index.php\/urunler\/\",\"name\":\"\\u00dcr\\u00fcnler\"}},{\"@type\":\"ListItem\",\"position\":3,\"item\":{\"@type\":\"WebPage\",\"@id\":\"http:\/\/salterltd.com.tr\/index.php\/urunler\/havalandirma-sistemleri\/\",\"url\":\"http:\/\/salterltd.com.tr\/index.php\/urunler\/havalandirma-sistemleri\/\",\"name\":\"Havaland\\u0131rma Sistemleri\"}},{\"@type\":\"ListItem\",\"position\":4,\"item\":{\"@id\":\"http:\/\/salterltd.com.tr\/index.php\/urunler\/havalandirma-sistemleri\/gm-gt-serisi-aksiyel-sanayi-fanlari\/#webpage\"}}]}]}<\/script>\n<!-- \/ Yoast SEO plugin. -->","_links":{"self":[{"href":"http:\/\/salterltd.com.tr\/index.php\/wp-json\/wp\/v2\/pages\/694"}],"collection":[{"href":"http:\/\/salterltd.com.tr\/index.php\/wp-json\/wp\/v2\/pages"}],"about":[{"href":"http:\/\/salterltd.com.tr\/index.php\/wp-json\/wp\/v2\/types\/page"}],"author":[{"embeddable":true,"href":"http:\/\/salterltd.com.tr\/index.php\/wp-json\/wp\/v2\/users\/1"}],"replies":[{"embeddable":true,"href":"http:\/\/salterltd.com.tr\/index.php\/wp-json\/wp\/v2\/comments?post=694"}],"version-history":[{"count":0,"href":"http:\/\/salterltd.com.tr\/index.php\/wp-json\/wp\/v2\/pages\/694\/revisions"}],"up":[{"embeddable":true,"href":"http:\/\/salterltd.com.tr\/index.php\/wp-json\/wp\/v2\/pages\/556"}],"wp:attachment":[{"href":"http:\/\/salterltd.com.tr\/index.php\/wp-json\/wp\/v2\/media?parent=694"}],"wp:term":[{"taxonomy":"wf_page_folders","embeddable":true,"href":"http:\/\/salterltd.com.tr\/index.php\/wp-json\/wp\/v2\/wf_page_folders?post=694"}],"curies":[{"name":"wp","href":"https:\/\/api.w.org\/{rel}","templated":true}]}}