{"id":708,"date":"2019-03-11T00:52:49","date_gmt":"2019-03-10T21:52:49","guid":{"rendered":"http:\/\/salterltd.com.tr\/?page_id=708"},"modified":"2019-11-14T19:10:29","modified_gmt":"2019-11-14T16:10:29","slug":"gdf-serisi-kanal-fanlari","status":"publish","type":"page","link":"http:\/\/salterltd.com.tr\/index.php\/urunler\/havalandirma-sistemleri\/gdf-serisi-kanal-fanlari\/","title":{"rendered":"GDF Serisi Kanal Fanlar\u0131"},"content":{"rendered":"\t\t<div data-elementor-type=\"wp-post\" data-elementor-id=\"708\" class=\"elementor elementor-708\">\n\t\t\t\t\t\t<div class=\"elementor-inner\">\n\t\t\t\t<div class=\"elementor-section-wrap\">\n\t\t\t\t\t\t\t\t\t<section class=\"elementor-section elementor-top-section elementor-element elementor-element-87e98e7 elementor-section-boxed elementor-section-height-default elementor-section-height-default\" data-id=\"87e98e7\" data-element_type=\"section\">\n\t\t\t\t\t\t<div class=\"elementor-container elementor-column-gap-default\">\n\t\t\t\t\t\t\t<div class=\"elementor-row\">\n\t\t\t\t\t<div class=\"elementor-column elementor-col-50 elementor-top-column elementor-element elementor-element-d95ee42\" data-id=\"d95ee42\" data-element_type=\"column\">\n\t\t\t<div class=\"elementor-column-wrap elementor-element-populated\">\n\t\t\t\t\t\t\t<div class=\"elementor-widget-wrap\">\n\t\t\t\t\t\t<div class=\"elementor-element elementor-element-f44a3a4 elementor-widget elementor-widget-image\" data-id=\"f44a3a4\" data-element_type=\"widget\" data-widget_type=\"image.default\">\n\t\t\t\t<div class=\"elementor-widget-container\">\n\t\t\t\t\t\t\t\t<div class=\"elementor-image\">\n\t\t\t\t\t\t\t\t\t\t\t\t<img width=\"601\" height=\"566\" src=\"http:\/\/salterltd.com.tr\/wp-content\/uploads\/2019\/03\/Kanal-Tip-Radyal-Fan.png\" class=\"attachment-large size-large\" alt=\"\" loading=\"lazy\" srcset=\"http:\/\/salterltd.com.tr\/wp-content\/uploads\/2019\/03\/Kanal-Tip-Radyal-Fan.png 601w, http:\/\/salterltd.com.tr\/wp-content\/uploads\/2019\/03\/Kanal-Tip-Radyal-Fan-300x283.png 300w, http:\/\/salterltd.com.tr\/wp-content\/uploads\/2019\/03\/Kanal-Tip-Radyal-Fan-600x565.png 600w\" sizes=\"(max-width: 601px) 100vw, 601px\" \/>\t\t\t\t\t\t\t\t\t\t\t\t\t\t<\/div>\n\t\t\t\t\t\t<\/div>\n\t\t\t\t<\/div>\n\t\t\t\t\t\t<\/div>\n\t\t\t\t\t<\/div>\n\t\t<\/div>\n\t\t\t\t<div class=\"elementor-column elementor-col-50 elementor-top-column elementor-element elementor-element-8e8783e\" data-id=\"8e8783e\" data-element_type=\"column\">\n\t\t\t<div class=\"elementor-column-wrap elementor-element-populated\">\n\t\t\t\t\t\t\t<div class=\"elementor-widget-wrap\">\n\t\t\t\t\t\t<div class=\"elementor-element elementor-element-d54d3e3 elementor-widget elementor-widget-heading\" data-id=\"d54d3e3\" data-element_type=\"widget\" data-widget_type=\"heading.default\">\n\t\t\t\t<div class=\"elementor-widget-container\">\n\t\t\t<h3 class=\"elementor-heading-title elementor-size-default\">GDF serisi fanlar&nbsp;kanall\u0131 sistemde hava at\u0131\u015f\u0131n\u0131 direkt&nbsp; ya da dairesel \nkanallara yapabilen kanal tipi montaja musait&nbsp; ve kolayl\u0131kla montaj \nedilebilen, yuksek&nbsp; bas\u0131ncl\u0131 fanlard\u0131r.<p><\/p>\n\nK\u00fc\u00e7\u00fck ve orta buyuklukteki mekanlar\u0131n uygun maliyetli havaland\u0131rma \u00e7\u00f6z\u00fcm\u00fc i\u00e7in idealdir.<br><p><\/p><br>Kullan\u0131labilir \u00f6l\u00e7\u00fcler<p><\/p>\n\n100 mm ,120 mm , 150 mm ,160 mm 200 mm , 250 mm , 315 mm<\/h3>\t\t<\/div>\n\t\t\t\t<\/div>\n\t\t\t\t<div class=\"elementor-element elementor-element-668c7af elementor-align-left elementor-button-danger elementor-widget elementor-widget-button\" data-id=\"668c7af\" data-element_type=\"widget\" data-widget_type=\"button.default\">\n\t\t\t\t<div class=\"elementor-widget-container\">\n\t\t\t\t\t<div class=\"elementor-button-wrapper\">\n\t\t\t<a href=\"#\" class=\"elementor-button-link elementor-button elementor-size-md\" role=\"button\">\n\t\t\t\t\t\t<span class=\"elementor-button-content-wrapper\">\n\t\t\t\t\t\t<span class=\"elementor-button-text\">Katalog<\/span>\n\t\t<\/span>\n\t\t\t\t\t<\/a>\n\t\t<\/div>\n\t\t\t\t<\/div>\n\t\t\t\t<\/div>\n\t\t\t\t\t\t<\/div>\n\t\t\t\t\t<\/div>\n\t\t<\/div>\n\t\t\t\t\t\t\t\t<\/div>\n\t\t\t\t\t<\/div>\n\t\t<\/section>\n\t\t\t\t<section class=\"elementor-section elementor-top-section elementor-element elementor-element-20eb5b3 elementor-section-boxed elementor-section-height-default elementor-section-height-default\" data-id=\"20eb5b3\" data-element_type=\"section\">\n\t\t\t\t\t\t<div class=\"elementor-container elementor-column-gap-default\">\n\t\t\t\t\t\t\t<div class=\"elementor-row\">\n\t\t\t\t\t<div class=\"elementor-column elementor-col-100 elementor-top-column elementor-element elementor-element-b599c64\" data-id=\"b599c64\" data-element_type=\"column\">\n\t\t\t<div class=\"elementor-column-wrap elementor-element-populated\">\n\t\t\t\t\t\t\t<div class=\"elementor-widget-wrap\">\n\t\t\t\t\t\t<div class=\"elementor-element elementor-element-a8894bc elementor-widget elementor-widget-spacer\" data-id=\"a8894bc\" data-element_type=\"widget\" data-widget_type=\"spacer.default\">\n\t\t\t\t<div class=\"elementor-widget-container\">\n\t\t\t\t\t<div class=\"elementor-spacer\">\n\t\t\t<div class=\"elementor-spacer-inner\"><\/div>\n\t\t<\/div>\n\t\t\t\t<\/div>\n\t\t\t\t<\/div>\n\t\t\t\t<div class=\"elementor-element elementor-element-b92ea11 elementor-widget-divider--view-line elementor-widget elementor-widget-divider\" data-id=\"b92ea11\" data-element_type=\"widget\" data-widget_type=\"divider.default\">\n\t\t\t\t<div class=\"elementor-widget-container\">\n\t\t\t\t\t<div class=\"elementor-divider\">\n\t\t\t<span class=\"elementor-divider-separator\">\n\t\t\t\t\t\t<\/span>\n\t\t<\/div>\n\t\t\t\t<\/div>\n\t\t\t\t<\/div>\n\t\t\t\t\t\t<\/div>\n\t\t\t\t\t<\/div>\n\t\t<\/div>\n\t\t\t\t\t\t\t\t<\/div>\n\t\t\t\t\t<\/div>\n\t\t<\/section>\n\t\t\t\t\t\t\t\t\t<\/div>\n\t\t\t<\/div>\n\t\t\t\t\t<\/div>\n\t\t","protected":false},"excerpt":{"rendered":"<p>GDF serisi fanlar&nbsp;kanall\u0131 sistemde hava at\u0131\u015f\u0131n\u0131 direkt&nbsp; ya da dairesel kanallara yapabilen kanal tipi montaja musait&nbsp; ve kolayl\u0131kla montaj edilebilen, yuksek&nbsp; bas\u0131ncl\u0131 fanlard\u0131r. K\u00fc\u00e7\u00fck ve orta buyuklukteki mekanlar\u0131n uygun maliyetli havaland\u0131rma \u00e7\u00f6z\u00fcm\u00fc i\u00e7in idealdir. Kullan\u0131labilir \u00f6l\u00e7\u00fcler 100 mm ,120 mm , 150 mm ,160 mm 200 mm , 250 mm , 315 mm Katalog<\/p>\n","protected":false},"author":1,"featured_media":0,"parent":556,"menu_order":0,"comment_status":"closed","ping_status":"closed","template":"","meta":[],"wf_page_folders":[],"yoast_head":"<!-- This site is optimized with the Yoast SEO plugin v16.2 - https:\/\/yoast.com\/wordpress\/plugins\/seo\/ -->\n<title>GDF Serisi Kanal Fanlar\u0131 - Salter<\/title>\n<meta name=\"robots\" content=\"index, follow, max-snippet:-1, max-image-preview:large, max-video-preview:-1\" \/>\n<link rel=\"canonical\" href=\"http:\/\/salterltd.com.tr\/index.php\/urunler\/havalandirma-sistemleri\/gdf-serisi-kanal-fanlari\/\" \/>\n<meta property=\"og:locale\" content=\"tr_TR\" \/>\n<meta property=\"og:type\" content=\"article\" \/>\n<meta property=\"og:title\" content=\"GDF Serisi Kanal Fanlar\u0131 - Salter\" \/>\n<meta property=\"og:description\" content=\"GDF serisi fanlar&nbsp;kanall\u0131 sistemde hava at\u0131\u015f\u0131n\u0131 direkt&nbsp; ya da dairesel kanallara yapabilen kanal tipi montaja musait&nbsp; ve kolayl\u0131kla montaj edilebilen, yuksek&nbsp; bas\u0131ncl\u0131 fanlard\u0131r. K\u00fc\u00e7\u00fck ve orta buyuklukteki mekanlar\u0131n uygun maliyetli havaland\u0131rma \u00e7\u00f6z\u00fcm\u00fc i\u00e7in idealdir. Kullan\u0131labilir \u00f6l\u00e7\u00fcler 100 mm ,120 mm , 150 mm ,160 mm 200 mm , 250 mm , 315 mm Katalog\" \/>\n<meta property=\"og:url\" content=\"http:\/\/salterltd.com.tr\/index.php\/urunler\/havalandirma-sistemleri\/gdf-serisi-kanal-fanlari\/\" \/>\n<meta property=\"og:site_name\" content=\"Salter\" \/>\n<meta property=\"article:modified_time\" content=\"2019-11-14T16:10:29+00:00\" \/>\n<meta property=\"og:image\" content=\"http:\/\/salterltd.com.tr\/wp-content\/uploads\/2019\/03\/Kanal-Tip-Radyal-Fan.png\" \/>\n<meta name=\"twitter:card\" content=\"summary_large_image\" \/>\n<script type=\"application\/ld+json\" class=\"yoast-schema-graph\">{\"@context\":\"https:\/\/schema.org\",\"@graph\":[{\"@type\":\"Organization\",\"@id\":\"http:\/\/salterltd.com.tr\/#organization\",\"name\":\"Tamsan Elektrik Motor San. ve Tic. Ltd. \\u015eti.\",\"url\":\"http:\/\/salterltd.com.tr\/\",\"sameAs\":[],\"logo\":{\"@type\":\"ImageObject\",\"@id\":\"http:\/\/salterltd.com.tr\/#logo\",\"inLanguage\":\"tr\",\"url\":\"http:\/\/salterltd.com.tr\/wp-content\/uploads\/2019\/11\/TAMSAN-logo.jpg\",\"contentUrl\":\"http:\/\/salterltd.com.tr\/wp-content\/uploads\/2019\/11\/TAMSAN-logo.jpg\",\"width\":1388,\"height\":292,\"caption\":\"Tamsan Elektrik Motor San. ve Tic. Ltd. \\u015eti.\"},\"image\":{\"@id\":\"http:\/\/salterltd.com.tr\/#logo\"}},{\"@type\":\"WebSite\",\"@id\":\"http:\/\/salterltd.com.tr\/#website\",\"url\":\"http:\/\/salterltd.com.tr\/\",\"name\":\"Tamsan Elektrik Motor\",\"description\":\"\",\"publisher\":{\"@id\":\"http:\/\/salterltd.com.tr\/#organization\"},\"potentialAction\":[{\"@type\":\"SearchAction\",\"target\":\"http:\/\/salterltd.com.tr\/?s={search_term_string}\",\"query-input\":\"required name=search_term_string\"}],\"inLanguage\":\"tr\"},{\"@type\":\"ImageObject\",\"@id\":\"http:\/\/salterltd.com.tr\/index.php\/urunler\/havalandirma-sistemleri\/gdf-serisi-kanal-fanlari\/#primaryimage\",\"inLanguage\":\"tr\",\"url\":\"http:\/\/salterltd.com.tr\/wp-content\/uploads\/2019\/03\/Kanal-Tip-Radyal-Fan.png\",\"contentUrl\":\"http:\/\/salterltd.com.tr\/wp-content\/uploads\/2019\/03\/Kanal-Tip-Radyal-Fan.png\",\"width\":601,\"height\":566},{\"@type\":\"WebPage\",\"@id\":\"http:\/\/salterltd.com.tr\/index.php\/urunler\/havalandirma-sistemleri\/gdf-serisi-kanal-fanlari\/#webpage\",\"url\":\"http:\/\/salterltd.com.tr\/index.php\/urunler\/havalandirma-sistemleri\/gdf-serisi-kanal-fanlari\/\",\"name\":\"GDF Serisi Kanal Fanlar\\u0131 - Salter\",\"isPartOf\":{\"@id\":\"http:\/\/salterltd.com.tr\/#website\"},\"primaryImageOfPage\":{\"@id\":\"http:\/\/salterltd.com.tr\/index.php\/urunler\/havalandirma-sistemleri\/gdf-serisi-kanal-fanlari\/#primaryimage\"},\"datePublished\":\"2019-03-10T21:52:49+00:00\",\"dateModified\":\"2019-11-14T16:10:29+00:00\",\"breadcrumb\":{\"@id\":\"http:\/\/salterltd.com.tr\/index.php\/urunler\/havalandirma-sistemleri\/gdf-serisi-kanal-fanlari\/#breadcrumb\"},\"inLanguage\":\"tr\",\"potentialAction\":[{\"@type\":\"ReadAction\",\"target\":[\"http:\/\/salterltd.com.tr\/index.php\/urunler\/havalandirma-sistemleri\/gdf-serisi-kanal-fanlari\/\"]}]},{\"@type\":\"BreadcrumbList\",\"@id\":\"http:\/\/salterltd.com.tr\/index.php\/urunler\/havalandirma-sistemleri\/gdf-serisi-kanal-fanlari\/#breadcrumb\",\"itemListElement\":[{\"@type\":\"ListItem\",\"position\":1,\"item\":{\"@type\":\"WebPage\",\"@id\":\"http:\/\/salterltd.com.tr\/\",\"url\":\"http:\/\/salterltd.com.tr\/\",\"name\":\"Ana sayfa\"}},{\"@type\":\"ListItem\",\"position\":2,\"item\":{\"@type\":\"WebPage\",\"@id\":\"http:\/\/salterltd.com.tr\/index.php\/urunler\/\",\"url\":\"http:\/\/salterltd.com.tr\/index.php\/urunler\/\",\"name\":\"\\u00dcr\\u00fcnler\"}},{\"@type\":\"ListItem\",\"position\":3,\"item\":{\"@type\":\"WebPage\",\"@id\":\"http:\/\/salterltd.com.tr\/index.php\/urunler\/havalandirma-sistemleri\/\",\"url\":\"http:\/\/salterltd.com.tr\/index.php\/urunler\/havalandirma-sistemleri\/\",\"name\":\"Havaland\\u0131rma Sistemleri\"}},{\"@type\":\"ListItem\",\"position\":4,\"item\":{\"@id\":\"http:\/\/salterltd.com.tr\/index.php\/urunler\/havalandirma-sistemleri\/gdf-serisi-kanal-fanlari\/#webpage\"}}]}]}<\/script>\n<!-- \/ Yoast SEO plugin. -->","_links":{"self":[{"href":"http:\/\/salterltd.com.tr\/index.php\/wp-json\/wp\/v2\/pages\/708"}],"collection":[{"href":"http:\/\/salterltd.com.tr\/index.php\/wp-json\/wp\/v2\/pages"}],"about":[{"href":"http:\/\/salterltd.com.tr\/index.php\/wp-json\/wp\/v2\/types\/page"}],"author":[{"embeddable":true,"href":"http:\/\/salterltd.com.tr\/index.php\/wp-json\/wp\/v2\/users\/1"}],"replies":[{"embeddable":true,"href":"http:\/\/salterltd.com.tr\/index.php\/wp-json\/wp\/v2\/comments?post=708"}],"version-history":[{"count":0,"href":"http:\/\/salterltd.com.tr\/index.php\/wp-json\/wp\/v2\/pages\/708\/revisions"}],"up":[{"embeddable":true,"href":"http:\/\/salterltd.com.tr\/index.php\/wp-json\/wp\/v2\/pages\/556"}],"wp:attachment":[{"href":"http:\/\/salterltd.com.tr\/index.php\/wp-json\/wp\/v2\/media?parent=708"}],"wp:term":[{"taxonomy":"wf_page_folders","embeddable":true,"href":"http:\/\/salterltd.com.tr\/index.php\/wp-json\/wp\/v2\/wf_page_folders?post=708"}],"curies":[{"name":"wp","href":"https:\/\/api.w.org\/{rel}","templated":true}]}}