{"id":745,"date":"2019-03-11T22:26:51","date_gmt":"2019-03-11T19:26:51","guid":{"rendered":"http:\/\/salterltd.com.tr\/?page_id=745"},"modified":"2019-10-11T16:49:08","modified_gmt":"2019-10-11T13:49:08","slug":"yay-baskili-frenler","status":"publish","type":"page","link":"http:\/\/salterltd.com.tr\/index.php\/urunler\/fren-ve-kavramalar\/yay-baskili-frenler\/","title":{"rendered":"Yay Bask\u0131l\u0131 Frenler"},"content":{"rendered":"\t\t<div data-elementor-type=\"wp-post\" data-elementor-id=\"745\" class=\"elementor elementor-745\">\n\t\t\t\t\t\t<div class=\"elementor-inner\">\n\t\t\t\t<div class=\"elementor-section-wrap\">\n\t\t\t\t\t\t\t\t\t<section class=\"elementor-section elementor-top-section elementor-element elementor-element-9707eb0 elementor-section-boxed elementor-section-height-default elementor-section-height-default\" data-id=\"9707eb0\" data-element_type=\"section\">\n\t\t\t\t\t\t<div class=\"elementor-container elementor-column-gap-default\">\n\t\t\t\t\t\t\t<div class=\"elementor-row\">\n\t\t\t\t\t<div class=\"elementor-column elementor-col-50 elementor-top-column elementor-element elementor-element-6a38c4b\" data-id=\"6a38c4b\" data-element_type=\"column\">\n\t\t\t<div class=\"elementor-column-wrap elementor-element-populated\">\n\t\t\t\t\t\t\t<div class=\"elementor-widget-wrap\">\n\t\t\t\t\t\t<div class=\"elementor-element elementor-element-d65bc9b elementor-widget elementor-widget-image\" data-id=\"d65bc9b\" data-element_type=\"widget\" data-widget_type=\"image.default\">\n\t\t\t\t<div class=\"elementor-widget-container\">\n\t\t\t\t\t\t\t\t<div class=\"elementor-image\">\n\t\t\t\t\t\t\t\t\t\t\t\t<img width=\"810\" height=\"830\" src=\"http:\/\/salterltd.com.tr\/wp-content\/uploads\/2019\/03\/Yay-Bask\u0131l\u0131-Frenler-x.jpg\" class=\"attachment-large size-large\" alt=\"\" loading=\"lazy\" srcset=\"http:\/\/salterltd.com.tr\/wp-content\/uploads\/2019\/03\/Yay-Bask\u0131l\u0131-Frenler-x.jpg 830w, http:\/\/salterltd.com.tr\/wp-content\/uploads\/2019\/03\/Yay-Bask\u0131l\u0131-Frenler-x-293x300.jpg 293w, http:\/\/salterltd.com.tr\/wp-content\/uploads\/2019\/03\/Yay-Bask\u0131l\u0131-Frenler-x-768x787.jpg 768w, http:\/\/salterltd.com.tr\/wp-content\/uploads\/2019\/03\/Yay-Bask\u0131l\u0131-Frenler-x-600x614.jpg 600w\" sizes=\"(max-width: 810px) 100vw, 810px\" \/>\t\t\t\t\t\t\t\t\t\t\t\t\t\t<\/div>\n\t\t\t\t\t\t<\/div>\n\t\t\t\t<\/div>\n\t\t\t\t<div class=\"elementor-element elementor-element-244d83b elementor-widget elementor-widget-image-gallery\" data-id=\"244d83b\" data-element_type=\"widget\" data-widget_type=\"image-gallery.default\">\n\t\t\t\t<div class=\"elementor-widget-container\">\n\t\t\t\t\t<div class=\"elementor-image-gallery\">\n\t\t\t<div id='gallery-1' class='gallery galleryid-745 gallery-columns-4 gallery-size-thumbnail'><figure class='gallery-item'>\n\t\t\t<div class='gallery-icon portrait'>\n\t\t\t\t<a data-elementor-open-lightbox=\"yes\" data-elementor-lightbox-slideshow=\"244d83b\" data-elementor-lightbox-title=\"Yay Bask\u0131l\u0131 Frenler resim2\" e-action-hash=\"#elementor-action%3Aaction%3Dlightbox%26settings%3DeyJpZCI6NzgwLCJ1cmwiOiJodHRwOlwvXC9zYWx0ZXJsdGQuY29tLnRyXC93cC1jb250ZW50XC91cGxvYWRzXC8yMDE5XC8wM1wvWWF5LUJhc2tcdTAxMzFsXHUwMTMxLUZyZW5sZXItcmVzaW0yLmpwZyIsInNsaWRlc2hvdyI6IjI0NGQ4M2IifQ%3D%3D\" href='http:\/\/salterltd.com.tr\/wp-content\/uploads\/2019\/03\/Yay-Bask\u0131l\u0131-Frenler-resim2.jpg'><img width=\"150\" height=\"150\" src=\"http:\/\/salterltd.com.tr\/wp-content\/uploads\/2019\/03\/Yay-Bask\u0131l\u0131-Frenler-resim2-150x150.jpg\" class=\"attachment-thumbnail size-thumbnail\" alt=\"\" loading=\"lazy\" srcset=\"http:\/\/salterltd.com.tr\/wp-content\/uploads\/2019\/03\/Yay-Bask\u0131l\u0131-Frenler-resim2-150x150.jpg 150w, http:\/\/salterltd.com.tr\/wp-content\/uploads\/2019\/03\/Yay-Bask\u0131l\u0131-Frenler-resim2-300x300.jpg 300w, http:\/\/salterltd.com.tr\/wp-content\/uploads\/2019\/03\/Yay-Bask\u0131l\u0131-Frenler-resim2-100x100.jpg 100w\" sizes=\"(max-width: 150px) 100vw, 150px\" \/><\/a>\n\t\t\t<\/div><\/figure><figure class='gallery-item'>\n\t\t\t<div class='gallery-icon portrait'>\n\t\t\t\t<a data-elementor-open-lightbox=\"yes\" data-elementor-lightbox-slideshow=\"244d83b\" data-elementor-lightbox-title=\"Yay Bask\u0131l\u0131 Frenler resim3\" e-action-hash=\"#elementor-action%3Aaction%3Dlightbox%26settings%3DeyJpZCI6NzgxLCJ1cmwiOiJodHRwOlwvXC9zYWx0ZXJsdGQuY29tLnRyXC93cC1jb250ZW50XC91cGxvYWRzXC8yMDE5XC8wM1wvWWF5LUJhc2tcdTAxMzFsXHUwMTMxLUZyZW5sZXItcmVzaW0zLmpwZyIsInNsaWRlc2hvdyI6IjI0NGQ4M2IifQ%3D%3D\" href='http:\/\/salterltd.com.tr\/wp-content\/uploads\/2019\/03\/Yay-Bask\u0131l\u0131-Frenler-resim3.jpg'><img width=\"150\" height=\"150\" src=\"http:\/\/salterltd.com.tr\/wp-content\/uploads\/2019\/03\/Yay-Bask\u0131l\u0131-Frenler-resim3-150x150.jpg\" class=\"attachment-thumbnail size-thumbnail\" alt=\"\" loading=\"lazy\" srcset=\"http:\/\/salterltd.com.tr\/wp-content\/uploads\/2019\/03\/Yay-Bask\u0131l\u0131-Frenler-resim3-150x150.jpg 150w, http:\/\/salterltd.com.tr\/wp-content\/uploads\/2019\/03\/Yay-Bask\u0131l\u0131-Frenler-resim3-300x300.jpg 300w, http:\/\/salterltd.com.tr\/wp-content\/uploads\/2019\/03\/Yay-Bask\u0131l\u0131-Frenler-resim3-100x100.jpg 100w\" sizes=\"(max-width: 150px) 100vw, 150px\" \/><\/a>\n\t\t\t<\/div><\/figure><figure class='gallery-item'>\n\t\t\t<div class='gallery-icon landscape'>\n\t\t\t\t<a data-elementor-open-lightbox=\"yes\" data-elementor-lightbox-slideshow=\"244d83b\" data-elementor-lightbox-title=\"Yay Bask\u0131l\u0131 Frenler resim4\" e-action-hash=\"#elementor-action%3Aaction%3Dlightbox%26settings%3DeyJpZCI6NzgyLCJ1cmwiOiJodHRwOlwvXC9zYWx0ZXJsdGQuY29tLnRyXC93cC1jb250ZW50XC91cGxvYWRzXC8yMDE5XC8wM1wvWWF5LUJhc2tcdTAxMzFsXHUwMTMxLUZyZW5sZXItcmVzaW00LmpwZyIsInNsaWRlc2hvdyI6IjI0NGQ4M2IifQ%3D%3D\" href='http:\/\/salterltd.com.tr\/wp-content\/uploads\/2019\/03\/Yay-Bask\u0131l\u0131-Frenler-resim4.jpg'><img width=\"150\" height=\"150\" src=\"http:\/\/salterltd.com.tr\/wp-content\/uploads\/2019\/03\/Yay-Bask\u0131l\u0131-Frenler-resim4-150x150.jpg\" class=\"attachment-thumbnail size-thumbnail\" alt=\"\" loading=\"lazy\" srcset=\"http:\/\/salterltd.com.tr\/wp-content\/uploads\/2019\/03\/Yay-Bask\u0131l\u0131-Frenler-resim4-150x150.jpg 150w, http:\/\/salterltd.com.tr\/wp-content\/uploads\/2019\/03\/Yay-Bask\u0131l\u0131-Frenler-resim4-300x300.jpg 300w, http:\/\/salterltd.com.tr\/wp-content\/uploads\/2019\/03\/Yay-Bask\u0131l\u0131-Frenler-resim4-100x100.jpg 100w\" sizes=\"(max-width: 150px) 100vw, 150px\" \/><\/a>\n\t\t\t<\/div><\/figure><figure class='gallery-item'>\n\t\t\t<div class='gallery-icon landscape'>\n\t\t\t\t<a data-elementor-open-lightbox=\"yes\" data-elementor-lightbox-slideshow=\"244d83b\" data-elementor-lightbox-title=\"Yay Bask\u0131l\u0131 Frenler resim5\" e-action-hash=\"#elementor-action%3Aaction%3Dlightbox%26settings%3DeyJpZCI6NzgzLCJ1cmwiOiJodHRwOlwvXC9zYWx0ZXJsdGQuY29tLnRyXC93cC1jb250ZW50XC91cGxvYWRzXC8yMDE5XC8wM1wvWWF5LUJhc2tcdTAxMzFsXHUwMTMxLUZyZW5sZXItcmVzaW01LmpwZyIsInNsaWRlc2hvdyI6IjI0NGQ4M2IifQ%3D%3D\" href='http:\/\/salterltd.com.tr\/wp-content\/uploads\/2019\/03\/Yay-Bask\u0131l\u0131-Frenler-resim5.jpg'><img width=\"150\" height=\"150\" src=\"http:\/\/salterltd.com.tr\/wp-content\/uploads\/2019\/03\/Yay-Bask\u0131l\u0131-Frenler-resim5-150x150.jpg\" class=\"attachment-thumbnail size-thumbnail\" alt=\"\" loading=\"lazy\" srcset=\"http:\/\/salterltd.com.tr\/wp-content\/uploads\/2019\/03\/Yay-Bask\u0131l\u0131-Frenler-resim5-150x150.jpg 150w, http:\/\/salterltd.com.tr\/wp-content\/uploads\/2019\/03\/Yay-Bask\u0131l\u0131-Frenler-resim5-300x300.jpg 300w, http:\/\/salterltd.com.tr\/wp-content\/uploads\/2019\/03\/Yay-Bask\u0131l\u0131-Frenler-resim5-100x100.jpg 100w\" sizes=\"(max-width: 150px) 100vw, 150px\" \/><\/a>\n\t\t\t<\/div><\/figure>\n\t\t<\/div>\n\t\t<\/div>\n\t\t\t\t<\/div>\n\t\t\t\t<\/div>\n\t\t\t\t\t\t<\/div>\n\t\t\t\t\t<\/div>\n\t\t<\/div>\n\t\t\t\t<div class=\"elementor-column elementor-col-50 elementor-top-column elementor-element elementor-element-b484cc6\" data-id=\"b484cc6\" data-element_type=\"column\">\n\t\t\t<div class=\"elementor-column-wrap elementor-element-populated\">\n\t\t\t\t\t\t\t<div class=\"elementor-widget-wrap\">\n\t\t\t\t\t\t<div class=\"elementor-element elementor-element-575beb0 elementor-widget elementor-widget-heading\" data-id=\"575beb0\" data-element_type=\"widget\" data-widget_type=\"heading.default\">\n\t\t\t\t<div class=\"elementor-widget-container\">\n\t\t\t<h2 class=\"elementor-heading-title elementor-size-default\"><div class=\"rating\">\n\n                        <span class=\"review-no\"><b>\u00d6zellikler : <\/b> <\/span>\n                    <\/div>\n                    <ul><li>3 Nm ile 3200 Nm aras\u0131nda 11 de\u011fi\u015fik boyda \u00fcretim  <\/li><li>Ayarlanabilir tork ve hava bo\u015flu\u011fu<\/li><li>Uzun \u00f6m\u00fcrl\u00fc asbestsiz balata<\/li><li>H s\u0131n\u0131f\u0131 bobin izolasyonu (185\u00b0 C) <\/li><li>Sessiz \u00e7al\u0131\u015fma <\/li><li>Standart \u00e7al\u0131\u015fma voltaj\u0131: 24V DC veya 205V DC <\/li><li>G\u00f6vde \u00fczerine \u00f6zel adapt\u00f6r ile encoder montaj\u0131 <\/li><li>Cebri fan uygulamas\u0131<\/li><li>Opsiyonel el kumanda kolu Uygulama Alanlar\u0131: <\/li><li>Otomasyon Sistemleri \u2022\tVin\u00e7 Sistemleri \u2022\tY\u00fck Asans\u00f6rleri \u2022\t\u0130\u015f Makinalar\u0131 \u2022\tTiyatro ve G\u00f6steri Sahne Sistemleri <\/li><li>Otomatik Kap\u0131 Sistemleri \u2022\tPlastik ve \nAmbalaj Makinalar\u0131 \u2022\t\u00c7e\u015fitli Hasta Araba ve T\u0131bbi Cihazlar\u0131 \u2022\tR\u00fczgar \nJenerat\u00f6rleri \u2022\tTekstil Makinalar\u0131 \u2022\tTar\u0131m Makinalar\u0131 \u2022\tG\u0131da \u0130\u015fleme \nMakinalar\u0131<\/li><li>T\u00fcm metal par\u00e7alar\u0131 \u00f6zel kaplamal\u0131, a\u00e7\u0131k alanlarda ve rutubetli ortamlarda \u00e7al\u0131\u015fmaya uygun<\/li><\/ul>\n                    <h4 class=\"price\">\u00c7al\u0131\u015fma Sistemi:<\/h4>\n                    <p class=\"product-description\"><strong> YBF ( YAY BASKILI FREN ) :<br><\/strong>\n - KOMPAKT B\u0130R YAPIYA SAH\u0130P OLAN YBF SER\u0130S\u0130 FRENLER KONTROLL\u00dc VE \nKONTROLS\u00dcZ ELEKTR\u0130K KES\u0130LMELER\u0130NDE DEVREYE G\u0130REN KOLAY MONTAJLI \nS\u0130STEMLERD\u0130R. V\u0130N\u00c7 VE OTOMASYON S\u0130STEMLER\u0130NDE, ASANS\u00d6RLERDE, TEKST\u0130L, \nTARIM, GIDA VE B\u0130R\u00c7OK SEKT\u00d6R\u00dcN MAK\u0130NALARI VE R\u00dcZG\u00c2R JENERAT\u00d6RLER\u0130 G\u0130B\u0130 \nB\u0130R\u00c7OK ALANDA G\u00dcVENL\u0130 \u00c7ALI\u015eMA \u0130\u00c7\u0130N HAREKETL\u0130 \u015eAFTLARIN \u0130STENEN \nPOZ\u0130SYONDA TUTULMASIVE D\u00d6NME ATALET\u0130N\u0130N DURDURULMASINDA KULLANILIR. <\/p><\/h2>\t\t<\/div>\n\t\t\t\t<\/div>\n\t\t\t\t<div class=\"elementor-element elementor-element-c7f2861 elementor-widget elementor-widget-heading\" data-id=\"c7f2861\" data-element_type=\"widget\" data-widget_type=\"heading.default\">\n\t\t\t\t<div class=\"elementor-widget-container\">\n\t\t\t<h2 class=\"elementor-heading-title elementor-size-default\"><h4><b>Teknik \u00c7izimler<\/b><\/h4><\/h2>\t\t<\/div>\n\t\t\t\t<\/div>\n\t\t\t\t<div class=\"elementor-element elementor-element-3e7e11c elementor-button-danger elementor-widget elementor-widget-button\" data-id=\"3e7e11c\" data-element_type=\"widget\" data-widget_type=\"button.default\">\n\t\t\t\t<div class=\"elementor-widget-container\">\n\t\t\t\t\t<div class=\"elementor-button-wrapper\">\n\t\t\t<a href=\"#\" class=\"elementor-button-link elementor-button elementor-size-sm\" role=\"button\">\n\t\t\t\t\t\t<span class=\"elementor-button-content-wrapper\">\n\t\t\t\t\t\t<span class=\"elementor-button-text\">Yay Bask\u0131l\u0131 Frenler Teknik<\/span>\n\t\t<\/span>\n\t\t\t\t\t<\/a>\n\t\t<\/div>\n\t\t\t\t<\/div>\n\t\t\t\t<\/div>\n\t\t\t\t<div class=\"elementor-element elementor-element-9f3bbae elementor-button-danger elementor-widget elementor-widget-button\" data-id=\"9f3bbae\" data-element_type=\"widget\" data-widget_type=\"button.default\">\n\t\t\t\t<div class=\"elementor-widget-container\">\n\t\t\t\t\t<div class=\"elementor-button-wrapper\">\n\t\t\t<a href=\"#\" class=\"elementor-button-link elementor-button elementor-size-sm\" role=\"button\">\n\t\t\t\t\t\t<span class=\"elementor-button-content-wrapper\">\n\t\t\t\t\t\t<span class=\"elementor-button-text\">\u00c7ift Balatal\u0131 Fren<\/span>\n\t\t<\/span>\n\t\t\t\t\t<\/a>\n\t\t<\/div>\n\t\t\t\t<\/div>\n\t\t\t\t<\/div>\n\t\t\t\t<div class=\"elementor-element elementor-element-3d979d6 elementor-button-danger elementor-widget elementor-widget-button\" data-id=\"3d979d6\" data-element_type=\"widget\" data-widget_type=\"button.default\">\n\t\t\t\t<div class=\"elementor-widget-container\">\n\t\t\t\t\t<div class=\"elementor-button-wrapper\">\n\t\t\t<a href=\"#\" class=\"elementor-button-link elementor-button elementor-size-sm\" role=\"button\">\n\t\t\t\t\t\t<span class=\"elementor-button-content-wrapper\">\n\t\t\t\t\t\t<span class=\"elementor-button-text\">Yay Bask\u0131l\u0131 \u00c7ift Fren<\/span>\n\t\t<\/span>\n\t\t\t\t\t<\/a>\n\t\t<\/div>\n\t\t\t\t<\/div>\n\t\t\t\t<\/div>\n\t\t\t\t\t\t<\/div>\n\t\t\t\t\t<\/div>\n\t\t<\/div>\n\t\t\t\t\t\t\t\t<\/div>\n\t\t\t\t\t<\/div>\n\t\t<\/section>\n\t\t\t\t<section class=\"elementor-section elementor-top-section elementor-element elementor-element-ee92180 elementor-section-boxed elementor-section-height-default elementor-section-height-default\" data-id=\"ee92180\" data-element_type=\"section\">\n\t\t\t\t\t\t<div class=\"elementor-container elementor-column-gap-default\">\n\t\t\t\t\t\t\t<div class=\"elementor-row\">\n\t\t\t\t\t<div class=\"elementor-column elementor-col-100 elementor-top-column elementor-element elementor-element-4ae7d16\" data-id=\"4ae7d16\" data-element_type=\"column\">\n\t\t\t<div class=\"elementor-column-wrap elementor-element-populated\">\n\t\t\t\t\t\t\t<div class=\"elementor-widget-wrap\">\n\t\t\t\t\t\t<div class=\"elementor-element elementor-element-5251756 elementor-widget elementor-widget-spacer\" data-id=\"5251756\" data-element_type=\"widget\" data-widget_type=\"spacer.default\">\n\t\t\t\t<div class=\"elementor-widget-container\">\n\t\t\t\t\t<div class=\"elementor-spacer\">\n\t\t\t<div class=\"elementor-spacer-inner\"><\/div>\n\t\t<\/div>\n\t\t\t\t<\/div>\n\t\t\t\t<\/div>\n\t\t\t\t\t\t<\/div>\n\t\t\t\t\t<\/div>\n\t\t<\/div>\n\t\t\t\t\t\t\t\t<\/div>\n\t\t\t\t\t<\/div>\n\t\t<\/section>\n\t\t\t\t\t\t\t\t\t<\/div>\n\t\t\t<\/div>\n\t\t\t\t\t<\/div>\n\t\t","protected":false},"excerpt":{"rendered":"<p>\u00d6zellikler : 3 Nm ile 3200 Nm aras\u0131nda 11 de\u011fi\u015fik boyda \u00fcretim Ayarlanabilir tork ve hava bo\u015flu\u011fu Uzun \u00f6m\u00fcrl\u00fc asbestsiz balata H s\u0131n\u0131f\u0131 bobin izolasyonu (185\u00b0 C) Sessiz \u00e7al\u0131\u015fma Standart \u00e7al\u0131\u015fma voltaj\u0131: 24V DC veya 205V DC G\u00f6vde \u00fczerine \u00f6zel adapt\u00f6r ile encoder montaj\u0131 Cebri fan uygulamas\u0131 Opsiyonel el kumanda kolu Uygulama Alanlar\u0131: Otomasyon Sistemleri [&hellip;]<\/p>\n","protected":false},"author":1,"featured_media":0,"parent":558,"menu_order":0,"comment_status":"closed","ping_status":"closed","template":"","meta":[],"wf_page_folders":[],"yoast_head":"<!-- This site is optimized with the Yoast SEO plugin v16.2 - https:\/\/yoast.com\/wordpress\/plugins\/seo\/ -->\n<title>Yay Bask\u0131l\u0131 Frenler - Salter<\/title>\n<meta name=\"robots\" content=\"index, follow, max-snippet:-1, max-image-preview:large, max-video-preview:-1\" \/>\n<link rel=\"canonical\" href=\"https:\/\/salterltd.com.tr\/index.php\/urunler\/fren-ve-kavramalar\/yay-baskili-frenler\/\" \/>\n<meta property=\"og:locale\" content=\"tr_TR\" \/>\n<meta property=\"og:type\" content=\"article\" \/>\n<meta property=\"og:title\" content=\"Yay Bask\u0131l\u0131 Frenler - Salter\" \/>\n<meta property=\"og:description\" content=\"\u00d6zellikler : 3 Nm ile 3200 Nm aras\u0131nda 11 de\u011fi\u015fik boyda \u00fcretim Ayarlanabilir tork ve hava bo\u015flu\u011fu Uzun \u00f6m\u00fcrl\u00fc asbestsiz balata H s\u0131n\u0131f\u0131 bobin izolasyonu (185\u00b0 C) Sessiz \u00e7al\u0131\u015fma Standart \u00e7al\u0131\u015fma voltaj\u0131: 24V DC veya 205V DC G\u00f6vde \u00fczerine \u00f6zel adapt\u00f6r ile encoder montaj\u0131 Cebri fan uygulamas\u0131 Opsiyonel el kumanda kolu Uygulama Alanlar\u0131: Otomasyon Sistemleri [&hellip;]\" \/>\n<meta property=\"og:url\" content=\"https:\/\/salterltd.com.tr\/index.php\/urunler\/fren-ve-kavramalar\/yay-baskili-frenler\/\" \/>\n<meta property=\"og:site_name\" content=\"Salter\" \/>\n<meta property=\"article:modified_time\" content=\"2019-10-11T13:49:08+00:00\" \/>\n<meta property=\"og:image\" content=\"http:\/\/salterltd.com.tr\/wp-content\/uploads\/2019\/03\/Yay-Bask\u0131l\u0131-Frenler-x.jpg\" \/>\n<meta name=\"twitter:card\" content=\"summary_large_image\" \/>\n<meta name=\"twitter:label1\" content=\"Tahmini okuma s\u00fcresi\">\n\t<meta name=\"twitter:data1\" content=\"1 dakika\">\n<script type=\"application\/ld+json\" class=\"yoast-schema-graph\">{\"@context\":\"https:\/\/schema.org\",\"@graph\":[{\"@type\":\"Organization\",\"@id\":\"http:\/\/salterltd.com.tr\/#organization\",\"name\":\"Tamsan Elektrik Motor San. ve Tic. Ltd. \\u015eti.\",\"url\":\"http:\/\/salterltd.com.tr\/\",\"sameAs\":[],\"logo\":{\"@type\":\"ImageObject\",\"@id\":\"http:\/\/salterltd.com.tr\/#logo\",\"inLanguage\":\"tr\",\"url\":\"http:\/\/salterltd.com.tr\/wp-content\/uploads\/2019\/11\/TAMSAN-logo.jpg\",\"contentUrl\":\"http:\/\/salterltd.com.tr\/wp-content\/uploads\/2019\/11\/TAMSAN-logo.jpg\",\"width\":1388,\"height\":292,\"caption\":\"Tamsan Elektrik Motor San. ve Tic. Ltd. \\u015eti.\"},\"image\":{\"@id\":\"http:\/\/salterltd.com.tr\/#logo\"}},{\"@type\":\"WebSite\",\"@id\":\"http:\/\/salterltd.com.tr\/#website\",\"url\":\"http:\/\/salterltd.com.tr\/\",\"name\":\"Tamsan Elektrik Motor\",\"description\":\"\",\"publisher\":{\"@id\":\"http:\/\/salterltd.com.tr\/#organization\"},\"potentialAction\":[{\"@type\":\"SearchAction\",\"target\":\"http:\/\/salterltd.com.tr\/?s={search_term_string}\",\"query-input\":\"required name=search_term_string\"}],\"inLanguage\":\"tr\"},{\"@type\":\"ImageObject\",\"@id\":\"https:\/\/salterltd.com.tr\/index.php\/urunler\/fren-ve-kavramalar\/yay-baskili-frenler\/#primaryimage\",\"inLanguage\":\"tr\",\"url\":\"http:\/\/salterltd.com.tr\/wp-content\/uploads\/2019\/03\/Yay-Bask\\u0131l\\u0131-Frenler-x.jpg\",\"contentUrl\":\"http:\/\/salterltd.com.tr\/wp-content\/uploads\/2019\/03\/Yay-Bask\\u0131l\\u0131-Frenler-x.jpg\",\"width\":830,\"height\":850},{\"@type\":\"WebPage\",\"@id\":\"https:\/\/salterltd.com.tr\/index.php\/urunler\/fren-ve-kavramalar\/yay-baskili-frenler\/#webpage\",\"url\":\"https:\/\/salterltd.com.tr\/index.php\/urunler\/fren-ve-kavramalar\/yay-baskili-frenler\/\",\"name\":\"Yay Bask\\u0131l\\u0131 Frenler - Salter\",\"isPartOf\":{\"@id\":\"http:\/\/salterltd.com.tr\/#website\"},\"primaryImageOfPage\":{\"@id\":\"https:\/\/salterltd.com.tr\/index.php\/urunler\/fren-ve-kavramalar\/yay-baskili-frenler\/#primaryimage\"},\"datePublished\":\"2019-03-11T19:26:51+00:00\",\"dateModified\":\"2019-10-11T13:49:08+00:00\",\"breadcrumb\":{\"@id\":\"https:\/\/salterltd.com.tr\/index.php\/urunler\/fren-ve-kavramalar\/yay-baskili-frenler\/#breadcrumb\"},\"inLanguage\":\"tr\",\"potentialAction\":[{\"@type\":\"ReadAction\",\"target\":[\"https:\/\/salterltd.com.tr\/index.php\/urunler\/fren-ve-kavramalar\/yay-baskili-frenler\/\"]}]},{\"@type\":\"BreadcrumbList\",\"@id\":\"https:\/\/salterltd.com.tr\/index.php\/urunler\/fren-ve-kavramalar\/yay-baskili-frenler\/#breadcrumb\",\"itemListElement\":[{\"@type\":\"ListItem\",\"position\":1,\"item\":{\"@type\":\"WebPage\",\"@id\":\"http:\/\/salterltd.com.tr\/\",\"url\":\"http:\/\/salterltd.com.tr\/\",\"name\":\"Ana sayfa\"}},{\"@type\":\"ListItem\",\"position\":2,\"item\":{\"@type\":\"WebPage\",\"@id\":\"http:\/\/salterltd.com.tr\/index.php\/urunler\/\",\"url\":\"http:\/\/salterltd.com.tr\/index.php\/urunler\/\",\"name\":\"\\u00dcr\\u00fcnler\"}},{\"@type\":\"ListItem\",\"position\":3,\"item\":{\"@type\":\"WebPage\",\"@id\":\"http:\/\/salterltd.com.tr\/index.php\/urunler\/fren-ve-kavramalar\/\",\"url\":\"http:\/\/salterltd.com.tr\/index.php\/urunler\/fren-ve-kavramalar\/\",\"name\":\"Fren ve kavramalar\"}},{\"@type\":\"ListItem\",\"position\":4,\"item\":{\"@id\":\"https:\/\/salterltd.com.tr\/index.php\/urunler\/fren-ve-kavramalar\/yay-baskili-frenler\/#webpage\"}}]}]}<\/script>\n<!-- \/ Yoast SEO plugin. -->","_links":{"self":[{"href":"http:\/\/salterltd.com.tr\/index.php\/wp-json\/wp\/v2\/pages\/745"}],"collection":[{"href":"http:\/\/salterltd.com.tr\/index.php\/wp-json\/wp\/v2\/pages"}],"about":[{"href":"http:\/\/salterltd.com.tr\/index.php\/wp-json\/wp\/v2\/types\/page"}],"author":[{"embeddable":true,"href":"http:\/\/salterltd.com.tr\/index.php\/wp-json\/wp\/v2\/users\/1"}],"replies":[{"embeddable":true,"href":"http:\/\/salterltd.com.tr\/index.php\/wp-json\/wp\/v2\/comments?post=745"}],"version-history":[{"count":0,"href":"http:\/\/salterltd.com.tr\/index.php\/wp-json\/wp\/v2\/pages\/745\/revisions"}],"up":[{"embeddable":true,"href":"http:\/\/salterltd.com.tr\/index.php\/wp-json\/wp\/v2\/pages\/558"}],"wp:attachment":[{"href":"http:\/\/salterltd.com.tr\/index.php\/wp-json\/wp\/v2\/media?parent=745"}],"wp:term":[{"taxonomy":"wf_page_folders","embeddable":true,"href":"http:\/\/salterltd.com.tr\/index.php\/wp-json\/wp\/v2\/wf_page_folders?post=745"}],"curies":[{"name":"wp","href":"https:\/\/api.w.org\/{rel}","templated":true}]}}