{"id":981,"date":"2019-03-13T16:30:46","date_gmt":"2019-03-13T13:30:46","guid":{"rendered":"http:\/\/salterltd.com.tr\/?page_id=981"},"modified":"2019-03-16T19:16:55","modified_gmt":"2019-03-16T16:16:55","slug":"420-a-m-2","status":"publish","type":"page","link":"http:\/\/salterltd.com.tr\/index.php\/urunler\/pompalar\/asit-pompalari\/420-a-m-2\/","title":{"rendered":"420 A-M"},"content":{"rendered":"\t\t<div data-elementor-type=\"wp-post\" data-elementor-id=\"981\" class=\"elementor elementor-981\">\n\t\t\t\t\t\t<div class=\"elementor-inner\">\n\t\t\t\t<div class=\"elementor-section-wrap\">\n\t\t\t\t\t\t\t\t\t<section class=\"elementor-section elementor-top-section elementor-element elementor-element-9a35687 elementor-section-boxed elementor-section-height-default elementor-section-height-default\" data-id=\"9a35687\" data-element_type=\"section\">\n\t\t\t\t\t\t<div class=\"elementor-container elementor-column-gap-default\">\n\t\t\t\t\t\t\t<div class=\"elementor-row\">\n\t\t\t\t\t<div class=\"elementor-column elementor-col-50 elementor-top-column elementor-element elementor-element-ed25e7d\" data-id=\"ed25e7d\" data-element_type=\"column\">\n\t\t\t<div class=\"elementor-column-wrap elementor-element-populated\">\n\t\t\t\t\t\t\t<div class=\"elementor-widget-wrap\">\n\t\t\t\t\t\t<div class=\"elementor-element elementor-element-49208d2 elementor-widget elementor-widget-image\" data-id=\"49208d2\" data-element_type=\"widget\" data-widget_type=\"image.default\">\n\t\t\t\t<div class=\"elementor-widget-container\">\n\t\t\t\t\t\t\t\t<div class=\"elementor-image\">\n\t\t\t\t\t\t\t\t\t\t\t\t<img width=\"450\" height=\"450\" src=\"http:\/\/salterltd.com.tr\/wp-content\/uploads\/2019\/03\/420-A-M.png\" class=\"attachment-large size-large\" alt=\"\" loading=\"lazy\" srcset=\"http:\/\/salterltd.com.tr\/wp-content\/uploads\/2019\/03\/420-A-M.png 450w, http:\/\/salterltd.com.tr\/wp-content\/uploads\/2019\/03\/420-A-M-150x150.png 150w, http:\/\/salterltd.com.tr\/wp-content\/uploads\/2019\/03\/420-A-M-300x300.png 300w, http:\/\/salterltd.com.tr\/wp-content\/uploads\/2019\/03\/420-A-M-100x100.png 100w\" sizes=\"(max-width: 450px) 100vw, 450px\" \/>\t\t\t\t\t\t\t\t\t\t\t\t\t\t<\/div>\n\t\t\t\t\t\t<\/div>\n\t\t\t\t<\/div>\n\t\t\t\t<div class=\"elementor-element elementor-element-7dfbf65 elementor-widget elementor-widget-image-gallery\" data-id=\"7dfbf65\" data-element_type=\"widget\" data-widget_type=\"image-gallery.default\">\n\t\t\t\t<div class=\"elementor-widget-container\">\n\t\t\t\t\t<div class=\"elementor-image-gallery\">\n\t\t\t<div id='gallery-1' class='gallery galleryid-981 gallery-columns-4 gallery-size-thumbnail'><figure class='gallery-item'>\n\t\t\t<div class='gallery-icon landscape'>\n\t\t\t\t<a data-elementor-open-lightbox=\"yes\" data-elementor-lightbox-slideshow=\"7dfbf65\" data-elementor-lightbox-title=\"420 A-M\" e-action-hash=\"#elementor-action%3Aaction%3Dlightbox%26settings%3DeyJpZCI6ODU2LCJ1cmwiOiJodHRwOlwvXC9zYWx0ZXJsdGQuY29tLnRyXC93cC1jb250ZW50XC91cGxvYWRzXC8yMDE5XC8wM1wvNDIwLUEtTS5wbmciLCJzbGlkZXNob3ciOiI3ZGZiZjY1In0%3D\" href='http:\/\/salterltd.com.tr\/wp-content\/uploads\/2019\/03\/420-A-M.png'><img width=\"150\" height=\"150\" src=\"http:\/\/salterltd.com.tr\/wp-content\/uploads\/2019\/03\/420-A-M-150x150.png\" class=\"attachment-thumbnail size-thumbnail\" alt=\"\" loading=\"lazy\" srcset=\"http:\/\/salterltd.com.tr\/wp-content\/uploads\/2019\/03\/420-A-M-150x150.png 150w, http:\/\/salterltd.com.tr\/wp-content\/uploads\/2019\/03\/420-A-M-300x300.png 300w, http:\/\/salterltd.com.tr\/wp-content\/uploads\/2019\/03\/420-A-M-100x100.png 100w, http:\/\/salterltd.com.tr\/wp-content\/uploads\/2019\/03\/420-A-M.png 450w\" sizes=\"(max-width: 150px) 100vw, 150px\" \/><\/a>\n\t\t\t<\/div><\/figure><figure class='gallery-item'>\n\t\t\t<div class='gallery-icon landscape'>\n\t\t\t\t<a data-elementor-open-lightbox=\"yes\" data-elementor-lightbox-slideshow=\"7dfbf65\" data-elementor-lightbox-title=\"420 A-M_2\" e-action-hash=\"#elementor-action%3Aaction%3Dlightbox%26settings%3DeyJpZCI6MTIzNiwidXJsIjoiaHR0cDpcL1wvc2FsdGVybHRkLmNvbS50clwvd3AtY29udGVudFwvdXBsb2Fkc1wvMjAxOVwvMDNcLzQyMC1BLU1fMi5wbmciLCJzbGlkZXNob3ciOiI3ZGZiZjY1In0%3D\" href='http:\/\/salterltd.com.tr\/wp-content\/uploads\/2019\/03\/420-A-M_2.png'><img width=\"150\" height=\"150\" src=\"http:\/\/salterltd.com.tr\/wp-content\/uploads\/2019\/03\/420-A-M_2-150x150.png\" class=\"attachment-thumbnail size-thumbnail\" alt=\"\" loading=\"lazy\" srcset=\"http:\/\/salterltd.com.tr\/wp-content\/uploads\/2019\/03\/420-A-M_2-150x150.png 150w, http:\/\/salterltd.com.tr\/wp-content\/uploads\/2019\/03\/420-A-M_2-300x300.png 300w, http:\/\/salterltd.com.tr\/wp-content\/uploads\/2019\/03\/420-A-M_2-100x100.png 100w, http:\/\/salterltd.com.tr\/wp-content\/uploads\/2019\/03\/420-A-M_2.png 450w\" sizes=\"(max-width: 150px) 100vw, 150px\" \/><\/a>\n\t\t\t<\/div><\/figure><figure class='gallery-item'>\n\t\t\t<div class='gallery-icon landscape'>\n\t\t\t\t<a data-elementor-open-lightbox=\"yes\" data-elementor-lightbox-slideshow=\"7dfbf65\" data-elementor-lightbox-title=\"420 A-M_3\" e-action-hash=\"#elementor-action%3Aaction%3Dlightbox%26settings%3DeyJpZCI6MTIzNywidXJsIjoiaHR0cDpcL1wvc2FsdGVybHRkLmNvbS50clwvd3AtY29udGVudFwvdXBsb2Fkc1wvMjAxOVwvMDNcLzQyMC1BLU1fMy5wbmciLCJzbGlkZXNob3ciOiI3ZGZiZjY1In0%3D\" href='http:\/\/salterltd.com.tr\/wp-content\/uploads\/2019\/03\/420-A-M_3.png'><img width=\"150\" height=\"150\" src=\"http:\/\/salterltd.com.tr\/wp-content\/uploads\/2019\/03\/420-A-M_3-150x150.png\" class=\"attachment-thumbnail size-thumbnail\" alt=\"\" loading=\"lazy\" srcset=\"http:\/\/salterltd.com.tr\/wp-content\/uploads\/2019\/03\/420-A-M_3-150x150.png 150w, http:\/\/salterltd.com.tr\/wp-content\/uploads\/2019\/03\/420-A-M_3-300x300.png 300w, http:\/\/salterltd.com.tr\/wp-content\/uploads\/2019\/03\/420-A-M_3-100x100.png 100w, http:\/\/salterltd.com.tr\/wp-content\/uploads\/2019\/03\/420-A-M_3.png 450w\" sizes=\"(max-width: 150px) 100vw, 150px\" \/><\/a>\n\t\t\t<\/div><\/figure><figure class='gallery-item'>\n\t\t\t<div class='gallery-icon landscape'>\n\t\t\t\t<a data-elementor-open-lightbox=\"yes\" data-elementor-lightbox-slideshow=\"7dfbf65\" data-elementor-lightbox-title=\"420 A-M_4\" e-action-hash=\"#elementor-action%3Aaction%3Dlightbox%26settings%3DeyJpZCI6MTIzOCwidXJsIjoiaHR0cDpcL1wvc2FsdGVybHRkLmNvbS50clwvd3AtY29udGVudFwvdXBsb2Fkc1wvMjAxOVwvMDNcLzQyMC1BLU1fNC5wbmciLCJzbGlkZXNob3ciOiI3ZGZiZjY1In0%3D\" href='http:\/\/salterltd.com.tr\/wp-content\/uploads\/2019\/03\/420-A-M_4.png'><img width=\"150\" height=\"150\" src=\"http:\/\/salterltd.com.tr\/wp-content\/uploads\/2019\/03\/420-A-M_4-150x150.png\" class=\"attachment-thumbnail size-thumbnail\" alt=\"\" loading=\"lazy\" srcset=\"http:\/\/salterltd.com.tr\/wp-content\/uploads\/2019\/03\/420-A-M_4-150x150.png 150w, http:\/\/salterltd.com.tr\/wp-content\/uploads\/2019\/03\/420-A-M_4-300x300.png 300w, http:\/\/salterltd.com.tr\/wp-content\/uploads\/2019\/03\/420-A-M_4-100x100.png 100w, http:\/\/salterltd.com.tr\/wp-content\/uploads\/2019\/03\/420-A-M_4.png 450w\" sizes=\"(max-width: 150px) 100vw, 150px\" \/><\/a>\n\t\t\t<\/div><\/figure>\n\t\t<\/div>\n\t\t<\/div>\n\t\t\t\t<\/div>\n\t\t\t\t<\/div>\n\t\t\t\t\t\t<\/div>\n\t\t\t\t\t<\/div>\n\t\t<\/div>\n\t\t\t\t<div class=\"elementor-column elementor-col-50 elementor-top-column elementor-element elementor-element-93329d8\" data-id=\"93329d8\" data-element_type=\"column\">\n\t\t\t<div class=\"elementor-column-wrap elementor-element-populated\">\n\t\t\t\t\t\t\t<div class=\"elementor-widget-wrap\">\n\t\t\t\t\t\t<div class=\"elementor-element elementor-element-3c28143 elementor-widget elementor-widget-heading\" data-id=\"3c28143\" data-element_type=\"widget\" data-widget_type=\"heading.default\">\n\t\t\t\t<div class=\"elementor-widget-container\">\n\t\t\t<h2 class=\"elementor-heading-title elementor-size-default\"><ul><li>\n                        <h5>Model<\/h5>\n                        <p>420 A-M<\/p>\n                    <\/li><li>\n                        <h5>Motor G\u00fcc\u00fc<\/h5>\n                        <p>15 Kw-2800 d\/dk.  380V<\/p>\n                    <\/li><li>\n                        <h5>Pompa Bas\u0131nc\u0131<\/h5>\n                        <p>4,0 Bar<\/p>\n                    <\/li><li>\n                        <h5>Pompa Debisi<\/h5>\n                        <p>Max: 40 mSS \u2013 20 m\u00b3\/h   Min:  10 mSS \u2013 125 m\u00b3\/h<\/p>\n                    <\/li><li>\n                        <h5>Giri\u015f &amp; \u00c7\u0131k\u0131\u015f \u00d6l\u00e7\u00fcs\u00fc<\/h5>\n                        <p>\u00d8 110 - 75  mm Flan\u015f<\/p>\n                    <\/li><li>\n                        <h5>S\u0131zd\u0131rmazl\u0131k T\u00fcr\u00fc<\/h5>\n                        <p>Mekanik Salmastra Tak\u0131m\u0131<\/p>\n                    <\/li><li>\n                        <h5>S\u0131zd\u0131rmazl\u0131k \u00c7e\u015fidi<\/h5>\n                        <p>Karbon, Seramik, Silisyum.<\/p>\n                    <\/li><li>\n                        <h5>Pompa Mili<\/h5>\n                        <p>316 \u0130nox Paslanmaz \u00c7elik  (\u00d6zel Kaplamal\u0131 ) <\/p>\n                    <\/li><li>\n                        <h5>Fan Tipi<\/h5>\n                        <p>Kapal\u0131 Fan<\/p>\n                    <\/li><li>\n                        <h5>Malzeme T\u00fcr\u00fc<\/h5>\n                        <p>PP, PVDF<\/p>\n                    <\/li><li>\n                        <h5>S\u0131cakl\u0131k Aral\u0131\u011f\u0131<\/h5>\n                        <p>PP: 0\u00baC  +90\u00b0C, PVDF : -30\u00baC &amp; +150\u00baC<\/p>\n                    <\/li><li>\n                        <h5>Kullan\u0131m Yerleri<\/h5>\n                        <p>Her t\u00fcrl\u00fc asit, bazik ve kimyasallar i\u00e7in uygundur.<\/p>\n                    <\/li><\/ul><\/h2>\t\t<\/div>\n\t\t\t\t<\/div>\n\t\t\t\t\t\t<\/div>\n\t\t\t\t\t<\/div>\n\t\t<\/div>\n\t\t\t\t\t\t\t\t<\/div>\n\t\t\t\t\t<\/div>\n\t\t<\/section>\n\t\t\t\t\t\t\t\t\t<\/div>\n\t\t\t<\/div>\n\t\t\t\t\t<\/div>\n\t\t","protected":false},"excerpt":{"rendered":"<p>Model 420 A-M Motor G\u00fcc\u00fc 15 Kw-2800 d\/dk. 380V Pompa Bas\u0131nc\u0131 4,0 Bar Pompa Debisi Max: 40 mSS \u2013 20 m\u00b3\/h Min: 10 mSS \u2013 125 m\u00b3\/h Giri\u015f &amp; \u00c7\u0131k\u0131\u015f \u00d6l\u00e7\u00fcs\u00fc \u00d8 110 &#8211; 75 mm Flan\u015f S\u0131zd\u0131rmazl\u0131k T\u00fcr\u00fc Mekanik Salmastra Tak\u0131m\u0131 S\u0131zd\u0131rmazl\u0131k \u00c7e\u015fidi Karbon, Seramik, Silisyum. Pompa Mili 316 \u0130nox Paslanmaz \u00c7elik (\u00d6zel Kaplamal\u0131 [&hellip;]<\/p>\n","protected":false},"author":1,"featured_media":0,"parent":788,"menu_order":0,"comment_status":"closed","ping_status":"closed","template":"","meta":[],"wf_page_folders":[],"yoast_head":"<!-- This site is optimized with the Yoast SEO plugin v16.2 - https:\/\/yoast.com\/wordpress\/plugins\/seo\/ -->\n<title>420 A-M - Salter<\/title>\n<meta name=\"robots\" content=\"index, follow, max-snippet:-1, max-image-preview:large, max-video-preview:-1\" \/>\n<link rel=\"canonical\" href=\"http:\/\/salterltd.com.tr\/index.php\/urunler\/pompalar\/asit-pompalari\/420-a-m-2\/\" \/>\n<meta property=\"og:locale\" content=\"tr_TR\" \/>\n<meta property=\"og:type\" content=\"article\" \/>\n<meta property=\"og:title\" content=\"420 A-M - Salter\" \/>\n<meta property=\"og:description\" content=\"Model 420 A-M Motor G\u00fcc\u00fc 15 Kw-2800 d\/dk. 380V Pompa Bas\u0131nc\u0131 4,0 Bar Pompa Debisi Max: 40 mSS \u2013 20 m\u00b3\/h Min: 10 mSS \u2013 125 m\u00b3\/h Giri\u015f &amp; \u00c7\u0131k\u0131\u015f \u00d6l\u00e7\u00fcs\u00fc \u00d8 110 &#8211; 75 mm Flan\u015f S\u0131zd\u0131rmazl\u0131k T\u00fcr\u00fc Mekanik Salmastra Tak\u0131m\u0131 S\u0131zd\u0131rmazl\u0131k \u00c7e\u015fidi Karbon, Seramik, Silisyum. Pompa Mili 316 \u0130nox Paslanmaz \u00c7elik (\u00d6zel Kaplamal\u0131 [&hellip;]\" \/>\n<meta property=\"og:url\" content=\"http:\/\/salterltd.com.tr\/index.php\/urunler\/pompalar\/asit-pompalari\/420-a-m-2\/\" \/>\n<meta property=\"og:site_name\" content=\"Salter\" \/>\n<meta property=\"article:modified_time\" content=\"2019-03-16T16:16:55+00:00\" \/>\n<meta property=\"og:image\" content=\"http:\/\/salterltd.com.tr\/wp-content\/uploads\/2019\/03\/420-A-M.png\" \/>\n<meta name=\"twitter:card\" content=\"summary_large_image\" \/>\n<script type=\"application\/ld+json\" class=\"yoast-schema-graph\">{\"@context\":\"https:\/\/schema.org\",\"@graph\":[{\"@type\":\"Organization\",\"@id\":\"http:\/\/salterltd.com.tr\/#organization\",\"name\":\"Tamsan Elektrik Motor San. ve Tic. Ltd. \\u015eti.\",\"url\":\"http:\/\/salterltd.com.tr\/\",\"sameAs\":[],\"logo\":{\"@type\":\"ImageObject\",\"@id\":\"http:\/\/salterltd.com.tr\/#logo\",\"inLanguage\":\"tr\",\"url\":\"http:\/\/salterltd.com.tr\/wp-content\/uploads\/2019\/11\/TAMSAN-logo.jpg\",\"contentUrl\":\"http:\/\/salterltd.com.tr\/wp-content\/uploads\/2019\/11\/TAMSAN-logo.jpg\",\"width\":1388,\"height\":292,\"caption\":\"Tamsan Elektrik Motor San. ve Tic. Ltd. \\u015eti.\"},\"image\":{\"@id\":\"http:\/\/salterltd.com.tr\/#logo\"}},{\"@type\":\"WebSite\",\"@id\":\"http:\/\/salterltd.com.tr\/#website\",\"url\":\"http:\/\/salterltd.com.tr\/\",\"name\":\"Tamsan Elektrik Motor\",\"description\":\"\",\"publisher\":{\"@id\":\"http:\/\/salterltd.com.tr\/#organization\"},\"potentialAction\":[{\"@type\":\"SearchAction\",\"target\":\"http:\/\/salterltd.com.tr\/?s={search_term_string}\",\"query-input\":\"required name=search_term_string\"}],\"inLanguage\":\"tr\"},{\"@type\":\"ImageObject\",\"@id\":\"http:\/\/salterltd.com.tr\/index.php\/urunler\/pompalar\/asit-pompalari\/420-a-m-2\/#primaryimage\",\"inLanguage\":\"tr\",\"url\":\"http:\/\/salterltd.com.tr\/wp-content\/uploads\/2019\/03\/420-A-M.png\",\"contentUrl\":\"http:\/\/salterltd.com.tr\/wp-content\/uploads\/2019\/03\/420-A-M.png\",\"width\":450,\"height\":450},{\"@type\":\"WebPage\",\"@id\":\"http:\/\/salterltd.com.tr\/index.php\/urunler\/pompalar\/asit-pompalari\/420-a-m-2\/#webpage\",\"url\":\"http:\/\/salterltd.com.tr\/index.php\/urunler\/pompalar\/asit-pompalari\/420-a-m-2\/\",\"name\":\"420 A-M - Salter\",\"isPartOf\":{\"@id\":\"http:\/\/salterltd.com.tr\/#website\"},\"primaryImageOfPage\":{\"@id\":\"http:\/\/salterltd.com.tr\/index.php\/urunler\/pompalar\/asit-pompalari\/420-a-m-2\/#primaryimage\"},\"datePublished\":\"2019-03-13T13:30:46+00:00\",\"dateModified\":\"2019-03-16T16:16:55+00:00\",\"breadcrumb\":{\"@id\":\"http:\/\/salterltd.com.tr\/index.php\/urunler\/pompalar\/asit-pompalari\/420-a-m-2\/#breadcrumb\"},\"inLanguage\":\"tr\",\"potentialAction\":[{\"@type\":\"ReadAction\",\"target\":[\"http:\/\/salterltd.com.tr\/index.php\/urunler\/pompalar\/asit-pompalari\/420-a-m-2\/\"]}]},{\"@type\":\"BreadcrumbList\",\"@id\":\"http:\/\/salterltd.com.tr\/index.php\/urunler\/pompalar\/asit-pompalari\/420-a-m-2\/#breadcrumb\",\"itemListElement\":[{\"@type\":\"ListItem\",\"position\":1,\"item\":{\"@type\":\"WebPage\",\"@id\":\"http:\/\/salterltd.com.tr\/\",\"url\":\"http:\/\/salterltd.com.tr\/\",\"name\":\"Ana sayfa\"}},{\"@type\":\"ListItem\",\"position\":2,\"item\":{\"@type\":\"WebPage\",\"@id\":\"http:\/\/salterltd.com.tr\/index.php\/urunler\/\",\"url\":\"http:\/\/salterltd.com.tr\/index.php\/urunler\/\",\"name\":\"\\u00dcr\\u00fcnler\"}},{\"@type\":\"ListItem\",\"position\":3,\"item\":{\"@type\":\"WebPage\",\"@id\":\"http:\/\/salterltd.com.tr\/index.php\/urunler\/pompalar\/\",\"url\":\"http:\/\/salterltd.com.tr\/index.php\/urunler\/pompalar\/\",\"name\":\"Pompalar\"}},{\"@type\":\"ListItem\",\"position\":4,\"item\":{\"@type\":\"WebPage\",\"@id\":\"http:\/\/salterltd.com.tr\/index.php\/urunler\/pompalar\/asit-pompalari\/\",\"url\":\"http:\/\/salterltd.com.tr\/index.php\/urunler\/pompalar\/asit-pompalari\/\",\"name\":\"Asit Pompalar\\u0131\"}},{\"@type\":\"ListItem\",\"position\":5,\"item\":{\"@id\":\"http:\/\/salterltd.com.tr\/index.php\/urunler\/pompalar\/asit-pompalari\/420-a-m-2\/#webpage\"}}]}]}<\/script>\n<!-- \/ Yoast SEO plugin. -->","_links":{"self":[{"href":"http:\/\/salterltd.com.tr\/index.php\/wp-json\/wp\/v2\/pages\/981"}],"collection":[{"href":"http:\/\/salterltd.com.tr\/index.php\/wp-json\/wp\/v2\/pages"}],"about":[{"href":"http:\/\/salterltd.com.tr\/index.php\/wp-json\/wp\/v2\/types\/page"}],"author":[{"embeddable":true,"href":"http:\/\/salterltd.com.tr\/index.php\/wp-json\/wp\/v2\/users\/1"}],"replies":[{"embeddable":true,"href":"http:\/\/salterltd.com.tr\/index.php\/wp-json\/wp\/v2\/comments?post=981"}],"version-history":[{"count":0,"href":"http:\/\/salterltd.com.tr\/index.php\/wp-json\/wp\/v2\/pages\/981\/revisions"}],"up":[{"embeddable":true,"href":"http:\/\/salterltd.com.tr\/index.php\/wp-json\/wp\/v2\/pages\/788"}],"wp:attachment":[{"href":"http:\/\/salterltd.com.tr\/index.php\/wp-json\/wp\/v2\/media?parent=981"}],"wp:term":[{"taxonomy":"wf_page_folders","embeddable":true,"href":"http:\/\/salterltd.com.tr\/index.php\/wp-json\/wp\/v2\/wf_page_folders?post=981"}],"curies":[{"name":"wp","href":"https:\/\/api.w.org\/{rel}","templated":true}]}}