{"id":479,"date":"2019-03-08T15:44:33","date_gmt":"2019-03-08T12:44:33","guid":{"rendered":"http:\/\/salterltd.com.tr\/?page_id=479"},"modified":"2022-05-18T16:20:55","modified_gmt":"2022-05-18T13:20:55","slug":"reduktorlu-motorlar-dokumanlari","status":"publish","type":"page","link":"https:\/\/salterltd.com.tr\/index.php\/teknik-dokuman\/reduktorlu-motorlar-dokumanlari\/","title":{"rendered":"Red\u00fckt\u00f6rl\u00fc Motorlar D\u00f6k\u00fcmanlar\u0131"},"content":{"rendered":"\t\t<div data-elementor-type=\"wp-post\" data-elementor-id=\"479\" class=\"elementor elementor-479\">\n\t\t\t\t\t\t<div class=\"elementor-inner\">\n\t\t\t\t<div class=\"elementor-section-wrap\">\n\t\t\t\t\t\t\t\t\t<section class=\"elementor-section elementor-top-section elementor-element elementor-element-1e363f7 elementor-section-boxed elementor-section-height-default elementor-section-height-default\" data-id=\"1e363f7\" data-element_type=\"section\">\n\t\t\t\t\t\t<div class=\"elementor-container elementor-column-gap-default\">\n\t\t\t\t\t\t\t<div class=\"elementor-row\">\n\t\t\t\t\t<div class=\"elementor-column elementor-col-50 elementor-top-column elementor-element elementor-element-e959277\" data-id=\"e959277\" data-element_type=\"column\">\n\t\t\t<div class=\"elementor-column-wrap elementor-element-populated\">\n\t\t\t\t\t\t\t<div class=\"elementor-widget-wrap\">\n\t\t\t\t\t\t<div class=\"elementor-element elementor-element-ddd4b23 elementor-widget elementor-widget-spacer\" data-id=\"ddd4b23\" data-element_type=\"widget\" data-widget_type=\"spacer.default\">\n\t\t\t\t<div class=\"elementor-widget-container\">\n\t\t\t\t\t<div class=\"elementor-spacer\">\n\t\t\t<div class=\"elementor-spacer-inner\"><\/div>\n\t\t<\/div>\n\t\t\t\t<\/div>\n\t\t\t\t<\/div>\n\t\t\t\t<div class=\"elementor-element elementor-element-ac5eb2e elementor-widget elementor-widget-image\" data-id=\"ac5eb2e\" data-element_type=\"widget\" data-widget_type=\"image.default\">\n\t\t\t\t<div class=\"elementor-widget-container\">\n\t\t\t\t\t\t\t\t<div class=\"elementor-image\">\n\t\t\t\t\t\t\t\t\t\t\t\t\t<a href=\"https:\/\/www.yr.com.tr\/dokuman\" target=\"_blank\">\n\t\t\t\t\t\t\t<img width=\"300\" height=\"263\" src=\"https:\/\/salterltd.com.tr\/wp-content\/uploads\/2019\/10\/YR_LOGO-300x263.jpg\" class=\"attachment-medium size-medium\" alt=\"\" loading=\"lazy\" srcset=\"https:\/\/salterltd.com.tr\/wp-content\/uploads\/2019\/10\/YR_LOGO-300x263.jpg 300w, https:\/\/salterltd.com.tr\/wp-content\/uploads\/2019\/10\/YR_LOGO-768x672.jpg 768w, https:\/\/salterltd.com.tr\/wp-content\/uploads\/2019\/10\/YR_LOGO-1024x897.jpg 1024w, https:\/\/salterltd.com.tr\/wp-content\/uploads\/2019\/10\/YR_LOGO.jpg 1181w\" sizes=\"(max-width: 300px) 100vw, 300px\" \/>\t\t\t\t\t\t\t\t<\/a>\n\t\t\t\t\t\t\t\t\t\t\t\t\t\t<\/div>\n\t\t\t\t\t\t<\/div>\n\t\t\t\t<\/div>\n\t\t\t\t\t\t<\/div>\n\t\t\t\t\t<\/div>\n\t\t<\/div>\n\t\t\t\t<div class=\"elementor-column elementor-col-50 elementor-top-column elementor-element elementor-element-4b6c54a\" data-id=\"4b6c54a\" data-element_type=\"column\">\n\t\t\t<div class=\"elementor-column-wrap elementor-element-populated\">\n\t\t\t\t\t\t\t<div class=\"elementor-widget-wrap\">\n\t\t\t\t\t\t<div class=\"elementor-element elementor-element-be7d88a elementor-widget elementor-widget-spacer\" data-id=\"be7d88a\" data-element_type=\"widget\" data-widget_type=\"spacer.default\">\n\t\t\t\t<div class=\"elementor-widget-container\">\n\t\t\t\t\t<div class=\"elementor-spacer\">\n\t\t\t<div class=\"elementor-spacer-inner\"><\/div>\n\t\t<\/div>\n\t\t\t\t<\/div>\n\t\t\t\t<\/div>\n\t\t\t\t<div class=\"elementor-element elementor-element-3cffdeb elementor-widget elementor-widget-image\" data-id=\"3cffdeb\" data-element_type=\"widget\" data-widget_type=\"image.default\">\n\t\t\t\t<div class=\"elementor-widget-container\">\n\t\t\t\t\t\t\t\t<div class=\"elementor-image\">\n\t\t\t\t\t\t\t\t\t\t\t\t\t<a href=\"http:\/\/www.zetreduktor.com\/tr\/docs.html\" target=\"_blank\">\n\t\t\t\t\t\t\t<img src=\"https:\/\/salterltd.com.tr\/wp-content\/uploads\/2020\/01\/logo-tr-red.png\" title=\"logo-tr-red\" alt=\"logo-tr-red\" \/>\t\t\t\t\t\t\t\t<\/a>\n\t\t\t\t\t\t\t\t\t\t\t\t\t\t<\/div>\n\t\t\t\t\t\t<\/div>\n\t\t\t\t<\/div>\n\t\t\t\t\t\t<\/div>\n\t\t\t\t\t<\/div>\n\t\t<\/div>\n\t\t\t\t\t\t\t\t<\/div>\n\t\t\t\t\t<\/div>\n\t\t<\/section>\n\t\t\t\t<section class=\"elementor-section elementor-top-section elementor-element elementor-element-a0ae93b elementor-section-boxed elementor-section-height-default elementor-section-height-default\" data-id=\"a0ae93b\" data-element_type=\"section\">\n\t\t\t\t\t\t<div class=\"elementor-container elementor-column-gap-default\">\n\t\t\t\t\t\t\t<div class=\"elementor-row\">\n\t\t\t\t\t<div class=\"elementor-column elementor-col-50 elementor-top-column elementor-element elementor-element-fa9ce56\" data-id=\"fa9ce56\" data-element_type=\"column\">\n\t\t\t<div class=\"elementor-column-wrap elementor-element-populated\">\n\t\t\t\t\t\t\t<div class=\"elementor-widget-wrap\">\n\t\t\t\t\t\t<div class=\"elementor-element elementor-element-7ddc4ea elementor-widget elementor-widget-image\" data-id=\"7ddc4ea\" data-element_type=\"widget\" data-widget_type=\"image.default\">\n\t\t\t\t<div class=\"elementor-widget-container\">\n\t\t\t\t\t\t\t\t<div class=\"elementor-image\">\n\t\t\t\t\t\t\t\t\t\t\t\t\t<a href=\"https:\/\/www.limoz.com.tr\/Assets\/pdf\/limoz_brosur_rev13_lowres.pdf\" target=\"_blank\">\n\t\t\t\t\t\t\t<img src=\"https:\/\/salterltd.com.tr\/wp-content\/uploads\/2019\/10\/limoz-logo-01-300x300.jpg\" title=\"limoz-logo-01-300&#215;300\" alt=\"limoz-logo-01-300x300\" \/>\t\t\t\t\t\t\t\t<\/a>\n\t\t\t\t\t\t\t\t\t\t\t\t\t\t<\/div>\n\t\t\t\t\t\t<\/div>\n\t\t\t\t<\/div>\n\t\t\t\t<div class=\"elementor-element elementor-element-3a4d643 elementor-widget elementor-widget-spacer\" data-id=\"3a4d643\" data-element_type=\"widget\" data-widget_type=\"spacer.default\">\n\t\t\t\t<div class=\"elementor-widget-container\">\n\t\t\t\t\t<div class=\"elementor-spacer\">\n\t\t\t<div class=\"elementor-spacer-inner\"><\/div>\n\t\t<\/div>\n\t\t\t\t<\/div>\n\t\t\t\t<\/div>\n\t\t\t\t\t\t<\/div>\n\t\t\t\t\t<\/div>\n\t\t<\/div>\n\t\t\t\t<div class=\"elementor-column elementor-col-50 elementor-top-column elementor-element elementor-element-c9aca0c\" data-id=\"c9aca0c\" data-element_type=\"column\">\n\t\t\t<div class=\"elementor-column-wrap elementor-element-populated\">\n\t\t\t\t\t\t\t<div class=\"elementor-widget-wrap\">\n\t\t\t\t\t\t<div class=\"elementor-element elementor-element-73dd133 elementor-widget elementor-widget-image\" data-id=\"73dd133\" data-element_type=\"widget\" data-widget_type=\"image.default\">\n\t\t\t\t<div class=\"elementor-widget-container\">\n\t\t\t\t\t\t\t\t<div class=\"elementor-image\">\n\t\t\t\t\t\t\t\t\t\t\t\t\t<a href=\"https:\/\/imakreduktor.com\/tr\/catalogues\/\" target=\"_blank\">\n\t\t\t\t\t\t\t<img width=\"495\" height=\"495\" src=\"https:\/\/salterltd.com.tr\/wp-content\/uploads\/2019\/10\/imak-logo.jpg\" class=\"attachment-medium_large size-medium_large\" alt=\"\" loading=\"lazy\" srcset=\"https:\/\/salterltd.com.tr\/wp-content\/uploads\/2019\/10\/imak-logo.jpg 495w, https:\/\/salterltd.com.tr\/wp-content\/uploads\/2019\/10\/imak-logo-150x150.jpg 150w, https:\/\/salterltd.com.tr\/wp-content\/uploads\/2019\/10\/imak-logo-300x300.jpg 300w\" sizes=\"(max-width: 495px) 100vw, 495px\" \/>\t\t\t\t\t\t\t\t<\/a>\n\t\t\t\t\t\t\t\t\t\t\t\t\t\t<\/div>\n\t\t\t\t\t\t<\/div>\n\t\t\t\t<\/div>\n\t\t\t\t\t\t<\/div>\n\t\t\t\t\t<\/div>\n\t\t<\/div>\n\t\t\t\t\t\t\t\t<\/div>\n\t\t\t\t\t<\/div>\n\t\t<\/section>\n\t\t\t\t\t\t\t\t\t<\/div>\n\t\t\t<\/div>\n\t\t\t\t\t<\/div>\n\t\t","protected":false},"excerpt":{"rendered":"","protected":false},"author":1,"featured_media":0,"parent":376,"menu_order":0,"comment_status":"closed","ping_status":"closed","template":"","meta":[],"wf_page_folders":[],"yoast_head":"<!-- This site is optimized with the Yoast SEO plugin v16.2 - https:\/\/yoast.com\/wordpress\/plugins\/seo\/ -->\n<title>Red\u00fckt\u00f6rl\u00fc Motorlar D\u00f6k\u00fcmanlar\u0131 - Salter<\/title>\n<meta name=\"robots\" content=\"index, follow, max-snippet:-1, max-image-preview:large, max-video-preview:-1\" \/>\n<link rel=\"canonical\" href=\"https:\/\/salterltd.com.tr\/index.php\/teknik-dokuman\/reduktorlu-motorlar-dokumanlari\/\" \/>\n<meta property=\"og:locale\" content=\"tr_TR\" \/>\n<meta property=\"og:type\" content=\"article\" \/>\n<meta property=\"og:title\" content=\"Red\u00fckt\u00f6rl\u00fc Motorlar D\u00f6k\u00fcmanlar\u0131 - Salter\" \/>\n<meta property=\"og:url\" content=\"https:\/\/salterltd.com.tr\/index.php\/teknik-dokuman\/reduktorlu-motorlar-dokumanlari\/\" \/>\n<meta property=\"og:site_name\" content=\"Salter\" \/>\n<meta property=\"article:modified_time\" content=\"2022-05-18T13:20:55+00:00\" \/>\n<meta property=\"og:image\" content=\"http:\/\/salterltd.com.tr\/wp-content\/uploads\/2019\/10\/YR_LOGO-300x263.jpg\" \/>\n<meta name=\"twitter:card\" content=\"summary_large_image\" \/>\n<meta name=\"twitter:label1\" content=\"Tahmini okuma s\u00fcresi\">\n\t<meta name=\"twitter:data1\" content=\"1 dakika\">\n<script type=\"application\/ld+json\" class=\"yoast-schema-graph\">{\"@context\":\"https:\/\/schema.org\",\"@graph\":[{\"@type\":\"Organization\",\"@id\":\"http:\/\/salterltd.com.tr\/#organization\",\"name\":\"Tamsan Elektrik Motor San. ve Tic. Ltd. \\u015eti.\",\"url\":\"http:\/\/salterltd.com.tr\/\",\"sameAs\":[],\"logo\":{\"@type\":\"ImageObject\",\"@id\":\"http:\/\/salterltd.com.tr\/#logo\",\"inLanguage\":\"tr\",\"url\":\"http:\/\/salterltd.com.tr\/wp-content\/uploads\/2019\/11\/TAMSAN-logo.jpg\",\"contentUrl\":\"http:\/\/salterltd.com.tr\/wp-content\/uploads\/2019\/11\/TAMSAN-logo.jpg\",\"width\":1388,\"height\":292,\"caption\":\"Tamsan Elektrik Motor San. ve Tic. Ltd. \\u015eti.\"},\"image\":{\"@id\":\"http:\/\/salterltd.com.tr\/#logo\"}},{\"@type\":\"WebSite\",\"@id\":\"http:\/\/salterltd.com.tr\/#website\",\"url\":\"http:\/\/salterltd.com.tr\/\",\"name\":\"Tamsan Elektrik Motor\",\"description\":\"\",\"publisher\":{\"@id\":\"http:\/\/salterltd.com.tr\/#organization\"},\"potentialAction\":[{\"@type\":\"SearchAction\",\"target\":\"http:\/\/salterltd.com.tr\/?s={search_term_string}\",\"query-input\":\"required name=search_term_string\"}],\"inLanguage\":\"tr\"},{\"@type\":\"ImageObject\",\"@id\":\"https:\/\/salterltd.com.tr\/index.php\/teknik-dokuman\/reduktorlu-motorlar-dokumanlari\/#primaryimage\",\"inLanguage\":\"tr\",\"url\":\"http:\/\/salterltd.com.tr\/wp-content\/uploads\/2019\/10\/YR_LOGO-300x263.jpg\",\"contentUrl\":\"http:\/\/salterltd.com.tr\/wp-content\/uploads\/2019\/10\/YR_LOGO-300x263.jpg\"},{\"@type\":\"WebPage\",\"@id\":\"https:\/\/salterltd.com.tr\/index.php\/teknik-dokuman\/reduktorlu-motorlar-dokumanlari\/#webpage\",\"url\":\"https:\/\/salterltd.com.tr\/index.php\/teknik-dokuman\/reduktorlu-motorlar-dokumanlari\/\",\"name\":\"Red\\u00fckt\\u00f6rl\\u00fc Motorlar D\\u00f6k\\u00fcmanlar\\u0131 - Salter\",\"isPartOf\":{\"@id\":\"http:\/\/salterltd.com.tr\/#website\"},\"primaryImageOfPage\":{\"@id\":\"https:\/\/salterltd.com.tr\/index.php\/teknik-dokuman\/reduktorlu-motorlar-dokumanlari\/#primaryimage\"},\"datePublished\":\"2019-03-08T12:44:33+00:00\",\"dateModified\":\"2022-05-18T13:20:55+00:00\",\"breadcrumb\":{\"@id\":\"https:\/\/salterltd.com.tr\/index.php\/teknik-dokuman\/reduktorlu-motorlar-dokumanlari\/#breadcrumb\"},\"inLanguage\":\"tr\",\"potentialAction\":[{\"@type\":\"ReadAction\",\"target\":[\"https:\/\/salterltd.com.tr\/index.php\/teknik-dokuman\/reduktorlu-motorlar-dokumanlari\/\"]}]},{\"@type\":\"BreadcrumbList\",\"@id\":\"https:\/\/salterltd.com.tr\/index.php\/teknik-dokuman\/reduktorlu-motorlar-dokumanlari\/#breadcrumb\",\"itemListElement\":[{\"@type\":\"ListItem\",\"position\":1,\"item\":{\"@type\":\"WebPage\",\"@id\":\"http:\/\/salterltd.com.tr\/\",\"url\":\"http:\/\/salterltd.com.tr\/\",\"name\":\"Ana sayfa\"}},{\"@type\":\"ListItem\",\"position\":2,\"item\":{\"@type\":\"WebPage\",\"@id\":\"https:\/\/salterltd.com.tr\/index.php\/teknik-dokuman\/\",\"url\":\"https:\/\/salterltd.com.tr\/index.php\/teknik-dokuman\/\",\"name\":\"Teknik D\\u00f6k\\u00fcman\"}},{\"@type\":\"ListItem\",\"position\":3,\"item\":{\"@id\":\"https:\/\/salterltd.com.tr\/index.php\/teknik-dokuman\/reduktorlu-motorlar-dokumanlari\/#webpage\"}}]}]}<\/script>\n<!-- \/ Yoast SEO plugin. -->","_links":{"self":[{"href":"https:\/\/salterltd.com.tr\/index.php\/wp-json\/wp\/v2\/pages\/479"}],"collection":[{"href":"https:\/\/salterltd.com.tr\/index.php\/wp-json\/wp\/v2\/pages"}],"about":[{"href":"https:\/\/salterltd.com.tr\/index.php\/wp-json\/wp\/v2\/types\/page"}],"author":[{"embeddable":true,"href":"https:\/\/salterltd.com.tr\/index.php\/wp-json\/wp\/v2\/users\/1"}],"replies":[{"embeddable":true,"href":"https:\/\/salterltd.com.tr\/index.php\/wp-json\/wp\/v2\/comments?post=479"}],"version-history":[{"count":8,"href":"https:\/\/salterltd.com.tr\/index.php\/wp-json\/wp\/v2\/pages\/479\/revisions"}],"predecessor-version":[{"id":3225,"href":"https:\/\/salterltd.com.tr\/index.php\/wp-json\/wp\/v2\/pages\/479\/revisions\/3225"}],"up":[{"embeddable":true,"href":"https:\/\/salterltd.com.tr\/index.php\/wp-json\/wp\/v2\/pages\/376"}],"wp:attachment":[{"href":"https:\/\/salterltd.com.tr\/index.php\/wp-json\/wp\/v2\/media?parent=479"}],"wp:term":[{"taxonomy":"wf_page_folders","embeddable":true,"href":"https:\/\/salterltd.com.tr\/index.php\/wp-json\/wp\/v2\/wf_page_folders?post=479"}],"curies":[{"name":"wp","href":"https:\/\/api.w.org\/{rel}","templated":true}]}}